{"id":3239,"date":"2022-12-10T16:39:18","date_gmt":"2022-12-10T16:39:18","guid":{"rendered":"https:\/\/www.lausinyvicente.com\/non class\u00e9\/protection-pour-colonne-section-carree-3-ou-4-faces\/"},"modified":"2022-12-10T16:39:18","modified_gmt":"2022-12-10T16:39:18","slug":"protection-colonne-section-carree-3-4-faces","status":"publish","type":"product","link":"https:\/\/www.lausinyvicente.com\/fr\/mobilier-de-sport\/protection\/protection-colonne-section-carree-3-4-faces","title":{"rendered":"Protection pour colonne section carr\u00e9e 3 ou 4 faces"},"content":{"rendered":"","protected":false},"excerpt":{"rendered":"<p>Protection pour colonne fabriqu\u00e9e en toile plastifi\u00e9e enduite de PVC et garnie de mousse de poly\u00e9thyl\u00e8ne \u00e0 haute densit\u00e9 de 30 mm d\u2019\u00e9paisseur. La finition ou fermeture de la protection est r\u00e9alis\u00e9e par thermosoudage. Le syst\u00e8me de fixation est par velcro ou vis. Les protections peuvent \u00eatre fabriqu\u00e9es dans diff\u00e9rentes couleurs de base. (Bleu, vert, rouge, jaune, orange et noir). Fabrication sur mesure. Demande de devis.     <\/p>\n","protected":false},"featured_media":2988,"template":"","meta":[],"product_cat":[94,97],"product_tag":[],"class_list":{"0":"post-3239","1":"product","2":"type-product","3":"status-publish","4":"has-post-thumbnail","6":"product_cat-mobilier-de-sport","7":"product_cat-protection","9":"first","10":"instock","11":"shipping-taxable","12":"purchasable","13":"product-type-variable"},"yoast_head":"<!-- This site is optimized with the Yoast SEO plugin v27.0 - https:\/\/yoast.com\/product\/yoast-seo-wordpress\/ -->\n<title>Protection pour colonne section carr\u00e9e 3 ou 4 faces - Laus\u00edn y Vicente<\/title>\n<meta name=\"robots\" content=\"index, follow, max-snippet:-1, max-image-preview:large, max-video-preview:-1\" \/>\n<link rel=\"canonical\" href=\"https:\/\/www.lausinyvicente.com\/fr\/mobilier-de-sport\/protection\/protection-colonne-section-carree-3-4-faces\" \/>\n<meta property=\"og:locale\" content=\"fr_FR\" \/>\n<meta property=\"og:type\" content=\"article\" \/>\n<meta property=\"og:title\" content=\"Protection pour colonne section carr\u00e9e 3 ou 4 faces - Laus\u00edn y Vicente\" \/>\n<meta property=\"og:description\" content=\"Protection pour colonne fabriqu\u00e9e en toile plastifi\u00e9e enduite de PVC et garnie de mousse de poly\u00e9thyl\u00e8ne \u00e0 haute densit\u00e9 de 30 mm d\u2019\u00e9paisseur. La finition ou fermeture de la protection est r\u00e9alis\u00e9e par thermosoudage. Le syst\u00e8me de fixation est par velcro ou vis. Les protections peuvent \u00eatre fabriqu\u00e9es dans diff\u00e9rentes couleurs de base. (Bleu, vert, rouge, jaune, orange et noir). Fabrication sur mesure. Demande de devis.\" \/>\n<meta property=\"og:url\" content=\"https:\/\/www.lausinyvicente.com\/fr\/mobilier-de-sport\/protection\/protection-colonne-section-carree-3-4-faces\" \/>\n<meta property=\"og:site_name\" content=\"Laus\u00edn y Vicente\" \/>\n<meta property=\"og:image\" content=\"https:\/\/www.lausinyvicente.com\/wp-content\/uploads\/2022\/12\/M.98.03-protector-columna-seccion-cuadrada-3-4-caras.jpg\" \/>\n\t<meta property=\"og:image:width\" content=\"720\" \/>\n\t<meta property=\"og:image:height\" content=\"490\" \/>\n\t<meta property=\"og:image:type\" content=\"image\/jpeg\" \/>\n<meta name=\"twitter:card\" content=\"summary_large_image\" \/>\n<script type=\"application\/ld+json\" class=\"yoast-schema-graph\">{\"@context\":\"https:\/\/schema.org\",\"@graph\":[{\"@type\":\"WebPage\",\"@id\":\"https:\/\/www.lausinyvicente.com\/fr\/mobilier-de-sport\/protection\/protection-colonne-section-carree-3-4-faces\",\"url\":\"https:\/\/www.lausinyvicente.com\/fr\/mobilier-de-sport\/protection\/protection-colonne-section-carree-3-4-faces\",\"name\":\"Protection pour colonne section carr\u00e9e 3 ou 4 faces - Laus\u00edn y Vicente\",\"isPartOf\":{\"@id\":\"https:\/\/www.lausinyvicente.com\/#website\"},\"primaryImageOfPage\":{\"@id\":\"https:\/\/www.lausinyvicente.com\/fr\/mobilier-de-sport\/protection\/protection-colonne-section-carree-3-4-faces#primaryimage\"},\"image\":{\"@id\":\"https:\/\/www.lausinyvicente.com\/fr\/mobilier-de-sport\/protection\/protection-colonne-section-carree-3-4-faces#primaryimage\"},\"thumbnailUrl\":\"https:\/\/www.lausinyvicente.com\/wp-content\/uploads\/2022\/12\/M.98.03-protector-columna-seccion-cuadrada-3-4-caras.jpg\",\"datePublished\":\"2022-12-10T16:39:18+00:00\",\"breadcrumb\":{\"@id\":\"https:\/\/www.lausinyvicente.com\/fr\/mobilier-de-sport\/protection\/protection-colonne-section-carree-3-4-faces#breadcrumb\"},\"inLanguage\":\"fr-FR\",\"potentialAction\":[{\"@type\":\"ReadAction\",\"target\":[\"https:\/\/www.lausinyvicente.com\/fr\/mobilier-de-sport\/protection\/protection-colonne-section-carree-3-4-faces\"]}]},{\"@type\":\"ImageObject\",\"inLanguage\":\"fr-FR\",\"@id\":\"https:\/\/www.lausinyvicente.com\/fr\/mobilier-de-sport\/protection\/protection-colonne-section-carree-3-4-faces#primaryimage\",\"url\":\"https:\/\/www.lausinyvicente.com\/wp-content\/uploads\/2022\/12\/M.98.03-protector-columna-seccion-cuadrada-3-4-caras.jpg\",\"contentUrl\":\"https:\/\/www.lausinyvicente.com\/wp-content\/uploads\/2022\/12\/M.98.03-protector-columna-seccion-cuadrada-3-4-caras.jpg\",\"width\":720,\"height\":490},{\"@type\":\"BreadcrumbList\",\"@id\":\"https:\/\/www.lausinyvicente.com\/fr\/mobilier-de-sport\/protection\/protection-colonne-section-carree-3-4-faces#breadcrumb\",\"itemListElement\":[{\"@type\":\"ListItem\",\"position\":1,\"name\":\"Portada\",\"item\":\"https:\/\/www.lausinyvicente.com\/\"},{\"@type\":\"ListItem\",\"position\":2,\"name\":\"Boutique\",\"item\":\"https:\/\/www.lausinyvicente.com\/fr\/boutique\"},{\"@type\":\"ListItem\",\"position\":3,\"name\":\"Protection pour colonne section carr\u00e9e 3 ou 4 faces\"}]},{\"@type\":\"WebSite\",\"@id\":\"https:\/\/www.lausinyvicente.com\/#website\",\"url\":\"https:\/\/www.lausinyvicente.com\/\",\"name\":\"Laus\u00edn y Vicente\",\"description\":\"Fabricaci\u00f3n y distribuci\u00f3n de material deportivo\",\"potentialAction\":[{\"@type\":\"SearchAction\",\"target\":{\"@type\":\"EntryPoint\",\"urlTemplate\":\"https:\/\/www.lausinyvicente.com\/?s={search_term_string}\"},\"query-input\":{\"@type\":\"PropertyValueSpecification\",\"valueRequired\":true,\"valueName\":\"search_term_string\"}}],\"inLanguage\":\"fr-FR\"}]}<\/script>\n<!-- \/ Yoast SEO plugin. -->","yoast_head_json":{"title":"Protection pour colonne section carr\u00e9e 3 ou 4 faces - Laus\u00edn y Vicente","robots":{"index":"index","follow":"follow","max-snippet":"max-snippet:-1","max-image-preview":"max-image-preview:large","max-video-preview":"max-video-preview:-1"},"canonical":"https:\/\/www.lausinyvicente.com\/fr\/mobilier-de-sport\/protection\/protection-colonne-section-carree-3-4-faces","og_locale":"fr_FR","og_type":"article","og_title":"Protection pour colonne section carr\u00e9e 3 ou 4 faces - Laus\u00edn y Vicente","og_description":"Protection pour colonne fabriqu\u00e9e en toile plastifi\u00e9e enduite de PVC et garnie de mousse de poly\u00e9thyl\u00e8ne \u00e0 haute densit\u00e9 de 30 mm d\u2019\u00e9paisseur. La finition ou fermeture de la protection est r\u00e9alis\u00e9e par thermosoudage. Le syst\u00e8me de fixation est par velcro ou vis. Les protections peuvent \u00eatre fabriqu\u00e9es dans diff\u00e9rentes couleurs de base. (Bleu, vert, rouge, jaune, orange et noir). Fabrication sur mesure. Demande de devis.","og_url":"https:\/\/www.lausinyvicente.com\/fr\/mobilier-de-sport\/protection\/protection-colonne-section-carree-3-4-faces","og_site_name":"Laus\u00edn y Vicente","og_image":[{"width":720,"height":490,"url":"https:\/\/www.lausinyvicente.com\/wp-content\/uploads\/2022\/12\/M.98.03-protector-columna-seccion-cuadrada-3-4-caras.jpg","type":"image\/jpeg"}],"twitter_card":"summary_large_image","schema":{"@context":"https:\/\/schema.org","@graph":[{"@type":"WebPage","@id":"https:\/\/www.lausinyvicente.com\/fr\/mobilier-de-sport\/protection\/protection-colonne-section-carree-3-4-faces","url":"https:\/\/www.lausinyvicente.com\/fr\/mobilier-de-sport\/protection\/protection-colonne-section-carree-3-4-faces","name":"Protection pour colonne section carr\u00e9e 3 ou 4 faces - Laus\u00edn y Vicente","isPartOf":{"@id":"https:\/\/www.lausinyvicente.com\/#website"},"primaryImageOfPage":{"@id":"https:\/\/www.lausinyvicente.com\/fr\/mobilier-de-sport\/protection\/protection-colonne-section-carree-3-4-faces#primaryimage"},"image":{"@id":"https:\/\/www.lausinyvicente.com\/fr\/mobilier-de-sport\/protection\/protection-colonne-section-carree-3-4-faces#primaryimage"},"thumbnailUrl":"https:\/\/www.lausinyvicente.com\/wp-content\/uploads\/2022\/12\/M.98.03-protector-columna-seccion-cuadrada-3-4-caras.jpg","datePublished":"2022-12-10T16:39:18+00:00","breadcrumb":{"@id":"https:\/\/www.lausinyvicente.com\/fr\/mobilier-de-sport\/protection\/protection-colonne-section-carree-3-4-faces#breadcrumb"},"inLanguage":"fr-FR","potentialAction":[{"@type":"ReadAction","target":["https:\/\/www.lausinyvicente.com\/fr\/mobilier-de-sport\/protection\/protection-colonne-section-carree-3-4-faces"]}]},{"@type":"ImageObject","inLanguage":"fr-FR","@id":"https:\/\/www.lausinyvicente.com\/fr\/mobilier-de-sport\/protection\/protection-colonne-section-carree-3-4-faces#primaryimage","url":"https:\/\/www.lausinyvicente.com\/wp-content\/uploads\/2022\/12\/M.98.03-protector-columna-seccion-cuadrada-3-4-caras.jpg","contentUrl":"https:\/\/www.lausinyvicente.com\/wp-content\/uploads\/2022\/12\/M.98.03-protector-columna-seccion-cuadrada-3-4-caras.jpg","width":720,"height":490},{"@type":"BreadcrumbList","@id":"https:\/\/www.lausinyvicente.com\/fr\/mobilier-de-sport\/protection\/protection-colonne-section-carree-3-4-faces#breadcrumb","itemListElement":[{"@type":"ListItem","position":1,"name":"Portada","item":"https:\/\/www.lausinyvicente.com\/"},{"@type":"ListItem","position":2,"name":"Boutique","item":"https:\/\/www.lausinyvicente.com\/fr\/boutique"},{"@type":"ListItem","position":3,"name":"Protection pour colonne section carr\u00e9e 3 ou 4 faces"}]},{"@type":"WebSite","@id":"https:\/\/www.lausinyvicente.com\/#website","url":"https:\/\/www.lausinyvicente.com\/","name":"Laus\u00edn y Vicente","description":"Fabricaci\u00f3n y distribuci\u00f3n de material deportivo","potentialAction":[{"@type":"SearchAction","target":{"@type":"EntryPoint","urlTemplate":"https:\/\/www.lausinyvicente.com\/?s={search_term_string}"},"query-input":{"@type":"PropertyValueSpecification","valueRequired":true,"valueName":"search_term_string"}}],"inLanguage":"fr-FR"}]}},"_links":{"self":[{"href":"https:\/\/www.lausinyvicente.com\/fr\/wp-json\/wp\/v2\/product\/3239","targetHints":{"allow":["GET"]}}],"collection":[{"href":"https:\/\/www.lausinyvicente.com\/fr\/wp-json\/wp\/v2\/product"}],"about":[{"href":"https:\/\/www.lausinyvicente.com\/fr\/wp-json\/wp\/v2\/types\/product"}],"wp:featuredmedia":[{"embeddable":true,"href":"https:\/\/www.lausinyvicente.com\/fr\/wp-json\/wp\/v2\/media\/2988"}],"wp:attachment":[{"href":"https:\/\/www.lausinyvicente.com\/fr\/wp-json\/wp\/v2\/media?parent=3239"}],"wp:term":[{"taxonomy":"product_cat","embeddable":true,"href":"https:\/\/www.lausinyvicente.com\/fr\/wp-json\/wp\/v2\/product_cat?post=3239"},{"taxonomy":"product_tag","embeddable":true,"href":"https:\/\/www.lausinyvicente.com\/fr\/wp-json\/wp\/v2\/product_tag?post=3239"}],"curies":[{"name":"wp","href":"https:\/\/api.w.org\/{rel}","templated":true}]}}