{"id":3281,"date":"2022-12-10T16:21:50","date_gmt":"2022-12-10T16:21:50","guid":{"rendered":"https:\/\/www.lausinyvicente.com\/non%20class\u00e9\/portemanteau-vestiaire-bois-crochets-invisibles\/"},"modified":"2022-12-18T10:05:47","modified_gmt":"2022-12-18T10:05:47","slug":"portemanteau-vestiaire-bois-crochets-invisibles","status":"publish","type":"product","link":"https:\/\/www.lausinyvicente.com\/fr\/mobilier-de-sport\/portemanteaux\/portemanteau-vestiaire-bois-crochets-invisibles","title":{"rendered":"Portemanteau vestiaire bois crochets invisibles"},"content":{"rendered":"","protected":false},"excerpt":{"rendered":"<p>Portemanteau en bois de pin de qualit\u00e9 sup\u00e9rieure compos\u00e9 d\u2019une latte de 140 mm de large par 25 mm d\u2019\u00e9paisseur. Crochets m\u00e9talliques avec rev\u00eatement \u00e9mail au four blanc. Il peut \u00eatre viss\u00e9 au mur au moyen de pi\u00e8ces m\u00e9talliques qui permettent de s\u00e9parer le portemanteau du mur. Le montage des crochets est r\u00e9alis\u00e9 \u00e0 l\u2019int\u00e9rieur du portemanteau. Toutes les parties en bois sont vernies, avec les bords arrondis.Longueur: selon les sp\u00e9cifications du client. Prix au m\u00e8tre lin\u00e9aire.<\/p>\n","protected":false},"featured_media":2978,"template":"","meta":[],"product_cat":[94,99],"product_tag":[],"class_list":{"0":"post-3281","1":"product","2":"type-product","3":"status-publish","4":"has-post-thumbnail","6":"product_cat-mobilier-de-sport","7":"product_cat-portemanteaux","9":"first","10":"instock","11":"shipping-taxable","12":"purchasable","13":"product-type-simple"},"yoast_head":"<!-- This site is optimized with the Yoast SEO plugin v27.0 - https:\/\/yoast.com\/product\/yoast-seo-wordpress\/ -->\n<title>Portemanteau vestiaire bois crochets invisibles - Laus\u00edn y Vicente<\/title>\n<meta name=\"robots\" content=\"index, follow, max-snippet:-1, max-image-preview:large, max-video-preview:-1\" \/>\n<link rel=\"canonical\" href=\"https:\/\/www.lausinyvicente.com\/fr\/mobilier-de-sport\/portemanteaux\/portemanteau-vestiaire-bois-crochets-invisibles\" \/>\n<meta property=\"og:locale\" content=\"fr_FR\" \/>\n<meta property=\"og:type\" content=\"article\" \/>\n<meta property=\"og:title\" content=\"Portemanteau vestiaire bois crochets invisibles - Laus\u00edn y Vicente\" \/>\n<meta property=\"og:description\" content=\"Portemanteau en bois de pin de qualit\u00e9 sup\u00e9rieure compos\u00e9 d\u2019une latte de 140 mm de large par 25 mm d\u2019\u00e9paisseur. Crochets m\u00e9talliques avec rev\u00eatement \u00e9mail au four blanc. Il peut \u00eatre viss\u00e9 au mur au moyen de pi\u00e8ces m\u00e9talliques qui permettent de s\u00e9parer le portemanteau du mur. Le montage des crochets est r\u00e9alis\u00e9 \u00e0 l\u2019int\u00e9rieur du portemanteau. Toutes les parties en bois sont vernies, avec les bords arrondis.Longueur: selon les sp\u00e9cifications du client. Prix au m\u00e8tre lin\u00e9aire.\" \/>\n<meta property=\"og:url\" content=\"https:\/\/www.lausinyvicente.com\/fr\/mobilier-de-sport\/portemanteaux\/portemanteau-vestiaire-bois-crochets-invisibles\" \/>\n<meta property=\"og:site_name\" content=\"Laus\u00edn y Vicente\" \/>\n<meta property=\"article:modified_time\" content=\"2022-12-18T10:05:47+00:00\" \/>\n<meta property=\"og:image\" content=\"https:\/\/www.lausinyvicente.com\/wp-content\/uploads\/2022\/12\/M.00.81_Perchero-vestuario-madera-colgadores-ocultos.jpg\" \/>\n\t<meta property=\"og:image:width\" content=\"720\" \/>\n\t<meta property=\"og:image:height\" content=\"490\" \/>\n\t<meta property=\"og:image:type\" content=\"image\/jpeg\" \/>\n<meta name=\"twitter:card\" content=\"summary_large_image\" \/>\n<script type=\"application\/ld+json\" class=\"yoast-schema-graph\">{\"@context\":\"https:\/\/schema.org\",\"@graph\":[{\"@type\":\"WebPage\",\"@id\":\"https:\/\/www.lausinyvicente.com\/fr\/mobilier-de-sport\/portemanteaux\/portemanteau-vestiaire-bois-crochets-invisibles\",\"url\":\"https:\/\/www.lausinyvicente.com\/fr\/mobilier-de-sport\/portemanteaux\/portemanteau-vestiaire-bois-crochets-invisibles\",\"name\":\"Portemanteau vestiaire bois crochets invisibles - Laus\u00edn y Vicente\",\"isPartOf\":{\"@id\":\"https:\/\/www.lausinyvicente.com\/#website\"},\"primaryImageOfPage\":{\"@id\":\"https:\/\/www.lausinyvicente.com\/fr\/mobilier-de-sport\/portemanteaux\/portemanteau-vestiaire-bois-crochets-invisibles#primaryimage\"},\"image\":{\"@id\":\"https:\/\/www.lausinyvicente.com\/fr\/mobilier-de-sport\/portemanteaux\/portemanteau-vestiaire-bois-crochets-invisibles#primaryimage\"},\"thumbnailUrl\":\"https:\/\/www.lausinyvicente.com\/wp-content\/uploads\/2022\/12\/M.00.81_Perchero-vestuario-madera-colgadores-ocultos.jpg\",\"datePublished\":\"2022-12-10T16:21:50+00:00\",\"dateModified\":\"2022-12-18T10:05:47+00:00\",\"breadcrumb\":{\"@id\":\"https:\/\/www.lausinyvicente.com\/fr\/mobilier-de-sport\/portemanteaux\/portemanteau-vestiaire-bois-crochets-invisibles#breadcrumb\"},\"inLanguage\":\"fr-FR\",\"potentialAction\":[{\"@type\":\"ReadAction\",\"target\":[\"https:\/\/www.lausinyvicente.com\/fr\/mobilier-de-sport\/portemanteaux\/portemanteau-vestiaire-bois-crochets-invisibles\"]}]},{\"@type\":\"ImageObject\",\"inLanguage\":\"fr-FR\",\"@id\":\"https:\/\/www.lausinyvicente.com\/fr\/mobilier-de-sport\/portemanteaux\/portemanteau-vestiaire-bois-crochets-invisibles#primaryimage\",\"url\":\"https:\/\/www.lausinyvicente.com\/wp-content\/uploads\/2022\/12\/M.00.81_Perchero-vestuario-madera-colgadores-ocultos.jpg\",\"contentUrl\":\"https:\/\/www.lausinyvicente.com\/wp-content\/uploads\/2022\/12\/M.00.81_Perchero-vestuario-madera-colgadores-ocultos.jpg\",\"width\":720,\"height\":490},{\"@type\":\"BreadcrumbList\",\"@id\":\"https:\/\/www.lausinyvicente.com\/fr\/mobilier-de-sport\/portemanteaux\/portemanteau-vestiaire-bois-crochets-invisibles#breadcrumb\",\"itemListElement\":[{\"@type\":\"ListItem\",\"position\":1,\"name\":\"Portada\",\"item\":\"https:\/\/www.lausinyvicente.com\/\"},{\"@type\":\"ListItem\",\"position\":2,\"name\":\"Boutique\",\"item\":\"https:\/\/www.lausinyvicente.com\/fr\/boutique\"},{\"@type\":\"ListItem\",\"position\":3,\"name\":\"Portemanteau vestiaire bois crochets invisibles\"}]},{\"@type\":\"WebSite\",\"@id\":\"https:\/\/www.lausinyvicente.com\/#website\",\"url\":\"https:\/\/www.lausinyvicente.com\/\",\"name\":\"Laus\u00edn y Vicente\",\"description\":\"Fabricaci\u00f3n y distribuci\u00f3n de material deportivo\",\"potentialAction\":[{\"@type\":\"SearchAction\",\"target\":{\"@type\":\"EntryPoint\",\"urlTemplate\":\"https:\/\/www.lausinyvicente.com\/?s={search_term_string}\"},\"query-input\":{\"@type\":\"PropertyValueSpecification\",\"valueRequired\":true,\"valueName\":\"search_term_string\"}}],\"inLanguage\":\"fr-FR\"}]}<\/script>\n<!-- \/ Yoast SEO plugin. -->","yoast_head_json":{"title":"Portemanteau vestiaire bois crochets invisibles - Laus\u00edn y Vicente","robots":{"index":"index","follow":"follow","max-snippet":"max-snippet:-1","max-image-preview":"max-image-preview:large","max-video-preview":"max-video-preview:-1"},"canonical":"https:\/\/www.lausinyvicente.com\/fr\/mobilier-de-sport\/portemanteaux\/portemanteau-vestiaire-bois-crochets-invisibles","og_locale":"fr_FR","og_type":"article","og_title":"Portemanteau vestiaire bois crochets invisibles - Laus\u00edn y Vicente","og_description":"Portemanteau en bois de pin de qualit\u00e9 sup\u00e9rieure compos\u00e9 d\u2019une latte de 140 mm de large par 25 mm d\u2019\u00e9paisseur. Crochets m\u00e9talliques avec rev\u00eatement \u00e9mail au four blanc. Il peut \u00eatre viss\u00e9 au mur au moyen de pi\u00e8ces m\u00e9talliques qui permettent de s\u00e9parer le portemanteau du mur. Le montage des crochets est r\u00e9alis\u00e9 \u00e0 l\u2019int\u00e9rieur du portemanteau. Toutes les parties en bois sont vernies, avec les bords arrondis.Longueur: selon les sp\u00e9cifications du client. Prix au m\u00e8tre lin\u00e9aire.","og_url":"https:\/\/www.lausinyvicente.com\/fr\/mobilier-de-sport\/portemanteaux\/portemanteau-vestiaire-bois-crochets-invisibles","og_site_name":"Laus\u00edn y Vicente","article_modified_time":"2022-12-18T10:05:47+00:00","og_image":[{"width":720,"height":490,"url":"https:\/\/www.lausinyvicente.com\/wp-content\/uploads\/2022\/12\/M.00.81_Perchero-vestuario-madera-colgadores-ocultos.jpg","type":"image\/jpeg"}],"twitter_card":"summary_large_image","schema":{"@context":"https:\/\/schema.org","@graph":[{"@type":"WebPage","@id":"https:\/\/www.lausinyvicente.com\/fr\/mobilier-de-sport\/portemanteaux\/portemanteau-vestiaire-bois-crochets-invisibles","url":"https:\/\/www.lausinyvicente.com\/fr\/mobilier-de-sport\/portemanteaux\/portemanteau-vestiaire-bois-crochets-invisibles","name":"Portemanteau vestiaire bois crochets invisibles - Laus\u00edn y Vicente","isPartOf":{"@id":"https:\/\/www.lausinyvicente.com\/#website"},"primaryImageOfPage":{"@id":"https:\/\/www.lausinyvicente.com\/fr\/mobilier-de-sport\/portemanteaux\/portemanteau-vestiaire-bois-crochets-invisibles#primaryimage"},"image":{"@id":"https:\/\/www.lausinyvicente.com\/fr\/mobilier-de-sport\/portemanteaux\/portemanteau-vestiaire-bois-crochets-invisibles#primaryimage"},"thumbnailUrl":"https:\/\/www.lausinyvicente.com\/wp-content\/uploads\/2022\/12\/M.00.81_Perchero-vestuario-madera-colgadores-ocultos.jpg","datePublished":"2022-12-10T16:21:50+00:00","dateModified":"2022-12-18T10:05:47+00:00","breadcrumb":{"@id":"https:\/\/www.lausinyvicente.com\/fr\/mobilier-de-sport\/portemanteaux\/portemanteau-vestiaire-bois-crochets-invisibles#breadcrumb"},"inLanguage":"fr-FR","potentialAction":[{"@type":"ReadAction","target":["https:\/\/www.lausinyvicente.com\/fr\/mobilier-de-sport\/portemanteaux\/portemanteau-vestiaire-bois-crochets-invisibles"]}]},{"@type":"ImageObject","inLanguage":"fr-FR","@id":"https:\/\/www.lausinyvicente.com\/fr\/mobilier-de-sport\/portemanteaux\/portemanteau-vestiaire-bois-crochets-invisibles#primaryimage","url":"https:\/\/www.lausinyvicente.com\/wp-content\/uploads\/2022\/12\/M.00.81_Perchero-vestuario-madera-colgadores-ocultos.jpg","contentUrl":"https:\/\/www.lausinyvicente.com\/wp-content\/uploads\/2022\/12\/M.00.81_Perchero-vestuario-madera-colgadores-ocultos.jpg","width":720,"height":490},{"@type":"BreadcrumbList","@id":"https:\/\/www.lausinyvicente.com\/fr\/mobilier-de-sport\/portemanteaux\/portemanteau-vestiaire-bois-crochets-invisibles#breadcrumb","itemListElement":[{"@type":"ListItem","position":1,"name":"Portada","item":"https:\/\/www.lausinyvicente.com\/"},{"@type":"ListItem","position":2,"name":"Boutique","item":"https:\/\/www.lausinyvicente.com\/fr\/boutique"},{"@type":"ListItem","position":3,"name":"Portemanteau vestiaire bois crochets invisibles"}]},{"@type":"WebSite","@id":"https:\/\/www.lausinyvicente.com\/#website","url":"https:\/\/www.lausinyvicente.com\/","name":"Laus\u00edn y Vicente","description":"Fabricaci\u00f3n y distribuci\u00f3n de material deportivo","potentialAction":[{"@type":"SearchAction","target":{"@type":"EntryPoint","urlTemplate":"https:\/\/www.lausinyvicente.com\/?s={search_term_string}"},"query-input":{"@type":"PropertyValueSpecification","valueRequired":true,"valueName":"search_term_string"}}],"inLanguage":"fr-FR"}]}},"_links":{"self":[{"href":"https:\/\/www.lausinyvicente.com\/fr\/wp-json\/wp\/v2\/product\/3281","targetHints":{"allow":["GET"]}}],"collection":[{"href":"https:\/\/www.lausinyvicente.com\/fr\/wp-json\/wp\/v2\/product"}],"about":[{"href":"https:\/\/www.lausinyvicente.com\/fr\/wp-json\/wp\/v2\/types\/product"}],"wp:featuredmedia":[{"embeddable":true,"href":"https:\/\/www.lausinyvicente.com\/fr\/wp-json\/wp\/v2\/media\/2978"}],"wp:attachment":[{"href":"https:\/\/www.lausinyvicente.com\/fr\/wp-json\/wp\/v2\/media?parent=3281"}],"wp:term":[{"taxonomy":"product_cat","embeddable":true,"href":"https:\/\/www.lausinyvicente.com\/fr\/wp-json\/wp\/v2\/product_cat?post=3281"},{"taxonomy":"product_tag","embeddable":true,"href":"https:\/\/www.lausinyvicente.com\/fr\/wp-json\/wp\/v2\/product_tag?post=3281"}],"curies":[{"name":"wp","href":"https:\/\/api.w.org\/{rel}","templated":true}]}}