{"id":3288,"date":"2022-12-10T16:19:10","date_gmt":"2022-12-10T16:19:10","guid":{"rendered":"https:\/\/www.lausinyvicente.com\/non class\u00e9\/tableau-daffichage-manuel-mural\/"},"modified":"2022-12-10T16:19:10","modified_gmt":"2022-12-10T16:19:10","slug":"tableau-affichage-manuel-mural","status":"publish","type":"product","link":"https:\/\/www.lausinyvicente.com\/fr\/mobilier-de-sport\/tableaux\/tableau-affichage-manuel-mural","title":{"rendered":"Tableau d\u2019affichage manuel mural"},"content":{"rendered":"","protected":false},"excerpt":{"rendered":"<p>Le support et les plaques des chiffres sont en t\u00f4le d\u2019acier de 1,5 mm. Le tableau d\u2019affichage comprend deux ensembles de 10 plaques num\u00e9rot\u00e9es de 0 \u00e0 9. Les plaques sont pos\u00e9es manuellement sur le tableau d\u2019affichage en les introduisant dans leurs supports. Dimensions : 1,50 x 0,80 m. Il est fourni peint en blanc, avec les chiffres et les lettres en noir. Note : les pieds ne sont pas inclus car il est con\u00e7u pour \u00eatre fix\u00e9 directement au mur.     <\/p>\n","protected":false},"featured_media":2976,"template":"","meta":[],"product_cat":[94,101],"product_tag":[],"class_list":{"0":"post-3288","1":"product","2":"type-product","3":"status-publish","4":"has-post-thumbnail","6":"product_cat-mobilier-de-sport","7":"product_cat-tableaux","9":"first","10":"instock","11":"shipping-taxable","12":"purchasable","13":"product-type-variable"},"yoast_head":"<!-- This site is optimized with the Yoast SEO plugin v27.0 - https:\/\/yoast.com\/product\/yoast-seo-wordpress\/ -->\n<title>Tableau d\u2019affichage manuel mural - Laus\u00edn y Vicente<\/title>\n<meta name=\"robots\" content=\"index, follow, max-snippet:-1, max-image-preview:large, max-video-preview:-1\" \/>\n<link rel=\"canonical\" href=\"https:\/\/www.lausinyvicente.com\/fr\/mobilier-de-sport\/tableaux\/tableau-affichage-manuel-mural\" \/>\n<meta property=\"og:locale\" content=\"fr_FR\" \/>\n<meta property=\"og:type\" content=\"article\" \/>\n<meta property=\"og:title\" content=\"Tableau d\u2019affichage manuel mural - Laus\u00edn y Vicente\" \/>\n<meta property=\"og:description\" content=\"Le support et les plaques des chiffres sont en t\u00f4le d\u2019acier de 1,5 mm. Le tableau d\u2019affichage comprend deux ensembles de 10 plaques num\u00e9rot\u00e9es de 0 \u00e0 9. Les plaques sont pos\u00e9es manuellement sur le tableau d\u2019affichage en les introduisant dans leurs supports. Dimensions : 1,50 x 0,80 m. Il est fourni peint en blanc, avec les chiffres et les lettres en noir. Note : les pieds ne sont pas inclus car il est con\u00e7u pour \u00eatre fix\u00e9 directement au mur.\" \/>\n<meta property=\"og:url\" content=\"https:\/\/www.lausinyvicente.com\/fr\/mobilier-de-sport\/tableaux\/tableau-affichage-manuel-mural\" \/>\n<meta property=\"og:site_name\" content=\"Laus\u00edn y Vicente\" \/>\n<meta property=\"og:image\" content=\"https:\/\/www.lausinyvicente.com\/wp-content\/uploads\/2022\/12\/M.99.72_Marcador-manual-mural.jpg\" \/>\n\t<meta property=\"og:image:width\" content=\"720\" \/>\n\t<meta property=\"og:image:height\" content=\"490\" \/>\n\t<meta property=\"og:image:type\" content=\"image\/jpeg\" \/>\n<meta name=\"twitter:card\" content=\"summary_large_image\" \/>\n<script type=\"application\/ld+json\" class=\"yoast-schema-graph\">{\"@context\":\"https:\/\/schema.org\",\"@graph\":[{\"@type\":\"WebPage\",\"@id\":\"https:\/\/www.lausinyvicente.com\/fr\/mobilier-de-sport\/tableaux\/tableau-affichage-manuel-mural\",\"url\":\"https:\/\/www.lausinyvicente.com\/fr\/mobilier-de-sport\/tableaux\/tableau-affichage-manuel-mural\",\"name\":\"Tableau d\u2019affichage manuel mural - Laus\u00edn y Vicente\",\"isPartOf\":{\"@id\":\"https:\/\/www.lausinyvicente.com\/#website\"},\"primaryImageOfPage\":{\"@id\":\"https:\/\/www.lausinyvicente.com\/fr\/mobilier-de-sport\/tableaux\/tableau-affichage-manuel-mural#primaryimage\"},\"image\":{\"@id\":\"https:\/\/www.lausinyvicente.com\/fr\/mobilier-de-sport\/tableaux\/tableau-affichage-manuel-mural#primaryimage\"},\"thumbnailUrl\":\"https:\/\/www.lausinyvicente.com\/wp-content\/uploads\/2022\/12\/M.99.72_Marcador-manual-mural.jpg\",\"datePublished\":\"2022-12-10T16:19:10+00:00\",\"breadcrumb\":{\"@id\":\"https:\/\/www.lausinyvicente.com\/fr\/mobilier-de-sport\/tableaux\/tableau-affichage-manuel-mural#breadcrumb\"},\"inLanguage\":\"fr-FR\",\"potentialAction\":[{\"@type\":\"ReadAction\",\"target\":[\"https:\/\/www.lausinyvicente.com\/fr\/mobilier-de-sport\/tableaux\/tableau-affichage-manuel-mural\"]}]},{\"@type\":\"ImageObject\",\"inLanguage\":\"fr-FR\",\"@id\":\"https:\/\/www.lausinyvicente.com\/fr\/mobilier-de-sport\/tableaux\/tableau-affichage-manuel-mural#primaryimage\",\"url\":\"https:\/\/www.lausinyvicente.com\/wp-content\/uploads\/2022\/12\/M.99.72_Marcador-manual-mural.jpg\",\"contentUrl\":\"https:\/\/www.lausinyvicente.com\/wp-content\/uploads\/2022\/12\/M.99.72_Marcador-manual-mural.jpg\",\"width\":720,\"height\":490},{\"@type\":\"BreadcrumbList\",\"@id\":\"https:\/\/www.lausinyvicente.com\/fr\/mobilier-de-sport\/tableaux\/tableau-affichage-manuel-mural#breadcrumb\",\"itemListElement\":[{\"@type\":\"ListItem\",\"position\":1,\"name\":\"Portada\",\"item\":\"https:\/\/www.lausinyvicente.com\/\"},{\"@type\":\"ListItem\",\"position\":2,\"name\":\"Boutique\",\"item\":\"https:\/\/www.lausinyvicente.com\/fr\/boutique\"},{\"@type\":\"ListItem\",\"position\":3,\"name\":\"Tableau d\u2019affichage manuel mural\"}]},{\"@type\":\"WebSite\",\"@id\":\"https:\/\/www.lausinyvicente.com\/#website\",\"url\":\"https:\/\/www.lausinyvicente.com\/\",\"name\":\"Laus\u00edn y Vicente\",\"description\":\"Fabricaci\u00f3n y distribuci\u00f3n de material deportivo\",\"potentialAction\":[{\"@type\":\"SearchAction\",\"target\":{\"@type\":\"EntryPoint\",\"urlTemplate\":\"https:\/\/www.lausinyvicente.com\/?s={search_term_string}\"},\"query-input\":{\"@type\":\"PropertyValueSpecification\",\"valueRequired\":true,\"valueName\":\"search_term_string\"}}],\"inLanguage\":\"fr-FR\"}]}<\/script>\n<!-- \/ Yoast SEO plugin. -->","yoast_head_json":{"title":"Tableau d\u2019affichage manuel mural - Laus\u00edn y Vicente","robots":{"index":"index","follow":"follow","max-snippet":"max-snippet:-1","max-image-preview":"max-image-preview:large","max-video-preview":"max-video-preview:-1"},"canonical":"https:\/\/www.lausinyvicente.com\/fr\/mobilier-de-sport\/tableaux\/tableau-affichage-manuel-mural","og_locale":"fr_FR","og_type":"article","og_title":"Tableau d\u2019affichage manuel mural - Laus\u00edn y Vicente","og_description":"Le support et les plaques des chiffres sont en t\u00f4le d\u2019acier de 1,5 mm. Le tableau d\u2019affichage comprend deux ensembles de 10 plaques num\u00e9rot\u00e9es de 0 \u00e0 9. Les plaques sont pos\u00e9es manuellement sur le tableau d\u2019affichage en les introduisant dans leurs supports. Dimensions : 1,50 x 0,80 m. Il est fourni peint en blanc, avec les chiffres et les lettres en noir. Note : les pieds ne sont pas inclus car il est con\u00e7u pour \u00eatre fix\u00e9 directement au mur.","og_url":"https:\/\/www.lausinyvicente.com\/fr\/mobilier-de-sport\/tableaux\/tableau-affichage-manuel-mural","og_site_name":"Laus\u00edn y Vicente","og_image":[{"width":720,"height":490,"url":"https:\/\/www.lausinyvicente.com\/wp-content\/uploads\/2022\/12\/M.99.72_Marcador-manual-mural.jpg","type":"image\/jpeg"}],"twitter_card":"summary_large_image","schema":{"@context":"https:\/\/schema.org","@graph":[{"@type":"WebPage","@id":"https:\/\/www.lausinyvicente.com\/fr\/mobilier-de-sport\/tableaux\/tableau-affichage-manuel-mural","url":"https:\/\/www.lausinyvicente.com\/fr\/mobilier-de-sport\/tableaux\/tableau-affichage-manuel-mural","name":"Tableau d\u2019affichage manuel mural - Laus\u00edn y Vicente","isPartOf":{"@id":"https:\/\/www.lausinyvicente.com\/#website"},"primaryImageOfPage":{"@id":"https:\/\/www.lausinyvicente.com\/fr\/mobilier-de-sport\/tableaux\/tableau-affichage-manuel-mural#primaryimage"},"image":{"@id":"https:\/\/www.lausinyvicente.com\/fr\/mobilier-de-sport\/tableaux\/tableau-affichage-manuel-mural#primaryimage"},"thumbnailUrl":"https:\/\/www.lausinyvicente.com\/wp-content\/uploads\/2022\/12\/M.99.72_Marcador-manual-mural.jpg","datePublished":"2022-12-10T16:19:10+00:00","breadcrumb":{"@id":"https:\/\/www.lausinyvicente.com\/fr\/mobilier-de-sport\/tableaux\/tableau-affichage-manuel-mural#breadcrumb"},"inLanguage":"fr-FR","potentialAction":[{"@type":"ReadAction","target":["https:\/\/www.lausinyvicente.com\/fr\/mobilier-de-sport\/tableaux\/tableau-affichage-manuel-mural"]}]},{"@type":"ImageObject","inLanguage":"fr-FR","@id":"https:\/\/www.lausinyvicente.com\/fr\/mobilier-de-sport\/tableaux\/tableau-affichage-manuel-mural#primaryimage","url":"https:\/\/www.lausinyvicente.com\/wp-content\/uploads\/2022\/12\/M.99.72_Marcador-manual-mural.jpg","contentUrl":"https:\/\/www.lausinyvicente.com\/wp-content\/uploads\/2022\/12\/M.99.72_Marcador-manual-mural.jpg","width":720,"height":490},{"@type":"BreadcrumbList","@id":"https:\/\/www.lausinyvicente.com\/fr\/mobilier-de-sport\/tableaux\/tableau-affichage-manuel-mural#breadcrumb","itemListElement":[{"@type":"ListItem","position":1,"name":"Portada","item":"https:\/\/www.lausinyvicente.com\/"},{"@type":"ListItem","position":2,"name":"Boutique","item":"https:\/\/www.lausinyvicente.com\/fr\/boutique"},{"@type":"ListItem","position":3,"name":"Tableau d\u2019affichage manuel mural"}]},{"@type":"WebSite","@id":"https:\/\/www.lausinyvicente.com\/#website","url":"https:\/\/www.lausinyvicente.com\/","name":"Laus\u00edn y Vicente","description":"Fabricaci\u00f3n y distribuci\u00f3n de material deportivo","potentialAction":[{"@type":"SearchAction","target":{"@type":"EntryPoint","urlTemplate":"https:\/\/www.lausinyvicente.com\/?s={search_term_string}"},"query-input":{"@type":"PropertyValueSpecification","valueRequired":true,"valueName":"search_term_string"}}],"inLanguage":"fr-FR"}]}},"_links":{"self":[{"href":"https:\/\/www.lausinyvicente.com\/fr\/wp-json\/wp\/v2\/product\/3288","targetHints":{"allow":["GET"]}}],"collection":[{"href":"https:\/\/www.lausinyvicente.com\/fr\/wp-json\/wp\/v2\/product"}],"about":[{"href":"https:\/\/www.lausinyvicente.com\/fr\/wp-json\/wp\/v2\/types\/product"}],"wp:featuredmedia":[{"embeddable":true,"href":"https:\/\/www.lausinyvicente.com\/fr\/wp-json\/wp\/v2\/media\/2976"}],"wp:attachment":[{"href":"https:\/\/www.lausinyvicente.com\/fr\/wp-json\/wp\/v2\/media?parent=3288"}],"wp:term":[{"taxonomy":"product_cat","embeddable":true,"href":"https:\/\/www.lausinyvicente.com\/fr\/wp-json\/wp\/v2\/product_cat?post=3288"},{"taxonomy":"product_tag","embeddable":true,"href":"https:\/\/www.lausinyvicente.com\/fr\/wp-json\/wp\/v2\/product_tag?post=3288"}],"curies":[{"name":"wp","href":"https:\/\/api.w.org\/{rel}","templated":true}]}}