{"id":3296,"date":"2022-12-10T16:16:23","date_gmt":"2022-12-10T16:16:23","guid":{"rendered":"https:\/\/www.lausinyvicente.com\/non class\u00e9\/tableau-daffichage-electronique-football-rugby\/"},"modified":"2022-12-10T16:16:23","modified_gmt":"2022-12-10T16:16:23","slug":"tableau-affichage-electronique-football-rugby","status":"publish","type":"product","link":"https:\/\/www.lausinyvicente.com\/fr\/mobilier-de-sport\/tableaux\/tableau-affichage-electronique-football-rugby","title":{"rendered":"Tableau d\u2019affichage \u00e9lectronique football \/rugby"},"content":{"rendered":"","protected":false},"excerpt":{"rendered":"<p>Tableau d\u2019affichage \u00e9lectronique con\u00e7u et fabriqu\u00e9 pour une utilisation ext\u00e9rieure. Dimensions : 1800 x 1000 x 90 mm. Poids sans emballage : 34 kilos. Il comprend 4 chiffres rouges de 25 cm de haut + points clignotants pour indiquer le temps et 2 +2 chiffres pour indiquer le score. Ses dimensions et la couleur fluorescente offrent une bonne visibilit\u00e9 \u00e0 120 m\u00e8tres et un angle de vision de 160\u00ba. Les chiffres sont prot\u00e9g\u00e9s par une plaque en polycarbonate transparent antireflet tr\u00e8s r\u00e9sistante aux chocs et aux rayons ultraviolets. FONCTIONS DU PANNEAU D\u2019AFFICHAGE Temps de jeu (en minutes\/secondes). Scores des \u00e9quipes locaux\/visiteurs (de 0 \u00e0 99). Fonction horaire lorsque le tableau n\u2019est pas utilis\u00e9 comme tel. La distribution des chiffres est r\u00e9alis\u00e9e de la sorte, 2 pour les buts de l\u2019\u00e9quipe locale, 2 pour les visiteurs et 4 qui indiqueront les minutes et les secondes de jeu. Il est contr\u00f4l\u00e9 au moyen d\u2019une console qui sera branch\u00e9e au tableau par le biais d\u2019un syst\u00e8me de communication radio. La console pr\u00e9sente un design agr\u00e9able et ergonomique qui lui conf\u00e8re l\u00e9g\u00e8ret\u00e9 et r\u00e9sistance. Le tableau d\u2019affichage est fourni avec un syst\u00e8me de fixation murale. Il peut \u00eatre \u00e9galement fix\u00e9 au sol au moyen d\u2019une structure compl\u00e9mentaire (non incluse). Module pour ext\u00e9rieur, communication radio. Alimentation 230 V\/50-60 Hz 0,28 A. Consommation max. 66 VA. Fourni avec un c\u00e2ble secteur de 5 m. Console de 340 x 175 x 60 mm avec \u00e9cran LCD \u00e0 2 lignes de 20 caract\u00e8res de 9 mm, mallette de rangement de 360 x 260 x 90 mm, chargeur pour le chargement en continu de la console lorsqu\u2019elle n\u2019est pas utilis\u00e9e (autonomie de 16 h). Port USB inclus pour mise \u00e0 jour et connexion PC. Programmation de diff\u00e9rents sports : football, rugby, hockey sur gazon avec programmation des diff\u00e9rentes p\u00e9riodes, chronom\u00e8tre. Le mod\u00e8le standard est en communication radio. Option de kit sp\u00e9cial pour utilisation avec c\u00e2ble : M.99.56 (non inclus). L\u2019affichage \u201clocaux\u201d et \u201cvisiteurs\u201d peut \u00eatre r\u00e9alis\u00e9 dans diff\u00e9rentes langues sur demande. Veuillez consulter d\u2019autres mod\u00e8les pour int\u00e9rieur avec diff\u00e9rentes caract\u00e9ristiques et dimensions. Prix unitaire.     <\/p>\n","protected":false},"featured_media":2974,"template":"","meta":[],"product_cat":[94,101],"product_tag":[],"class_list":{"0":"post-3296","1":"product","2":"type-product","3":"status-publish","4":"has-post-thumbnail","6":"product_cat-mobilier-de-sport","7":"product_cat-tableaux","9":"first","10":"instock","11":"shipping-taxable","12":"purchasable","13":"product-type-variable"},"yoast_head":"<!-- This site is optimized with the Yoast SEO plugin v27.0 - https:\/\/yoast.com\/product\/yoast-seo-wordpress\/ -->\n<title>Tableau d\u2019affichage \u00e9lectronique football \/rugby - Laus\u00edn y Vicente<\/title>\n<meta name=\"robots\" content=\"index, follow, max-snippet:-1, max-image-preview:large, max-video-preview:-1\" \/>\n<link rel=\"canonical\" href=\"https:\/\/www.lausinyvicente.com\/fr\/mobilier-de-sport\/tableaux\/tableau-affichage-electronique-football-rugby\" \/>\n<meta property=\"og:locale\" content=\"fr_FR\" \/>\n<meta property=\"og:type\" content=\"article\" \/>\n<meta property=\"og:title\" content=\"Tableau d\u2019affichage \u00e9lectronique football \/rugby - Laus\u00edn y Vicente\" \/>\n<meta property=\"og:description\" content=\"Tableau d\u2019affichage \u00e9lectronique con\u00e7u et fabriqu\u00e9 pour une utilisation ext\u00e9rieure. Dimensions : 1800 x 1000 x 90 mm. Poids sans emballage : 34 kilos. Il comprend 4 chiffres rouges de 25 cm de haut + points clignotants pour indiquer le temps et 2 +2 chiffres pour indiquer le score. Ses dimensions et la couleur fluorescente offrent une bonne visibilit\u00e9 \u00e0 120 m\u00e8tres et un angle de vision de 160\u00ba. Les chiffres sont prot\u00e9g\u00e9s par une plaque en polycarbonate transparent antireflet tr\u00e8s r\u00e9sistante aux chocs et aux rayons ultraviolets. FONCTIONS DU PANNEAU D\u2019AFFICHAGE Temps de jeu (en minutes\/secondes). Scores des \u00e9quipes locaux\/visiteurs (de 0 \u00e0 99). Fonction horaire lorsque le tableau n\u2019est pas utilis\u00e9 comme tel. La distribution des chiffres est r\u00e9alis\u00e9e de la sorte, 2 pour les buts de l\u2019\u00e9quipe locale, 2 pour les visiteurs et 4 qui indiqueront les minutes et les secondes de jeu. Il est contr\u00f4l\u00e9 au moyen d\u2019une console qui sera branch\u00e9e au tableau par le biais d\u2019un syst\u00e8me de communication radio. La console pr\u00e9sente un design agr\u00e9able et ergonomique qui lui conf\u00e8re l\u00e9g\u00e8ret\u00e9 et r\u00e9sistance. Le tableau d\u2019affichage est fourni avec un syst\u00e8me de fixation murale. Il peut \u00eatre \u00e9galement fix\u00e9 au sol au moyen d\u2019une structure compl\u00e9mentaire (non incluse). Module pour ext\u00e9rieur, communication radio. Alimentation 230 V\/50-60 Hz 0,28 A. Consommation max. 66 VA. Fourni avec un c\u00e2ble secteur de 5 m. Console de 340 x 175 x 60 mm avec \u00e9cran LCD \u00e0 2 lignes de 20 caract\u00e8res de 9 mm, mallette de rangement de 360 x 260 x 90 mm, chargeur pour le chargement en continu de la console lorsqu\u2019elle n\u2019est pas utilis\u00e9e (autonomie de 16 h). Port USB inclus pour mise \u00e0 jour et connexion PC. Programmation de diff\u00e9rents sports : football, rugby, hockey sur gazon avec programmation des diff\u00e9rentes p\u00e9riodes, chronom\u00e8tre. Le mod\u00e8le standard est en communication radio. Option de kit sp\u00e9cial pour utilisation avec c\u00e2ble : M.99.56 (non inclus). L\u2019affichage \u201clocaux\u201d et \u201cvisiteurs\u201d peut \u00eatre r\u00e9alis\u00e9 dans diff\u00e9rentes langues sur demande. Veuillez consulter d\u2019autres mod\u00e8les pour int\u00e9rieur avec diff\u00e9rentes caract\u00e9ristiques et dimensions. Prix unitaire.\" \/>\n<meta property=\"og:url\" content=\"https:\/\/www.lausinyvicente.com\/fr\/mobilier-de-sport\/tableaux\/tableau-affichage-electronique-football-rugby\" \/>\n<meta property=\"og:site_name\" content=\"Laus\u00edn y Vicente\" \/>\n<meta property=\"og:image\" content=\"https:\/\/www.lausinyvicente.com\/wp-content\/uploads\/2022\/12\/M.99.012-marcador-electronico-futbol-rugby.jpg\" \/>\n\t<meta property=\"og:image:width\" content=\"720\" \/>\n\t<meta property=\"og:image:height\" content=\"490\" \/>\n\t<meta property=\"og:image:type\" content=\"image\/jpeg\" \/>\n<meta name=\"twitter:card\" content=\"summary_large_image\" \/>\n<script type=\"application\/ld+json\" class=\"yoast-schema-graph\">{\"@context\":\"https:\/\/schema.org\",\"@graph\":[{\"@type\":\"WebPage\",\"@id\":\"https:\/\/www.lausinyvicente.com\/fr\/mobilier-de-sport\/tableaux\/tableau-affichage-electronique-football-rugby\",\"url\":\"https:\/\/www.lausinyvicente.com\/fr\/mobilier-de-sport\/tableaux\/tableau-affichage-electronique-football-rugby\",\"name\":\"Tableau d\u2019affichage \u00e9lectronique football \/rugby - Laus\u00edn y Vicente\",\"isPartOf\":{\"@id\":\"https:\/\/www.lausinyvicente.com\/#website\"},\"primaryImageOfPage\":{\"@id\":\"https:\/\/www.lausinyvicente.com\/fr\/mobilier-de-sport\/tableaux\/tableau-affichage-electronique-football-rugby#primaryimage\"},\"image\":{\"@id\":\"https:\/\/www.lausinyvicente.com\/fr\/mobilier-de-sport\/tableaux\/tableau-affichage-electronique-football-rugby#primaryimage\"},\"thumbnailUrl\":\"https:\/\/www.lausinyvicente.com\/wp-content\/uploads\/2022\/12\/M.99.012-marcador-electronico-futbol-rugby.jpg\",\"datePublished\":\"2022-12-10T16:16:23+00:00\",\"breadcrumb\":{\"@id\":\"https:\/\/www.lausinyvicente.com\/fr\/mobilier-de-sport\/tableaux\/tableau-affichage-electronique-football-rugby#breadcrumb\"},\"inLanguage\":\"fr-FR\",\"potentialAction\":[{\"@type\":\"ReadAction\",\"target\":[\"https:\/\/www.lausinyvicente.com\/fr\/mobilier-de-sport\/tableaux\/tableau-affichage-electronique-football-rugby\"]}]},{\"@type\":\"ImageObject\",\"inLanguage\":\"fr-FR\",\"@id\":\"https:\/\/www.lausinyvicente.com\/fr\/mobilier-de-sport\/tableaux\/tableau-affichage-electronique-football-rugby#primaryimage\",\"url\":\"https:\/\/www.lausinyvicente.com\/wp-content\/uploads\/2022\/12\/M.99.012-marcador-electronico-futbol-rugby.jpg\",\"contentUrl\":\"https:\/\/www.lausinyvicente.com\/wp-content\/uploads\/2022\/12\/M.99.012-marcador-electronico-futbol-rugby.jpg\",\"width\":720,\"height\":490},{\"@type\":\"BreadcrumbList\",\"@id\":\"https:\/\/www.lausinyvicente.com\/fr\/mobilier-de-sport\/tableaux\/tableau-affichage-electronique-football-rugby#breadcrumb\",\"itemListElement\":[{\"@type\":\"ListItem\",\"position\":1,\"name\":\"Portada\",\"item\":\"https:\/\/www.lausinyvicente.com\/\"},{\"@type\":\"ListItem\",\"position\":2,\"name\":\"Boutique\",\"item\":\"https:\/\/www.lausinyvicente.com\/fr\/boutique\"},{\"@type\":\"ListItem\",\"position\":3,\"name\":\"Tableau d\u2019affichage \u00e9lectronique football \/rugby\"}]},{\"@type\":\"WebSite\",\"@id\":\"https:\/\/www.lausinyvicente.com\/#website\",\"url\":\"https:\/\/www.lausinyvicente.com\/\",\"name\":\"Laus\u00edn y Vicente\",\"description\":\"Fabricaci\u00f3n y distribuci\u00f3n de material deportivo\",\"potentialAction\":[{\"@type\":\"SearchAction\",\"target\":{\"@type\":\"EntryPoint\",\"urlTemplate\":\"https:\/\/www.lausinyvicente.com\/?s={search_term_string}\"},\"query-input\":{\"@type\":\"PropertyValueSpecification\",\"valueRequired\":true,\"valueName\":\"search_term_string\"}}],\"inLanguage\":\"fr-FR\"}]}<\/script>\n<!-- \/ Yoast SEO plugin. -->","yoast_head_json":{"title":"Tableau d\u2019affichage \u00e9lectronique football \/rugby - Laus\u00edn y Vicente","robots":{"index":"index","follow":"follow","max-snippet":"max-snippet:-1","max-image-preview":"max-image-preview:large","max-video-preview":"max-video-preview:-1"},"canonical":"https:\/\/www.lausinyvicente.com\/fr\/mobilier-de-sport\/tableaux\/tableau-affichage-electronique-football-rugby","og_locale":"fr_FR","og_type":"article","og_title":"Tableau d\u2019affichage \u00e9lectronique football \/rugby - Laus\u00edn y Vicente","og_description":"Tableau d\u2019affichage \u00e9lectronique con\u00e7u et fabriqu\u00e9 pour une utilisation ext\u00e9rieure. Dimensions : 1800 x 1000 x 90 mm. Poids sans emballage : 34 kilos. Il comprend 4 chiffres rouges de 25 cm de haut + points clignotants pour indiquer le temps et 2 +2 chiffres pour indiquer le score. Ses dimensions et la couleur fluorescente offrent une bonne visibilit\u00e9 \u00e0 120 m\u00e8tres et un angle de vision de 160\u00ba. Les chiffres sont prot\u00e9g\u00e9s par une plaque en polycarbonate transparent antireflet tr\u00e8s r\u00e9sistante aux chocs et aux rayons ultraviolets. FONCTIONS DU PANNEAU D\u2019AFFICHAGE Temps de jeu (en minutes\/secondes). Scores des \u00e9quipes locaux\/visiteurs (de 0 \u00e0 99). Fonction horaire lorsque le tableau n\u2019est pas utilis\u00e9 comme tel. La distribution des chiffres est r\u00e9alis\u00e9e de la sorte, 2 pour les buts de l\u2019\u00e9quipe locale, 2 pour les visiteurs et 4 qui indiqueront les minutes et les secondes de jeu. Il est contr\u00f4l\u00e9 au moyen d\u2019une console qui sera branch\u00e9e au tableau par le biais d\u2019un syst\u00e8me de communication radio. La console pr\u00e9sente un design agr\u00e9able et ergonomique qui lui conf\u00e8re l\u00e9g\u00e8ret\u00e9 et r\u00e9sistance. Le tableau d\u2019affichage est fourni avec un syst\u00e8me de fixation murale. Il peut \u00eatre \u00e9galement fix\u00e9 au sol au moyen d\u2019une structure compl\u00e9mentaire (non incluse). Module pour ext\u00e9rieur, communication radio. Alimentation 230 V\/50-60 Hz 0,28 A. Consommation max. 66 VA. Fourni avec un c\u00e2ble secteur de 5 m. Console de 340 x 175 x 60 mm avec \u00e9cran LCD \u00e0 2 lignes de 20 caract\u00e8res de 9 mm, mallette de rangement de 360 x 260 x 90 mm, chargeur pour le chargement en continu de la console lorsqu\u2019elle n\u2019est pas utilis\u00e9e (autonomie de 16 h). Port USB inclus pour mise \u00e0 jour et connexion PC. Programmation de diff\u00e9rents sports : football, rugby, hockey sur gazon avec programmation des diff\u00e9rentes p\u00e9riodes, chronom\u00e8tre. Le mod\u00e8le standard est en communication radio. Option de kit sp\u00e9cial pour utilisation avec c\u00e2ble : M.99.56 (non inclus). L\u2019affichage \u201clocaux\u201d et \u201cvisiteurs\u201d peut \u00eatre r\u00e9alis\u00e9 dans diff\u00e9rentes langues sur demande. Veuillez consulter d\u2019autres mod\u00e8les pour int\u00e9rieur avec diff\u00e9rentes caract\u00e9ristiques et dimensions. Prix unitaire.","og_url":"https:\/\/www.lausinyvicente.com\/fr\/mobilier-de-sport\/tableaux\/tableau-affichage-electronique-football-rugby","og_site_name":"Laus\u00edn y Vicente","og_image":[{"width":720,"height":490,"url":"https:\/\/www.lausinyvicente.com\/wp-content\/uploads\/2022\/12\/M.99.012-marcador-electronico-futbol-rugby.jpg","type":"image\/jpeg"}],"twitter_card":"summary_large_image","schema":{"@context":"https:\/\/schema.org","@graph":[{"@type":"WebPage","@id":"https:\/\/www.lausinyvicente.com\/fr\/mobilier-de-sport\/tableaux\/tableau-affichage-electronique-football-rugby","url":"https:\/\/www.lausinyvicente.com\/fr\/mobilier-de-sport\/tableaux\/tableau-affichage-electronique-football-rugby","name":"Tableau d\u2019affichage \u00e9lectronique football \/rugby - Laus\u00edn y Vicente","isPartOf":{"@id":"https:\/\/www.lausinyvicente.com\/#website"},"primaryImageOfPage":{"@id":"https:\/\/www.lausinyvicente.com\/fr\/mobilier-de-sport\/tableaux\/tableau-affichage-electronique-football-rugby#primaryimage"},"image":{"@id":"https:\/\/www.lausinyvicente.com\/fr\/mobilier-de-sport\/tableaux\/tableau-affichage-electronique-football-rugby#primaryimage"},"thumbnailUrl":"https:\/\/www.lausinyvicente.com\/wp-content\/uploads\/2022\/12\/M.99.012-marcador-electronico-futbol-rugby.jpg","datePublished":"2022-12-10T16:16:23+00:00","breadcrumb":{"@id":"https:\/\/www.lausinyvicente.com\/fr\/mobilier-de-sport\/tableaux\/tableau-affichage-electronique-football-rugby#breadcrumb"},"inLanguage":"fr-FR","potentialAction":[{"@type":"ReadAction","target":["https:\/\/www.lausinyvicente.com\/fr\/mobilier-de-sport\/tableaux\/tableau-affichage-electronique-football-rugby"]}]},{"@type":"ImageObject","inLanguage":"fr-FR","@id":"https:\/\/www.lausinyvicente.com\/fr\/mobilier-de-sport\/tableaux\/tableau-affichage-electronique-football-rugby#primaryimage","url":"https:\/\/www.lausinyvicente.com\/wp-content\/uploads\/2022\/12\/M.99.012-marcador-electronico-futbol-rugby.jpg","contentUrl":"https:\/\/www.lausinyvicente.com\/wp-content\/uploads\/2022\/12\/M.99.012-marcador-electronico-futbol-rugby.jpg","width":720,"height":490},{"@type":"BreadcrumbList","@id":"https:\/\/www.lausinyvicente.com\/fr\/mobilier-de-sport\/tableaux\/tableau-affichage-electronique-football-rugby#breadcrumb","itemListElement":[{"@type":"ListItem","position":1,"name":"Portada","item":"https:\/\/www.lausinyvicente.com\/"},{"@type":"ListItem","position":2,"name":"Boutique","item":"https:\/\/www.lausinyvicente.com\/fr\/boutique"},{"@type":"ListItem","position":3,"name":"Tableau d\u2019affichage \u00e9lectronique football \/rugby"}]},{"@type":"WebSite","@id":"https:\/\/www.lausinyvicente.com\/#website","url":"https:\/\/www.lausinyvicente.com\/","name":"Laus\u00edn y Vicente","description":"Fabricaci\u00f3n y distribuci\u00f3n de material deportivo","potentialAction":[{"@type":"SearchAction","target":{"@type":"EntryPoint","urlTemplate":"https:\/\/www.lausinyvicente.com\/?s={search_term_string}"},"query-input":{"@type":"PropertyValueSpecification","valueRequired":true,"valueName":"search_term_string"}}],"inLanguage":"fr-FR"}]}},"_links":{"self":[{"href":"https:\/\/www.lausinyvicente.com\/fr\/wp-json\/wp\/v2\/product\/3296","targetHints":{"allow":["GET"]}}],"collection":[{"href":"https:\/\/www.lausinyvicente.com\/fr\/wp-json\/wp\/v2\/product"}],"about":[{"href":"https:\/\/www.lausinyvicente.com\/fr\/wp-json\/wp\/v2\/types\/product"}],"wp:featuredmedia":[{"embeddable":true,"href":"https:\/\/www.lausinyvicente.com\/fr\/wp-json\/wp\/v2\/media\/2974"}],"wp:attachment":[{"href":"https:\/\/www.lausinyvicente.com\/fr\/wp-json\/wp\/v2\/media?parent=3296"}],"wp:term":[{"taxonomy":"product_cat","embeddable":true,"href":"https:\/\/www.lausinyvicente.com\/fr\/wp-json\/wp\/v2\/product_cat?post=3296"},{"taxonomy":"product_tag","embeddable":true,"href":"https:\/\/www.lausinyvicente.com\/fr\/wp-json\/wp\/v2\/product_tag?post=3296"}],"curies":[{"name":"wp","href":"https:\/\/api.w.org\/{rel}","templated":true}]}}