{"id":3310,"date":"2022-12-10T16:08:37","date_gmt":"2022-12-10T16:08:37","guid":{"rendered":"https:\/\/www.lausinyvicente.com\/non class\u00e9\/tableau-daffichage-electronique-multisports\/"},"modified":"2022-12-10T16:08:37","modified_gmt":"2022-12-10T16:08:37","slug":"tableau-affichage-electronique-multisports","status":"publish","type":"product","link":"https:\/\/www.lausinyvicente.com\/fr\/mobilier-de-sport\/tableaux\/tableau-affichage-electronique-multisports","title":{"rendered":"Tableau d\u2019affichage \u00e9lectronique multisports"},"content":{"rendered":"","protected":false},"excerpt":{"rendered":"<p>Le tableau d\u2019affichage \u00e9lectronique \u201cmultisports\u201d a \u00e9t\u00e9 con\u00e7u pour \u00eatre utilis\u00e9 \u00e0 l\u2019int\u00e9rieur et il est programm\u00e9 pour 14 sports diff\u00e9rents. Transmission : radio (868 MHz) ou c\u00e2ble. Visibilit\u00e9: 110 m, angle &gt; 160 \u00b0 Dimensions : 1900 x 1200 x 90 mm. Poids: 35 kg Source d\u2019alimentation : 230V \/ 50 -60 Hz Puissance consomm\u00e9e : 98 VA. La partie avant du tableau d\u2019affichage est en polycarbonate mat incassable (DIN 18032-3). Klaxon int\u00e9gr\u00e9 de 116 dB \u00e0 1 m. Scores : 2 x 3 chiffres LED rouges (25 cm). Temps de jeu : 1 chiffre vert LED (20 cm). Possession du ballon: 2 fl\u00e8ches LED rouges. Timer \/ p\u00e9riode de repos : 4 chiffres blancs LED (25 cm) + points clignotants. Fautes d\u2019\u00e9quipe (BB) \/ Sets gagn\u00e9s (VB) \/ Temporisateur exclusion (HB) : 2 x 3 chiffres LED jaune (20 cm). Nombre de Time out (BB, HB, BV) \/ sanction en cours (HB) : 2 x 3 points verts. Affichage du jour et de l\u2019heure quand le tableau d\u2019affichage n\u2019est pas utilis\u00e9. La console de contr\u00f4le (340 x 175 x 60 mm) avec \u00e9cran LCD affiche 20 caract\u00e8res (9 mm de haut) sur 2 lignes. Console de contr\u00f4le incluse. L\u2019affichage \u201clocaux\u201d et \u201cvisiteurs\u201d peut \u00eatre r\u00e9alis\u00e9 dans diff\u00e9rentes langues sur demande. Veuillez consulter d\u2019autres mod\u00e8les pour int\u00e9rieur avec diff\u00e9rentes caract\u00e9ristiques et dimensions. Prix unitaire.                  <\/p>\n","protected":false},"featured_media":2962,"template":"","meta":[],"product_cat":[94,101],"product_tag":[],"class_list":{"0":"post-3310","1":"product","2":"type-product","3":"status-publish","4":"has-post-thumbnail","6":"product_cat-mobilier-de-sport","7":"product_cat-tableaux","9":"first","10":"instock","11":"shipping-taxable","12":"purchasable","13":"product-type-simple"},"yoast_head":"<!-- This site is optimized with the Yoast SEO plugin v27.0 - https:\/\/yoast.com\/product\/yoast-seo-wordpress\/ -->\n<title>Tableau d\u2019affichage \u00e9lectronique multisports - Laus\u00edn y Vicente<\/title>\n<meta name=\"robots\" content=\"index, follow, max-snippet:-1, max-image-preview:large, max-video-preview:-1\" \/>\n<link rel=\"canonical\" href=\"https:\/\/www.lausinyvicente.com\/fr\/mobilier-de-sport\/tableaux\/tableau-affichage-electronique-multisports\" \/>\n<meta property=\"og:locale\" content=\"fr_FR\" \/>\n<meta property=\"og:type\" content=\"article\" \/>\n<meta property=\"og:title\" content=\"Tableau d\u2019affichage \u00e9lectronique multisports - Laus\u00edn y Vicente\" \/>\n<meta property=\"og:description\" content=\"Le tableau d\u2019affichage \u00e9lectronique \u201cmultisports\u201d a \u00e9t\u00e9 con\u00e7u pour \u00eatre utilis\u00e9 \u00e0 l\u2019int\u00e9rieur et il est programm\u00e9 pour 14 sports diff\u00e9rents. Transmission : radio (868 MHz) ou c\u00e2ble. Visibilit\u00e9: 110 m, angle &gt; 160 \u00b0 Dimensions : 1900 x 1200 x 90 mm. Poids: 35 kg Source d\u2019alimentation : 230V \/ 50 -60 Hz Puissance consomm\u00e9e : 98 VA. La partie avant du tableau d\u2019affichage est en polycarbonate mat incassable (DIN 18032-3). Klaxon int\u00e9gr\u00e9 de 116 dB \u00e0 1 m. Scores : 2 x 3 chiffres LED rouges (25 cm). Temps de jeu : 1 chiffre vert LED (20 cm). Possession du ballon: 2 fl\u00e8ches LED rouges. Timer \/ p\u00e9riode de repos : 4 chiffres blancs LED (25 cm) + points clignotants. Fautes d\u2019\u00e9quipe (BB) \/ Sets gagn\u00e9s (VB) \/ Temporisateur exclusion (HB) : 2 x 3 chiffres LED jaune (20 cm). Nombre de Time out (BB, HB, BV) \/ sanction en cours (HB) : 2 x 3 points verts. Affichage du jour et de l\u2019heure quand le tableau d\u2019affichage n\u2019est pas utilis\u00e9. La console de contr\u00f4le (340 x 175 x 60 mm) avec \u00e9cran LCD affiche 20 caract\u00e8res (9 mm de haut) sur 2 lignes. Console de contr\u00f4le incluse. L\u2019affichage \u201clocaux\u201d et \u201cvisiteurs\u201d peut \u00eatre r\u00e9alis\u00e9 dans diff\u00e9rentes langues sur demande. Veuillez consulter d\u2019autres mod\u00e8les pour int\u00e9rieur avec diff\u00e9rentes caract\u00e9ristiques et dimensions. Prix unitaire.\" \/>\n<meta property=\"og:url\" content=\"https:\/\/www.lausinyvicente.com\/fr\/mobilier-de-sport\/tableaux\/tableau-affichage-electronique-multisports\" \/>\n<meta property=\"og:site_name\" content=\"Laus\u00edn y Vicente\" \/>\n<meta property=\"og:image\" content=\"https:\/\/www.lausinyvicente.com\/wp-content\/uploads\/2022\/12\/M.99.06_Marcador-electronico-multideporte.jpg\" \/>\n\t<meta property=\"og:image:width\" content=\"720\" \/>\n\t<meta property=\"og:image:height\" content=\"490\" \/>\n\t<meta property=\"og:image:type\" content=\"image\/jpeg\" \/>\n<meta name=\"twitter:card\" content=\"summary_large_image\" \/>\n<script type=\"application\/ld+json\" class=\"yoast-schema-graph\">{\"@context\":\"https:\/\/schema.org\",\"@graph\":[{\"@type\":\"WebPage\",\"@id\":\"https:\/\/www.lausinyvicente.com\/fr\/mobilier-de-sport\/tableaux\/tableau-affichage-electronique-multisports\",\"url\":\"https:\/\/www.lausinyvicente.com\/fr\/mobilier-de-sport\/tableaux\/tableau-affichage-electronique-multisports\",\"name\":\"Tableau d\u2019affichage \u00e9lectronique multisports - Laus\u00edn y Vicente\",\"isPartOf\":{\"@id\":\"https:\/\/www.lausinyvicente.com\/#website\"},\"primaryImageOfPage\":{\"@id\":\"https:\/\/www.lausinyvicente.com\/fr\/mobilier-de-sport\/tableaux\/tableau-affichage-electronique-multisports#primaryimage\"},\"image\":{\"@id\":\"https:\/\/www.lausinyvicente.com\/fr\/mobilier-de-sport\/tableaux\/tableau-affichage-electronique-multisports#primaryimage\"},\"thumbnailUrl\":\"https:\/\/www.lausinyvicente.com\/wp-content\/uploads\/2022\/12\/M.99.06_Marcador-electronico-multideporte.jpg\",\"datePublished\":\"2022-12-10T16:08:37+00:00\",\"breadcrumb\":{\"@id\":\"https:\/\/www.lausinyvicente.com\/fr\/mobilier-de-sport\/tableaux\/tableau-affichage-electronique-multisports#breadcrumb\"},\"inLanguage\":\"fr-FR\",\"potentialAction\":[{\"@type\":\"ReadAction\",\"target\":[\"https:\/\/www.lausinyvicente.com\/fr\/mobilier-de-sport\/tableaux\/tableau-affichage-electronique-multisports\"]}]},{\"@type\":\"ImageObject\",\"inLanguage\":\"fr-FR\",\"@id\":\"https:\/\/www.lausinyvicente.com\/fr\/mobilier-de-sport\/tableaux\/tableau-affichage-electronique-multisports#primaryimage\",\"url\":\"https:\/\/www.lausinyvicente.com\/wp-content\/uploads\/2022\/12\/M.99.06_Marcador-electronico-multideporte.jpg\",\"contentUrl\":\"https:\/\/www.lausinyvicente.com\/wp-content\/uploads\/2022\/12\/M.99.06_Marcador-electronico-multideporte.jpg\",\"width\":720,\"height\":490},{\"@type\":\"BreadcrumbList\",\"@id\":\"https:\/\/www.lausinyvicente.com\/fr\/mobilier-de-sport\/tableaux\/tableau-affichage-electronique-multisports#breadcrumb\",\"itemListElement\":[{\"@type\":\"ListItem\",\"position\":1,\"name\":\"Portada\",\"item\":\"https:\/\/www.lausinyvicente.com\/\"},{\"@type\":\"ListItem\",\"position\":2,\"name\":\"Boutique\",\"item\":\"https:\/\/www.lausinyvicente.com\/fr\/boutique\"},{\"@type\":\"ListItem\",\"position\":3,\"name\":\"Tableau d\u2019affichage \u00e9lectronique multisports\"}]},{\"@type\":\"WebSite\",\"@id\":\"https:\/\/www.lausinyvicente.com\/#website\",\"url\":\"https:\/\/www.lausinyvicente.com\/\",\"name\":\"Laus\u00edn y Vicente\",\"description\":\"Fabricaci\u00f3n y distribuci\u00f3n de material deportivo\",\"potentialAction\":[{\"@type\":\"SearchAction\",\"target\":{\"@type\":\"EntryPoint\",\"urlTemplate\":\"https:\/\/www.lausinyvicente.com\/?s={search_term_string}\"},\"query-input\":{\"@type\":\"PropertyValueSpecification\",\"valueRequired\":true,\"valueName\":\"search_term_string\"}}],\"inLanguage\":\"fr-FR\"}]}<\/script>\n<!-- \/ Yoast SEO plugin. -->","yoast_head_json":{"title":"Tableau d\u2019affichage \u00e9lectronique multisports - Laus\u00edn y Vicente","robots":{"index":"index","follow":"follow","max-snippet":"max-snippet:-1","max-image-preview":"max-image-preview:large","max-video-preview":"max-video-preview:-1"},"canonical":"https:\/\/www.lausinyvicente.com\/fr\/mobilier-de-sport\/tableaux\/tableau-affichage-electronique-multisports","og_locale":"fr_FR","og_type":"article","og_title":"Tableau d\u2019affichage \u00e9lectronique multisports - Laus\u00edn y Vicente","og_description":"Le tableau d\u2019affichage \u00e9lectronique \u201cmultisports\u201d a \u00e9t\u00e9 con\u00e7u pour \u00eatre utilis\u00e9 \u00e0 l\u2019int\u00e9rieur et il est programm\u00e9 pour 14 sports diff\u00e9rents. Transmission : radio (868 MHz) ou c\u00e2ble. Visibilit\u00e9: 110 m, angle &gt; 160 \u00b0 Dimensions : 1900 x 1200 x 90 mm. Poids: 35 kg Source d\u2019alimentation : 230V \/ 50 -60 Hz Puissance consomm\u00e9e : 98 VA. La partie avant du tableau d\u2019affichage est en polycarbonate mat incassable (DIN 18032-3). Klaxon int\u00e9gr\u00e9 de 116 dB \u00e0 1 m. Scores : 2 x 3 chiffres LED rouges (25 cm). Temps de jeu : 1 chiffre vert LED (20 cm). Possession du ballon: 2 fl\u00e8ches LED rouges. Timer \/ p\u00e9riode de repos : 4 chiffres blancs LED (25 cm) + points clignotants. Fautes d\u2019\u00e9quipe (BB) \/ Sets gagn\u00e9s (VB) \/ Temporisateur exclusion (HB) : 2 x 3 chiffres LED jaune (20 cm). Nombre de Time out (BB, HB, BV) \/ sanction en cours (HB) : 2 x 3 points verts. Affichage du jour et de l\u2019heure quand le tableau d\u2019affichage n\u2019est pas utilis\u00e9. La console de contr\u00f4le (340 x 175 x 60 mm) avec \u00e9cran LCD affiche 20 caract\u00e8res (9 mm de haut) sur 2 lignes. Console de contr\u00f4le incluse. L\u2019affichage \u201clocaux\u201d et \u201cvisiteurs\u201d peut \u00eatre r\u00e9alis\u00e9 dans diff\u00e9rentes langues sur demande. Veuillez consulter d\u2019autres mod\u00e8les pour int\u00e9rieur avec diff\u00e9rentes caract\u00e9ristiques et dimensions. Prix unitaire.","og_url":"https:\/\/www.lausinyvicente.com\/fr\/mobilier-de-sport\/tableaux\/tableau-affichage-electronique-multisports","og_site_name":"Laus\u00edn y Vicente","og_image":[{"width":720,"height":490,"url":"https:\/\/www.lausinyvicente.com\/wp-content\/uploads\/2022\/12\/M.99.06_Marcador-electronico-multideporte.jpg","type":"image\/jpeg"}],"twitter_card":"summary_large_image","schema":{"@context":"https:\/\/schema.org","@graph":[{"@type":"WebPage","@id":"https:\/\/www.lausinyvicente.com\/fr\/mobilier-de-sport\/tableaux\/tableau-affichage-electronique-multisports","url":"https:\/\/www.lausinyvicente.com\/fr\/mobilier-de-sport\/tableaux\/tableau-affichage-electronique-multisports","name":"Tableau d\u2019affichage \u00e9lectronique multisports - Laus\u00edn y Vicente","isPartOf":{"@id":"https:\/\/www.lausinyvicente.com\/#website"},"primaryImageOfPage":{"@id":"https:\/\/www.lausinyvicente.com\/fr\/mobilier-de-sport\/tableaux\/tableau-affichage-electronique-multisports#primaryimage"},"image":{"@id":"https:\/\/www.lausinyvicente.com\/fr\/mobilier-de-sport\/tableaux\/tableau-affichage-electronique-multisports#primaryimage"},"thumbnailUrl":"https:\/\/www.lausinyvicente.com\/wp-content\/uploads\/2022\/12\/M.99.06_Marcador-electronico-multideporte.jpg","datePublished":"2022-12-10T16:08:37+00:00","breadcrumb":{"@id":"https:\/\/www.lausinyvicente.com\/fr\/mobilier-de-sport\/tableaux\/tableau-affichage-electronique-multisports#breadcrumb"},"inLanguage":"fr-FR","potentialAction":[{"@type":"ReadAction","target":["https:\/\/www.lausinyvicente.com\/fr\/mobilier-de-sport\/tableaux\/tableau-affichage-electronique-multisports"]}]},{"@type":"ImageObject","inLanguage":"fr-FR","@id":"https:\/\/www.lausinyvicente.com\/fr\/mobilier-de-sport\/tableaux\/tableau-affichage-electronique-multisports#primaryimage","url":"https:\/\/www.lausinyvicente.com\/wp-content\/uploads\/2022\/12\/M.99.06_Marcador-electronico-multideporte.jpg","contentUrl":"https:\/\/www.lausinyvicente.com\/wp-content\/uploads\/2022\/12\/M.99.06_Marcador-electronico-multideporte.jpg","width":720,"height":490},{"@type":"BreadcrumbList","@id":"https:\/\/www.lausinyvicente.com\/fr\/mobilier-de-sport\/tableaux\/tableau-affichage-electronique-multisports#breadcrumb","itemListElement":[{"@type":"ListItem","position":1,"name":"Portada","item":"https:\/\/www.lausinyvicente.com\/"},{"@type":"ListItem","position":2,"name":"Boutique","item":"https:\/\/www.lausinyvicente.com\/fr\/boutique"},{"@type":"ListItem","position":3,"name":"Tableau d\u2019affichage \u00e9lectronique multisports"}]},{"@type":"WebSite","@id":"https:\/\/www.lausinyvicente.com\/#website","url":"https:\/\/www.lausinyvicente.com\/","name":"Laus\u00edn y Vicente","description":"Fabricaci\u00f3n y distribuci\u00f3n de material deportivo","potentialAction":[{"@type":"SearchAction","target":{"@type":"EntryPoint","urlTemplate":"https:\/\/www.lausinyvicente.com\/?s={search_term_string}"},"query-input":{"@type":"PropertyValueSpecification","valueRequired":true,"valueName":"search_term_string"}}],"inLanguage":"fr-FR"}]}},"_links":{"self":[{"href":"https:\/\/www.lausinyvicente.com\/fr\/wp-json\/wp\/v2\/product\/3310","targetHints":{"allow":["GET"]}}],"collection":[{"href":"https:\/\/www.lausinyvicente.com\/fr\/wp-json\/wp\/v2\/product"}],"about":[{"href":"https:\/\/www.lausinyvicente.com\/fr\/wp-json\/wp\/v2\/types\/product"}],"wp:featuredmedia":[{"embeddable":true,"href":"https:\/\/www.lausinyvicente.com\/fr\/wp-json\/wp\/v2\/media\/2962"}],"wp:attachment":[{"href":"https:\/\/www.lausinyvicente.com\/fr\/wp-json\/wp\/v2\/media?parent=3310"}],"wp:term":[{"taxonomy":"product_cat","embeddable":true,"href":"https:\/\/www.lausinyvicente.com\/fr\/wp-json\/wp\/v2\/product_cat?post=3310"},{"taxonomy":"product_tag","embeddable":true,"href":"https:\/\/www.lausinyvicente.com\/fr\/wp-json\/wp\/v2\/product_tag?post=3310"}],"curies":[{"name":"wp","href":"https:\/\/api.w.org\/{rel}","templated":true}]}}