{"id":3316,"date":"2022-12-10T16:06:52","date_gmt":"2022-12-10T16:06:52","guid":{"rendered":"https:\/\/www.lausinyvicente.com\/non class\u00e9\/gradins-demontables\/"},"modified":"2022-12-10T16:06:52","modified_gmt":"2022-12-10T16:06:52","slug":"gradins-demontables","status":"publish","type":"product","link":"https:\/\/www.lausinyvicente.com\/fr\/mobilier-de-sport\/gradins\/gradins-demontables","title":{"rendered":"Gradins d\u00e9montables"},"content":{"rendered":"","protected":false},"excerpt":{"rendered":"<p>Structure m\u00e9tallique galvanis\u00e9e d\u00e9montable compos\u00e9e de modules de 2,5 m \u00e0 assembler pour obtenir la longueur de gradins requise. Les modules sont compos\u00e9s de structures lat\u00e9rales, l\u2019espace du couloir et la partie arri\u00e8re sur laquelle seront viss\u00e9s des profil\u00e9s en tube carr\u00e9 de 40 x 2 mm et des platines de renfort de 40 x 2 mm pour apporter plus de stabilit\u00e9 et de rigidit\u00e9 \u00e0 l\u2019ensemble. La structure lat\u00e9rale est compos\u00e9e de tubes carr\u00e9s structurels en acier St-275 de 40 x 2 mm soud\u00e9s \u00e0 la base en tube rectangulaire d\u00e9cap\u00e9 de 60 x 40 x 2 mm et renforc\u00e9s dans la partie centrale par des entretoises crois\u00e9es \u00e0 platine de 40 x 2 mm. L\u2019espace du couloir est form\u00e9 par les si\u00e8ges et les escaliers d\u2019acc\u00e8s. Les si\u00e8ges sont form\u00e9s par un cadre en acier en profil\u00e9 carr\u00e9 d\u00e9cap\u00e9 de 40 x 3 mm sur lequel un panneau en contreplaqu\u00e9 bois antid\u00e9rapant de 15 mm sera viss\u00e9. Ce dernier recevra des si\u00e8ges en PVC avec ou sans dossier ou une banquette. Les escaliers d\u2019acc\u00e8s de 1 m sont fabriqu\u00e9s dans les m\u00eames mat\u00e9riaux et sont pr\u00e9vus tous les 6 m le long des gradins. Les garde-corps lat\u00e9raux et arri\u00e8re en tube carr\u00e9 de 40 x 2 mm sont viss\u00e9s au module. Inclus \u00e0 partir de 4 rang\u00e9es (non inclus pour 3 rang\u00e9es et moins). Les profil\u00e9s en acier structurel sont form\u00e9s \u00e0 froid avec un traitement post\u00e9rieur de d\u00e9graissage et galvanisation \u00e0 chaud pour apporter \u00e0 la structure une grande r\u00e9sistance aux intemp\u00e9ries. Si\u00e8ges en PVC inclus. Prix au m\u00e8tre lin\u00e9aire.          <\/p>\n","protected":false},"featured_media":2960,"template":"","meta":[],"product_cat":[103,94],"product_tag":[],"class_list":{"0":"post-3316","1":"product","2":"type-product","3":"status-publish","4":"has-post-thumbnail","6":"product_cat-gradins","7":"product_cat-mobilier-de-sport","9":"first","10":"instock","11":"shipping-taxable","12":"purchasable","13":"product-type-variable"},"yoast_head":"<!-- This site is optimized with the Yoast SEO plugin v27.0 - https:\/\/yoast.com\/product\/yoast-seo-wordpress\/ -->\n<title>Gradins d\u00e9montables - Laus\u00edn y Vicente<\/title>\n<meta name=\"robots\" content=\"index, follow, max-snippet:-1, max-image-preview:large, max-video-preview:-1\" \/>\n<link rel=\"canonical\" href=\"https:\/\/www.lausinyvicente.com\/fr\/mobilier-de-sport\/gradins\/gradins-demontables\" \/>\n<meta property=\"og:locale\" content=\"fr_FR\" \/>\n<meta property=\"og:type\" content=\"article\" \/>\n<meta property=\"og:title\" content=\"Gradins d\u00e9montables - Laus\u00edn y Vicente\" \/>\n<meta property=\"og:description\" content=\"Structure m\u00e9tallique galvanis\u00e9e d\u00e9montable compos\u00e9e de modules de 2,5 m \u00e0 assembler pour obtenir la longueur de gradins requise. Les modules sont compos\u00e9s de structures lat\u00e9rales, l\u2019espace du couloir et la partie arri\u00e8re sur laquelle seront viss\u00e9s des profil\u00e9s en tube carr\u00e9 de 40 x 2 mm et des platines de renfort de 40 x 2 mm pour apporter plus de stabilit\u00e9 et de rigidit\u00e9 \u00e0 l\u2019ensemble. La structure lat\u00e9rale est compos\u00e9e de tubes carr\u00e9s structurels en acier St-275 de 40 x 2 mm soud\u00e9s \u00e0 la base en tube rectangulaire d\u00e9cap\u00e9 de 60 x 40 x 2 mm et renforc\u00e9s dans la partie centrale par des entretoises crois\u00e9es \u00e0 platine de 40 x 2 mm. L\u2019espace du couloir est form\u00e9 par les si\u00e8ges et les escaliers d\u2019acc\u00e8s. Les si\u00e8ges sont form\u00e9s par un cadre en acier en profil\u00e9 carr\u00e9 d\u00e9cap\u00e9 de 40 x 3 mm sur lequel un panneau en contreplaqu\u00e9 bois antid\u00e9rapant de 15 mm sera viss\u00e9. Ce dernier recevra des si\u00e8ges en PVC avec ou sans dossier ou une banquette. Les escaliers d\u2019acc\u00e8s de 1 m sont fabriqu\u00e9s dans les m\u00eames mat\u00e9riaux et sont pr\u00e9vus tous les 6 m le long des gradins. Les garde-corps lat\u00e9raux et arri\u00e8re en tube carr\u00e9 de 40 x 2 mm sont viss\u00e9s au module. Inclus \u00e0 partir de 4 rang\u00e9es (non inclus pour 3 rang\u00e9es et moins). Les profil\u00e9s en acier structurel sont form\u00e9s \u00e0 froid avec un traitement post\u00e9rieur de d\u00e9graissage et galvanisation \u00e0 chaud pour apporter \u00e0 la structure une grande r\u00e9sistance aux intemp\u00e9ries. Si\u00e8ges en PVC inclus. Prix au m\u00e8tre lin\u00e9aire.\" \/>\n<meta property=\"og:url\" content=\"https:\/\/www.lausinyvicente.com\/fr\/mobilier-de-sport\/gradins\/gradins-demontables\" \/>\n<meta property=\"og:site_name\" content=\"Laus\u00edn y Vicente\" \/>\n<meta property=\"og:image\" content=\"https:\/\/www.lausinyvicente.com\/wp-content\/uploads\/2022\/12\/M.01.14-graderio-desmontable.jpg\" \/>\n\t<meta property=\"og:image:width\" content=\"720\" \/>\n\t<meta property=\"og:image:height\" content=\"490\" \/>\n\t<meta property=\"og:image:type\" content=\"image\/jpeg\" \/>\n<meta name=\"twitter:card\" content=\"summary_large_image\" \/>\n<script type=\"application\/ld+json\" class=\"yoast-schema-graph\">{\"@context\":\"https:\/\/schema.org\",\"@graph\":[{\"@type\":\"WebPage\",\"@id\":\"https:\/\/www.lausinyvicente.com\/fr\/mobilier-de-sport\/gradins\/gradins-demontables\",\"url\":\"https:\/\/www.lausinyvicente.com\/fr\/mobilier-de-sport\/gradins\/gradins-demontables\",\"name\":\"Gradins d\u00e9montables - Laus\u00edn y Vicente\",\"isPartOf\":{\"@id\":\"https:\/\/www.lausinyvicente.com\/#website\"},\"primaryImageOfPage\":{\"@id\":\"https:\/\/www.lausinyvicente.com\/fr\/mobilier-de-sport\/gradins\/gradins-demontables#primaryimage\"},\"image\":{\"@id\":\"https:\/\/www.lausinyvicente.com\/fr\/mobilier-de-sport\/gradins\/gradins-demontables#primaryimage\"},\"thumbnailUrl\":\"https:\/\/www.lausinyvicente.com\/wp-content\/uploads\/2022\/12\/M.01.14-graderio-desmontable.jpg\",\"datePublished\":\"2022-12-10T16:06:52+00:00\",\"breadcrumb\":{\"@id\":\"https:\/\/www.lausinyvicente.com\/fr\/mobilier-de-sport\/gradins\/gradins-demontables#breadcrumb\"},\"inLanguage\":\"fr-FR\",\"potentialAction\":[{\"@type\":\"ReadAction\",\"target\":[\"https:\/\/www.lausinyvicente.com\/fr\/mobilier-de-sport\/gradins\/gradins-demontables\"]}]},{\"@type\":\"ImageObject\",\"inLanguage\":\"fr-FR\",\"@id\":\"https:\/\/www.lausinyvicente.com\/fr\/mobilier-de-sport\/gradins\/gradins-demontables#primaryimage\",\"url\":\"https:\/\/www.lausinyvicente.com\/wp-content\/uploads\/2022\/12\/M.01.14-graderio-desmontable.jpg\",\"contentUrl\":\"https:\/\/www.lausinyvicente.com\/wp-content\/uploads\/2022\/12\/M.01.14-graderio-desmontable.jpg\",\"width\":720,\"height\":490},{\"@type\":\"BreadcrumbList\",\"@id\":\"https:\/\/www.lausinyvicente.com\/fr\/mobilier-de-sport\/gradins\/gradins-demontables#breadcrumb\",\"itemListElement\":[{\"@type\":\"ListItem\",\"position\":1,\"name\":\"Portada\",\"item\":\"https:\/\/www.lausinyvicente.com\/\"},{\"@type\":\"ListItem\",\"position\":2,\"name\":\"Boutique\",\"item\":\"https:\/\/www.lausinyvicente.com\/fr\/boutique\"},{\"@type\":\"ListItem\",\"position\":3,\"name\":\"Gradins d\u00e9montables\"}]},{\"@type\":\"WebSite\",\"@id\":\"https:\/\/www.lausinyvicente.com\/#website\",\"url\":\"https:\/\/www.lausinyvicente.com\/\",\"name\":\"Laus\u00edn y Vicente\",\"description\":\"Fabricaci\u00f3n y distribuci\u00f3n de material deportivo\",\"potentialAction\":[{\"@type\":\"SearchAction\",\"target\":{\"@type\":\"EntryPoint\",\"urlTemplate\":\"https:\/\/www.lausinyvicente.com\/?s={search_term_string}\"},\"query-input\":{\"@type\":\"PropertyValueSpecification\",\"valueRequired\":true,\"valueName\":\"search_term_string\"}}],\"inLanguage\":\"fr-FR\"}]}<\/script>\n<!-- \/ Yoast SEO plugin. -->","yoast_head_json":{"title":"Gradins d\u00e9montables - Laus\u00edn y Vicente","robots":{"index":"index","follow":"follow","max-snippet":"max-snippet:-1","max-image-preview":"max-image-preview:large","max-video-preview":"max-video-preview:-1"},"canonical":"https:\/\/www.lausinyvicente.com\/fr\/mobilier-de-sport\/gradins\/gradins-demontables","og_locale":"fr_FR","og_type":"article","og_title":"Gradins d\u00e9montables - Laus\u00edn y Vicente","og_description":"Structure m\u00e9tallique galvanis\u00e9e d\u00e9montable compos\u00e9e de modules de 2,5 m \u00e0 assembler pour obtenir la longueur de gradins requise. Les modules sont compos\u00e9s de structures lat\u00e9rales, l\u2019espace du couloir et la partie arri\u00e8re sur laquelle seront viss\u00e9s des profil\u00e9s en tube carr\u00e9 de 40 x 2 mm et des platines de renfort de 40 x 2 mm pour apporter plus de stabilit\u00e9 et de rigidit\u00e9 \u00e0 l\u2019ensemble. La structure lat\u00e9rale est compos\u00e9e de tubes carr\u00e9s structurels en acier St-275 de 40 x 2 mm soud\u00e9s \u00e0 la base en tube rectangulaire d\u00e9cap\u00e9 de 60 x 40 x 2 mm et renforc\u00e9s dans la partie centrale par des entretoises crois\u00e9es \u00e0 platine de 40 x 2 mm. L\u2019espace du couloir est form\u00e9 par les si\u00e8ges et les escaliers d\u2019acc\u00e8s. Les si\u00e8ges sont form\u00e9s par un cadre en acier en profil\u00e9 carr\u00e9 d\u00e9cap\u00e9 de 40 x 3 mm sur lequel un panneau en contreplaqu\u00e9 bois antid\u00e9rapant de 15 mm sera viss\u00e9. Ce dernier recevra des si\u00e8ges en PVC avec ou sans dossier ou une banquette. Les escaliers d\u2019acc\u00e8s de 1 m sont fabriqu\u00e9s dans les m\u00eames mat\u00e9riaux et sont pr\u00e9vus tous les 6 m le long des gradins. Les garde-corps lat\u00e9raux et arri\u00e8re en tube carr\u00e9 de 40 x 2 mm sont viss\u00e9s au module. Inclus \u00e0 partir de 4 rang\u00e9es (non inclus pour 3 rang\u00e9es et moins). Les profil\u00e9s en acier structurel sont form\u00e9s \u00e0 froid avec un traitement post\u00e9rieur de d\u00e9graissage et galvanisation \u00e0 chaud pour apporter \u00e0 la structure une grande r\u00e9sistance aux intemp\u00e9ries. Si\u00e8ges en PVC inclus. Prix au m\u00e8tre lin\u00e9aire.","og_url":"https:\/\/www.lausinyvicente.com\/fr\/mobilier-de-sport\/gradins\/gradins-demontables","og_site_name":"Laus\u00edn y Vicente","og_image":[{"width":720,"height":490,"url":"https:\/\/www.lausinyvicente.com\/wp-content\/uploads\/2022\/12\/M.01.14-graderio-desmontable.jpg","type":"image\/jpeg"}],"twitter_card":"summary_large_image","schema":{"@context":"https:\/\/schema.org","@graph":[{"@type":"WebPage","@id":"https:\/\/www.lausinyvicente.com\/fr\/mobilier-de-sport\/gradins\/gradins-demontables","url":"https:\/\/www.lausinyvicente.com\/fr\/mobilier-de-sport\/gradins\/gradins-demontables","name":"Gradins d\u00e9montables - Laus\u00edn y Vicente","isPartOf":{"@id":"https:\/\/www.lausinyvicente.com\/#website"},"primaryImageOfPage":{"@id":"https:\/\/www.lausinyvicente.com\/fr\/mobilier-de-sport\/gradins\/gradins-demontables#primaryimage"},"image":{"@id":"https:\/\/www.lausinyvicente.com\/fr\/mobilier-de-sport\/gradins\/gradins-demontables#primaryimage"},"thumbnailUrl":"https:\/\/www.lausinyvicente.com\/wp-content\/uploads\/2022\/12\/M.01.14-graderio-desmontable.jpg","datePublished":"2022-12-10T16:06:52+00:00","breadcrumb":{"@id":"https:\/\/www.lausinyvicente.com\/fr\/mobilier-de-sport\/gradins\/gradins-demontables#breadcrumb"},"inLanguage":"fr-FR","potentialAction":[{"@type":"ReadAction","target":["https:\/\/www.lausinyvicente.com\/fr\/mobilier-de-sport\/gradins\/gradins-demontables"]}]},{"@type":"ImageObject","inLanguage":"fr-FR","@id":"https:\/\/www.lausinyvicente.com\/fr\/mobilier-de-sport\/gradins\/gradins-demontables#primaryimage","url":"https:\/\/www.lausinyvicente.com\/wp-content\/uploads\/2022\/12\/M.01.14-graderio-desmontable.jpg","contentUrl":"https:\/\/www.lausinyvicente.com\/wp-content\/uploads\/2022\/12\/M.01.14-graderio-desmontable.jpg","width":720,"height":490},{"@type":"BreadcrumbList","@id":"https:\/\/www.lausinyvicente.com\/fr\/mobilier-de-sport\/gradins\/gradins-demontables#breadcrumb","itemListElement":[{"@type":"ListItem","position":1,"name":"Portada","item":"https:\/\/www.lausinyvicente.com\/"},{"@type":"ListItem","position":2,"name":"Boutique","item":"https:\/\/www.lausinyvicente.com\/fr\/boutique"},{"@type":"ListItem","position":3,"name":"Gradins d\u00e9montables"}]},{"@type":"WebSite","@id":"https:\/\/www.lausinyvicente.com\/#website","url":"https:\/\/www.lausinyvicente.com\/","name":"Laus\u00edn y Vicente","description":"Fabricaci\u00f3n y distribuci\u00f3n de material deportivo","potentialAction":[{"@type":"SearchAction","target":{"@type":"EntryPoint","urlTemplate":"https:\/\/www.lausinyvicente.com\/?s={search_term_string}"},"query-input":{"@type":"PropertyValueSpecification","valueRequired":true,"valueName":"search_term_string"}}],"inLanguage":"fr-FR"}]}},"_links":{"self":[{"href":"https:\/\/www.lausinyvicente.com\/fr\/wp-json\/wp\/v2\/product\/3316","targetHints":{"allow":["GET"]}}],"collection":[{"href":"https:\/\/www.lausinyvicente.com\/fr\/wp-json\/wp\/v2\/product"}],"about":[{"href":"https:\/\/www.lausinyvicente.com\/fr\/wp-json\/wp\/v2\/types\/product"}],"wp:featuredmedia":[{"embeddable":true,"href":"https:\/\/www.lausinyvicente.com\/fr\/wp-json\/wp\/v2\/media\/2960"}],"wp:attachment":[{"href":"https:\/\/www.lausinyvicente.com\/fr\/wp-json\/wp\/v2\/media?parent=3316"}],"wp:term":[{"taxonomy":"product_cat","embeddable":true,"href":"https:\/\/www.lausinyvicente.com\/fr\/wp-json\/wp\/v2\/product_cat?post=3316"},{"taxonomy":"product_tag","embeddable":true,"href":"https:\/\/www.lausinyvicente.com\/fr\/wp-json\/wp\/v2\/product_tag?post=3316"}],"curies":[{"name":"wp","href":"https:\/\/api.w.org\/{rel}","templated":true}]}}