{"id":3322,"date":"2022-12-10T16:02:07","date_gmt":"2022-12-10T16:02:07","guid":{"rendered":"https:\/\/www.lausinyvicente.com\/non class\u00e9\/gradins-rabattables\/"},"modified":"2022-12-10T16:02:07","modified_gmt":"2022-12-10T16:02:07","slug":"gradins-rabattables","status":"publish","type":"product","link":"https:\/\/www.lausinyvicente.com\/fr\/mobilier-de-sport\/gradins\/gradins-rabattables","title":{"rendered":"Gradins rabattables"},"content":{"rendered":"","protected":false},"excerpt":{"rendered":"<p>Gradins rabattables mobiles compos\u00e9s de c\u00f4t\u00e9s m\u00e9talliques soud\u00e9s en profil\u00e9 carr\u00e9 de 40 mm et base rectangulaire de 60 x 40 mm, avec 2, 3 ou 4 rang\u00e9es et install\u00e9s par modules en fonction des longueurs n\u00e9cessaires en s\u2019adaptant \u00e0 l\u2019espace disponible. Si\u00e8ges en bois de pin jaune verni et rang\u00e9e sup\u00e9rieure \u00e0 dossier rabattable en pin jaune. Couloirs en contreplaqu\u00e9 de bouleau antid\u00e9rapant. Modules renforc\u00e9s \u00e0 l\u2019arri\u00e8re par des entretoises diagonales pour apporter plus de stabilit\u00e9 et de rigidit\u00e9 \u00e0 l\u2019ensemble. \u00c9quip\u00e9s de quatre roues fix\u00e9es \u00e0 l\u2019arri\u00e8re dont deux \u00e0 frein et d\u2019un patin qui facilite la rotation pour rabattre et d\u00e9placer les gradins. La structure m\u00e9tallique est peinte \u00e0 l\u2019\u00e9poxy au four. Montage facile. Prix au m\u00e8tre lin\u00e9aire.      <\/p>\n","protected":false},"featured_media":2958,"template":"","meta":[],"product_cat":[103,94],"product_tag":[],"class_list":{"0":"post-3322","1":"product","2":"type-product","3":"status-publish","4":"has-post-thumbnail","6":"product_cat-gradins","7":"product_cat-mobilier-de-sport","9":"first","10":"instock","11":"shipping-taxable","12":"purchasable","13":"product-type-simple"},"yoast_head":"<!-- This site is optimized with the Yoast SEO plugin v27.0 - https:\/\/yoast.com\/product\/yoast-seo-wordpress\/ -->\n<title>Gradins rabattables - Laus\u00edn y Vicente<\/title>\n<meta name=\"robots\" content=\"index, follow, max-snippet:-1, max-image-preview:large, max-video-preview:-1\" \/>\n<link rel=\"canonical\" href=\"https:\/\/www.lausinyvicente.com\/fr\/mobilier-de-sport\/gradins\/gradins-rabattables\" \/>\n<meta property=\"og:locale\" content=\"fr_FR\" \/>\n<meta property=\"og:type\" content=\"article\" \/>\n<meta property=\"og:title\" content=\"Gradins rabattables - Laus\u00edn y Vicente\" \/>\n<meta property=\"og:description\" content=\"Gradins rabattables mobiles compos\u00e9s de c\u00f4t\u00e9s m\u00e9talliques soud\u00e9s en profil\u00e9 carr\u00e9 de 40 mm et base rectangulaire de 60 x 40 mm, avec 2, 3 ou 4 rang\u00e9es et install\u00e9s par modules en fonction des longueurs n\u00e9cessaires en s\u2019adaptant \u00e0 l\u2019espace disponible. Si\u00e8ges en bois de pin jaune verni et rang\u00e9e sup\u00e9rieure \u00e0 dossier rabattable en pin jaune. Couloirs en contreplaqu\u00e9 de bouleau antid\u00e9rapant. Modules renforc\u00e9s \u00e0 l\u2019arri\u00e8re par des entretoises diagonales pour apporter plus de stabilit\u00e9 et de rigidit\u00e9 \u00e0 l\u2019ensemble. \u00c9quip\u00e9s de quatre roues fix\u00e9es \u00e0 l\u2019arri\u00e8re dont deux \u00e0 frein et d\u2019un patin qui facilite la rotation pour rabattre et d\u00e9placer les gradins. La structure m\u00e9tallique est peinte \u00e0 l\u2019\u00e9poxy au four. Montage facile. Prix au m\u00e8tre lin\u00e9aire.\" \/>\n<meta property=\"og:url\" content=\"https:\/\/www.lausinyvicente.com\/fr\/mobilier-de-sport\/gradins\/gradins-rabattables\" \/>\n<meta property=\"og:site_name\" content=\"Laus\u00edn y Vicente\" \/>\n<meta property=\"og:image\" content=\"https:\/\/www.lausinyvicente.com\/wp-content\/uploads\/2022\/12\/M.01.20-graderio-abatible.jpg\" \/>\n\t<meta property=\"og:image:width\" content=\"720\" \/>\n\t<meta property=\"og:image:height\" content=\"490\" \/>\n\t<meta property=\"og:image:type\" content=\"image\/jpeg\" \/>\n<meta name=\"twitter:card\" content=\"summary_large_image\" \/>\n<script type=\"application\/ld+json\" class=\"yoast-schema-graph\">{\"@context\":\"https:\/\/schema.org\",\"@graph\":[{\"@type\":\"WebPage\",\"@id\":\"https:\/\/www.lausinyvicente.com\/fr\/mobilier-de-sport\/gradins\/gradins-rabattables\",\"url\":\"https:\/\/www.lausinyvicente.com\/fr\/mobilier-de-sport\/gradins\/gradins-rabattables\",\"name\":\"Gradins rabattables - Laus\u00edn y Vicente\",\"isPartOf\":{\"@id\":\"https:\/\/www.lausinyvicente.com\/#website\"},\"primaryImageOfPage\":{\"@id\":\"https:\/\/www.lausinyvicente.com\/fr\/mobilier-de-sport\/gradins\/gradins-rabattables#primaryimage\"},\"image\":{\"@id\":\"https:\/\/www.lausinyvicente.com\/fr\/mobilier-de-sport\/gradins\/gradins-rabattables#primaryimage\"},\"thumbnailUrl\":\"https:\/\/www.lausinyvicente.com\/wp-content\/uploads\/2022\/12\/M.01.20-graderio-abatible.jpg\",\"datePublished\":\"2022-12-10T16:02:07+00:00\",\"breadcrumb\":{\"@id\":\"https:\/\/www.lausinyvicente.com\/fr\/mobilier-de-sport\/gradins\/gradins-rabattables#breadcrumb\"},\"inLanguage\":\"fr-FR\",\"potentialAction\":[{\"@type\":\"ReadAction\",\"target\":[\"https:\/\/www.lausinyvicente.com\/fr\/mobilier-de-sport\/gradins\/gradins-rabattables\"]}]},{\"@type\":\"ImageObject\",\"inLanguage\":\"fr-FR\",\"@id\":\"https:\/\/www.lausinyvicente.com\/fr\/mobilier-de-sport\/gradins\/gradins-rabattables#primaryimage\",\"url\":\"https:\/\/www.lausinyvicente.com\/wp-content\/uploads\/2022\/12\/M.01.20-graderio-abatible.jpg\",\"contentUrl\":\"https:\/\/www.lausinyvicente.com\/wp-content\/uploads\/2022\/12\/M.01.20-graderio-abatible.jpg\",\"width\":720,\"height\":490},{\"@type\":\"BreadcrumbList\",\"@id\":\"https:\/\/www.lausinyvicente.com\/fr\/mobilier-de-sport\/gradins\/gradins-rabattables#breadcrumb\",\"itemListElement\":[{\"@type\":\"ListItem\",\"position\":1,\"name\":\"Portada\",\"item\":\"https:\/\/www.lausinyvicente.com\/\"},{\"@type\":\"ListItem\",\"position\":2,\"name\":\"Boutique\",\"item\":\"https:\/\/www.lausinyvicente.com\/fr\/boutique\"},{\"@type\":\"ListItem\",\"position\":3,\"name\":\"Gradins rabattables\"}]},{\"@type\":\"WebSite\",\"@id\":\"https:\/\/www.lausinyvicente.com\/#website\",\"url\":\"https:\/\/www.lausinyvicente.com\/\",\"name\":\"Laus\u00edn y Vicente\",\"description\":\"Fabricaci\u00f3n y distribuci\u00f3n de material deportivo\",\"potentialAction\":[{\"@type\":\"SearchAction\",\"target\":{\"@type\":\"EntryPoint\",\"urlTemplate\":\"https:\/\/www.lausinyvicente.com\/?s={search_term_string}\"},\"query-input\":{\"@type\":\"PropertyValueSpecification\",\"valueRequired\":true,\"valueName\":\"search_term_string\"}}],\"inLanguage\":\"fr-FR\"}]}<\/script>\n<!-- \/ Yoast SEO plugin. -->","yoast_head_json":{"title":"Gradins rabattables - Laus\u00edn y Vicente","robots":{"index":"index","follow":"follow","max-snippet":"max-snippet:-1","max-image-preview":"max-image-preview:large","max-video-preview":"max-video-preview:-1"},"canonical":"https:\/\/www.lausinyvicente.com\/fr\/mobilier-de-sport\/gradins\/gradins-rabattables","og_locale":"fr_FR","og_type":"article","og_title":"Gradins rabattables - Laus\u00edn y Vicente","og_description":"Gradins rabattables mobiles compos\u00e9s de c\u00f4t\u00e9s m\u00e9talliques soud\u00e9s en profil\u00e9 carr\u00e9 de 40 mm et base rectangulaire de 60 x 40 mm, avec 2, 3 ou 4 rang\u00e9es et install\u00e9s par modules en fonction des longueurs n\u00e9cessaires en s\u2019adaptant \u00e0 l\u2019espace disponible. Si\u00e8ges en bois de pin jaune verni et rang\u00e9e sup\u00e9rieure \u00e0 dossier rabattable en pin jaune. Couloirs en contreplaqu\u00e9 de bouleau antid\u00e9rapant. Modules renforc\u00e9s \u00e0 l\u2019arri\u00e8re par des entretoises diagonales pour apporter plus de stabilit\u00e9 et de rigidit\u00e9 \u00e0 l\u2019ensemble. \u00c9quip\u00e9s de quatre roues fix\u00e9es \u00e0 l\u2019arri\u00e8re dont deux \u00e0 frein et d\u2019un patin qui facilite la rotation pour rabattre et d\u00e9placer les gradins. La structure m\u00e9tallique est peinte \u00e0 l\u2019\u00e9poxy au four. Montage facile. Prix au m\u00e8tre lin\u00e9aire.","og_url":"https:\/\/www.lausinyvicente.com\/fr\/mobilier-de-sport\/gradins\/gradins-rabattables","og_site_name":"Laus\u00edn y Vicente","og_image":[{"width":720,"height":490,"url":"https:\/\/www.lausinyvicente.com\/wp-content\/uploads\/2022\/12\/M.01.20-graderio-abatible.jpg","type":"image\/jpeg"}],"twitter_card":"summary_large_image","schema":{"@context":"https:\/\/schema.org","@graph":[{"@type":"WebPage","@id":"https:\/\/www.lausinyvicente.com\/fr\/mobilier-de-sport\/gradins\/gradins-rabattables","url":"https:\/\/www.lausinyvicente.com\/fr\/mobilier-de-sport\/gradins\/gradins-rabattables","name":"Gradins rabattables - Laus\u00edn y Vicente","isPartOf":{"@id":"https:\/\/www.lausinyvicente.com\/#website"},"primaryImageOfPage":{"@id":"https:\/\/www.lausinyvicente.com\/fr\/mobilier-de-sport\/gradins\/gradins-rabattables#primaryimage"},"image":{"@id":"https:\/\/www.lausinyvicente.com\/fr\/mobilier-de-sport\/gradins\/gradins-rabattables#primaryimage"},"thumbnailUrl":"https:\/\/www.lausinyvicente.com\/wp-content\/uploads\/2022\/12\/M.01.20-graderio-abatible.jpg","datePublished":"2022-12-10T16:02:07+00:00","breadcrumb":{"@id":"https:\/\/www.lausinyvicente.com\/fr\/mobilier-de-sport\/gradins\/gradins-rabattables#breadcrumb"},"inLanguage":"fr-FR","potentialAction":[{"@type":"ReadAction","target":["https:\/\/www.lausinyvicente.com\/fr\/mobilier-de-sport\/gradins\/gradins-rabattables"]}]},{"@type":"ImageObject","inLanguage":"fr-FR","@id":"https:\/\/www.lausinyvicente.com\/fr\/mobilier-de-sport\/gradins\/gradins-rabattables#primaryimage","url":"https:\/\/www.lausinyvicente.com\/wp-content\/uploads\/2022\/12\/M.01.20-graderio-abatible.jpg","contentUrl":"https:\/\/www.lausinyvicente.com\/wp-content\/uploads\/2022\/12\/M.01.20-graderio-abatible.jpg","width":720,"height":490},{"@type":"BreadcrumbList","@id":"https:\/\/www.lausinyvicente.com\/fr\/mobilier-de-sport\/gradins\/gradins-rabattables#breadcrumb","itemListElement":[{"@type":"ListItem","position":1,"name":"Portada","item":"https:\/\/www.lausinyvicente.com\/"},{"@type":"ListItem","position":2,"name":"Boutique","item":"https:\/\/www.lausinyvicente.com\/fr\/boutique"},{"@type":"ListItem","position":3,"name":"Gradins rabattables"}]},{"@type":"WebSite","@id":"https:\/\/www.lausinyvicente.com\/#website","url":"https:\/\/www.lausinyvicente.com\/","name":"Laus\u00edn y Vicente","description":"Fabricaci\u00f3n y distribuci\u00f3n de material deportivo","potentialAction":[{"@type":"SearchAction","target":{"@type":"EntryPoint","urlTemplate":"https:\/\/www.lausinyvicente.com\/?s={search_term_string}"},"query-input":{"@type":"PropertyValueSpecification","valueRequired":true,"valueName":"search_term_string"}}],"inLanguage":"fr-FR"}]}},"_links":{"self":[{"href":"https:\/\/www.lausinyvicente.com\/fr\/wp-json\/wp\/v2\/product\/3322","targetHints":{"allow":["GET"]}}],"collection":[{"href":"https:\/\/www.lausinyvicente.com\/fr\/wp-json\/wp\/v2\/product"}],"about":[{"href":"https:\/\/www.lausinyvicente.com\/fr\/wp-json\/wp\/v2\/types\/product"}],"wp:featuredmedia":[{"embeddable":true,"href":"https:\/\/www.lausinyvicente.com\/fr\/wp-json\/wp\/v2\/media\/2958"}],"wp:attachment":[{"href":"https:\/\/www.lausinyvicente.com\/fr\/wp-json\/wp\/v2\/media?parent=3322"}],"wp:term":[{"taxonomy":"product_cat","embeddable":true,"href":"https:\/\/www.lausinyvicente.com\/fr\/wp-json\/wp\/v2\/product_cat?post=3322"},{"taxonomy":"product_tag","embeddable":true,"href":"https:\/\/www.lausinyvicente.com\/fr\/wp-json\/wp\/v2\/product_tag?post=3322"}],"curies":[{"name":"wp","href":"https:\/\/api.w.org\/{rel}","templated":true}]}}