{"id":3341,"date":"2022-12-10T15:51:38","date_gmt":"2022-12-10T15:51:38","guid":{"rendered":"https:\/\/www.lausinyvicente.com\/non class\u00e9\/rideau-de-separation-commande-electrique\/"},"modified":"2022-12-10T15:51:38","modified_gmt":"2022-12-10T15:51:38","slug":"rideau-separation-commande-electrique","status":"publish","type":"product","link":"https:\/\/www.lausinyvicente.com\/fr\/mobilier-de-sport\/rideaux\/rideau-separation-commande-electrique","title":{"rendered":"Rideau de s\u00e9paration commande \u00e9lectrique"},"content":{"rendered":"","protected":false},"excerpt":{"rendered":"<p>Caract\u00e9ristiques techniques: Syst\u00e8me compos\u00e9 de supports m\u00e9talliques pour fixation \u00e0 la structure du gymnase au moyen de colliers sp\u00e9ciaux et vis de pression. Axe rotor profil\u00e9 \u00e0 froid de 70 mm de diam\u00e8tre. Roulements \u00e0 billes intercal\u00e9es tous les 3 m. Poulies en acier et bandes \u00e0 enrouler tous les 2 m. Caract\u00e9ristiques des moteurs : Couple moteur 300 Nm. Vitesse 12 tr\/min. Puissance absorb\u00e9e 1000 W. Tension 380\/3. Indice de protection IP-45. Fin de course 25 tours. Commande au moyen de bo\u00eetes \u00e0 boutons, situ\u00e9es \u00e0 l\u2019emplacement \u00e0 convenir. T\u00e9l\u00e9commande en option. Caract\u00e9ristiques de la toile : Poids (g\/m2): 650. PVC 2 faces. Finition laqu\u00e9e. R\u00e9s. \u00e0 la traction (daN\/5 cm): 250. R\u00e9sistance au d\u00e9chirement 30. Adh\u00e9rence (daN\/cm) 2. Solidit\u00e9 lumi\u00e8re (din 53388) 7. Traitement ignifuge M-2. Montage, travaux d\u2019\u00e9lectricit\u00e9, structures suppl\u00e9mentaires et plateforme d\u2019\u00e9l\u00e9vation non inclus. OPTIONS: Rideau toile. Rideau mixte (toile + filet). Rideau filet   <\/p>\n","protected":false},"featured_media":2952,"template":"","meta":[],"product_cat":[94,106,85],"product_tag":[],"class_list":{"0":"post-3341","1":"product","2":"type-product","3":"status-publish","4":"has-post-thumbnail","6":"product_cat-mobilier-de-sport","7":"product_cat-rideaux","8":"product_cat-non-classifiee","10":"first","11":"instock","12":"shipping-taxable","13":"purchasable","14":"product-type-variable"},"yoast_head":"<!-- This site is optimized with the Yoast SEO plugin v27.0 - https:\/\/yoast.com\/product\/yoast-seo-wordpress\/ -->\n<title>Rideau de s\u00e9paration commande \u00e9lectrique - Laus\u00edn y Vicente<\/title>\n<meta name=\"robots\" content=\"index, follow, max-snippet:-1, max-image-preview:large, max-video-preview:-1\" \/>\n<link rel=\"canonical\" href=\"https:\/\/www.lausinyvicente.com\/fr\/mobilier-de-sport\/rideaux\/rideau-separation-commande-electrique\" \/>\n<meta property=\"og:locale\" content=\"fr_FR\" \/>\n<meta property=\"og:type\" content=\"article\" \/>\n<meta property=\"og:title\" content=\"Rideau de s\u00e9paration commande \u00e9lectrique - Laus\u00edn y Vicente\" \/>\n<meta property=\"og:description\" content=\"Caract\u00e9ristiques techniques: Syst\u00e8me compos\u00e9 de supports m\u00e9talliques pour fixation \u00e0 la structure du gymnase au moyen de colliers sp\u00e9ciaux et vis de pression. Axe rotor profil\u00e9 \u00e0 froid de 70 mm de diam\u00e8tre. Roulements \u00e0 billes intercal\u00e9es tous les 3 m. Poulies en acier et bandes \u00e0 enrouler tous les 2 m. Caract\u00e9ristiques des moteurs : Couple moteur 300 Nm. Vitesse 12 tr\/min. Puissance absorb\u00e9e 1000 W. Tension 380\/3. Indice de protection IP-45. Fin de course 25 tours. Commande au moyen de bo\u00eetes \u00e0 boutons, situ\u00e9es \u00e0 l\u2019emplacement \u00e0 convenir. T\u00e9l\u00e9commande en option. Caract\u00e9ristiques de la toile : Poids (g\/m2): 650. PVC 2 faces. Finition laqu\u00e9e. R\u00e9s. \u00e0 la traction (daN\/5 cm): 250. R\u00e9sistance au d\u00e9chirement 30. Adh\u00e9rence (daN\/cm) 2. Solidit\u00e9 lumi\u00e8re (din 53388) 7. Traitement ignifuge M-2. Montage, travaux d\u2019\u00e9lectricit\u00e9, structures suppl\u00e9mentaires et plateforme d\u2019\u00e9l\u00e9vation non inclus. OPTIONS: Rideau toile. Rideau mixte (toile + filet). Rideau filet\" \/>\n<meta property=\"og:url\" content=\"https:\/\/www.lausinyvicente.com\/fr\/mobilier-de-sport\/rideaux\/rideau-separation-commande-electrique\" \/>\n<meta property=\"og:site_name\" content=\"Laus\u00edn y Vicente\" \/>\n<meta property=\"og:image\" content=\"https:\/\/www.lausinyvicente.com\/wp-content\/uploads\/2022\/12\/M.03.01-cortina-divisoria-recogida-vertical.jpg\" \/>\n\t<meta property=\"og:image:width\" content=\"720\" \/>\n\t<meta property=\"og:image:height\" content=\"490\" \/>\n\t<meta property=\"og:image:type\" content=\"image\/jpeg\" \/>\n<meta name=\"twitter:card\" content=\"summary_large_image\" \/>\n<script type=\"application\/ld+json\" class=\"yoast-schema-graph\">{\"@context\":\"https:\/\/schema.org\",\"@graph\":[{\"@type\":\"WebPage\",\"@id\":\"https:\/\/www.lausinyvicente.com\/fr\/mobilier-de-sport\/rideaux\/rideau-separation-commande-electrique\",\"url\":\"https:\/\/www.lausinyvicente.com\/fr\/mobilier-de-sport\/rideaux\/rideau-separation-commande-electrique\",\"name\":\"Rideau de s\u00e9paration commande \u00e9lectrique - Laus\u00edn y Vicente\",\"isPartOf\":{\"@id\":\"https:\/\/www.lausinyvicente.com\/#website\"},\"primaryImageOfPage\":{\"@id\":\"https:\/\/www.lausinyvicente.com\/fr\/mobilier-de-sport\/rideaux\/rideau-separation-commande-electrique#primaryimage\"},\"image\":{\"@id\":\"https:\/\/www.lausinyvicente.com\/fr\/mobilier-de-sport\/rideaux\/rideau-separation-commande-electrique#primaryimage\"},\"thumbnailUrl\":\"https:\/\/www.lausinyvicente.com\/wp-content\/uploads\/2022\/12\/M.03.01-cortina-divisoria-recogida-vertical.jpg\",\"datePublished\":\"2022-12-10T15:51:38+00:00\",\"breadcrumb\":{\"@id\":\"https:\/\/www.lausinyvicente.com\/fr\/mobilier-de-sport\/rideaux\/rideau-separation-commande-electrique#breadcrumb\"},\"inLanguage\":\"fr-FR\",\"potentialAction\":[{\"@type\":\"ReadAction\",\"target\":[\"https:\/\/www.lausinyvicente.com\/fr\/mobilier-de-sport\/rideaux\/rideau-separation-commande-electrique\"]}]},{\"@type\":\"ImageObject\",\"inLanguage\":\"fr-FR\",\"@id\":\"https:\/\/www.lausinyvicente.com\/fr\/mobilier-de-sport\/rideaux\/rideau-separation-commande-electrique#primaryimage\",\"url\":\"https:\/\/www.lausinyvicente.com\/wp-content\/uploads\/2022\/12\/M.03.01-cortina-divisoria-recogida-vertical.jpg\",\"contentUrl\":\"https:\/\/www.lausinyvicente.com\/wp-content\/uploads\/2022\/12\/M.03.01-cortina-divisoria-recogida-vertical.jpg\",\"width\":720,\"height\":490},{\"@type\":\"BreadcrumbList\",\"@id\":\"https:\/\/www.lausinyvicente.com\/fr\/mobilier-de-sport\/rideaux\/rideau-separation-commande-electrique#breadcrumb\",\"itemListElement\":[{\"@type\":\"ListItem\",\"position\":1,\"name\":\"Portada\",\"item\":\"https:\/\/www.lausinyvicente.com\/\"},{\"@type\":\"ListItem\",\"position\":2,\"name\":\"Boutique\",\"item\":\"https:\/\/www.lausinyvicente.com\/fr\/boutique\"},{\"@type\":\"ListItem\",\"position\":3,\"name\":\"Rideau de s\u00e9paration commande \u00e9lectrique\"}]},{\"@type\":\"WebSite\",\"@id\":\"https:\/\/www.lausinyvicente.com\/#website\",\"url\":\"https:\/\/www.lausinyvicente.com\/\",\"name\":\"Laus\u00edn y Vicente\",\"description\":\"Fabricaci\u00f3n y distribuci\u00f3n de material deportivo\",\"potentialAction\":[{\"@type\":\"SearchAction\",\"target\":{\"@type\":\"EntryPoint\",\"urlTemplate\":\"https:\/\/www.lausinyvicente.com\/?s={search_term_string}\"},\"query-input\":{\"@type\":\"PropertyValueSpecification\",\"valueRequired\":true,\"valueName\":\"search_term_string\"}}],\"inLanguage\":\"fr-FR\"}]}<\/script>\n<!-- \/ Yoast SEO plugin. -->","yoast_head_json":{"title":"Rideau de s\u00e9paration commande \u00e9lectrique - Laus\u00edn y Vicente","robots":{"index":"index","follow":"follow","max-snippet":"max-snippet:-1","max-image-preview":"max-image-preview:large","max-video-preview":"max-video-preview:-1"},"canonical":"https:\/\/www.lausinyvicente.com\/fr\/mobilier-de-sport\/rideaux\/rideau-separation-commande-electrique","og_locale":"fr_FR","og_type":"article","og_title":"Rideau de s\u00e9paration commande \u00e9lectrique - Laus\u00edn y Vicente","og_description":"Caract\u00e9ristiques techniques: Syst\u00e8me compos\u00e9 de supports m\u00e9talliques pour fixation \u00e0 la structure du gymnase au moyen de colliers sp\u00e9ciaux et vis de pression. Axe rotor profil\u00e9 \u00e0 froid de 70 mm de diam\u00e8tre. Roulements \u00e0 billes intercal\u00e9es tous les 3 m. Poulies en acier et bandes \u00e0 enrouler tous les 2 m. Caract\u00e9ristiques des moteurs : Couple moteur 300 Nm. Vitesse 12 tr\/min. Puissance absorb\u00e9e 1000 W. Tension 380\/3. Indice de protection IP-45. Fin de course 25 tours. Commande au moyen de bo\u00eetes \u00e0 boutons, situ\u00e9es \u00e0 l\u2019emplacement \u00e0 convenir. T\u00e9l\u00e9commande en option. Caract\u00e9ristiques de la toile : Poids (g\/m2): 650. PVC 2 faces. Finition laqu\u00e9e. R\u00e9s. \u00e0 la traction (daN\/5 cm): 250. R\u00e9sistance au d\u00e9chirement 30. Adh\u00e9rence (daN\/cm) 2. Solidit\u00e9 lumi\u00e8re (din 53388) 7. Traitement ignifuge M-2. Montage, travaux d\u2019\u00e9lectricit\u00e9, structures suppl\u00e9mentaires et plateforme d\u2019\u00e9l\u00e9vation non inclus. OPTIONS: Rideau toile. Rideau mixte (toile + filet). Rideau filet","og_url":"https:\/\/www.lausinyvicente.com\/fr\/mobilier-de-sport\/rideaux\/rideau-separation-commande-electrique","og_site_name":"Laus\u00edn y Vicente","og_image":[{"width":720,"height":490,"url":"https:\/\/www.lausinyvicente.com\/wp-content\/uploads\/2022\/12\/M.03.01-cortina-divisoria-recogida-vertical.jpg","type":"image\/jpeg"}],"twitter_card":"summary_large_image","schema":{"@context":"https:\/\/schema.org","@graph":[{"@type":"WebPage","@id":"https:\/\/www.lausinyvicente.com\/fr\/mobilier-de-sport\/rideaux\/rideau-separation-commande-electrique","url":"https:\/\/www.lausinyvicente.com\/fr\/mobilier-de-sport\/rideaux\/rideau-separation-commande-electrique","name":"Rideau de s\u00e9paration commande \u00e9lectrique - Laus\u00edn y Vicente","isPartOf":{"@id":"https:\/\/www.lausinyvicente.com\/#website"},"primaryImageOfPage":{"@id":"https:\/\/www.lausinyvicente.com\/fr\/mobilier-de-sport\/rideaux\/rideau-separation-commande-electrique#primaryimage"},"image":{"@id":"https:\/\/www.lausinyvicente.com\/fr\/mobilier-de-sport\/rideaux\/rideau-separation-commande-electrique#primaryimage"},"thumbnailUrl":"https:\/\/www.lausinyvicente.com\/wp-content\/uploads\/2022\/12\/M.03.01-cortina-divisoria-recogida-vertical.jpg","datePublished":"2022-12-10T15:51:38+00:00","breadcrumb":{"@id":"https:\/\/www.lausinyvicente.com\/fr\/mobilier-de-sport\/rideaux\/rideau-separation-commande-electrique#breadcrumb"},"inLanguage":"fr-FR","potentialAction":[{"@type":"ReadAction","target":["https:\/\/www.lausinyvicente.com\/fr\/mobilier-de-sport\/rideaux\/rideau-separation-commande-electrique"]}]},{"@type":"ImageObject","inLanguage":"fr-FR","@id":"https:\/\/www.lausinyvicente.com\/fr\/mobilier-de-sport\/rideaux\/rideau-separation-commande-electrique#primaryimage","url":"https:\/\/www.lausinyvicente.com\/wp-content\/uploads\/2022\/12\/M.03.01-cortina-divisoria-recogida-vertical.jpg","contentUrl":"https:\/\/www.lausinyvicente.com\/wp-content\/uploads\/2022\/12\/M.03.01-cortina-divisoria-recogida-vertical.jpg","width":720,"height":490},{"@type":"BreadcrumbList","@id":"https:\/\/www.lausinyvicente.com\/fr\/mobilier-de-sport\/rideaux\/rideau-separation-commande-electrique#breadcrumb","itemListElement":[{"@type":"ListItem","position":1,"name":"Portada","item":"https:\/\/www.lausinyvicente.com\/"},{"@type":"ListItem","position":2,"name":"Boutique","item":"https:\/\/www.lausinyvicente.com\/fr\/boutique"},{"@type":"ListItem","position":3,"name":"Rideau de s\u00e9paration commande \u00e9lectrique"}]},{"@type":"WebSite","@id":"https:\/\/www.lausinyvicente.com\/#website","url":"https:\/\/www.lausinyvicente.com\/","name":"Laus\u00edn y Vicente","description":"Fabricaci\u00f3n y distribuci\u00f3n de material deportivo","potentialAction":[{"@type":"SearchAction","target":{"@type":"EntryPoint","urlTemplate":"https:\/\/www.lausinyvicente.com\/?s={search_term_string}"},"query-input":{"@type":"PropertyValueSpecification","valueRequired":true,"valueName":"search_term_string"}}],"inLanguage":"fr-FR"}]}},"_links":{"self":[{"href":"https:\/\/www.lausinyvicente.com\/fr\/wp-json\/wp\/v2\/product\/3341","targetHints":{"allow":["GET"]}}],"collection":[{"href":"https:\/\/www.lausinyvicente.com\/fr\/wp-json\/wp\/v2\/product"}],"about":[{"href":"https:\/\/www.lausinyvicente.com\/fr\/wp-json\/wp\/v2\/types\/product"}],"wp:featuredmedia":[{"embeddable":true,"href":"https:\/\/www.lausinyvicente.com\/fr\/wp-json\/wp\/v2\/media\/2952"}],"wp:attachment":[{"href":"https:\/\/www.lausinyvicente.com\/fr\/wp-json\/wp\/v2\/media?parent=3341"}],"wp:term":[{"taxonomy":"product_cat","embeddable":true,"href":"https:\/\/www.lausinyvicente.com\/fr\/wp-json\/wp\/v2\/product_cat?post=3341"},{"taxonomy":"product_tag","embeddable":true,"href":"https:\/\/www.lausinyvicente.com\/fr\/wp-json\/wp\/v2\/product_tag?post=3341"}],"curies":[{"name":"wp","href":"https:\/\/api.w.org\/{rel}","templated":true}]}}