{"id":3346,"date":"2022-12-10T15:48:13","date_gmt":"2022-12-10T15:48:13","guid":{"rendered":"https:\/\/www.lausinyvicente.com\/non class\u00e9\/filet-de-separation-rangement-lateral-manuel\/"},"modified":"2022-12-10T15:48:13","modified_gmt":"2022-12-10T15:48:13","slug":"filet-separation-rangement-lateral-manuel","status":"publish","type":"product","link":"https:\/\/www.lausinyvicente.com\/fr\/mobilier-de-sport\/rideaux\/filet-separation-rangement-lateral-manuel","title":{"rendered":"Filet de s\u00e9paration rangement lat\u00e9ral manuel"},"content":{"rendered":"","protected":false},"excerpt":{"rendered":"<p>Filet de s\u00e9paration \u00e0 commande manuelle et d\u00e9placement lat\u00e9ral. Syst\u00e8me compos\u00e9 d\u2019un guide en acier galvanis\u00e9 et de clavettes m\u00e9talliques tous les 50 cm. Env. Caract\u00e9ristiques de la toile : Support Poids AT 1.100 d. tex. Construction (h\/cm-P\/cm) 8 x 8. Poids (g\/m2): 650. PVC 2 faces. Finition laqu\u00e9e. R\u00e9sistance \u00e0 la traction (daN\/5 cm) 250. R\u00e9sistance au d\u00e9chirement (daN) 30 Adh\u00e9rence (daN\/cm) 2. Solidit\u00e9 lumi\u00e8re (din 53388) 7. Traitement ignifuge M-2. Montage, structure suppl\u00e9mentaire et plateforme d\u2019\u00e9l\u00e9vation non inclus. <\/p>\n","protected":false},"featured_media":2948,"template":"","meta":[],"product_cat":[94,106],"product_tag":[],"class_list":{"0":"post-3346","1":"product","2":"type-product","3":"status-publish","4":"has-post-thumbnail","6":"product_cat-mobilier-de-sport","7":"product_cat-rideaux","9":"first","10":"instock","11":"shipping-taxable","12":"purchasable","13":"product-type-simple"},"yoast_head":"<!-- This site is optimized with the Yoast SEO plugin v27.0 - https:\/\/yoast.com\/product\/yoast-seo-wordpress\/ -->\n<title>Filet de s\u00e9paration rangement lat\u00e9ral manuel - Laus\u00edn y Vicente<\/title>\n<meta name=\"robots\" content=\"index, follow, max-snippet:-1, max-image-preview:large, max-video-preview:-1\" \/>\n<link rel=\"canonical\" href=\"https:\/\/www.lausinyvicente.com\/fr\/mobilier-de-sport\/rideaux\/filet-separation-rangement-lateral-manuel\" \/>\n<meta property=\"og:locale\" content=\"fr_FR\" \/>\n<meta property=\"og:type\" content=\"article\" \/>\n<meta property=\"og:title\" content=\"Filet de s\u00e9paration rangement lat\u00e9ral manuel - Laus\u00edn y Vicente\" \/>\n<meta property=\"og:description\" content=\"Filet de s\u00e9paration \u00e0 commande manuelle et d\u00e9placement lat\u00e9ral. Syst\u00e8me compos\u00e9 d\u2019un guide en acier galvanis\u00e9 et de clavettes m\u00e9talliques tous les 50 cm. Env. Caract\u00e9ristiques de la toile : Support Poids AT 1.100 d. tex. Construction (h\/cm-P\/cm) 8 x 8. Poids (g\/m2): 650. PVC 2 faces. Finition laqu\u00e9e. R\u00e9sistance \u00e0 la traction (daN\/5 cm) 250. R\u00e9sistance au d\u00e9chirement (daN) 30 Adh\u00e9rence (daN\/cm) 2. Solidit\u00e9 lumi\u00e8re (din 53388) 7. Traitement ignifuge M-2. Montage, structure suppl\u00e9mentaire et plateforme d\u2019\u00e9l\u00e9vation non inclus.\" \/>\n<meta property=\"og:url\" content=\"https:\/\/www.lausinyvicente.com\/fr\/mobilier-de-sport\/rideaux\/filet-separation-rangement-lateral-manuel\" \/>\n<meta property=\"og:site_name\" content=\"Laus\u00edn y Vicente\" \/>\n<meta property=\"og:image\" content=\"https:\/\/www.lausinyvicente.com\/wp-content\/uploads\/2022\/12\/M.03.02-cortina-divisoria-recogida-lateral-manual.jpg\" \/>\n\t<meta property=\"og:image:width\" content=\"720\" \/>\n\t<meta property=\"og:image:height\" content=\"490\" \/>\n\t<meta property=\"og:image:type\" content=\"image\/jpeg\" \/>\n<meta name=\"twitter:card\" content=\"summary_large_image\" \/>\n<script type=\"application\/ld+json\" class=\"yoast-schema-graph\">{\"@context\":\"https:\/\/schema.org\",\"@graph\":[{\"@type\":\"WebPage\",\"@id\":\"https:\/\/www.lausinyvicente.com\/fr\/mobilier-de-sport\/rideaux\/filet-separation-rangement-lateral-manuel\",\"url\":\"https:\/\/www.lausinyvicente.com\/fr\/mobilier-de-sport\/rideaux\/filet-separation-rangement-lateral-manuel\",\"name\":\"Filet de s\u00e9paration rangement lat\u00e9ral manuel - Laus\u00edn y Vicente\",\"isPartOf\":{\"@id\":\"https:\/\/www.lausinyvicente.com\/#website\"},\"primaryImageOfPage\":{\"@id\":\"https:\/\/www.lausinyvicente.com\/fr\/mobilier-de-sport\/rideaux\/filet-separation-rangement-lateral-manuel#primaryimage\"},\"image\":{\"@id\":\"https:\/\/www.lausinyvicente.com\/fr\/mobilier-de-sport\/rideaux\/filet-separation-rangement-lateral-manuel#primaryimage\"},\"thumbnailUrl\":\"https:\/\/www.lausinyvicente.com\/wp-content\/uploads\/2022\/12\/M.03.02-cortina-divisoria-recogida-lateral-manual.jpg\",\"datePublished\":\"2022-12-10T15:48:13+00:00\",\"breadcrumb\":{\"@id\":\"https:\/\/www.lausinyvicente.com\/fr\/mobilier-de-sport\/rideaux\/filet-separation-rangement-lateral-manuel#breadcrumb\"},\"inLanguage\":\"fr-FR\",\"potentialAction\":[{\"@type\":\"ReadAction\",\"target\":[\"https:\/\/www.lausinyvicente.com\/fr\/mobilier-de-sport\/rideaux\/filet-separation-rangement-lateral-manuel\"]}]},{\"@type\":\"ImageObject\",\"inLanguage\":\"fr-FR\",\"@id\":\"https:\/\/www.lausinyvicente.com\/fr\/mobilier-de-sport\/rideaux\/filet-separation-rangement-lateral-manuel#primaryimage\",\"url\":\"https:\/\/www.lausinyvicente.com\/wp-content\/uploads\/2022\/12\/M.03.02-cortina-divisoria-recogida-lateral-manual.jpg\",\"contentUrl\":\"https:\/\/www.lausinyvicente.com\/wp-content\/uploads\/2022\/12\/M.03.02-cortina-divisoria-recogida-lateral-manual.jpg\",\"width\":720,\"height\":490},{\"@type\":\"BreadcrumbList\",\"@id\":\"https:\/\/www.lausinyvicente.com\/fr\/mobilier-de-sport\/rideaux\/filet-separation-rangement-lateral-manuel#breadcrumb\",\"itemListElement\":[{\"@type\":\"ListItem\",\"position\":1,\"name\":\"Portada\",\"item\":\"https:\/\/www.lausinyvicente.com\/\"},{\"@type\":\"ListItem\",\"position\":2,\"name\":\"Boutique\",\"item\":\"https:\/\/www.lausinyvicente.com\/fr\/boutique\"},{\"@type\":\"ListItem\",\"position\":3,\"name\":\"Filet de s\u00e9paration rangement lat\u00e9ral manuel\"}]},{\"@type\":\"WebSite\",\"@id\":\"https:\/\/www.lausinyvicente.com\/#website\",\"url\":\"https:\/\/www.lausinyvicente.com\/\",\"name\":\"Laus\u00edn y Vicente\",\"description\":\"Fabricaci\u00f3n y distribuci\u00f3n de material deportivo\",\"potentialAction\":[{\"@type\":\"SearchAction\",\"target\":{\"@type\":\"EntryPoint\",\"urlTemplate\":\"https:\/\/www.lausinyvicente.com\/?s={search_term_string}\"},\"query-input\":{\"@type\":\"PropertyValueSpecification\",\"valueRequired\":true,\"valueName\":\"search_term_string\"}}],\"inLanguage\":\"fr-FR\"}]}<\/script>\n<!-- \/ Yoast SEO plugin. -->","yoast_head_json":{"title":"Filet de s\u00e9paration rangement lat\u00e9ral manuel - Laus\u00edn y Vicente","robots":{"index":"index","follow":"follow","max-snippet":"max-snippet:-1","max-image-preview":"max-image-preview:large","max-video-preview":"max-video-preview:-1"},"canonical":"https:\/\/www.lausinyvicente.com\/fr\/mobilier-de-sport\/rideaux\/filet-separation-rangement-lateral-manuel","og_locale":"fr_FR","og_type":"article","og_title":"Filet de s\u00e9paration rangement lat\u00e9ral manuel - Laus\u00edn y Vicente","og_description":"Filet de s\u00e9paration \u00e0 commande manuelle et d\u00e9placement lat\u00e9ral. Syst\u00e8me compos\u00e9 d\u2019un guide en acier galvanis\u00e9 et de clavettes m\u00e9talliques tous les 50 cm. Env. Caract\u00e9ristiques de la toile : Support Poids AT 1.100 d. tex. Construction (h\/cm-P\/cm) 8 x 8. Poids (g\/m2): 650. PVC 2 faces. Finition laqu\u00e9e. R\u00e9sistance \u00e0 la traction (daN\/5 cm) 250. R\u00e9sistance au d\u00e9chirement (daN) 30 Adh\u00e9rence (daN\/cm) 2. Solidit\u00e9 lumi\u00e8re (din 53388) 7. Traitement ignifuge M-2. Montage, structure suppl\u00e9mentaire et plateforme d\u2019\u00e9l\u00e9vation non inclus.","og_url":"https:\/\/www.lausinyvicente.com\/fr\/mobilier-de-sport\/rideaux\/filet-separation-rangement-lateral-manuel","og_site_name":"Laus\u00edn y Vicente","og_image":[{"width":720,"height":490,"url":"https:\/\/www.lausinyvicente.com\/wp-content\/uploads\/2022\/12\/M.03.02-cortina-divisoria-recogida-lateral-manual.jpg","type":"image\/jpeg"}],"twitter_card":"summary_large_image","schema":{"@context":"https:\/\/schema.org","@graph":[{"@type":"WebPage","@id":"https:\/\/www.lausinyvicente.com\/fr\/mobilier-de-sport\/rideaux\/filet-separation-rangement-lateral-manuel","url":"https:\/\/www.lausinyvicente.com\/fr\/mobilier-de-sport\/rideaux\/filet-separation-rangement-lateral-manuel","name":"Filet de s\u00e9paration rangement lat\u00e9ral manuel - Laus\u00edn y Vicente","isPartOf":{"@id":"https:\/\/www.lausinyvicente.com\/#website"},"primaryImageOfPage":{"@id":"https:\/\/www.lausinyvicente.com\/fr\/mobilier-de-sport\/rideaux\/filet-separation-rangement-lateral-manuel#primaryimage"},"image":{"@id":"https:\/\/www.lausinyvicente.com\/fr\/mobilier-de-sport\/rideaux\/filet-separation-rangement-lateral-manuel#primaryimage"},"thumbnailUrl":"https:\/\/www.lausinyvicente.com\/wp-content\/uploads\/2022\/12\/M.03.02-cortina-divisoria-recogida-lateral-manual.jpg","datePublished":"2022-12-10T15:48:13+00:00","breadcrumb":{"@id":"https:\/\/www.lausinyvicente.com\/fr\/mobilier-de-sport\/rideaux\/filet-separation-rangement-lateral-manuel#breadcrumb"},"inLanguage":"fr-FR","potentialAction":[{"@type":"ReadAction","target":["https:\/\/www.lausinyvicente.com\/fr\/mobilier-de-sport\/rideaux\/filet-separation-rangement-lateral-manuel"]}]},{"@type":"ImageObject","inLanguage":"fr-FR","@id":"https:\/\/www.lausinyvicente.com\/fr\/mobilier-de-sport\/rideaux\/filet-separation-rangement-lateral-manuel#primaryimage","url":"https:\/\/www.lausinyvicente.com\/wp-content\/uploads\/2022\/12\/M.03.02-cortina-divisoria-recogida-lateral-manual.jpg","contentUrl":"https:\/\/www.lausinyvicente.com\/wp-content\/uploads\/2022\/12\/M.03.02-cortina-divisoria-recogida-lateral-manual.jpg","width":720,"height":490},{"@type":"BreadcrumbList","@id":"https:\/\/www.lausinyvicente.com\/fr\/mobilier-de-sport\/rideaux\/filet-separation-rangement-lateral-manuel#breadcrumb","itemListElement":[{"@type":"ListItem","position":1,"name":"Portada","item":"https:\/\/www.lausinyvicente.com\/"},{"@type":"ListItem","position":2,"name":"Boutique","item":"https:\/\/www.lausinyvicente.com\/fr\/boutique"},{"@type":"ListItem","position":3,"name":"Filet de s\u00e9paration rangement lat\u00e9ral manuel"}]},{"@type":"WebSite","@id":"https:\/\/www.lausinyvicente.com\/#website","url":"https:\/\/www.lausinyvicente.com\/","name":"Laus\u00edn y Vicente","description":"Fabricaci\u00f3n y distribuci\u00f3n de material deportivo","potentialAction":[{"@type":"SearchAction","target":{"@type":"EntryPoint","urlTemplate":"https:\/\/www.lausinyvicente.com\/?s={search_term_string}"},"query-input":{"@type":"PropertyValueSpecification","valueRequired":true,"valueName":"search_term_string"}}],"inLanguage":"fr-FR"}]}},"_links":{"self":[{"href":"https:\/\/www.lausinyvicente.com\/fr\/wp-json\/wp\/v2\/product\/3346","targetHints":{"allow":["GET"]}}],"collection":[{"href":"https:\/\/www.lausinyvicente.com\/fr\/wp-json\/wp\/v2\/product"}],"about":[{"href":"https:\/\/www.lausinyvicente.com\/fr\/wp-json\/wp\/v2\/types\/product"}],"wp:featuredmedia":[{"embeddable":true,"href":"https:\/\/www.lausinyvicente.com\/fr\/wp-json\/wp\/v2\/media\/2948"}],"wp:attachment":[{"href":"https:\/\/www.lausinyvicente.com\/fr\/wp-json\/wp\/v2\/media?parent=3346"}],"wp:term":[{"taxonomy":"product_cat","embeddable":true,"href":"https:\/\/www.lausinyvicente.com\/fr\/wp-json\/wp\/v2\/product_cat?post=3346"},{"taxonomy":"product_tag","embeddable":true,"href":"https:\/\/www.lausinyvicente.com\/fr\/wp-json\/wp\/v2\/product_tag?post=3346"}],"curies":[{"name":"wp","href":"https:\/\/api.w.org\/{rel}","templated":true}]}}