{"id":3382,"date":"2022-12-10T15:36:55","date_gmt":"2022-12-10T15:36:55","guid":{"rendered":"https:\/\/www.lausinyvicente.com\/non class\u00e9\/bancs-de-vestiaire-phenolique-avec-dossier\/"},"modified":"2022-12-10T15:36:55","modified_gmt":"2022-12-10T15:36:55","slug":"bancs-vestiaire-phenolique-dossier","status":"publish","type":"product","link":"https:\/\/www.lausinyvicente.com\/fr\/mobilier-de-sport\/bancs-de-vestiaire\/bancs-vestiaire-phenolique-dossier","title":{"rendered":"Bancs de vestiaire ph\u00e9nolique avec dossier"},"content":{"rendered":"","protected":false},"excerpt":{"rendered":"<p>Banc de vestiaire simple fabriqu\u00e9 en panneau ph\u00e9nolique compact de 12 mm d\u2019\u00e9paisseur, selon les normes ISO 9001, \u00e0 base de r\u00e9sines thermodurcissables, renforc\u00e9es de mani\u00e8re homog\u00e8ne par des fibres de cellulose et fabriqu\u00e9es \u00e0 haute temp\u00e9rature et pression au moyen de techniques sp\u00e9ciales pour obtenir une surface de panneaux teint\u00e9e dans la masse. Assise compos\u00e9e d\u2019une lame de 360 mm de large. Tablette pour chaussures et dossier compos\u00e9s de lames de 160 mm. Structure en acier de 40 x 40 x 2 mm laqu\u00e9e en blanc \u00e0 l\u2019\u00e9poxy au four ou en acier inoxydable selon les r\u00e9f\u00e9rences.   <\/p>\n","protected":false},"featured_media":2942,"template":"","meta":[],"product_cat":[108,94],"product_tag":[],"class_list":{"0":"post-3382","1":"product","2":"type-product","3":"status-publish","4":"has-post-thumbnail","6":"product_cat-bancs-de-vestiaire","7":"product_cat-mobilier-de-sport","9":"first","10":"instock","11":"shipping-taxable","12":"purchasable","13":"product-type-variable"},"yoast_head":"<!-- This site is optimized with the Yoast SEO plugin v27.0 - https:\/\/yoast.com\/product\/yoast-seo-wordpress\/ -->\n<title>Bancs de vestiaire ph\u00e9nolique avec dossier - Laus\u00edn y Vicente<\/title>\n<meta name=\"robots\" content=\"index, follow, max-snippet:-1, max-image-preview:large, max-video-preview:-1\" \/>\n<link rel=\"canonical\" href=\"https:\/\/www.lausinyvicente.com\/fr\/mobilier-de-sport\/bancs-de-vestiaire\/bancs-vestiaire-phenolique-dossier\" \/>\n<meta property=\"og:locale\" content=\"fr_FR\" \/>\n<meta property=\"og:type\" content=\"article\" \/>\n<meta property=\"og:title\" content=\"Bancs de vestiaire ph\u00e9nolique avec dossier - Laus\u00edn y Vicente\" \/>\n<meta property=\"og:description\" content=\"Banc de vestiaire simple fabriqu\u00e9 en panneau ph\u00e9nolique compact de 12 mm d\u2019\u00e9paisseur, selon les normes ISO 9001, \u00e0 base de r\u00e9sines thermodurcissables, renforc\u00e9es de mani\u00e8re homog\u00e8ne par des fibres de cellulose et fabriqu\u00e9es \u00e0 haute temp\u00e9rature et pression au moyen de techniques sp\u00e9ciales pour obtenir une surface de panneaux teint\u00e9e dans la masse. Assise compos\u00e9e d\u2019une lame de 360 mm de large. Tablette pour chaussures et dossier compos\u00e9s de lames de 160 mm. Structure en acier de 40 x 40 x 2 mm laqu\u00e9e en blanc \u00e0 l\u2019\u00e9poxy au four ou en acier inoxydable selon les r\u00e9f\u00e9rences.\" \/>\n<meta property=\"og:url\" content=\"https:\/\/www.lausinyvicente.com\/fr\/mobilier-de-sport\/bancs-de-vestiaire\/bancs-vestiaire-phenolique-dossier\" \/>\n<meta property=\"og:site_name\" content=\"Laus\u00edn y Vicente\" \/>\n<meta property=\"og:image\" content=\"https:\/\/www.lausinyvicente.com\/wp-content\/uploads\/2022\/12\/M.09.792_Banco-vestuario-fenolico-con-respaldo.jpg\" \/>\n\t<meta property=\"og:image:width\" content=\"720\" \/>\n\t<meta property=\"og:image:height\" content=\"490\" \/>\n\t<meta property=\"og:image:type\" content=\"image\/jpeg\" \/>\n<meta name=\"twitter:card\" content=\"summary_large_image\" \/>\n<script type=\"application\/ld+json\" class=\"yoast-schema-graph\">{\"@context\":\"https:\/\/schema.org\",\"@graph\":[{\"@type\":\"WebPage\",\"@id\":\"https:\/\/www.lausinyvicente.com\/fr\/mobilier-de-sport\/bancs-de-vestiaire\/bancs-vestiaire-phenolique-dossier\",\"url\":\"https:\/\/www.lausinyvicente.com\/fr\/mobilier-de-sport\/bancs-de-vestiaire\/bancs-vestiaire-phenolique-dossier\",\"name\":\"Bancs de vestiaire ph\u00e9nolique avec dossier - Laus\u00edn y Vicente\",\"isPartOf\":{\"@id\":\"https:\/\/www.lausinyvicente.com\/#website\"},\"primaryImageOfPage\":{\"@id\":\"https:\/\/www.lausinyvicente.com\/fr\/mobilier-de-sport\/bancs-de-vestiaire\/bancs-vestiaire-phenolique-dossier#primaryimage\"},\"image\":{\"@id\":\"https:\/\/www.lausinyvicente.com\/fr\/mobilier-de-sport\/bancs-de-vestiaire\/bancs-vestiaire-phenolique-dossier#primaryimage\"},\"thumbnailUrl\":\"https:\/\/www.lausinyvicente.com\/wp-content\/uploads\/2022\/12\/M.09.792_Banco-vestuario-fenolico-con-respaldo.jpg\",\"datePublished\":\"2022-12-10T15:36:55+00:00\",\"breadcrumb\":{\"@id\":\"https:\/\/www.lausinyvicente.com\/fr\/mobilier-de-sport\/bancs-de-vestiaire\/bancs-vestiaire-phenolique-dossier#breadcrumb\"},\"inLanguage\":\"fr-FR\",\"potentialAction\":[{\"@type\":\"ReadAction\",\"target\":[\"https:\/\/www.lausinyvicente.com\/fr\/mobilier-de-sport\/bancs-de-vestiaire\/bancs-vestiaire-phenolique-dossier\"]}]},{\"@type\":\"ImageObject\",\"inLanguage\":\"fr-FR\",\"@id\":\"https:\/\/www.lausinyvicente.com\/fr\/mobilier-de-sport\/bancs-de-vestiaire\/bancs-vestiaire-phenolique-dossier#primaryimage\",\"url\":\"https:\/\/www.lausinyvicente.com\/wp-content\/uploads\/2022\/12\/M.09.792_Banco-vestuario-fenolico-con-respaldo.jpg\",\"contentUrl\":\"https:\/\/www.lausinyvicente.com\/wp-content\/uploads\/2022\/12\/M.09.792_Banco-vestuario-fenolico-con-respaldo.jpg\",\"width\":720,\"height\":490},{\"@type\":\"BreadcrumbList\",\"@id\":\"https:\/\/www.lausinyvicente.com\/fr\/mobilier-de-sport\/bancs-de-vestiaire\/bancs-vestiaire-phenolique-dossier#breadcrumb\",\"itemListElement\":[{\"@type\":\"ListItem\",\"position\":1,\"name\":\"Portada\",\"item\":\"https:\/\/www.lausinyvicente.com\/\"},{\"@type\":\"ListItem\",\"position\":2,\"name\":\"Boutique\",\"item\":\"https:\/\/www.lausinyvicente.com\/fr\/boutique\"},{\"@type\":\"ListItem\",\"position\":3,\"name\":\"Bancs de vestiaire ph\u00e9nolique avec dossier\"}]},{\"@type\":\"WebSite\",\"@id\":\"https:\/\/www.lausinyvicente.com\/#website\",\"url\":\"https:\/\/www.lausinyvicente.com\/\",\"name\":\"Laus\u00edn y Vicente\",\"description\":\"Fabricaci\u00f3n y distribuci\u00f3n de material deportivo\",\"potentialAction\":[{\"@type\":\"SearchAction\",\"target\":{\"@type\":\"EntryPoint\",\"urlTemplate\":\"https:\/\/www.lausinyvicente.com\/?s={search_term_string}\"},\"query-input\":{\"@type\":\"PropertyValueSpecification\",\"valueRequired\":true,\"valueName\":\"search_term_string\"}}],\"inLanguage\":\"fr-FR\"}]}<\/script>\n<!-- \/ Yoast SEO plugin. -->","yoast_head_json":{"title":"Bancs de vestiaire ph\u00e9nolique avec dossier - Laus\u00edn y Vicente","robots":{"index":"index","follow":"follow","max-snippet":"max-snippet:-1","max-image-preview":"max-image-preview:large","max-video-preview":"max-video-preview:-1"},"canonical":"https:\/\/www.lausinyvicente.com\/fr\/mobilier-de-sport\/bancs-de-vestiaire\/bancs-vestiaire-phenolique-dossier","og_locale":"fr_FR","og_type":"article","og_title":"Bancs de vestiaire ph\u00e9nolique avec dossier - Laus\u00edn y Vicente","og_description":"Banc de vestiaire simple fabriqu\u00e9 en panneau ph\u00e9nolique compact de 12 mm d\u2019\u00e9paisseur, selon les normes ISO 9001, \u00e0 base de r\u00e9sines thermodurcissables, renforc\u00e9es de mani\u00e8re homog\u00e8ne par des fibres de cellulose et fabriqu\u00e9es \u00e0 haute temp\u00e9rature et pression au moyen de techniques sp\u00e9ciales pour obtenir une surface de panneaux teint\u00e9e dans la masse. Assise compos\u00e9e d\u2019une lame de 360 mm de large. Tablette pour chaussures et dossier compos\u00e9s de lames de 160 mm. Structure en acier de 40 x 40 x 2 mm laqu\u00e9e en blanc \u00e0 l\u2019\u00e9poxy au four ou en acier inoxydable selon les r\u00e9f\u00e9rences.","og_url":"https:\/\/www.lausinyvicente.com\/fr\/mobilier-de-sport\/bancs-de-vestiaire\/bancs-vestiaire-phenolique-dossier","og_site_name":"Laus\u00edn y Vicente","og_image":[{"width":720,"height":490,"url":"https:\/\/www.lausinyvicente.com\/wp-content\/uploads\/2022\/12\/M.09.792_Banco-vestuario-fenolico-con-respaldo.jpg","type":"image\/jpeg"}],"twitter_card":"summary_large_image","schema":{"@context":"https:\/\/schema.org","@graph":[{"@type":"WebPage","@id":"https:\/\/www.lausinyvicente.com\/fr\/mobilier-de-sport\/bancs-de-vestiaire\/bancs-vestiaire-phenolique-dossier","url":"https:\/\/www.lausinyvicente.com\/fr\/mobilier-de-sport\/bancs-de-vestiaire\/bancs-vestiaire-phenolique-dossier","name":"Bancs de vestiaire ph\u00e9nolique avec dossier - Laus\u00edn y Vicente","isPartOf":{"@id":"https:\/\/www.lausinyvicente.com\/#website"},"primaryImageOfPage":{"@id":"https:\/\/www.lausinyvicente.com\/fr\/mobilier-de-sport\/bancs-de-vestiaire\/bancs-vestiaire-phenolique-dossier#primaryimage"},"image":{"@id":"https:\/\/www.lausinyvicente.com\/fr\/mobilier-de-sport\/bancs-de-vestiaire\/bancs-vestiaire-phenolique-dossier#primaryimage"},"thumbnailUrl":"https:\/\/www.lausinyvicente.com\/wp-content\/uploads\/2022\/12\/M.09.792_Banco-vestuario-fenolico-con-respaldo.jpg","datePublished":"2022-12-10T15:36:55+00:00","breadcrumb":{"@id":"https:\/\/www.lausinyvicente.com\/fr\/mobilier-de-sport\/bancs-de-vestiaire\/bancs-vestiaire-phenolique-dossier#breadcrumb"},"inLanguage":"fr-FR","potentialAction":[{"@type":"ReadAction","target":["https:\/\/www.lausinyvicente.com\/fr\/mobilier-de-sport\/bancs-de-vestiaire\/bancs-vestiaire-phenolique-dossier"]}]},{"@type":"ImageObject","inLanguage":"fr-FR","@id":"https:\/\/www.lausinyvicente.com\/fr\/mobilier-de-sport\/bancs-de-vestiaire\/bancs-vestiaire-phenolique-dossier#primaryimage","url":"https:\/\/www.lausinyvicente.com\/wp-content\/uploads\/2022\/12\/M.09.792_Banco-vestuario-fenolico-con-respaldo.jpg","contentUrl":"https:\/\/www.lausinyvicente.com\/wp-content\/uploads\/2022\/12\/M.09.792_Banco-vestuario-fenolico-con-respaldo.jpg","width":720,"height":490},{"@type":"BreadcrumbList","@id":"https:\/\/www.lausinyvicente.com\/fr\/mobilier-de-sport\/bancs-de-vestiaire\/bancs-vestiaire-phenolique-dossier#breadcrumb","itemListElement":[{"@type":"ListItem","position":1,"name":"Portada","item":"https:\/\/www.lausinyvicente.com\/"},{"@type":"ListItem","position":2,"name":"Boutique","item":"https:\/\/www.lausinyvicente.com\/fr\/boutique"},{"@type":"ListItem","position":3,"name":"Bancs de vestiaire ph\u00e9nolique avec dossier"}]},{"@type":"WebSite","@id":"https:\/\/www.lausinyvicente.com\/#website","url":"https:\/\/www.lausinyvicente.com\/","name":"Laus\u00edn y Vicente","description":"Fabricaci\u00f3n y distribuci\u00f3n de material deportivo","potentialAction":[{"@type":"SearchAction","target":{"@type":"EntryPoint","urlTemplate":"https:\/\/www.lausinyvicente.com\/?s={search_term_string}"},"query-input":{"@type":"PropertyValueSpecification","valueRequired":true,"valueName":"search_term_string"}}],"inLanguage":"fr-FR"}]}},"_links":{"self":[{"href":"https:\/\/www.lausinyvicente.com\/fr\/wp-json\/wp\/v2\/product\/3382","targetHints":{"allow":["GET"]}}],"collection":[{"href":"https:\/\/www.lausinyvicente.com\/fr\/wp-json\/wp\/v2\/product"}],"about":[{"href":"https:\/\/www.lausinyvicente.com\/fr\/wp-json\/wp\/v2\/types\/product"}],"wp:featuredmedia":[{"embeddable":true,"href":"https:\/\/www.lausinyvicente.com\/fr\/wp-json\/wp\/v2\/media\/2942"}],"wp:attachment":[{"href":"https:\/\/www.lausinyvicente.com\/fr\/wp-json\/wp\/v2\/media?parent=3382"}],"wp:term":[{"taxonomy":"product_cat","embeddable":true,"href":"https:\/\/www.lausinyvicente.com\/fr\/wp-json\/wp\/v2\/product_cat?post=3382"},{"taxonomy":"product_tag","embeddable":true,"href":"https:\/\/www.lausinyvicente.com\/fr\/wp-json\/wp\/v2\/product_tag?post=3382"}],"curies":[{"name":"wp","href":"https:\/\/api.w.org\/{rel}","templated":true}]}}