{"id":3394,"date":"2022-12-10T15:31:35","date_gmt":"2022-12-10T15:31:35","guid":{"rendered":"https:\/\/www.lausinyvicente.com\/non class\u00e9\/bancs-de-vestiaire-avec-dossier\/"},"modified":"2022-12-10T15:31:35","modified_gmt":"2022-12-10T15:31:35","slug":"bancs-vestiaire-dossier","status":"publish","type":"product","link":"https:\/\/www.lausinyvicente.com\/fr\/mobilier-de-sport\/bancs-de-vestiaire\/bancs-vestiaire-dossier","title":{"rendered":"Bancs de vestiaire avec dossier"},"content":{"rendered":"","protected":false},"excerpt":{"rendered":"<p>Structure m\u00e9tallique en tube en acier de 40 x 40 x 2 mm peinte en blanc \u00e0 la peinture \u00e9poxy s\u00e9ch\u00e9 au four. Assise en bois de pin de qualit\u00e9 sup\u00e9rieure compos\u00e9e de quatre lattes de 80 mm de large par 25 mm d\u2019\u00e9paisseur, une traverse et un dossier de 140 mm de large par 25 mm d\u2019\u00e9paisseur. Toutes les parties en bois sont vernies, avec les bords arrondis. Longueur: selon les sp\u00e9cifications du client. Largeur : 0,40 m \/ Hauteur dossier compris: 0,80 m. Prix au m\u00e8tre lin\u00e9aire.      <\/p>\n","protected":false},"featured_media":2938,"template":"","meta":[],"product_cat":[108,94],"product_tag":[],"class_list":{"0":"post-3394","1":"product","2":"type-product","3":"status-publish","4":"has-post-thumbnail","6":"product_cat-bancs-de-vestiaire","7":"product_cat-mobilier-de-sport","9":"first","10":"instock","11":"shipping-taxable","12":"purchasable","13":"product-type-variable"},"yoast_head":"<!-- This site is optimized with the Yoast SEO plugin v27.0 - https:\/\/yoast.com\/product\/yoast-seo-wordpress\/ -->\n<title>Bancs de vestiaire avec dossier - Laus\u00edn y Vicente<\/title>\n<meta name=\"robots\" content=\"index, follow, max-snippet:-1, max-image-preview:large, max-video-preview:-1\" \/>\n<link rel=\"canonical\" href=\"https:\/\/www.lausinyvicente.com\/fr\/mobilier-de-sport\/bancs-de-vestiaire\/bancs-vestiaire-dossier\" \/>\n<meta property=\"og:locale\" content=\"fr_FR\" \/>\n<meta property=\"og:type\" content=\"article\" \/>\n<meta property=\"og:title\" content=\"Bancs de vestiaire avec dossier - Laus\u00edn y Vicente\" \/>\n<meta property=\"og:description\" content=\"Structure m\u00e9tallique en tube en acier de 40 x 40 x 2 mm peinte en blanc \u00e0 la peinture \u00e9poxy s\u00e9ch\u00e9 au four. Assise en bois de pin de qualit\u00e9 sup\u00e9rieure compos\u00e9e de quatre lattes de 80 mm de large par 25 mm d\u2019\u00e9paisseur, une traverse et un dossier de 140 mm de large par 25 mm d\u2019\u00e9paisseur. Toutes les parties en bois sont vernies, avec les bords arrondis. Longueur: selon les sp\u00e9cifications du client. Largeur : 0,40 m \/ Hauteur dossier compris: 0,80 m. Prix au m\u00e8tre lin\u00e9aire.\" \/>\n<meta property=\"og:url\" content=\"https:\/\/www.lausinyvicente.com\/fr\/mobilier-de-sport\/bancs-de-vestiaire\/bancs-vestiaire-dossier\" \/>\n<meta property=\"og:site_name\" content=\"Laus\u00edn y Vicente\" \/>\n<meta property=\"og:image\" content=\"https:\/\/www.lausinyvicente.com\/wp-content\/uploads\/2022\/12\/M.00.02_Banco-vestuario-sencillo-con-respaldo.jpg\" \/>\n\t<meta property=\"og:image:width\" content=\"720\" \/>\n\t<meta property=\"og:image:height\" content=\"490\" \/>\n\t<meta property=\"og:image:type\" content=\"image\/jpeg\" \/>\n<meta name=\"twitter:card\" content=\"summary_large_image\" \/>\n<script type=\"application\/ld+json\" class=\"yoast-schema-graph\">{\"@context\":\"https:\/\/schema.org\",\"@graph\":[{\"@type\":\"WebPage\",\"@id\":\"https:\/\/www.lausinyvicente.com\/fr\/mobilier-de-sport\/bancs-de-vestiaire\/bancs-vestiaire-dossier\",\"url\":\"https:\/\/www.lausinyvicente.com\/fr\/mobilier-de-sport\/bancs-de-vestiaire\/bancs-vestiaire-dossier\",\"name\":\"Bancs de vestiaire avec dossier - Laus\u00edn y Vicente\",\"isPartOf\":{\"@id\":\"https:\/\/www.lausinyvicente.com\/#website\"},\"primaryImageOfPage\":{\"@id\":\"https:\/\/www.lausinyvicente.com\/fr\/mobilier-de-sport\/bancs-de-vestiaire\/bancs-vestiaire-dossier#primaryimage\"},\"image\":{\"@id\":\"https:\/\/www.lausinyvicente.com\/fr\/mobilier-de-sport\/bancs-de-vestiaire\/bancs-vestiaire-dossier#primaryimage\"},\"thumbnailUrl\":\"https:\/\/www.lausinyvicente.com\/wp-content\/uploads\/2022\/12\/M.00.02_Banco-vestuario-sencillo-con-respaldo.jpg\",\"datePublished\":\"2022-12-10T15:31:35+00:00\",\"breadcrumb\":{\"@id\":\"https:\/\/www.lausinyvicente.com\/fr\/mobilier-de-sport\/bancs-de-vestiaire\/bancs-vestiaire-dossier#breadcrumb\"},\"inLanguage\":\"fr-FR\",\"potentialAction\":[{\"@type\":\"ReadAction\",\"target\":[\"https:\/\/www.lausinyvicente.com\/fr\/mobilier-de-sport\/bancs-de-vestiaire\/bancs-vestiaire-dossier\"]}]},{\"@type\":\"ImageObject\",\"inLanguage\":\"fr-FR\",\"@id\":\"https:\/\/www.lausinyvicente.com\/fr\/mobilier-de-sport\/bancs-de-vestiaire\/bancs-vestiaire-dossier#primaryimage\",\"url\":\"https:\/\/www.lausinyvicente.com\/wp-content\/uploads\/2022\/12\/M.00.02_Banco-vestuario-sencillo-con-respaldo.jpg\",\"contentUrl\":\"https:\/\/www.lausinyvicente.com\/wp-content\/uploads\/2022\/12\/M.00.02_Banco-vestuario-sencillo-con-respaldo.jpg\",\"width\":720,\"height\":490},{\"@type\":\"BreadcrumbList\",\"@id\":\"https:\/\/www.lausinyvicente.com\/fr\/mobilier-de-sport\/bancs-de-vestiaire\/bancs-vestiaire-dossier#breadcrumb\",\"itemListElement\":[{\"@type\":\"ListItem\",\"position\":1,\"name\":\"Portada\",\"item\":\"https:\/\/www.lausinyvicente.com\/\"},{\"@type\":\"ListItem\",\"position\":2,\"name\":\"Boutique\",\"item\":\"https:\/\/www.lausinyvicente.com\/fr\/boutique\"},{\"@type\":\"ListItem\",\"position\":3,\"name\":\"Bancs de vestiaire avec dossier\"}]},{\"@type\":\"WebSite\",\"@id\":\"https:\/\/www.lausinyvicente.com\/#website\",\"url\":\"https:\/\/www.lausinyvicente.com\/\",\"name\":\"Laus\u00edn y Vicente\",\"description\":\"Fabricaci\u00f3n y distribuci\u00f3n de material deportivo\",\"potentialAction\":[{\"@type\":\"SearchAction\",\"target\":{\"@type\":\"EntryPoint\",\"urlTemplate\":\"https:\/\/www.lausinyvicente.com\/?s={search_term_string}\"},\"query-input\":{\"@type\":\"PropertyValueSpecification\",\"valueRequired\":true,\"valueName\":\"search_term_string\"}}],\"inLanguage\":\"fr-FR\"}]}<\/script>\n<!-- \/ Yoast SEO plugin. -->","yoast_head_json":{"title":"Bancs de vestiaire avec dossier - Laus\u00edn y Vicente","robots":{"index":"index","follow":"follow","max-snippet":"max-snippet:-1","max-image-preview":"max-image-preview:large","max-video-preview":"max-video-preview:-1"},"canonical":"https:\/\/www.lausinyvicente.com\/fr\/mobilier-de-sport\/bancs-de-vestiaire\/bancs-vestiaire-dossier","og_locale":"fr_FR","og_type":"article","og_title":"Bancs de vestiaire avec dossier - Laus\u00edn y Vicente","og_description":"Structure m\u00e9tallique en tube en acier de 40 x 40 x 2 mm peinte en blanc \u00e0 la peinture \u00e9poxy s\u00e9ch\u00e9 au four. Assise en bois de pin de qualit\u00e9 sup\u00e9rieure compos\u00e9e de quatre lattes de 80 mm de large par 25 mm d\u2019\u00e9paisseur, une traverse et un dossier de 140 mm de large par 25 mm d\u2019\u00e9paisseur. Toutes les parties en bois sont vernies, avec les bords arrondis. Longueur: selon les sp\u00e9cifications du client. Largeur : 0,40 m \/ Hauteur dossier compris: 0,80 m. Prix au m\u00e8tre lin\u00e9aire.","og_url":"https:\/\/www.lausinyvicente.com\/fr\/mobilier-de-sport\/bancs-de-vestiaire\/bancs-vestiaire-dossier","og_site_name":"Laus\u00edn y Vicente","og_image":[{"width":720,"height":490,"url":"https:\/\/www.lausinyvicente.com\/wp-content\/uploads\/2022\/12\/M.00.02_Banco-vestuario-sencillo-con-respaldo.jpg","type":"image\/jpeg"}],"twitter_card":"summary_large_image","schema":{"@context":"https:\/\/schema.org","@graph":[{"@type":"WebPage","@id":"https:\/\/www.lausinyvicente.com\/fr\/mobilier-de-sport\/bancs-de-vestiaire\/bancs-vestiaire-dossier","url":"https:\/\/www.lausinyvicente.com\/fr\/mobilier-de-sport\/bancs-de-vestiaire\/bancs-vestiaire-dossier","name":"Bancs de vestiaire avec dossier - Laus\u00edn y Vicente","isPartOf":{"@id":"https:\/\/www.lausinyvicente.com\/#website"},"primaryImageOfPage":{"@id":"https:\/\/www.lausinyvicente.com\/fr\/mobilier-de-sport\/bancs-de-vestiaire\/bancs-vestiaire-dossier#primaryimage"},"image":{"@id":"https:\/\/www.lausinyvicente.com\/fr\/mobilier-de-sport\/bancs-de-vestiaire\/bancs-vestiaire-dossier#primaryimage"},"thumbnailUrl":"https:\/\/www.lausinyvicente.com\/wp-content\/uploads\/2022\/12\/M.00.02_Banco-vestuario-sencillo-con-respaldo.jpg","datePublished":"2022-12-10T15:31:35+00:00","breadcrumb":{"@id":"https:\/\/www.lausinyvicente.com\/fr\/mobilier-de-sport\/bancs-de-vestiaire\/bancs-vestiaire-dossier#breadcrumb"},"inLanguage":"fr-FR","potentialAction":[{"@type":"ReadAction","target":["https:\/\/www.lausinyvicente.com\/fr\/mobilier-de-sport\/bancs-de-vestiaire\/bancs-vestiaire-dossier"]}]},{"@type":"ImageObject","inLanguage":"fr-FR","@id":"https:\/\/www.lausinyvicente.com\/fr\/mobilier-de-sport\/bancs-de-vestiaire\/bancs-vestiaire-dossier#primaryimage","url":"https:\/\/www.lausinyvicente.com\/wp-content\/uploads\/2022\/12\/M.00.02_Banco-vestuario-sencillo-con-respaldo.jpg","contentUrl":"https:\/\/www.lausinyvicente.com\/wp-content\/uploads\/2022\/12\/M.00.02_Banco-vestuario-sencillo-con-respaldo.jpg","width":720,"height":490},{"@type":"BreadcrumbList","@id":"https:\/\/www.lausinyvicente.com\/fr\/mobilier-de-sport\/bancs-de-vestiaire\/bancs-vestiaire-dossier#breadcrumb","itemListElement":[{"@type":"ListItem","position":1,"name":"Portada","item":"https:\/\/www.lausinyvicente.com\/"},{"@type":"ListItem","position":2,"name":"Boutique","item":"https:\/\/www.lausinyvicente.com\/fr\/boutique"},{"@type":"ListItem","position":3,"name":"Bancs de vestiaire avec dossier"}]},{"@type":"WebSite","@id":"https:\/\/www.lausinyvicente.com\/#website","url":"https:\/\/www.lausinyvicente.com\/","name":"Laus\u00edn y Vicente","description":"Fabricaci\u00f3n y distribuci\u00f3n de material deportivo","potentialAction":[{"@type":"SearchAction","target":{"@type":"EntryPoint","urlTemplate":"https:\/\/www.lausinyvicente.com\/?s={search_term_string}"},"query-input":{"@type":"PropertyValueSpecification","valueRequired":true,"valueName":"search_term_string"}}],"inLanguage":"fr-FR"}]}},"_links":{"self":[{"href":"https:\/\/www.lausinyvicente.com\/fr\/wp-json\/wp\/v2\/product\/3394","targetHints":{"allow":["GET"]}}],"collection":[{"href":"https:\/\/www.lausinyvicente.com\/fr\/wp-json\/wp\/v2\/product"}],"about":[{"href":"https:\/\/www.lausinyvicente.com\/fr\/wp-json\/wp\/v2\/types\/product"}],"wp:featuredmedia":[{"embeddable":true,"href":"https:\/\/www.lausinyvicente.com\/fr\/wp-json\/wp\/v2\/media\/2938"}],"wp:attachment":[{"href":"https:\/\/www.lausinyvicente.com\/fr\/wp-json\/wp\/v2\/media?parent=3394"}],"wp:term":[{"taxonomy":"product_cat","embeddable":true,"href":"https:\/\/www.lausinyvicente.com\/fr\/wp-json\/wp\/v2\/product_cat?post=3394"},{"taxonomy":"product_tag","embeddable":true,"href":"https:\/\/www.lausinyvicente.com\/fr\/wp-json\/wp\/v2\/product_tag?post=3394"}],"curies":[{"name":"wp","href":"https:\/\/api.w.org\/{rel}","templated":true}]}}