{"id":3554,"date":"2022-12-10T13:51:44","date_gmt":"2022-12-10T13:51:44","guid":{"rendered":"https:\/\/www.lausinyvicente.com\/non class\u00e9\/plinth-pyramidal\/"},"modified":"2022-12-10T13:51:44","modified_gmt":"2022-12-10T13:51:44","slug":"plinth-pyramidal","status":"publish","type":"product","link":"https:\/\/www.lausinyvicente.com\/fr\/equipement-gymnastique\/plinths\/plinth-pyramidal","title":{"rendered":"Plinth pyramidal"},"content":{"rendered":"","protected":false},"excerpt":{"rendered":"<p>L\u2019avant et les lat\u00e9raux sont fabriqu\u00e9s en contreplaqu\u00e9 de pin verni. Coins en bois de h\u00eatre verni. Renforc\u00e9 int\u00e9rieurement par des traverses m\u00e9talliques peintes au four. Dessus tapiss\u00e9 en cuir naturel ou synth\u00e9tique sur mousse densit\u00e9 D-200. Dimensions du dessus: 1500 x 400 mm pour les mod\u00e8les senior, 1260 x 320 mm pour les mod\u00e8les Junior et 1000 x 260 mm pour le mod\u00e8le enfants. Ouvertures sur chaque c\u00f4t\u00e9 pour le transport des divers caissons.     <\/p>\n","protected":false},"featured_media":2878,"template":"","meta":[],"product_cat":[111,116],"product_tag":[],"class_list":{"0":"post-3554","1":"product","2":"type-product","3":"status-publish","4":"has-post-thumbnail","6":"product_cat-equipement-gymnastique","7":"product_cat-plinths","9":"first","10":"instock","11":"shipping-taxable","12":"purchasable","13":"product-type-variable"},"yoast_head":"<!-- This site is optimized with the Yoast SEO plugin v27.0 - https:\/\/yoast.com\/product\/yoast-seo-wordpress\/ -->\n<title>Plinth pyramidal - Laus\u00edn y Vicente<\/title>\n<meta name=\"robots\" content=\"index, follow, max-snippet:-1, max-image-preview:large, max-video-preview:-1\" \/>\n<link rel=\"canonical\" href=\"https:\/\/www.lausinyvicente.com\/fr\/equipement-gymnastique\/plinths\/plinth-pyramidal\" \/>\n<meta property=\"og:locale\" content=\"fr_FR\" \/>\n<meta property=\"og:type\" content=\"article\" \/>\n<meta property=\"og:title\" content=\"Plinth pyramidal - Laus\u00edn y Vicente\" \/>\n<meta property=\"og:description\" content=\"L\u2019avant et les lat\u00e9raux sont fabriqu\u00e9s en contreplaqu\u00e9 de pin verni. Coins en bois de h\u00eatre verni. Renforc\u00e9 int\u00e9rieurement par des traverses m\u00e9talliques peintes au four. Dessus tapiss\u00e9 en cuir naturel ou synth\u00e9tique sur mousse densit\u00e9 D-200. Dimensions du dessus: 1500 x 400 mm pour les mod\u00e8les senior, 1260 x 320 mm pour les mod\u00e8les Junior et 1000 x 260 mm pour le mod\u00e8le enfants. Ouvertures sur chaque c\u00f4t\u00e9 pour le transport des divers caissons.\" \/>\n<meta property=\"og:url\" content=\"https:\/\/www.lausinyvicente.com\/fr\/equipement-gymnastique\/plinths\/plinth-pyramidal\" \/>\n<meta property=\"og:site_name\" content=\"Laus\u00edn y Vicente\" \/>\n<meta property=\"og:image\" content=\"https:\/\/www.lausinyvicente.com\/wp-content\/uploads\/2022\/12\/G.19.02-plinto-piramidal.jpg\" \/>\n\t<meta property=\"og:image:width\" content=\"720\" \/>\n\t<meta property=\"og:image:height\" content=\"490\" \/>\n\t<meta property=\"og:image:type\" content=\"image\/jpeg\" \/>\n<meta name=\"twitter:card\" content=\"summary_large_image\" \/>\n<script type=\"application\/ld+json\" class=\"yoast-schema-graph\">{\"@context\":\"https:\/\/schema.org\",\"@graph\":[{\"@type\":\"WebPage\",\"@id\":\"https:\/\/www.lausinyvicente.com\/fr\/equipement-gymnastique\/plinths\/plinth-pyramidal\",\"url\":\"https:\/\/www.lausinyvicente.com\/fr\/equipement-gymnastique\/plinths\/plinth-pyramidal\",\"name\":\"Plinth pyramidal - Laus\u00edn y Vicente\",\"isPartOf\":{\"@id\":\"https:\/\/www.lausinyvicente.com\/#website\"},\"primaryImageOfPage\":{\"@id\":\"https:\/\/www.lausinyvicente.com\/fr\/equipement-gymnastique\/plinths\/plinth-pyramidal#primaryimage\"},\"image\":{\"@id\":\"https:\/\/www.lausinyvicente.com\/fr\/equipement-gymnastique\/plinths\/plinth-pyramidal#primaryimage\"},\"thumbnailUrl\":\"https:\/\/www.lausinyvicente.com\/wp-content\/uploads\/2022\/12\/G.19.02-plinto-piramidal.jpg\",\"datePublished\":\"2022-12-10T13:51:44+00:00\",\"breadcrumb\":{\"@id\":\"https:\/\/www.lausinyvicente.com\/fr\/equipement-gymnastique\/plinths\/plinth-pyramidal#breadcrumb\"},\"inLanguage\":\"fr-FR\",\"potentialAction\":[{\"@type\":\"ReadAction\",\"target\":[\"https:\/\/www.lausinyvicente.com\/fr\/equipement-gymnastique\/plinths\/plinth-pyramidal\"]}]},{\"@type\":\"ImageObject\",\"inLanguage\":\"fr-FR\",\"@id\":\"https:\/\/www.lausinyvicente.com\/fr\/equipement-gymnastique\/plinths\/plinth-pyramidal#primaryimage\",\"url\":\"https:\/\/www.lausinyvicente.com\/wp-content\/uploads\/2022\/12\/G.19.02-plinto-piramidal.jpg\",\"contentUrl\":\"https:\/\/www.lausinyvicente.com\/wp-content\/uploads\/2022\/12\/G.19.02-plinto-piramidal.jpg\",\"width\":720,\"height\":490},{\"@type\":\"BreadcrumbList\",\"@id\":\"https:\/\/www.lausinyvicente.com\/fr\/equipement-gymnastique\/plinths\/plinth-pyramidal#breadcrumb\",\"itemListElement\":[{\"@type\":\"ListItem\",\"position\":1,\"name\":\"Portada\",\"item\":\"https:\/\/www.lausinyvicente.com\/\"},{\"@type\":\"ListItem\",\"position\":2,\"name\":\"Boutique\",\"item\":\"https:\/\/www.lausinyvicente.com\/fr\/boutique\"},{\"@type\":\"ListItem\",\"position\":3,\"name\":\"Plinth pyramidal\"}]},{\"@type\":\"WebSite\",\"@id\":\"https:\/\/www.lausinyvicente.com\/#website\",\"url\":\"https:\/\/www.lausinyvicente.com\/\",\"name\":\"Laus\u00edn y Vicente\",\"description\":\"Fabricaci\u00f3n y distribuci\u00f3n de material deportivo\",\"potentialAction\":[{\"@type\":\"SearchAction\",\"target\":{\"@type\":\"EntryPoint\",\"urlTemplate\":\"https:\/\/www.lausinyvicente.com\/?s={search_term_string}\"},\"query-input\":{\"@type\":\"PropertyValueSpecification\",\"valueRequired\":true,\"valueName\":\"search_term_string\"}}],\"inLanguage\":\"fr-FR\"}]}<\/script>\n<!-- \/ Yoast SEO plugin. -->","yoast_head_json":{"title":"Plinth pyramidal - Laus\u00edn y Vicente","robots":{"index":"index","follow":"follow","max-snippet":"max-snippet:-1","max-image-preview":"max-image-preview:large","max-video-preview":"max-video-preview:-1"},"canonical":"https:\/\/www.lausinyvicente.com\/fr\/equipement-gymnastique\/plinths\/plinth-pyramidal","og_locale":"fr_FR","og_type":"article","og_title":"Plinth pyramidal - Laus\u00edn y Vicente","og_description":"L\u2019avant et les lat\u00e9raux sont fabriqu\u00e9s en contreplaqu\u00e9 de pin verni. Coins en bois de h\u00eatre verni. Renforc\u00e9 int\u00e9rieurement par des traverses m\u00e9talliques peintes au four. Dessus tapiss\u00e9 en cuir naturel ou synth\u00e9tique sur mousse densit\u00e9 D-200. Dimensions du dessus: 1500 x 400 mm pour les mod\u00e8les senior, 1260 x 320 mm pour les mod\u00e8les Junior et 1000 x 260 mm pour le mod\u00e8le enfants. Ouvertures sur chaque c\u00f4t\u00e9 pour le transport des divers caissons.","og_url":"https:\/\/www.lausinyvicente.com\/fr\/equipement-gymnastique\/plinths\/plinth-pyramidal","og_site_name":"Laus\u00edn y Vicente","og_image":[{"width":720,"height":490,"url":"https:\/\/www.lausinyvicente.com\/wp-content\/uploads\/2022\/12\/G.19.02-plinto-piramidal.jpg","type":"image\/jpeg"}],"twitter_card":"summary_large_image","schema":{"@context":"https:\/\/schema.org","@graph":[{"@type":"WebPage","@id":"https:\/\/www.lausinyvicente.com\/fr\/equipement-gymnastique\/plinths\/plinth-pyramidal","url":"https:\/\/www.lausinyvicente.com\/fr\/equipement-gymnastique\/plinths\/plinth-pyramidal","name":"Plinth pyramidal - Laus\u00edn y Vicente","isPartOf":{"@id":"https:\/\/www.lausinyvicente.com\/#website"},"primaryImageOfPage":{"@id":"https:\/\/www.lausinyvicente.com\/fr\/equipement-gymnastique\/plinths\/plinth-pyramidal#primaryimage"},"image":{"@id":"https:\/\/www.lausinyvicente.com\/fr\/equipement-gymnastique\/plinths\/plinth-pyramidal#primaryimage"},"thumbnailUrl":"https:\/\/www.lausinyvicente.com\/wp-content\/uploads\/2022\/12\/G.19.02-plinto-piramidal.jpg","datePublished":"2022-12-10T13:51:44+00:00","breadcrumb":{"@id":"https:\/\/www.lausinyvicente.com\/fr\/equipement-gymnastique\/plinths\/plinth-pyramidal#breadcrumb"},"inLanguage":"fr-FR","potentialAction":[{"@type":"ReadAction","target":["https:\/\/www.lausinyvicente.com\/fr\/equipement-gymnastique\/plinths\/plinth-pyramidal"]}]},{"@type":"ImageObject","inLanguage":"fr-FR","@id":"https:\/\/www.lausinyvicente.com\/fr\/equipement-gymnastique\/plinths\/plinth-pyramidal#primaryimage","url":"https:\/\/www.lausinyvicente.com\/wp-content\/uploads\/2022\/12\/G.19.02-plinto-piramidal.jpg","contentUrl":"https:\/\/www.lausinyvicente.com\/wp-content\/uploads\/2022\/12\/G.19.02-plinto-piramidal.jpg","width":720,"height":490},{"@type":"BreadcrumbList","@id":"https:\/\/www.lausinyvicente.com\/fr\/equipement-gymnastique\/plinths\/plinth-pyramidal#breadcrumb","itemListElement":[{"@type":"ListItem","position":1,"name":"Portada","item":"https:\/\/www.lausinyvicente.com\/"},{"@type":"ListItem","position":2,"name":"Boutique","item":"https:\/\/www.lausinyvicente.com\/fr\/boutique"},{"@type":"ListItem","position":3,"name":"Plinth pyramidal"}]},{"@type":"WebSite","@id":"https:\/\/www.lausinyvicente.com\/#website","url":"https:\/\/www.lausinyvicente.com\/","name":"Laus\u00edn y Vicente","description":"Fabricaci\u00f3n y distribuci\u00f3n de material deportivo","potentialAction":[{"@type":"SearchAction","target":{"@type":"EntryPoint","urlTemplate":"https:\/\/www.lausinyvicente.com\/?s={search_term_string}"},"query-input":{"@type":"PropertyValueSpecification","valueRequired":true,"valueName":"search_term_string"}}],"inLanguage":"fr-FR"}]}},"_links":{"self":[{"href":"https:\/\/www.lausinyvicente.com\/fr\/wp-json\/wp\/v2\/product\/3554","targetHints":{"allow":["GET"]}}],"collection":[{"href":"https:\/\/www.lausinyvicente.com\/fr\/wp-json\/wp\/v2\/product"}],"about":[{"href":"https:\/\/www.lausinyvicente.com\/fr\/wp-json\/wp\/v2\/types\/product"}],"wp:featuredmedia":[{"embeddable":true,"href":"https:\/\/www.lausinyvicente.com\/fr\/wp-json\/wp\/v2\/media\/2878"}],"wp:attachment":[{"href":"https:\/\/www.lausinyvicente.com\/fr\/wp-json\/wp\/v2\/media?parent=3554"}],"wp:term":[{"taxonomy":"product_cat","embeddable":true,"href":"https:\/\/www.lausinyvicente.com\/fr\/wp-json\/wp\/v2\/product_cat?post=3554"},{"taxonomy":"product_tag","embeddable":true,"href":"https:\/\/www.lausinyvicente.com\/fr\/wp-json\/wp\/v2\/product_tag?post=3554"}],"curies":[{"name":"wp","href":"https:\/\/api.w.org\/{rel}","templated":true}]}}