{"id":3699,"date":"2022-12-10T12:11:56","date_gmt":"2022-12-10T12:11:56","guid":{"rendered":"https:\/\/www.lausinyvicente.com\/non class\u00e9\/espalier-a-une-place-pour-enfants-et-0-3-ans\/"},"modified":"2022-12-10T12:11:56","modified_gmt":"2022-12-10T12:11:56","slug":"espalier-une-place-enfants","status":"publish","type":"product","link":"https:\/\/www.lausinyvicente.com\/fr\/equipement-gymnastique\/espaliers\/espalier-une-place-enfants","title":{"rendered":"Espalier \u00e0 une place, pour enfants et 0-3 ans"},"content":{"rendered":"","protected":false},"excerpt":{"rendered":"<p>ENFANTS: Bois de premi\u00e8re qualit\u00e9 : montants en pin verni, 11 barres en h\u00eatre \u00e0 section ovale. Comprend les fixations m\u00e9talliques pour les visser au mur. Dimensions 1800&#215;675 mm. \u201c0-3 ANS\u201d: Bois de premi\u00e8re qualit\u00e9 : montants en pin verni, 13 barres en h\u00eatre \u00e0 section ronde, diam\u00e8tre 25 mm. Comprend les fixations m\u00e9talliques pour les visser au mur. Dimensions 2000&#215;900 mm.     <\/p>\n","protected":false},"featured_media":2842,"template":"","meta":[],"product_cat":[124,111],"product_tag":[],"class_list":{"0":"post-3699","1":"product","2":"type-product","3":"status-publish","4":"has-post-thumbnail","6":"product_cat-espaliers","7":"product_cat-equipement-gymnastique","9":"first","10":"instock","11":"shipping-taxable","12":"purchasable","13":"product-type-variable"},"yoast_head":"<!-- This site is optimized with the Yoast SEO plugin v27.0 - https:\/\/yoast.com\/product\/yoast-seo-wordpress\/ -->\n<title>Espalier \u00e0 une place, pour enfants et 0-3 ans - Laus\u00edn y Vicente<\/title>\n<meta name=\"robots\" content=\"index, follow, max-snippet:-1, max-image-preview:large, max-video-preview:-1\" \/>\n<link rel=\"canonical\" href=\"https:\/\/www.lausinyvicente.com\/fr\/equipement-gymnastique\/espaliers\/espalier-une-place-enfants\" \/>\n<meta property=\"og:locale\" content=\"fr_FR\" \/>\n<meta property=\"og:type\" content=\"article\" \/>\n<meta property=\"og:title\" content=\"Espalier \u00e0 une place, pour enfants et 0-3 ans - Laus\u00edn y Vicente\" \/>\n<meta property=\"og:description\" content=\"ENFANTS: Bois de premi\u00e8re qualit\u00e9 : montants en pin verni, 11 barres en h\u00eatre \u00e0 section ovale. Comprend les fixations m\u00e9talliques pour les visser au mur. Dimensions 1800x675 mm. \u201c0-3 ANS\u201d: Bois de premi\u00e8re qualit\u00e9 : montants en pin verni, 13 barres en h\u00eatre \u00e0 section ronde, diam\u00e8tre 25 mm. Comprend les fixations m\u00e9talliques pour les visser au mur. Dimensions 2000x900 mm.\" \/>\n<meta property=\"og:url\" content=\"https:\/\/www.lausinyvicente.com\/fr\/equipement-gymnastique\/espaliers\/espalier-une-place-enfants\" \/>\n<meta property=\"og:site_name\" content=\"Laus\u00edn y Vicente\" \/>\n<meta property=\"og:image\" content=\"https:\/\/www.lausinyvicente.com\/wp-content\/uploads\/2022\/12\/G.13.15-espaldera-infantil.jpg\" \/>\n\t<meta property=\"og:image:width\" content=\"720\" \/>\n\t<meta property=\"og:image:height\" content=\"490\" \/>\n\t<meta property=\"og:image:type\" content=\"image\/jpeg\" \/>\n<meta name=\"twitter:card\" content=\"summary_large_image\" \/>\n<script type=\"application\/ld+json\" class=\"yoast-schema-graph\">{\"@context\":\"https:\/\/schema.org\",\"@graph\":[{\"@type\":\"WebPage\",\"@id\":\"https:\/\/www.lausinyvicente.com\/fr\/equipement-gymnastique\/espaliers\/espalier-une-place-enfants\",\"url\":\"https:\/\/www.lausinyvicente.com\/fr\/equipement-gymnastique\/espaliers\/espalier-une-place-enfants\",\"name\":\"Espalier \u00e0 une place, pour enfants et 0-3 ans - Laus\u00edn y Vicente\",\"isPartOf\":{\"@id\":\"https:\/\/www.lausinyvicente.com\/#website\"},\"primaryImageOfPage\":{\"@id\":\"https:\/\/www.lausinyvicente.com\/fr\/equipement-gymnastique\/espaliers\/espalier-une-place-enfants#primaryimage\"},\"image\":{\"@id\":\"https:\/\/www.lausinyvicente.com\/fr\/equipement-gymnastique\/espaliers\/espalier-une-place-enfants#primaryimage\"},\"thumbnailUrl\":\"https:\/\/www.lausinyvicente.com\/wp-content\/uploads\/2022\/12\/G.13.15-espaldera-infantil.jpg\",\"datePublished\":\"2022-12-10T12:11:56+00:00\",\"breadcrumb\":{\"@id\":\"https:\/\/www.lausinyvicente.com\/fr\/equipement-gymnastique\/espaliers\/espalier-une-place-enfants#breadcrumb\"},\"inLanguage\":\"fr-FR\",\"potentialAction\":[{\"@type\":\"ReadAction\",\"target\":[\"https:\/\/www.lausinyvicente.com\/fr\/equipement-gymnastique\/espaliers\/espalier-une-place-enfants\"]}]},{\"@type\":\"ImageObject\",\"inLanguage\":\"fr-FR\",\"@id\":\"https:\/\/www.lausinyvicente.com\/fr\/equipement-gymnastique\/espaliers\/espalier-une-place-enfants#primaryimage\",\"url\":\"https:\/\/www.lausinyvicente.com\/wp-content\/uploads\/2022\/12\/G.13.15-espaldera-infantil.jpg\",\"contentUrl\":\"https:\/\/www.lausinyvicente.com\/wp-content\/uploads\/2022\/12\/G.13.15-espaldera-infantil.jpg\",\"width\":720,\"height\":490},{\"@type\":\"BreadcrumbList\",\"@id\":\"https:\/\/www.lausinyvicente.com\/fr\/equipement-gymnastique\/espaliers\/espalier-une-place-enfants#breadcrumb\",\"itemListElement\":[{\"@type\":\"ListItem\",\"position\":1,\"name\":\"Portada\",\"item\":\"https:\/\/www.lausinyvicente.com\/\"},{\"@type\":\"ListItem\",\"position\":2,\"name\":\"Boutique\",\"item\":\"https:\/\/www.lausinyvicente.com\/fr\/boutique\"},{\"@type\":\"ListItem\",\"position\":3,\"name\":\"Espalier \u00e0 une place, pour enfants et 0-3 ans\"}]},{\"@type\":\"WebSite\",\"@id\":\"https:\/\/www.lausinyvicente.com\/#website\",\"url\":\"https:\/\/www.lausinyvicente.com\/\",\"name\":\"Laus\u00edn y Vicente\",\"description\":\"Fabricaci\u00f3n y distribuci\u00f3n de material deportivo\",\"potentialAction\":[{\"@type\":\"SearchAction\",\"target\":{\"@type\":\"EntryPoint\",\"urlTemplate\":\"https:\/\/www.lausinyvicente.com\/?s={search_term_string}\"},\"query-input\":{\"@type\":\"PropertyValueSpecification\",\"valueRequired\":true,\"valueName\":\"search_term_string\"}}],\"inLanguage\":\"fr-FR\"}]}<\/script>\n<!-- \/ Yoast SEO plugin. -->","yoast_head_json":{"title":"Espalier \u00e0 une place, pour enfants et 0-3 ans - Laus\u00edn y Vicente","robots":{"index":"index","follow":"follow","max-snippet":"max-snippet:-1","max-image-preview":"max-image-preview:large","max-video-preview":"max-video-preview:-1"},"canonical":"https:\/\/www.lausinyvicente.com\/fr\/equipement-gymnastique\/espaliers\/espalier-une-place-enfants","og_locale":"fr_FR","og_type":"article","og_title":"Espalier \u00e0 une place, pour enfants et 0-3 ans - Laus\u00edn y Vicente","og_description":"ENFANTS: Bois de premi\u00e8re qualit\u00e9 : montants en pin verni, 11 barres en h\u00eatre \u00e0 section ovale. Comprend les fixations m\u00e9talliques pour les visser au mur. Dimensions 1800x675 mm. \u201c0-3 ANS\u201d: Bois de premi\u00e8re qualit\u00e9 : montants en pin verni, 13 barres en h\u00eatre \u00e0 section ronde, diam\u00e8tre 25 mm. Comprend les fixations m\u00e9talliques pour les visser au mur. Dimensions 2000x900 mm.","og_url":"https:\/\/www.lausinyvicente.com\/fr\/equipement-gymnastique\/espaliers\/espalier-une-place-enfants","og_site_name":"Laus\u00edn y Vicente","og_image":[{"width":720,"height":490,"url":"https:\/\/www.lausinyvicente.com\/wp-content\/uploads\/2022\/12\/G.13.15-espaldera-infantil.jpg","type":"image\/jpeg"}],"twitter_card":"summary_large_image","schema":{"@context":"https:\/\/schema.org","@graph":[{"@type":"WebPage","@id":"https:\/\/www.lausinyvicente.com\/fr\/equipement-gymnastique\/espaliers\/espalier-une-place-enfants","url":"https:\/\/www.lausinyvicente.com\/fr\/equipement-gymnastique\/espaliers\/espalier-une-place-enfants","name":"Espalier \u00e0 une place, pour enfants et 0-3 ans - Laus\u00edn y Vicente","isPartOf":{"@id":"https:\/\/www.lausinyvicente.com\/#website"},"primaryImageOfPage":{"@id":"https:\/\/www.lausinyvicente.com\/fr\/equipement-gymnastique\/espaliers\/espalier-une-place-enfants#primaryimage"},"image":{"@id":"https:\/\/www.lausinyvicente.com\/fr\/equipement-gymnastique\/espaliers\/espalier-une-place-enfants#primaryimage"},"thumbnailUrl":"https:\/\/www.lausinyvicente.com\/wp-content\/uploads\/2022\/12\/G.13.15-espaldera-infantil.jpg","datePublished":"2022-12-10T12:11:56+00:00","breadcrumb":{"@id":"https:\/\/www.lausinyvicente.com\/fr\/equipement-gymnastique\/espaliers\/espalier-une-place-enfants#breadcrumb"},"inLanguage":"fr-FR","potentialAction":[{"@type":"ReadAction","target":["https:\/\/www.lausinyvicente.com\/fr\/equipement-gymnastique\/espaliers\/espalier-une-place-enfants"]}]},{"@type":"ImageObject","inLanguage":"fr-FR","@id":"https:\/\/www.lausinyvicente.com\/fr\/equipement-gymnastique\/espaliers\/espalier-une-place-enfants#primaryimage","url":"https:\/\/www.lausinyvicente.com\/wp-content\/uploads\/2022\/12\/G.13.15-espaldera-infantil.jpg","contentUrl":"https:\/\/www.lausinyvicente.com\/wp-content\/uploads\/2022\/12\/G.13.15-espaldera-infantil.jpg","width":720,"height":490},{"@type":"BreadcrumbList","@id":"https:\/\/www.lausinyvicente.com\/fr\/equipement-gymnastique\/espaliers\/espalier-une-place-enfants#breadcrumb","itemListElement":[{"@type":"ListItem","position":1,"name":"Portada","item":"https:\/\/www.lausinyvicente.com\/"},{"@type":"ListItem","position":2,"name":"Boutique","item":"https:\/\/www.lausinyvicente.com\/fr\/boutique"},{"@type":"ListItem","position":3,"name":"Espalier \u00e0 une place, pour enfants et 0-3 ans"}]},{"@type":"WebSite","@id":"https:\/\/www.lausinyvicente.com\/#website","url":"https:\/\/www.lausinyvicente.com\/","name":"Laus\u00edn y Vicente","description":"Fabricaci\u00f3n y distribuci\u00f3n de material deportivo","potentialAction":[{"@type":"SearchAction","target":{"@type":"EntryPoint","urlTemplate":"https:\/\/www.lausinyvicente.com\/?s={search_term_string}"},"query-input":{"@type":"PropertyValueSpecification","valueRequired":true,"valueName":"search_term_string"}}],"inLanguage":"fr-FR"}]}},"_links":{"self":[{"href":"https:\/\/www.lausinyvicente.com\/fr\/wp-json\/wp\/v2\/product\/3699","targetHints":{"allow":["GET"]}}],"collection":[{"href":"https:\/\/www.lausinyvicente.com\/fr\/wp-json\/wp\/v2\/product"}],"about":[{"href":"https:\/\/www.lausinyvicente.com\/fr\/wp-json\/wp\/v2\/types\/product"}],"wp:featuredmedia":[{"embeddable":true,"href":"https:\/\/www.lausinyvicente.com\/fr\/wp-json\/wp\/v2\/media\/2842"}],"wp:attachment":[{"href":"https:\/\/www.lausinyvicente.com\/fr\/wp-json\/wp\/v2\/media?parent=3699"}],"wp:term":[{"taxonomy":"product_cat","embeddable":true,"href":"https:\/\/www.lausinyvicente.com\/fr\/wp-json\/wp\/v2\/product_cat?post=3699"},{"taxonomy":"product_tag","embeddable":true,"href":"https:\/\/www.lausinyvicente.com\/fr\/wp-json\/wp\/v2\/product_tag?post=3699"}],"curies":[{"name":"wp","href":"https:\/\/api.w.org\/{rel}","templated":true}]}}