{"id":3723,"date":"2022-12-10T12:01:44","date_gmt":"2022-12-10T12:01:44","guid":{"rendered":"https:\/\/www.lausinyvicente.com\/non class\u00e9\/cadre-suedois\/"},"modified":"2022-12-10T12:01:44","modified_gmt":"2022-12-10T12:01:44","slug":"cadre-suedois","status":"publish","type":"product","link":"https:\/\/www.lausinyvicente.com\/fr\/equipement-gymnastique\/echelles\/cadre-suedois","title":{"rendered":"Cadre su\u00e9dois"},"content":{"rendered":"","protected":false},"excerpt":{"rendered":"<p>Lat\u00e9raux en bois de pin Melis verni et barres lat\u00e9rales en bois de h\u00eatre verni, formant les trois \u201crues\u201d. Sont comprises les ferrures pour la suspension au plafond Dimensions: 3,56&#215;1,68 m. Possibilit\u00e9 de le replier contre le mur au moyen d\u2019un syst\u00e8me facile \u00e0 manier et \u00e0 installer. Muni de quatre roues qui facilitent le mouvement, ainsi qu\u2019un syst\u00e8me de fixation au sol qui immobilise le cadre su\u00e9dois lorsqu\u2019il est s\u00e9par\u00e9 du mur.    <\/p>\n","protected":false},"featured_media":2830,"template":"","meta":[],"product_cat":[126,111],"product_tag":[],"class_list":{"0":"post-3723","1":"product","2":"type-product","3":"status-publish","4":"has-post-thumbnail","6":"product_cat-echelles","7":"product_cat-equipement-gymnastique","9":"first","10":"instock","11":"shipping-taxable","12":"purchasable","13":"product-type-variable"},"yoast_head":"<!-- This site is optimized with the Yoast SEO plugin v27.0 - https:\/\/yoast.com\/product\/yoast-seo-wordpress\/ -->\n<title>Cadre su\u00e9dois - Laus\u00edn y Vicente<\/title>\n<meta name=\"robots\" content=\"index, follow, max-snippet:-1, max-image-preview:large, max-video-preview:-1\" \/>\n<link rel=\"canonical\" href=\"https:\/\/www.lausinyvicente.com\/fr\/equipement-gymnastique\/echelles\/cadre-suedois\" \/>\n<meta property=\"og:locale\" content=\"fr_FR\" \/>\n<meta property=\"og:type\" content=\"article\" \/>\n<meta property=\"og:title\" content=\"Cadre su\u00e9dois - Laus\u00edn y Vicente\" \/>\n<meta property=\"og:description\" content=\"Lat\u00e9raux en bois de pin Melis verni et barres lat\u00e9rales en bois de h\u00eatre verni, formant les trois \u201crues\u201d. Sont comprises les ferrures pour la suspension au plafond Dimensions: 3,56x1,68 m. Possibilit\u00e9 de le replier contre le mur au moyen d\u2019un syst\u00e8me facile \u00e0 manier et \u00e0 installer. Muni de quatre roues qui facilitent le mouvement, ainsi qu\u2019un syst\u00e8me de fixation au sol qui immobilise le cadre su\u00e9dois lorsqu\u2019il est s\u00e9par\u00e9 du mur.\" \/>\n<meta property=\"og:url\" content=\"https:\/\/www.lausinyvicente.com\/fr\/equipement-gymnastique\/echelles\/cadre-suedois\" \/>\n<meta property=\"og:site_name\" content=\"Laus\u00edn y Vicente\" \/>\n<meta property=\"og:image\" content=\"https:\/\/www.lausinyvicente.com\/wp-content\/uploads\/2022\/12\/G.12.01-escalera-curva-semicurva.jpg\" \/>\n\t<meta property=\"og:image:width\" content=\"720\" \/>\n\t<meta property=\"og:image:height\" content=\"490\" \/>\n\t<meta property=\"og:image:type\" content=\"image\/jpeg\" \/>\n<meta name=\"twitter:card\" content=\"summary_large_image\" \/>\n<script type=\"application\/ld+json\" class=\"yoast-schema-graph\">{\"@context\":\"https:\/\/schema.org\",\"@graph\":[{\"@type\":\"WebPage\",\"@id\":\"https:\/\/www.lausinyvicente.com\/fr\/equipement-gymnastique\/echelles\/cadre-suedois\",\"url\":\"https:\/\/www.lausinyvicente.com\/fr\/equipement-gymnastique\/echelles\/cadre-suedois\",\"name\":\"Cadre su\u00e9dois - Laus\u00edn y Vicente\",\"isPartOf\":{\"@id\":\"https:\/\/www.lausinyvicente.com\/#website\"},\"primaryImageOfPage\":{\"@id\":\"https:\/\/www.lausinyvicente.com\/fr\/equipement-gymnastique\/echelles\/cadre-suedois#primaryimage\"},\"image\":{\"@id\":\"https:\/\/www.lausinyvicente.com\/fr\/equipement-gymnastique\/echelles\/cadre-suedois#primaryimage\"},\"thumbnailUrl\":\"https:\/\/www.lausinyvicente.com\/wp-content\/uploads\/2022\/12\/G.12.01-escalera-curva-semicurva.jpg\",\"datePublished\":\"2022-12-10T12:01:44+00:00\",\"breadcrumb\":{\"@id\":\"https:\/\/www.lausinyvicente.com\/fr\/equipement-gymnastique\/echelles\/cadre-suedois#breadcrumb\"},\"inLanguage\":\"fr-FR\",\"potentialAction\":[{\"@type\":\"ReadAction\",\"target\":[\"https:\/\/www.lausinyvicente.com\/fr\/equipement-gymnastique\/echelles\/cadre-suedois\"]}]},{\"@type\":\"ImageObject\",\"inLanguage\":\"fr-FR\",\"@id\":\"https:\/\/www.lausinyvicente.com\/fr\/equipement-gymnastique\/echelles\/cadre-suedois#primaryimage\",\"url\":\"https:\/\/www.lausinyvicente.com\/wp-content\/uploads\/2022\/12\/G.12.01-escalera-curva-semicurva.jpg\",\"contentUrl\":\"https:\/\/www.lausinyvicente.com\/wp-content\/uploads\/2022\/12\/G.12.01-escalera-curva-semicurva.jpg\",\"width\":720,\"height\":490},{\"@type\":\"BreadcrumbList\",\"@id\":\"https:\/\/www.lausinyvicente.com\/fr\/equipement-gymnastique\/echelles\/cadre-suedois#breadcrumb\",\"itemListElement\":[{\"@type\":\"ListItem\",\"position\":1,\"name\":\"Portada\",\"item\":\"https:\/\/www.lausinyvicente.com\/\"},{\"@type\":\"ListItem\",\"position\":2,\"name\":\"Boutique\",\"item\":\"https:\/\/www.lausinyvicente.com\/fr\/boutique\"},{\"@type\":\"ListItem\",\"position\":3,\"name\":\"Cadre su\u00e9dois\"}]},{\"@type\":\"WebSite\",\"@id\":\"https:\/\/www.lausinyvicente.com\/#website\",\"url\":\"https:\/\/www.lausinyvicente.com\/\",\"name\":\"Laus\u00edn y Vicente\",\"description\":\"Fabricaci\u00f3n y distribuci\u00f3n de material deportivo\",\"potentialAction\":[{\"@type\":\"SearchAction\",\"target\":{\"@type\":\"EntryPoint\",\"urlTemplate\":\"https:\/\/www.lausinyvicente.com\/?s={search_term_string}\"},\"query-input\":{\"@type\":\"PropertyValueSpecification\",\"valueRequired\":true,\"valueName\":\"search_term_string\"}}],\"inLanguage\":\"fr-FR\"}]}<\/script>\n<!-- \/ Yoast SEO plugin. -->","yoast_head_json":{"title":"Cadre su\u00e9dois - Laus\u00edn y Vicente","robots":{"index":"index","follow":"follow","max-snippet":"max-snippet:-1","max-image-preview":"max-image-preview:large","max-video-preview":"max-video-preview:-1"},"canonical":"https:\/\/www.lausinyvicente.com\/fr\/equipement-gymnastique\/echelles\/cadre-suedois","og_locale":"fr_FR","og_type":"article","og_title":"Cadre su\u00e9dois - Laus\u00edn y Vicente","og_description":"Lat\u00e9raux en bois de pin Melis verni et barres lat\u00e9rales en bois de h\u00eatre verni, formant les trois \u201crues\u201d. Sont comprises les ferrures pour la suspension au plafond Dimensions: 3,56x1,68 m. Possibilit\u00e9 de le replier contre le mur au moyen d\u2019un syst\u00e8me facile \u00e0 manier et \u00e0 installer. Muni de quatre roues qui facilitent le mouvement, ainsi qu\u2019un syst\u00e8me de fixation au sol qui immobilise le cadre su\u00e9dois lorsqu\u2019il est s\u00e9par\u00e9 du mur.","og_url":"https:\/\/www.lausinyvicente.com\/fr\/equipement-gymnastique\/echelles\/cadre-suedois","og_site_name":"Laus\u00edn y Vicente","og_image":[{"width":720,"height":490,"url":"https:\/\/www.lausinyvicente.com\/wp-content\/uploads\/2022\/12\/G.12.01-escalera-curva-semicurva.jpg","type":"image\/jpeg"}],"twitter_card":"summary_large_image","schema":{"@context":"https:\/\/schema.org","@graph":[{"@type":"WebPage","@id":"https:\/\/www.lausinyvicente.com\/fr\/equipement-gymnastique\/echelles\/cadre-suedois","url":"https:\/\/www.lausinyvicente.com\/fr\/equipement-gymnastique\/echelles\/cadre-suedois","name":"Cadre su\u00e9dois - Laus\u00edn y Vicente","isPartOf":{"@id":"https:\/\/www.lausinyvicente.com\/#website"},"primaryImageOfPage":{"@id":"https:\/\/www.lausinyvicente.com\/fr\/equipement-gymnastique\/echelles\/cadre-suedois#primaryimage"},"image":{"@id":"https:\/\/www.lausinyvicente.com\/fr\/equipement-gymnastique\/echelles\/cadre-suedois#primaryimage"},"thumbnailUrl":"https:\/\/www.lausinyvicente.com\/wp-content\/uploads\/2022\/12\/G.12.01-escalera-curva-semicurva.jpg","datePublished":"2022-12-10T12:01:44+00:00","breadcrumb":{"@id":"https:\/\/www.lausinyvicente.com\/fr\/equipement-gymnastique\/echelles\/cadre-suedois#breadcrumb"},"inLanguage":"fr-FR","potentialAction":[{"@type":"ReadAction","target":["https:\/\/www.lausinyvicente.com\/fr\/equipement-gymnastique\/echelles\/cadre-suedois"]}]},{"@type":"ImageObject","inLanguage":"fr-FR","@id":"https:\/\/www.lausinyvicente.com\/fr\/equipement-gymnastique\/echelles\/cadre-suedois#primaryimage","url":"https:\/\/www.lausinyvicente.com\/wp-content\/uploads\/2022\/12\/G.12.01-escalera-curva-semicurva.jpg","contentUrl":"https:\/\/www.lausinyvicente.com\/wp-content\/uploads\/2022\/12\/G.12.01-escalera-curva-semicurva.jpg","width":720,"height":490},{"@type":"BreadcrumbList","@id":"https:\/\/www.lausinyvicente.com\/fr\/equipement-gymnastique\/echelles\/cadre-suedois#breadcrumb","itemListElement":[{"@type":"ListItem","position":1,"name":"Portada","item":"https:\/\/www.lausinyvicente.com\/"},{"@type":"ListItem","position":2,"name":"Boutique","item":"https:\/\/www.lausinyvicente.com\/fr\/boutique"},{"@type":"ListItem","position":3,"name":"Cadre su\u00e9dois"}]},{"@type":"WebSite","@id":"https:\/\/www.lausinyvicente.com\/#website","url":"https:\/\/www.lausinyvicente.com\/","name":"Laus\u00edn y Vicente","description":"Fabricaci\u00f3n y distribuci\u00f3n de material deportivo","potentialAction":[{"@type":"SearchAction","target":{"@type":"EntryPoint","urlTemplate":"https:\/\/www.lausinyvicente.com\/?s={search_term_string}"},"query-input":{"@type":"PropertyValueSpecification","valueRequired":true,"valueName":"search_term_string"}}],"inLanguage":"fr-FR"}]}},"_links":{"self":[{"href":"https:\/\/www.lausinyvicente.com\/fr\/wp-json\/wp\/v2\/product\/3723","targetHints":{"allow":["GET"]}}],"collection":[{"href":"https:\/\/www.lausinyvicente.com\/fr\/wp-json\/wp\/v2\/product"}],"about":[{"href":"https:\/\/www.lausinyvicente.com\/fr\/wp-json\/wp\/v2\/types\/product"}],"wp:featuredmedia":[{"embeddable":true,"href":"https:\/\/www.lausinyvicente.com\/fr\/wp-json\/wp\/v2\/media\/2830"}],"wp:attachment":[{"href":"https:\/\/www.lausinyvicente.com\/fr\/wp-json\/wp\/v2\/media?parent=3723"}],"wp:term":[{"taxonomy":"product_cat","embeddable":true,"href":"https:\/\/www.lausinyvicente.com\/fr\/wp-json\/wp\/v2\/product_cat?post=3723"},{"taxonomy":"product_tag","embeddable":true,"href":"https:\/\/www.lausinyvicente.com\/fr\/wp-json\/wp\/v2\/product_tag?post=3723"}],"curies":[{"name":"wp","href":"https:\/\/api.w.org\/{rel}","templated":true}]}}