{"id":3752,"date":"2022-12-10T11:44:09","date_gmt":"2022-12-10T11:44:09","guid":{"rendered":"https:\/\/www.lausinyvicente.com\/non class\u00e9\/zones-de-reception-gymnastique-artistique\/"},"modified":"2022-12-10T11:44:09","modified_gmt":"2022-12-10T11:44:09","slug":"zones-reception-gymnastique-artistique","status":"publish","type":"product","link":"https:\/\/www.lausinyvicente.com\/fr\/equipement-gymnastique\/tapis\/zones-reception-gymnastique-artistique","title":{"rendered":"Zones de r\u00e9ception gymnastique artistique"},"content":{"rendered":"","protected":false},"excerpt":{"rendered":"<p>Lat\u00e9raux en toile polyester recouverte de PVC. Base en toile antid\u00e9rapante. Anses de transport. Fermeture \u00e9clair prot\u00e9g\u00e9e par des revers du m\u00eame mat\u00e9riel que les lat\u00e9raux. Syst\u00e8me d\u2019union entre tapis au moyen de velcro. Int\u00e9rieur compos\u00e9 de diverses mousses pour arriver \u00e0 la parfaite absorption lors de la r\u00e9ception du gymnaste.      <\/p>\n","protected":false},"featured_media":2828,"template":"","meta":[],"product_cat":[111,128],"product_tag":[],"class_list":{"0":"post-3752","1":"product","2":"type-product","3":"status-publish","4":"has-post-thumbnail","6":"product_cat-equipement-gymnastique","7":"product_cat-tapis","9":"first","10":"instock","11":"shipping-taxable","12":"purchasable","13":"product-type-variable"},"yoast_head":"<!-- This site is optimized with the Yoast SEO plugin v27.0 - https:\/\/yoast.com\/product\/yoast-seo-wordpress\/ -->\n<title>Zones de r\u00e9ception gymnastique artistique - Laus\u00edn y Vicente<\/title>\n<meta name=\"robots\" content=\"index, follow, max-snippet:-1, max-image-preview:large, max-video-preview:-1\" \/>\n<link rel=\"canonical\" href=\"https:\/\/www.lausinyvicente.com\/fr\/equipement-gymnastique\/tapis\/zones-reception-gymnastique-artistique\" \/>\n<meta property=\"og:locale\" content=\"fr_FR\" \/>\n<meta property=\"og:type\" content=\"article\" \/>\n<meta property=\"og:title\" content=\"Zones de r\u00e9ception gymnastique artistique - Laus\u00edn y Vicente\" \/>\n<meta property=\"og:description\" content=\"Lat\u00e9raux en toile polyester recouverte de PVC. Base en toile antid\u00e9rapante. Anses de transport. Fermeture \u00e9clair prot\u00e9g\u00e9e par des revers du m\u00eame mat\u00e9riel que les lat\u00e9raux. Syst\u00e8me d\u2019union entre tapis au moyen de velcro. Int\u00e9rieur compos\u00e9 de diverses mousses pour arriver \u00e0 la parfaite absorption lors de la r\u00e9ception du gymnaste.\" \/>\n<meta property=\"og:url\" content=\"https:\/\/www.lausinyvicente.com\/fr\/equipement-gymnastique\/tapis\/zones-reception-gymnastique-artistique\" \/>\n<meta property=\"og:site_name\" content=\"Laus\u00edn y Vicente\" \/>\n<meta property=\"og:image\" content=\"https:\/\/www.lausinyvicente.com\/wp-content\/uploads\/2022\/12\/G.07.70-zona-recepcion-gimnasia-artistica.jpg\" \/>\n\t<meta property=\"og:image:width\" content=\"720\" \/>\n\t<meta property=\"og:image:height\" content=\"490\" \/>\n\t<meta property=\"og:image:type\" content=\"image\/jpeg\" \/>\n<meta name=\"twitter:card\" content=\"summary_large_image\" \/>\n<script type=\"application\/ld+json\" class=\"yoast-schema-graph\">{\"@context\":\"https:\/\/schema.org\",\"@graph\":[{\"@type\":\"WebPage\",\"@id\":\"https:\/\/www.lausinyvicente.com\/fr\/equipement-gymnastique\/tapis\/zones-reception-gymnastique-artistique\",\"url\":\"https:\/\/www.lausinyvicente.com\/fr\/equipement-gymnastique\/tapis\/zones-reception-gymnastique-artistique\",\"name\":\"Zones de r\u00e9ception gymnastique artistique - Laus\u00edn y Vicente\",\"isPartOf\":{\"@id\":\"https:\/\/www.lausinyvicente.com\/#website\"},\"primaryImageOfPage\":{\"@id\":\"https:\/\/www.lausinyvicente.com\/fr\/equipement-gymnastique\/tapis\/zones-reception-gymnastique-artistique#primaryimage\"},\"image\":{\"@id\":\"https:\/\/www.lausinyvicente.com\/fr\/equipement-gymnastique\/tapis\/zones-reception-gymnastique-artistique#primaryimage\"},\"thumbnailUrl\":\"https:\/\/www.lausinyvicente.com\/wp-content\/uploads\/2022\/12\/G.07.70-zona-recepcion-gimnasia-artistica.jpg\",\"datePublished\":\"2022-12-10T11:44:09+00:00\",\"breadcrumb\":{\"@id\":\"https:\/\/www.lausinyvicente.com\/fr\/equipement-gymnastique\/tapis\/zones-reception-gymnastique-artistique#breadcrumb\"},\"inLanguage\":\"fr-FR\",\"potentialAction\":[{\"@type\":\"ReadAction\",\"target\":[\"https:\/\/www.lausinyvicente.com\/fr\/equipement-gymnastique\/tapis\/zones-reception-gymnastique-artistique\"]}]},{\"@type\":\"ImageObject\",\"inLanguage\":\"fr-FR\",\"@id\":\"https:\/\/www.lausinyvicente.com\/fr\/equipement-gymnastique\/tapis\/zones-reception-gymnastique-artistique#primaryimage\",\"url\":\"https:\/\/www.lausinyvicente.com\/wp-content\/uploads\/2022\/12\/G.07.70-zona-recepcion-gimnasia-artistica.jpg\",\"contentUrl\":\"https:\/\/www.lausinyvicente.com\/wp-content\/uploads\/2022\/12\/G.07.70-zona-recepcion-gimnasia-artistica.jpg\",\"width\":720,\"height\":490},{\"@type\":\"BreadcrumbList\",\"@id\":\"https:\/\/www.lausinyvicente.com\/fr\/equipement-gymnastique\/tapis\/zones-reception-gymnastique-artistique#breadcrumb\",\"itemListElement\":[{\"@type\":\"ListItem\",\"position\":1,\"name\":\"Portada\",\"item\":\"https:\/\/www.lausinyvicente.com\/\"},{\"@type\":\"ListItem\",\"position\":2,\"name\":\"Boutique\",\"item\":\"https:\/\/www.lausinyvicente.com\/fr\/boutique\"},{\"@type\":\"ListItem\",\"position\":3,\"name\":\"Zones de r\u00e9ception gymnastique artistique\"}]},{\"@type\":\"WebSite\",\"@id\":\"https:\/\/www.lausinyvicente.com\/#website\",\"url\":\"https:\/\/www.lausinyvicente.com\/\",\"name\":\"Laus\u00edn y Vicente\",\"description\":\"Fabricaci\u00f3n y distribuci\u00f3n de material deportivo\",\"potentialAction\":[{\"@type\":\"SearchAction\",\"target\":{\"@type\":\"EntryPoint\",\"urlTemplate\":\"https:\/\/www.lausinyvicente.com\/?s={search_term_string}\"},\"query-input\":{\"@type\":\"PropertyValueSpecification\",\"valueRequired\":true,\"valueName\":\"search_term_string\"}}],\"inLanguage\":\"fr-FR\"}]}<\/script>\n<!-- \/ Yoast SEO plugin. -->","yoast_head_json":{"title":"Zones de r\u00e9ception gymnastique artistique - Laus\u00edn y Vicente","robots":{"index":"index","follow":"follow","max-snippet":"max-snippet:-1","max-image-preview":"max-image-preview:large","max-video-preview":"max-video-preview:-1"},"canonical":"https:\/\/www.lausinyvicente.com\/fr\/equipement-gymnastique\/tapis\/zones-reception-gymnastique-artistique","og_locale":"fr_FR","og_type":"article","og_title":"Zones de r\u00e9ception gymnastique artistique - Laus\u00edn y Vicente","og_description":"Lat\u00e9raux en toile polyester recouverte de PVC. Base en toile antid\u00e9rapante. Anses de transport. Fermeture \u00e9clair prot\u00e9g\u00e9e par des revers du m\u00eame mat\u00e9riel que les lat\u00e9raux. Syst\u00e8me d\u2019union entre tapis au moyen de velcro. Int\u00e9rieur compos\u00e9 de diverses mousses pour arriver \u00e0 la parfaite absorption lors de la r\u00e9ception du gymnaste.","og_url":"https:\/\/www.lausinyvicente.com\/fr\/equipement-gymnastique\/tapis\/zones-reception-gymnastique-artistique","og_site_name":"Laus\u00edn y Vicente","og_image":[{"width":720,"height":490,"url":"https:\/\/www.lausinyvicente.com\/wp-content\/uploads\/2022\/12\/G.07.70-zona-recepcion-gimnasia-artistica.jpg","type":"image\/jpeg"}],"twitter_card":"summary_large_image","schema":{"@context":"https:\/\/schema.org","@graph":[{"@type":"WebPage","@id":"https:\/\/www.lausinyvicente.com\/fr\/equipement-gymnastique\/tapis\/zones-reception-gymnastique-artistique","url":"https:\/\/www.lausinyvicente.com\/fr\/equipement-gymnastique\/tapis\/zones-reception-gymnastique-artistique","name":"Zones de r\u00e9ception gymnastique artistique - Laus\u00edn y Vicente","isPartOf":{"@id":"https:\/\/www.lausinyvicente.com\/#website"},"primaryImageOfPage":{"@id":"https:\/\/www.lausinyvicente.com\/fr\/equipement-gymnastique\/tapis\/zones-reception-gymnastique-artistique#primaryimage"},"image":{"@id":"https:\/\/www.lausinyvicente.com\/fr\/equipement-gymnastique\/tapis\/zones-reception-gymnastique-artistique#primaryimage"},"thumbnailUrl":"https:\/\/www.lausinyvicente.com\/wp-content\/uploads\/2022\/12\/G.07.70-zona-recepcion-gimnasia-artistica.jpg","datePublished":"2022-12-10T11:44:09+00:00","breadcrumb":{"@id":"https:\/\/www.lausinyvicente.com\/fr\/equipement-gymnastique\/tapis\/zones-reception-gymnastique-artistique#breadcrumb"},"inLanguage":"fr-FR","potentialAction":[{"@type":"ReadAction","target":["https:\/\/www.lausinyvicente.com\/fr\/equipement-gymnastique\/tapis\/zones-reception-gymnastique-artistique"]}]},{"@type":"ImageObject","inLanguage":"fr-FR","@id":"https:\/\/www.lausinyvicente.com\/fr\/equipement-gymnastique\/tapis\/zones-reception-gymnastique-artistique#primaryimage","url":"https:\/\/www.lausinyvicente.com\/wp-content\/uploads\/2022\/12\/G.07.70-zona-recepcion-gimnasia-artistica.jpg","contentUrl":"https:\/\/www.lausinyvicente.com\/wp-content\/uploads\/2022\/12\/G.07.70-zona-recepcion-gimnasia-artistica.jpg","width":720,"height":490},{"@type":"BreadcrumbList","@id":"https:\/\/www.lausinyvicente.com\/fr\/equipement-gymnastique\/tapis\/zones-reception-gymnastique-artistique#breadcrumb","itemListElement":[{"@type":"ListItem","position":1,"name":"Portada","item":"https:\/\/www.lausinyvicente.com\/"},{"@type":"ListItem","position":2,"name":"Boutique","item":"https:\/\/www.lausinyvicente.com\/fr\/boutique"},{"@type":"ListItem","position":3,"name":"Zones de r\u00e9ception gymnastique artistique"}]},{"@type":"WebSite","@id":"https:\/\/www.lausinyvicente.com\/#website","url":"https:\/\/www.lausinyvicente.com\/","name":"Laus\u00edn y Vicente","description":"Fabricaci\u00f3n y distribuci\u00f3n de material deportivo","potentialAction":[{"@type":"SearchAction","target":{"@type":"EntryPoint","urlTemplate":"https:\/\/www.lausinyvicente.com\/?s={search_term_string}"},"query-input":{"@type":"PropertyValueSpecification","valueRequired":true,"valueName":"search_term_string"}}],"inLanguage":"fr-FR"}]}},"_links":{"self":[{"href":"https:\/\/www.lausinyvicente.com\/fr\/wp-json\/wp\/v2\/product\/3752","targetHints":{"allow":["GET"]}}],"collection":[{"href":"https:\/\/www.lausinyvicente.com\/fr\/wp-json\/wp\/v2\/product"}],"about":[{"href":"https:\/\/www.lausinyvicente.com\/fr\/wp-json\/wp\/v2\/types\/product"}],"wp:featuredmedia":[{"embeddable":true,"href":"https:\/\/www.lausinyvicente.com\/fr\/wp-json\/wp\/v2\/media\/2828"}],"wp:attachment":[{"href":"https:\/\/www.lausinyvicente.com\/fr\/wp-json\/wp\/v2\/media?parent=3752"}],"wp:term":[{"taxonomy":"product_cat","embeddable":true,"href":"https:\/\/www.lausinyvicente.com\/fr\/wp-json\/wp\/v2\/product_cat?post=3752"},{"taxonomy":"product_tag","embeddable":true,"href":"https:\/\/www.lausinyvicente.com\/fr\/wp-json\/wp\/v2\/product_tag?post=3752"}],"curies":[{"name":"wp","href":"https:\/\/api.w.org\/{rel}","templated":true}]}}