{"id":3837,"date":"2022-12-09T12:32:33","date_gmt":"2022-12-09T12:32:33","guid":{"rendered":"https:\/\/www.lausinyvicente.com\/non class\u00e9\/cheval-darcons-olympique-competition\/"},"modified":"2022-12-09T12:32:33","modified_gmt":"2022-12-09T12:32:33","slug":"cheval-arcons-olympique-competition","status":"publish","type":"product","link":"https:\/\/www.lausinyvicente.com\/fr\/equipement-gymnastique\/chevaux-de-saut\/cheval-arcons-olympique-competition","title":{"rendered":"Cheval d\u2019ar\u00e7ons olympique &#8211; competition"},"content":{"rendered":"","protected":false},"excerpt":{"rendered":"<p>Tapiss\u00e9 en cuir naturel sur agglom\u00e9r\u00e9 mousse densit\u00e9 200 Kg. Corps fabriqu\u00e9 en bois grande r\u00e9sistance, renforc\u00e9 int\u00e9rieurement. Pieds m\u00e9talliques peints au four. Rallonges m\u00e9talliques avec bases antiglisse en caoutchouc. R\u00e9glable en hauteur de 110 \u00e0 150 cm, \u00e0 intervalles de 5 cm. Syst\u00e8me automatique de fixation en hauteur au moyen de \u201cclic\u201d et vis de fixation aux deux pieds. Cha\u00eene et raidisseur inclus . Ar\u00e7ons en fibre, r\u00e9glables,inclus. Syst\u00e8me de transport incorpor\u00e9 command\u00e9 par un levier.        <\/p>\n","protected":false},"featured_media":2814,"template":"","meta":[],"product_cat":[132,111],"product_tag":[],"class_list":{"0":"post-3837","1":"product","2":"type-product","3":"status-publish","4":"has-post-thumbnail","6":"product_cat-chevaux-de-saut","7":"product_cat-equipement-gymnastique","9":"first","10":"instock","11":"shipping-taxable","12":"purchasable","13":"product-type-variable"},"yoast_head":"<!-- This site is optimized with the Yoast SEO plugin v27.0 - https:\/\/yoast.com\/product\/yoast-seo-wordpress\/ -->\n<title>Cheval d\u2019ar\u00e7ons olympique - competition - Laus\u00edn y Vicente<\/title>\n<meta name=\"robots\" content=\"index, follow, max-snippet:-1, max-image-preview:large, max-video-preview:-1\" \/>\n<link rel=\"canonical\" href=\"https:\/\/www.lausinyvicente.com\/fr\/equipement-gymnastique\/chevaux-de-saut\/cheval-arcons-olympique-competition\" \/>\n<meta property=\"og:locale\" content=\"fr_FR\" \/>\n<meta property=\"og:type\" content=\"article\" \/>\n<meta property=\"og:title\" content=\"Cheval d\u2019ar\u00e7ons olympique - competition - Laus\u00edn y Vicente\" \/>\n<meta property=\"og:description\" content=\"Tapiss\u00e9 en cuir naturel sur agglom\u00e9r\u00e9 mousse densit\u00e9 200 Kg. Corps fabriqu\u00e9 en bois grande r\u00e9sistance, renforc\u00e9 int\u00e9rieurement. Pieds m\u00e9talliques peints au four. Rallonges m\u00e9talliques avec bases antiglisse en caoutchouc. R\u00e9glable en hauteur de 110 \u00e0 150 cm, \u00e0 intervalles de 5 cm. Syst\u00e8me automatique de fixation en hauteur au moyen de \u201cclic\u201d et vis de fixation aux deux pieds. Cha\u00eene et raidisseur inclus . Ar\u00e7ons en fibre, r\u00e9glables,inclus. Syst\u00e8me de transport incorpor\u00e9 command\u00e9 par un levier.\" \/>\n<meta property=\"og:url\" content=\"https:\/\/www.lausinyvicente.com\/fr\/equipement-gymnastique\/chevaux-de-saut\/cheval-arcons-olympique-competition\" \/>\n<meta property=\"og:site_name\" content=\"Laus\u00edn y Vicente\" \/>\n<meta property=\"og:image\" content=\"https:\/\/www.lausinyvicente.com\/wp-content\/uploads\/2022\/12\/G.05.07-caballo-arcos-olimpico-competicion.jpg\" \/>\n\t<meta property=\"og:image:width\" content=\"720\" \/>\n\t<meta property=\"og:image:height\" content=\"490\" \/>\n\t<meta property=\"og:image:type\" content=\"image\/jpeg\" \/>\n<meta name=\"twitter:card\" content=\"summary_large_image\" \/>\n<script type=\"application\/ld+json\" class=\"yoast-schema-graph\">{\"@context\":\"https:\/\/schema.org\",\"@graph\":[{\"@type\":\"WebPage\",\"@id\":\"https:\/\/www.lausinyvicente.com\/fr\/equipement-gymnastique\/chevaux-de-saut\/cheval-arcons-olympique-competition\",\"url\":\"https:\/\/www.lausinyvicente.com\/fr\/equipement-gymnastique\/chevaux-de-saut\/cheval-arcons-olympique-competition\",\"name\":\"Cheval d\u2019ar\u00e7ons olympique - competition - Laus\u00edn y Vicente\",\"isPartOf\":{\"@id\":\"https:\/\/www.lausinyvicente.com\/#website\"},\"primaryImageOfPage\":{\"@id\":\"https:\/\/www.lausinyvicente.com\/fr\/equipement-gymnastique\/chevaux-de-saut\/cheval-arcons-olympique-competition#primaryimage\"},\"image\":{\"@id\":\"https:\/\/www.lausinyvicente.com\/fr\/equipement-gymnastique\/chevaux-de-saut\/cheval-arcons-olympique-competition#primaryimage\"},\"thumbnailUrl\":\"https:\/\/www.lausinyvicente.com\/wp-content\/uploads\/2022\/12\/G.05.07-caballo-arcos-olimpico-competicion.jpg\",\"datePublished\":\"2022-12-09T12:32:33+00:00\",\"breadcrumb\":{\"@id\":\"https:\/\/www.lausinyvicente.com\/fr\/equipement-gymnastique\/chevaux-de-saut\/cheval-arcons-olympique-competition#breadcrumb\"},\"inLanguage\":\"fr-FR\",\"potentialAction\":[{\"@type\":\"ReadAction\",\"target\":[\"https:\/\/www.lausinyvicente.com\/fr\/equipement-gymnastique\/chevaux-de-saut\/cheval-arcons-olympique-competition\"]}]},{\"@type\":\"ImageObject\",\"inLanguage\":\"fr-FR\",\"@id\":\"https:\/\/www.lausinyvicente.com\/fr\/equipement-gymnastique\/chevaux-de-saut\/cheval-arcons-olympique-competition#primaryimage\",\"url\":\"https:\/\/www.lausinyvicente.com\/wp-content\/uploads\/2022\/12\/G.05.07-caballo-arcos-olimpico-competicion.jpg\",\"contentUrl\":\"https:\/\/www.lausinyvicente.com\/wp-content\/uploads\/2022\/12\/G.05.07-caballo-arcos-olimpico-competicion.jpg\",\"width\":720,\"height\":490},{\"@type\":\"BreadcrumbList\",\"@id\":\"https:\/\/www.lausinyvicente.com\/fr\/equipement-gymnastique\/chevaux-de-saut\/cheval-arcons-olympique-competition#breadcrumb\",\"itemListElement\":[{\"@type\":\"ListItem\",\"position\":1,\"name\":\"Portada\",\"item\":\"https:\/\/www.lausinyvicente.com\/\"},{\"@type\":\"ListItem\",\"position\":2,\"name\":\"Boutique\",\"item\":\"https:\/\/www.lausinyvicente.com\/fr\/boutique\"},{\"@type\":\"ListItem\",\"position\":3,\"name\":\"Cheval d\u2019ar\u00e7ons olympique &#8211; competition\"}]},{\"@type\":\"WebSite\",\"@id\":\"https:\/\/www.lausinyvicente.com\/#website\",\"url\":\"https:\/\/www.lausinyvicente.com\/\",\"name\":\"Laus\u00edn y Vicente\",\"description\":\"Fabricaci\u00f3n y distribuci\u00f3n de material deportivo\",\"potentialAction\":[{\"@type\":\"SearchAction\",\"target\":{\"@type\":\"EntryPoint\",\"urlTemplate\":\"https:\/\/www.lausinyvicente.com\/?s={search_term_string}\"},\"query-input\":{\"@type\":\"PropertyValueSpecification\",\"valueRequired\":true,\"valueName\":\"search_term_string\"}}],\"inLanguage\":\"fr-FR\"}]}<\/script>\n<!-- \/ Yoast SEO plugin. -->","yoast_head_json":{"title":"Cheval d\u2019ar\u00e7ons olympique - competition - Laus\u00edn y Vicente","robots":{"index":"index","follow":"follow","max-snippet":"max-snippet:-1","max-image-preview":"max-image-preview:large","max-video-preview":"max-video-preview:-1"},"canonical":"https:\/\/www.lausinyvicente.com\/fr\/equipement-gymnastique\/chevaux-de-saut\/cheval-arcons-olympique-competition","og_locale":"fr_FR","og_type":"article","og_title":"Cheval d\u2019ar\u00e7ons olympique - competition - Laus\u00edn y Vicente","og_description":"Tapiss\u00e9 en cuir naturel sur agglom\u00e9r\u00e9 mousse densit\u00e9 200 Kg. Corps fabriqu\u00e9 en bois grande r\u00e9sistance, renforc\u00e9 int\u00e9rieurement. Pieds m\u00e9talliques peints au four. Rallonges m\u00e9talliques avec bases antiglisse en caoutchouc. R\u00e9glable en hauteur de 110 \u00e0 150 cm, \u00e0 intervalles de 5 cm. Syst\u00e8me automatique de fixation en hauteur au moyen de \u201cclic\u201d et vis de fixation aux deux pieds. Cha\u00eene et raidisseur inclus . Ar\u00e7ons en fibre, r\u00e9glables,inclus. Syst\u00e8me de transport incorpor\u00e9 command\u00e9 par un levier.","og_url":"https:\/\/www.lausinyvicente.com\/fr\/equipement-gymnastique\/chevaux-de-saut\/cheval-arcons-olympique-competition","og_site_name":"Laus\u00edn y Vicente","og_image":[{"width":720,"height":490,"url":"https:\/\/www.lausinyvicente.com\/wp-content\/uploads\/2022\/12\/G.05.07-caballo-arcos-olimpico-competicion.jpg","type":"image\/jpeg"}],"twitter_card":"summary_large_image","schema":{"@context":"https:\/\/schema.org","@graph":[{"@type":"WebPage","@id":"https:\/\/www.lausinyvicente.com\/fr\/equipement-gymnastique\/chevaux-de-saut\/cheval-arcons-olympique-competition","url":"https:\/\/www.lausinyvicente.com\/fr\/equipement-gymnastique\/chevaux-de-saut\/cheval-arcons-olympique-competition","name":"Cheval d\u2019ar\u00e7ons olympique - competition - Laus\u00edn y Vicente","isPartOf":{"@id":"https:\/\/www.lausinyvicente.com\/#website"},"primaryImageOfPage":{"@id":"https:\/\/www.lausinyvicente.com\/fr\/equipement-gymnastique\/chevaux-de-saut\/cheval-arcons-olympique-competition#primaryimage"},"image":{"@id":"https:\/\/www.lausinyvicente.com\/fr\/equipement-gymnastique\/chevaux-de-saut\/cheval-arcons-olympique-competition#primaryimage"},"thumbnailUrl":"https:\/\/www.lausinyvicente.com\/wp-content\/uploads\/2022\/12\/G.05.07-caballo-arcos-olimpico-competicion.jpg","datePublished":"2022-12-09T12:32:33+00:00","breadcrumb":{"@id":"https:\/\/www.lausinyvicente.com\/fr\/equipement-gymnastique\/chevaux-de-saut\/cheval-arcons-olympique-competition#breadcrumb"},"inLanguage":"fr-FR","potentialAction":[{"@type":"ReadAction","target":["https:\/\/www.lausinyvicente.com\/fr\/equipement-gymnastique\/chevaux-de-saut\/cheval-arcons-olympique-competition"]}]},{"@type":"ImageObject","inLanguage":"fr-FR","@id":"https:\/\/www.lausinyvicente.com\/fr\/equipement-gymnastique\/chevaux-de-saut\/cheval-arcons-olympique-competition#primaryimage","url":"https:\/\/www.lausinyvicente.com\/wp-content\/uploads\/2022\/12\/G.05.07-caballo-arcos-olimpico-competicion.jpg","contentUrl":"https:\/\/www.lausinyvicente.com\/wp-content\/uploads\/2022\/12\/G.05.07-caballo-arcos-olimpico-competicion.jpg","width":720,"height":490},{"@type":"BreadcrumbList","@id":"https:\/\/www.lausinyvicente.com\/fr\/equipement-gymnastique\/chevaux-de-saut\/cheval-arcons-olympique-competition#breadcrumb","itemListElement":[{"@type":"ListItem","position":1,"name":"Portada","item":"https:\/\/www.lausinyvicente.com\/"},{"@type":"ListItem","position":2,"name":"Boutique","item":"https:\/\/www.lausinyvicente.com\/fr\/boutique"},{"@type":"ListItem","position":3,"name":"Cheval d\u2019ar\u00e7ons olympique &#8211; competition"}]},{"@type":"WebSite","@id":"https:\/\/www.lausinyvicente.com\/#website","url":"https:\/\/www.lausinyvicente.com\/","name":"Laus\u00edn y Vicente","description":"Fabricaci\u00f3n y distribuci\u00f3n de material deportivo","potentialAction":[{"@type":"SearchAction","target":{"@type":"EntryPoint","urlTemplate":"https:\/\/www.lausinyvicente.com\/?s={search_term_string}"},"query-input":{"@type":"PropertyValueSpecification","valueRequired":true,"valueName":"search_term_string"}}],"inLanguage":"fr-FR"}]}},"_links":{"self":[{"href":"https:\/\/www.lausinyvicente.com\/fr\/wp-json\/wp\/v2\/product\/3837","targetHints":{"allow":["GET"]}}],"collection":[{"href":"https:\/\/www.lausinyvicente.com\/fr\/wp-json\/wp\/v2\/product"}],"about":[{"href":"https:\/\/www.lausinyvicente.com\/fr\/wp-json\/wp\/v2\/types\/product"}],"wp:featuredmedia":[{"embeddable":true,"href":"https:\/\/www.lausinyvicente.com\/fr\/wp-json\/wp\/v2\/media\/2814"}],"wp:attachment":[{"href":"https:\/\/www.lausinyvicente.com\/fr\/wp-json\/wp\/v2\/media?parent=3837"}],"wp:term":[{"taxonomy":"product_cat","embeddable":true,"href":"https:\/\/www.lausinyvicente.com\/fr\/wp-json\/wp\/v2\/product_cat?post=3837"},{"taxonomy":"product_tag","embeddable":true,"href":"https:\/\/www.lausinyvicente.com\/fr\/wp-json\/wp\/v2\/product_tag?post=3837"}],"curies":[{"name":"wp","href":"https:\/\/api.w.org\/{rel}","templated":true}]}}