{"id":3899,"date":"2022-12-09T12:01:36","date_gmt":"2022-12-09T12:01:36","guid":{"rendered":"https:\/\/www.lausinyvicente.com\/non class\u00e9\/cheval-de-saut-modele-toledo-avec-pieds-en-bois\/"},"modified":"2022-12-09T12:01:36","modified_gmt":"2022-12-09T12:01:36","slug":"cheval-saut-toledo-pieds-bois","status":"publish","type":"product","link":"https:\/\/www.lausinyvicente.com\/fr\/equipement-gymnastique\/chevaux-de-saut\/cheval-saut-toledo-pieds-bois","title":{"rendered":"Cheval de saut mod\u00e8le toledo avec pieds en bois"},"content":{"rendered":"","protected":false},"excerpt":{"rendered":"<p>Corps en bois, tapiss\u00e9 de cuir naturel ou synth\u00e9tique sur mousse densit\u00e9 D-200. , La hauteur et la largeur d\u2019une de ses extremit\u00e9s diminuent graduellement donnant ainsi au cheval la forme traditionnelle \u201cToledo\u201d. Pattes en bois avec rallonges m\u00e9talliques, pieds antiglisse en caoutchouc et r\u00e9glables de 5 en 5 cm au moyen d\u2019un clic et vis de fixation sur une de ses pattes. Systeme de transport inclus.   <\/p>\n","protected":false},"featured_media":2794,"template":"","meta":[],"product_cat":[132,111],"product_tag":[],"class_list":{"0":"post-3899","1":"product","2":"type-product","3":"status-publish","4":"has-post-thumbnail","6":"product_cat-chevaux-de-saut","7":"product_cat-equipement-gymnastique","9":"first","10":"instock","11":"shipping-taxable","12":"purchasable","13":"product-type-variable"},"yoast_head":"<!-- This site is optimized with the Yoast SEO plugin v27.0 - https:\/\/yoast.com\/product\/yoast-seo-wordpress\/ -->\n<title>Cheval de saut mod\u00e8le toledo avec pieds en bois - Laus\u00edn y Vicente<\/title>\n<meta name=\"robots\" content=\"index, follow, max-snippet:-1, max-image-preview:large, max-video-preview:-1\" \/>\n<link rel=\"canonical\" href=\"https:\/\/www.lausinyvicente.com\/fr\/equipement-gymnastique\/chevaux-de-saut\/cheval-saut-toledo-pieds-bois\" \/>\n<meta property=\"og:locale\" content=\"fr_FR\" \/>\n<meta property=\"og:type\" content=\"article\" \/>\n<meta property=\"og:title\" content=\"Cheval de saut mod\u00e8le toledo avec pieds en bois - Laus\u00edn y Vicente\" \/>\n<meta property=\"og:description\" content=\"Corps en bois, tapiss\u00e9 de cuir naturel ou synth\u00e9tique sur mousse densit\u00e9 D-200. , La hauteur et la largeur d\u2019une de ses extremit\u00e9s diminuent graduellement donnant ainsi au cheval la forme traditionnelle \u201cToledo\u201d. Pattes en bois avec rallonges m\u00e9talliques, pieds antiglisse en caoutchouc et r\u00e9glables de 5 en 5 cm au moyen d\u2019un clic et vis de fixation sur une de ses pattes. Systeme de transport inclus.\" \/>\n<meta property=\"og:url\" content=\"https:\/\/www.lausinyvicente.com\/fr\/equipement-gymnastique\/chevaux-de-saut\/cheval-saut-toledo-pieds-bois\" \/>\n<meta property=\"og:site_name\" content=\"Laus\u00edn y Vicente\" \/>\n<meta property=\"og:image\" content=\"https:\/\/www.lausinyvicente.com\/wp-content\/uploads\/2022\/12\/G.05.03-caballo-salto-TOLEDO-patas-madera.jpg\" \/>\n\t<meta property=\"og:image:width\" content=\"720\" \/>\n\t<meta property=\"og:image:height\" content=\"490\" \/>\n\t<meta property=\"og:image:type\" content=\"image\/jpeg\" \/>\n<meta name=\"twitter:card\" content=\"summary_large_image\" \/>\n<script type=\"application\/ld+json\" class=\"yoast-schema-graph\">{\"@context\":\"https:\/\/schema.org\",\"@graph\":[{\"@type\":\"WebPage\",\"@id\":\"https:\/\/www.lausinyvicente.com\/fr\/equipement-gymnastique\/chevaux-de-saut\/cheval-saut-toledo-pieds-bois\",\"url\":\"https:\/\/www.lausinyvicente.com\/fr\/equipement-gymnastique\/chevaux-de-saut\/cheval-saut-toledo-pieds-bois\",\"name\":\"Cheval de saut mod\u00e8le toledo avec pieds en bois - Laus\u00edn y Vicente\",\"isPartOf\":{\"@id\":\"https:\/\/www.lausinyvicente.com\/#website\"},\"primaryImageOfPage\":{\"@id\":\"https:\/\/www.lausinyvicente.com\/fr\/equipement-gymnastique\/chevaux-de-saut\/cheval-saut-toledo-pieds-bois#primaryimage\"},\"image\":{\"@id\":\"https:\/\/www.lausinyvicente.com\/fr\/equipement-gymnastique\/chevaux-de-saut\/cheval-saut-toledo-pieds-bois#primaryimage\"},\"thumbnailUrl\":\"https:\/\/www.lausinyvicente.com\/wp-content\/uploads\/2022\/12\/G.05.03-caballo-salto-TOLEDO-patas-madera.jpg\",\"datePublished\":\"2022-12-09T12:01:36+00:00\",\"breadcrumb\":{\"@id\":\"https:\/\/www.lausinyvicente.com\/fr\/equipement-gymnastique\/chevaux-de-saut\/cheval-saut-toledo-pieds-bois#breadcrumb\"},\"inLanguage\":\"fr-FR\",\"potentialAction\":[{\"@type\":\"ReadAction\",\"target\":[\"https:\/\/www.lausinyvicente.com\/fr\/equipement-gymnastique\/chevaux-de-saut\/cheval-saut-toledo-pieds-bois\"]}]},{\"@type\":\"ImageObject\",\"inLanguage\":\"fr-FR\",\"@id\":\"https:\/\/www.lausinyvicente.com\/fr\/equipement-gymnastique\/chevaux-de-saut\/cheval-saut-toledo-pieds-bois#primaryimage\",\"url\":\"https:\/\/www.lausinyvicente.com\/wp-content\/uploads\/2022\/12\/G.05.03-caballo-salto-TOLEDO-patas-madera.jpg\",\"contentUrl\":\"https:\/\/www.lausinyvicente.com\/wp-content\/uploads\/2022\/12\/G.05.03-caballo-salto-TOLEDO-patas-madera.jpg\",\"width\":720,\"height\":490},{\"@type\":\"BreadcrumbList\",\"@id\":\"https:\/\/www.lausinyvicente.com\/fr\/equipement-gymnastique\/chevaux-de-saut\/cheval-saut-toledo-pieds-bois#breadcrumb\",\"itemListElement\":[{\"@type\":\"ListItem\",\"position\":1,\"name\":\"Portada\",\"item\":\"https:\/\/www.lausinyvicente.com\/\"},{\"@type\":\"ListItem\",\"position\":2,\"name\":\"Boutique\",\"item\":\"https:\/\/www.lausinyvicente.com\/fr\/boutique\"},{\"@type\":\"ListItem\",\"position\":3,\"name\":\"Cheval de saut mod\u00e8le toledo avec pieds en bois\"}]},{\"@type\":\"WebSite\",\"@id\":\"https:\/\/www.lausinyvicente.com\/#website\",\"url\":\"https:\/\/www.lausinyvicente.com\/\",\"name\":\"Laus\u00edn y Vicente\",\"description\":\"Fabricaci\u00f3n y distribuci\u00f3n de material deportivo\",\"potentialAction\":[{\"@type\":\"SearchAction\",\"target\":{\"@type\":\"EntryPoint\",\"urlTemplate\":\"https:\/\/www.lausinyvicente.com\/?s={search_term_string}\"},\"query-input\":{\"@type\":\"PropertyValueSpecification\",\"valueRequired\":true,\"valueName\":\"search_term_string\"}}],\"inLanguage\":\"fr-FR\"}]}<\/script>\n<!-- \/ Yoast SEO plugin. -->","yoast_head_json":{"title":"Cheval de saut mod\u00e8le toledo avec pieds en bois - Laus\u00edn y Vicente","robots":{"index":"index","follow":"follow","max-snippet":"max-snippet:-1","max-image-preview":"max-image-preview:large","max-video-preview":"max-video-preview:-1"},"canonical":"https:\/\/www.lausinyvicente.com\/fr\/equipement-gymnastique\/chevaux-de-saut\/cheval-saut-toledo-pieds-bois","og_locale":"fr_FR","og_type":"article","og_title":"Cheval de saut mod\u00e8le toledo avec pieds en bois - Laus\u00edn y Vicente","og_description":"Corps en bois, tapiss\u00e9 de cuir naturel ou synth\u00e9tique sur mousse densit\u00e9 D-200. , La hauteur et la largeur d\u2019une de ses extremit\u00e9s diminuent graduellement donnant ainsi au cheval la forme traditionnelle \u201cToledo\u201d. Pattes en bois avec rallonges m\u00e9talliques, pieds antiglisse en caoutchouc et r\u00e9glables de 5 en 5 cm au moyen d\u2019un clic et vis de fixation sur une de ses pattes. Systeme de transport inclus.","og_url":"https:\/\/www.lausinyvicente.com\/fr\/equipement-gymnastique\/chevaux-de-saut\/cheval-saut-toledo-pieds-bois","og_site_name":"Laus\u00edn y Vicente","og_image":[{"width":720,"height":490,"url":"https:\/\/www.lausinyvicente.com\/wp-content\/uploads\/2022\/12\/G.05.03-caballo-salto-TOLEDO-patas-madera.jpg","type":"image\/jpeg"}],"twitter_card":"summary_large_image","schema":{"@context":"https:\/\/schema.org","@graph":[{"@type":"WebPage","@id":"https:\/\/www.lausinyvicente.com\/fr\/equipement-gymnastique\/chevaux-de-saut\/cheval-saut-toledo-pieds-bois","url":"https:\/\/www.lausinyvicente.com\/fr\/equipement-gymnastique\/chevaux-de-saut\/cheval-saut-toledo-pieds-bois","name":"Cheval de saut mod\u00e8le toledo avec pieds en bois - Laus\u00edn y Vicente","isPartOf":{"@id":"https:\/\/www.lausinyvicente.com\/#website"},"primaryImageOfPage":{"@id":"https:\/\/www.lausinyvicente.com\/fr\/equipement-gymnastique\/chevaux-de-saut\/cheval-saut-toledo-pieds-bois#primaryimage"},"image":{"@id":"https:\/\/www.lausinyvicente.com\/fr\/equipement-gymnastique\/chevaux-de-saut\/cheval-saut-toledo-pieds-bois#primaryimage"},"thumbnailUrl":"https:\/\/www.lausinyvicente.com\/wp-content\/uploads\/2022\/12\/G.05.03-caballo-salto-TOLEDO-patas-madera.jpg","datePublished":"2022-12-09T12:01:36+00:00","breadcrumb":{"@id":"https:\/\/www.lausinyvicente.com\/fr\/equipement-gymnastique\/chevaux-de-saut\/cheval-saut-toledo-pieds-bois#breadcrumb"},"inLanguage":"fr-FR","potentialAction":[{"@type":"ReadAction","target":["https:\/\/www.lausinyvicente.com\/fr\/equipement-gymnastique\/chevaux-de-saut\/cheval-saut-toledo-pieds-bois"]}]},{"@type":"ImageObject","inLanguage":"fr-FR","@id":"https:\/\/www.lausinyvicente.com\/fr\/equipement-gymnastique\/chevaux-de-saut\/cheval-saut-toledo-pieds-bois#primaryimage","url":"https:\/\/www.lausinyvicente.com\/wp-content\/uploads\/2022\/12\/G.05.03-caballo-salto-TOLEDO-patas-madera.jpg","contentUrl":"https:\/\/www.lausinyvicente.com\/wp-content\/uploads\/2022\/12\/G.05.03-caballo-salto-TOLEDO-patas-madera.jpg","width":720,"height":490},{"@type":"BreadcrumbList","@id":"https:\/\/www.lausinyvicente.com\/fr\/equipement-gymnastique\/chevaux-de-saut\/cheval-saut-toledo-pieds-bois#breadcrumb","itemListElement":[{"@type":"ListItem","position":1,"name":"Portada","item":"https:\/\/www.lausinyvicente.com\/"},{"@type":"ListItem","position":2,"name":"Boutique","item":"https:\/\/www.lausinyvicente.com\/fr\/boutique"},{"@type":"ListItem","position":3,"name":"Cheval de saut mod\u00e8le toledo avec pieds en bois"}]},{"@type":"WebSite","@id":"https:\/\/www.lausinyvicente.com\/#website","url":"https:\/\/www.lausinyvicente.com\/","name":"Laus\u00edn y Vicente","description":"Fabricaci\u00f3n y distribuci\u00f3n de material deportivo","potentialAction":[{"@type":"SearchAction","target":{"@type":"EntryPoint","urlTemplate":"https:\/\/www.lausinyvicente.com\/?s={search_term_string}"},"query-input":{"@type":"PropertyValueSpecification","valueRequired":true,"valueName":"search_term_string"}}],"inLanguage":"fr-FR"}]}},"_links":{"self":[{"href":"https:\/\/www.lausinyvicente.com\/fr\/wp-json\/wp\/v2\/product\/3899","targetHints":{"allow":["GET"]}}],"collection":[{"href":"https:\/\/www.lausinyvicente.com\/fr\/wp-json\/wp\/v2\/product"}],"about":[{"href":"https:\/\/www.lausinyvicente.com\/fr\/wp-json\/wp\/v2\/types\/product"}],"wp:featuredmedia":[{"embeddable":true,"href":"https:\/\/www.lausinyvicente.com\/fr\/wp-json\/wp\/v2\/media\/2794"}],"wp:attachment":[{"href":"https:\/\/www.lausinyvicente.com\/fr\/wp-json\/wp\/v2\/media?parent=3899"}],"wp:term":[{"taxonomy":"product_cat","embeddable":true,"href":"https:\/\/www.lausinyvicente.com\/fr\/wp-json\/wp\/v2\/product_cat?post=3899"},{"taxonomy":"product_tag","embeddable":true,"href":"https:\/\/www.lausinyvicente.com\/fr\/wp-json\/wp\/v2\/product_tag?post=3899"}],"curies":[{"name":"wp","href":"https:\/\/api.w.org\/{rel}","templated":true}]}}