{"id":3911,"date":"2022-12-09T11:09:04","date_gmt":"2022-12-09T11:09:04","guid":{"rendered":"https:\/\/www.lausinyvicente.com\/non class\u00e9\/poutre-dequilibre-initiation-aluminium\/"},"modified":"2022-12-09T11:09:04","modified_gmt":"2022-12-09T11:09:04","slug":"poutre-equilibre-initation-aluminium","status":"publish","type":"product","link":"https:\/\/www.lausinyvicente.com\/fr\/equipement-gymnastique\/poutres\/poutre-equilibre-initation-aluminium","title":{"rendered":"Poutre d\u2019\u00e9quilibre initiation aluminium"},"content":{"rendered":"","protected":false},"excerpt":{"rendered":"<p>Profil\u00e9s d\u2019aluminium moquette ou recouvert de cuir synth\u00e9tique. Supports m\u00e9talliques fixes, peints au four. Base antid\u00e9rapante. Longueur: 3 m et 5 m. Hauteur 0,30 m. Mesures r\u00e9glementaires.     <\/p>\n","protected":false},"featured_media":2792,"template":"","meta":[],"product_cat":[111,134],"product_tag":[],"class_list":{"0":"post-3911","1":"product","2":"type-product","3":"status-publish","4":"has-post-thumbnail","6":"product_cat-equipement-gymnastique","7":"product_cat-poutres","9":"first","10":"instock","11":"shipping-taxable","12":"purchasable","13":"product-type-variable"},"yoast_head":"<!-- This site is optimized with the Yoast SEO plugin v27.0 - https:\/\/yoast.com\/product\/yoast-seo-wordpress\/ -->\n<title>Poutre d\u2019\u00e9quilibre initiation aluminium - Laus\u00edn y Vicente<\/title>\n<meta name=\"robots\" content=\"index, follow, max-snippet:-1, max-image-preview:large, max-video-preview:-1\" \/>\n<link rel=\"canonical\" href=\"https:\/\/www.lausinyvicente.com\/fr\/equipement-gymnastique\/poutres\/poutre-equilibre-initation-aluminium\" \/>\n<meta property=\"og:locale\" content=\"fr_FR\" \/>\n<meta property=\"og:type\" content=\"article\" \/>\n<meta property=\"og:title\" content=\"Poutre d\u2019\u00e9quilibre initiation aluminium - Laus\u00edn y Vicente\" \/>\n<meta property=\"og:description\" content=\"Profil\u00e9s d\u2019aluminium moquette ou recouvert de cuir synth\u00e9tique. Supports m\u00e9talliques fixes, peints au four. Base antid\u00e9rapante. Longueur: 3 m et 5 m. Hauteur 0,30 m. Mesures r\u00e9glementaires.\" \/>\n<meta property=\"og:url\" content=\"https:\/\/www.lausinyvicente.com\/fr\/equipement-gymnastique\/poutres\/poutre-equilibre-initation-aluminium\" \/>\n<meta property=\"og:site_name\" content=\"Laus\u00edn y Vicente\" \/>\n<meta property=\"og:image\" content=\"https:\/\/www.lausinyvicente.com\/wp-content\/uploads\/2022\/12\/G.04.180_Barra-equilibrio-iniciacion-aluminio.jpg\" \/>\n\t<meta property=\"og:image:width\" content=\"720\" \/>\n\t<meta property=\"og:image:height\" content=\"490\" \/>\n\t<meta property=\"og:image:type\" content=\"image\/jpeg\" \/>\n<meta name=\"twitter:card\" content=\"summary_large_image\" \/>\n<script type=\"application\/ld+json\" class=\"yoast-schema-graph\">{\"@context\":\"https:\/\/schema.org\",\"@graph\":[{\"@type\":\"WebPage\",\"@id\":\"https:\/\/www.lausinyvicente.com\/fr\/equipement-gymnastique\/poutres\/poutre-equilibre-initation-aluminium\",\"url\":\"https:\/\/www.lausinyvicente.com\/fr\/equipement-gymnastique\/poutres\/poutre-equilibre-initation-aluminium\",\"name\":\"Poutre d\u2019\u00e9quilibre initiation aluminium - Laus\u00edn y Vicente\",\"isPartOf\":{\"@id\":\"https:\/\/www.lausinyvicente.com\/#website\"},\"primaryImageOfPage\":{\"@id\":\"https:\/\/www.lausinyvicente.com\/fr\/equipement-gymnastique\/poutres\/poutre-equilibre-initation-aluminium#primaryimage\"},\"image\":{\"@id\":\"https:\/\/www.lausinyvicente.com\/fr\/equipement-gymnastique\/poutres\/poutre-equilibre-initation-aluminium#primaryimage\"},\"thumbnailUrl\":\"https:\/\/www.lausinyvicente.com\/wp-content\/uploads\/2022\/12\/G.04.180_Barra-equilibrio-iniciacion-aluminio.jpg\",\"datePublished\":\"2022-12-09T11:09:04+00:00\",\"breadcrumb\":{\"@id\":\"https:\/\/www.lausinyvicente.com\/fr\/equipement-gymnastique\/poutres\/poutre-equilibre-initation-aluminium#breadcrumb\"},\"inLanguage\":\"fr-FR\",\"potentialAction\":[{\"@type\":\"ReadAction\",\"target\":[\"https:\/\/www.lausinyvicente.com\/fr\/equipement-gymnastique\/poutres\/poutre-equilibre-initation-aluminium\"]}]},{\"@type\":\"ImageObject\",\"inLanguage\":\"fr-FR\",\"@id\":\"https:\/\/www.lausinyvicente.com\/fr\/equipement-gymnastique\/poutres\/poutre-equilibre-initation-aluminium#primaryimage\",\"url\":\"https:\/\/www.lausinyvicente.com\/wp-content\/uploads\/2022\/12\/G.04.180_Barra-equilibrio-iniciacion-aluminio.jpg\",\"contentUrl\":\"https:\/\/www.lausinyvicente.com\/wp-content\/uploads\/2022\/12\/G.04.180_Barra-equilibrio-iniciacion-aluminio.jpg\",\"width\":720,\"height\":490},{\"@type\":\"BreadcrumbList\",\"@id\":\"https:\/\/www.lausinyvicente.com\/fr\/equipement-gymnastique\/poutres\/poutre-equilibre-initation-aluminium#breadcrumb\",\"itemListElement\":[{\"@type\":\"ListItem\",\"position\":1,\"name\":\"Portada\",\"item\":\"https:\/\/www.lausinyvicente.com\/\"},{\"@type\":\"ListItem\",\"position\":2,\"name\":\"Boutique\",\"item\":\"https:\/\/www.lausinyvicente.com\/fr\/boutique\"},{\"@type\":\"ListItem\",\"position\":3,\"name\":\"Poutre d\u2019\u00e9quilibre initiation aluminium\"}]},{\"@type\":\"WebSite\",\"@id\":\"https:\/\/www.lausinyvicente.com\/#website\",\"url\":\"https:\/\/www.lausinyvicente.com\/\",\"name\":\"Laus\u00edn y Vicente\",\"description\":\"Fabricaci\u00f3n y distribuci\u00f3n de material deportivo\",\"potentialAction\":[{\"@type\":\"SearchAction\",\"target\":{\"@type\":\"EntryPoint\",\"urlTemplate\":\"https:\/\/www.lausinyvicente.com\/?s={search_term_string}\"},\"query-input\":{\"@type\":\"PropertyValueSpecification\",\"valueRequired\":true,\"valueName\":\"search_term_string\"}}],\"inLanguage\":\"fr-FR\"}]}<\/script>\n<!-- \/ Yoast SEO plugin. -->","yoast_head_json":{"title":"Poutre d\u2019\u00e9quilibre initiation aluminium - Laus\u00edn y Vicente","robots":{"index":"index","follow":"follow","max-snippet":"max-snippet:-1","max-image-preview":"max-image-preview:large","max-video-preview":"max-video-preview:-1"},"canonical":"https:\/\/www.lausinyvicente.com\/fr\/equipement-gymnastique\/poutres\/poutre-equilibre-initation-aluminium","og_locale":"fr_FR","og_type":"article","og_title":"Poutre d\u2019\u00e9quilibre initiation aluminium - Laus\u00edn y Vicente","og_description":"Profil\u00e9s d\u2019aluminium moquette ou recouvert de cuir synth\u00e9tique. Supports m\u00e9talliques fixes, peints au four. Base antid\u00e9rapante. Longueur: 3 m et 5 m. Hauteur 0,30 m. Mesures r\u00e9glementaires.","og_url":"https:\/\/www.lausinyvicente.com\/fr\/equipement-gymnastique\/poutres\/poutre-equilibre-initation-aluminium","og_site_name":"Laus\u00edn y Vicente","og_image":[{"width":720,"height":490,"url":"https:\/\/www.lausinyvicente.com\/wp-content\/uploads\/2022\/12\/G.04.180_Barra-equilibrio-iniciacion-aluminio.jpg","type":"image\/jpeg"}],"twitter_card":"summary_large_image","schema":{"@context":"https:\/\/schema.org","@graph":[{"@type":"WebPage","@id":"https:\/\/www.lausinyvicente.com\/fr\/equipement-gymnastique\/poutres\/poutre-equilibre-initation-aluminium","url":"https:\/\/www.lausinyvicente.com\/fr\/equipement-gymnastique\/poutres\/poutre-equilibre-initation-aluminium","name":"Poutre d\u2019\u00e9quilibre initiation aluminium - Laus\u00edn y Vicente","isPartOf":{"@id":"https:\/\/www.lausinyvicente.com\/#website"},"primaryImageOfPage":{"@id":"https:\/\/www.lausinyvicente.com\/fr\/equipement-gymnastique\/poutres\/poutre-equilibre-initation-aluminium#primaryimage"},"image":{"@id":"https:\/\/www.lausinyvicente.com\/fr\/equipement-gymnastique\/poutres\/poutre-equilibre-initation-aluminium#primaryimage"},"thumbnailUrl":"https:\/\/www.lausinyvicente.com\/wp-content\/uploads\/2022\/12\/G.04.180_Barra-equilibrio-iniciacion-aluminio.jpg","datePublished":"2022-12-09T11:09:04+00:00","breadcrumb":{"@id":"https:\/\/www.lausinyvicente.com\/fr\/equipement-gymnastique\/poutres\/poutre-equilibre-initation-aluminium#breadcrumb"},"inLanguage":"fr-FR","potentialAction":[{"@type":"ReadAction","target":["https:\/\/www.lausinyvicente.com\/fr\/equipement-gymnastique\/poutres\/poutre-equilibre-initation-aluminium"]}]},{"@type":"ImageObject","inLanguage":"fr-FR","@id":"https:\/\/www.lausinyvicente.com\/fr\/equipement-gymnastique\/poutres\/poutre-equilibre-initation-aluminium#primaryimage","url":"https:\/\/www.lausinyvicente.com\/wp-content\/uploads\/2022\/12\/G.04.180_Barra-equilibrio-iniciacion-aluminio.jpg","contentUrl":"https:\/\/www.lausinyvicente.com\/wp-content\/uploads\/2022\/12\/G.04.180_Barra-equilibrio-iniciacion-aluminio.jpg","width":720,"height":490},{"@type":"BreadcrumbList","@id":"https:\/\/www.lausinyvicente.com\/fr\/equipement-gymnastique\/poutres\/poutre-equilibre-initation-aluminium#breadcrumb","itemListElement":[{"@type":"ListItem","position":1,"name":"Portada","item":"https:\/\/www.lausinyvicente.com\/"},{"@type":"ListItem","position":2,"name":"Boutique","item":"https:\/\/www.lausinyvicente.com\/fr\/boutique"},{"@type":"ListItem","position":3,"name":"Poutre d\u2019\u00e9quilibre initiation aluminium"}]},{"@type":"WebSite","@id":"https:\/\/www.lausinyvicente.com\/#website","url":"https:\/\/www.lausinyvicente.com\/","name":"Laus\u00edn y Vicente","description":"Fabricaci\u00f3n y distribuci\u00f3n de material deportivo","potentialAction":[{"@type":"SearchAction","target":{"@type":"EntryPoint","urlTemplate":"https:\/\/www.lausinyvicente.com\/?s={search_term_string}"},"query-input":{"@type":"PropertyValueSpecification","valueRequired":true,"valueName":"search_term_string"}}],"inLanguage":"fr-FR"}]}},"_links":{"self":[{"href":"https:\/\/www.lausinyvicente.com\/fr\/wp-json\/wp\/v2\/product\/3911","targetHints":{"allow":["GET"]}}],"collection":[{"href":"https:\/\/www.lausinyvicente.com\/fr\/wp-json\/wp\/v2\/product"}],"about":[{"href":"https:\/\/www.lausinyvicente.com\/fr\/wp-json\/wp\/v2\/types\/product"}],"wp:featuredmedia":[{"embeddable":true,"href":"https:\/\/www.lausinyvicente.com\/fr\/wp-json\/wp\/v2\/media\/2792"}],"wp:attachment":[{"href":"https:\/\/www.lausinyvicente.com\/fr\/wp-json\/wp\/v2\/media?parent=3911"}],"wp:term":[{"taxonomy":"product_cat","embeddable":true,"href":"https:\/\/www.lausinyvicente.com\/fr\/wp-json\/wp\/v2\/product_cat?post=3911"},{"taxonomy":"product_tag","embeddable":true,"href":"https:\/\/www.lausinyvicente.com\/fr\/wp-json\/wp\/v2\/product_tag?post=3911"}],"curies":[{"name":"wp","href":"https:\/\/api.w.org\/{rel}","templated":true}]}}