{"id":4053,"date":"2022-11-30T17:25:12","date_gmt":"2022-11-30T17:25:12","guid":{"rendered":"https:\/\/www.lausinyvicente.com\/non class\u00e9\/buts-flottants-de-water-polo-competition\/"},"modified":"2022-11-30T17:25:12","modified_gmt":"2022-11-30T17:25:12","slug":"buts-flottants-water-polo-competition","status":"publish","type":"product","link":"https:\/\/www.lausinyvicente.com\/fr\/equipement-sport\/water-polo\/buts-flottants-water-polo-competition","title":{"rendered":"Buts flottants de water-polo. Comp\u00e9tition"},"content":{"rendered":"","protected":false},"excerpt":{"rendered":"<p>Fabriqu\u00e9s enti\u00e8rement en aluminium: Cadre de 3.00 x 0.90 x 1,60 m peint en blanc, \u00e0 section rectangulaire de 75 x 40 mm. Plateforme flottante en rouge brillant avec crochets. Gr\u00e2ce aux flotteurs tr\u00e8s larges l\u2019ensemble est tr\u00e8s stable. La partie arri\u00e8re peut \u00eatre relev\u00e9e. Les poteaux et les barres transversales sont blancs et les flotteurs rouges. Il est \u00e9quip\u00e9 de crochets pour fixer le filet. Prix par paire sans filets.       <\/p>\n","protected":false},"featured_media":2720,"template":"","meta":[],"product_cat":[143,144],"product_tag":[],"class_list":{"0":"post-4053","1":"product","2":"type-product","3":"status-publish","4":"has-post-thumbnail","6":"product_cat-equipement-sport","7":"product_cat-water-polo","9":"first","10":"instock","11":"shipping-taxable","12":"purchasable","13":"product-type-simple"},"yoast_head":"<!-- This site is optimized with the Yoast SEO plugin v27.0 - https:\/\/yoast.com\/product\/yoast-seo-wordpress\/ -->\n<title>Buts flottants de water-polo. Comp\u00e9tition - Laus\u00edn y Vicente<\/title>\n<meta name=\"robots\" content=\"index, follow, max-snippet:-1, max-image-preview:large, max-video-preview:-1\" \/>\n<link rel=\"canonical\" href=\"https:\/\/www.lausinyvicente.com\/fr\/equipement-sport\/water-polo\/buts-flottants-water-polo-competition\" \/>\n<meta property=\"og:locale\" content=\"fr_FR\" \/>\n<meta property=\"og:type\" content=\"article\" \/>\n<meta property=\"og:title\" content=\"Buts flottants de water-polo. Comp\u00e9tition - Laus\u00edn y Vicente\" \/>\n<meta property=\"og:description\" content=\"Fabriqu\u00e9s enti\u00e8rement en aluminium: Cadre de 3.00 x 0.90 x 1,60 m peint en blanc, \u00e0 section rectangulaire de 75 x 40 mm. Plateforme flottante en rouge brillant avec crochets. Gr\u00e2ce aux flotteurs tr\u00e8s larges l\u2019ensemble est tr\u00e8s stable. La partie arri\u00e8re peut \u00eatre relev\u00e9e. Les poteaux et les barres transversales sont blancs et les flotteurs rouges. Il est \u00e9quip\u00e9 de crochets pour fixer le filet. Prix par paire sans filets.\" \/>\n<meta property=\"og:url\" content=\"https:\/\/www.lausinyvicente.com\/fr\/equipement-sport\/water-polo\/buts-flottants-water-polo-competition\" \/>\n<meta property=\"og:site_name\" content=\"Laus\u00edn y Vicente\" \/>\n<meta property=\"og:image\" content=\"https:\/\/www.lausinyvicente.com\/wp-content\/uploads\/2022\/11\/D.12.02_Porterias-waterpolo-flotante-competicion.jpg\" \/>\n\t<meta property=\"og:image:width\" content=\"720\" \/>\n\t<meta property=\"og:image:height\" content=\"490\" \/>\n\t<meta property=\"og:image:type\" content=\"image\/jpeg\" \/>\n<meta name=\"twitter:card\" content=\"summary_large_image\" \/>\n<script type=\"application\/ld+json\" class=\"yoast-schema-graph\">{\"@context\":\"https:\/\/schema.org\",\"@graph\":[{\"@type\":\"WebPage\",\"@id\":\"https:\/\/www.lausinyvicente.com\/fr\/equipement-sport\/water-polo\/buts-flottants-water-polo-competition\",\"url\":\"https:\/\/www.lausinyvicente.com\/fr\/equipement-sport\/water-polo\/buts-flottants-water-polo-competition\",\"name\":\"Buts flottants de water-polo. Comp\u00e9tition - Laus\u00edn y Vicente\",\"isPartOf\":{\"@id\":\"https:\/\/www.lausinyvicente.com\/#website\"},\"primaryImageOfPage\":{\"@id\":\"https:\/\/www.lausinyvicente.com\/fr\/equipement-sport\/water-polo\/buts-flottants-water-polo-competition#primaryimage\"},\"image\":{\"@id\":\"https:\/\/www.lausinyvicente.com\/fr\/equipement-sport\/water-polo\/buts-flottants-water-polo-competition#primaryimage\"},\"thumbnailUrl\":\"https:\/\/www.lausinyvicente.com\/wp-content\/uploads\/2022\/11\/D.12.02_Porterias-waterpolo-flotante-competicion.jpg\",\"datePublished\":\"2022-11-30T17:25:12+00:00\",\"breadcrumb\":{\"@id\":\"https:\/\/www.lausinyvicente.com\/fr\/equipement-sport\/water-polo\/buts-flottants-water-polo-competition#breadcrumb\"},\"inLanguage\":\"fr-FR\",\"potentialAction\":[{\"@type\":\"ReadAction\",\"target\":[\"https:\/\/www.lausinyvicente.com\/fr\/equipement-sport\/water-polo\/buts-flottants-water-polo-competition\"]}]},{\"@type\":\"ImageObject\",\"inLanguage\":\"fr-FR\",\"@id\":\"https:\/\/www.lausinyvicente.com\/fr\/equipement-sport\/water-polo\/buts-flottants-water-polo-competition#primaryimage\",\"url\":\"https:\/\/www.lausinyvicente.com\/wp-content\/uploads\/2022\/11\/D.12.02_Porterias-waterpolo-flotante-competicion.jpg\",\"contentUrl\":\"https:\/\/www.lausinyvicente.com\/wp-content\/uploads\/2022\/11\/D.12.02_Porterias-waterpolo-flotante-competicion.jpg\",\"width\":720,\"height\":490},{\"@type\":\"BreadcrumbList\",\"@id\":\"https:\/\/www.lausinyvicente.com\/fr\/equipement-sport\/water-polo\/buts-flottants-water-polo-competition#breadcrumb\",\"itemListElement\":[{\"@type\":\"ListItem\",\"position\":1,\"name\":\"Portada\",\"item\":\"https:\/\/www.lausinyvicente.com\/\"},{\"@type\":\"ListItem\",\"position\":2,\"name\":\"Boutique\",\"item\":\"https:\/\/www.lausinyvicente.com\/fr\/boutique\"},{\"@type\":\"ListItem\",\"position\":3,\"name\":\"Buts flottants de water-polo. Comp\u00e9tition\"}]},{\"@type\":\"WebSite\",\"@id\":\"https:\/\/www.lausinyvicente.com\/#website\",\"url\":\"https:\/\/www.lausinyvicente.com\/\",\"name\":\"Laus\u00edn y Vicente\",\"description\":\"Fabricaci\u00f3n y distribuci\u00f3n de material deportivo\",\"potentialAction\":[{\"@type\":\"SearchAction\",\"target\":{\"@type\":\"EntryPoint\",\"urlTemplate\":\"https:\/\/www.lausinyvicente.com\/?s={search_term_string}\"},\"query-input\":{\"@type\":\"PropertyValueSpecification\",\"valueRequired\":true,\"valueName\":\"search_term_string\"}}],\"inLanguage\":\"fr-FR\"}]}<\/script>\n<!-- \/ Yoast SEO plugin. -->","yoast_head_json":{"title":"Buts flottants de water-polo. Comp\u00e9tition - Laus\u00edn y Vicente","robots":{"index":"index","follow":"follow","max-snippet":"max-snippet:-1","max-image-preview":"max-image-preview:large","max-video-preview":"max-video-preview:-1"},"canonical":"https:\/\/www.lausinyvicente.com\/fr\/equipement-sport\/water-polo\/buts-flottants-water-polo-competition","og_locale":"fr_FR","og_type":"article","og_title":"Buts flottants de water-polo. Comp\u00e9tition - Laus\u00edn y Vicente","og_description":"Fabriqu\u00e9s enti\u00e8rement en aluminium: Cadre de 3.00 x 0.90 x 1,60 m peint en blanc, \u00e0 section rectangulaire de 75 x 40 mm. Plateforme flottante en rouge brillant avec crochets. Gr\u00e2ce aux flotteurs tr\u00e8s larges l\u2019ensemble est tr\u00e8s stable. La partie arri\u00e8re peut \u00eatre relev\u00e9e. Les poteaux et les barres transversales sont blancs et les flotteurs rouges. Il est \u00e9quip\u00e9 de crochets pour fixer le filet. Prix par paire sans filets.","og_url":"https:\/\/www.lausinyvicente.com\/fr\/equipement-sport\/water-polo\/buts-flottants-water-polo-competition","og_site_name":"Laus\u00edn y Vicente","og_image":[{"width":720,"height":490,"url":"https:\/\/www.lausinyvicente.com\/wp-content\/uploads\/2022\/11\/D.12.02_Porterias-waterpolo-flotante-competicion.jpg","type":"image\/jpeg"}],"twitter_card":"summary_large_image","schema":{"@context":"https:\/\/schema.org","@graph":[{"@type":"WebPage","@id":"https:\/\/www.lausinyvicente.com\/fr\/equipement-sport\/water-polo\/buts-flottants-water-polo-competition","url":"https:\/\/www.lausinyvicente.com\/fr\/equipement-sport\/water-polo\/buts-flottants-water-polo-competition","name":"Buts flottants de water-polo. Comp\u00e9tition - Laus\u00edn y Vicente","isPartOf":{"@id":"https:\/\/www.lausinyvicente.com\/#website"},"primaryImageOfPage":{"@id":"https:\/\/www.lausinyvicente.com\/fr\/equipement-sport\/water-polo\/buts-flottants-water-polo-competition#primaryimage"},"image":{"@id":"https:\/\/www.lausinyvicente.com\/fr\/equipement-sport\/water-polo\/buts-flottants-water-polo-competition#primaryimage"},"thumbnailUrl":"https:\/\/www.lausinyvicente.com\/wp-content\/uploads\/2022\/11\/D.12.02_Porterias-waterpolo-flotante-competicion.jpg","datePublished":"2022-11-30T17:25:12+00:00","breadcrumb":{"@id":"https:\/\/www.lausinyvicente.com\/fr\/equipement-sport\/water-polo\/buts-flottants-water-polo-competition#breadcrumb"},"inLanguage":"fr-FR","potentialAction":[{"@type":"ReadAction","target":["https:\/\/www.lausinyvicente.com\/fr\/equipement-sport\/water-polo\/buts-flottants-water-polo-competition"]}]},{"@type":"ImageObject","inLanguage":"fr-FR","@id":"https:\/\/www.lausinyvicente.com\/fr\/equipement-sport\/water-polo\/buts-flottants-water-polo-competition#primaryimage","url":"https:\/\/www.lausinyvicente.com\/wp-content\/uploads\/2022\/11\/D.12.02_Porterias-waterpolo-flotante-competicion.jpg","contentUrl":"https:\/\/www.lausinyvicente.com\/wp-content\/uploads\/2022\/11\/D.12.02_Porterias-waterpolo-flotante-competicion.jpg","width":720,"height":490},{"@type":"BreadcrumbList","@id":"https:\/\/www.lausinyvicente.com\/fr\/equipement-sport\/water-polo\/buts-flottants-water-polo-competition#breadcrumb","itemListElement":[{"@type":"ListItem","position":1,"name":"Portada","item":"https:\/\/www.lausinyvicente.com\/"},{"@type":"ListItem","position":2,"name":"Boutique","item":"https:\/\/www.lausinyvicente.com\/fr\/boutique"},{"@type":"ListItem","position":3,"name":"Buts flottants de water-polo. Comp\u00e9tition"}]},{"@type":"WebSite","@id":"https:\/\/www.lausinyvicente.com\/#website","url":"https:\/\/www.lausinyvicente.com\/","name":"Laus\u00edn y Vicente","description":"Fabricaci\u00f3n y distribuci\u00f3n de material deportivo","potentialAction":[{"@type":"SearchAction","target":{"@type":"EntryPoint","urlTemplate":"https:\/\/www.lausinyvicente.com\/?s={search_term_string}"},"query-input":{"@type":"PropertyValueSpecification","valueRequired":true,"valueName":"search_term_string"}}],"inLanguage":"fr-FR"}]}},"_links":{"self":[{"href":"https:\/\/www.lausinyvicente.com\/fr\/wp-json\/wp\/v2\/product\/4053","targetHints":{"allow":["GET"]}}],"collection":[{"href":"https:\/\/www.lausinyvicente.com\/fr\/wp-json\/wp\/v2\/product"}],"about":[{"href":"https:\/\/www.lausinyvicente.com\/fr\/wp-json\/wp\/v2\/types\/product"}],"wp:featuredmedia":[{"embeddable":true,"href":"https:\/\/www.lausinyvicente.com\/fr\/wp-json\/wp\/v2\/media\/2720"}],"wp:attachment":[{"href":"https:\/\/www.lausinyvicente.com\/fr\/wp-json\/wp\/v2\/media?parent=4053"}],"wp:term":[{"taxonomy":"product_cat","embeddable":true,"href":"https:\/\/www.lausinyvicente.com\/fr\/wp-json\/wp\/v2\/product_cat?post=4053"},{"taxonomy":"product_tag","embeddable":true,"href":"https:\/\/www.lausinyvicente.com\/fr\/wp-json\/wp\/v2\/product_tag?post=4053"}],"curies":[{"name":"wp","href":"https:\/\/api.w.org\/{rel}","templated":true}]}}