{"id":4131,"date":"2022-11-30T16:32:05","date_gmt":"2022-11-30T16:32:05","guid":{"rendered":"https:\/\/www.lausinyvicente.com\/non class\u00e9\/poteaux-aluminium-90-mm-volleyball-plage\/"},"modified":"2022-11-30T16:32:05","modified_gmt":"2022-11-30T16:32:05","slug":"poteaux-aluminium-90-volleyball-plage","status":"publish","type":"product","link":"https:\/\/www.lausinyvicente.com\/fr\/equipement-sport\/volleyball\/poteaux-aluminium-90-volleyball-plage","title":{"rendered":"Poteaux aluminium 90 mm volleyball plage"},"content":{"rendered":"","protected":false},"excerpt":{"rendered":"<p>Fabriqu\u00e9s en profil\u00e9 en aluminium blanc, \u00e0 section ronde de 90 mm de diam\u00e8tre. R\u00e9glage de la hauteur entre 2 m et 2,43 m r\u00e8glementaire au moyen d\u2019un rail ext\u00e9rieur. Tension du filet au moyen d\u2019une vis ext\u00e9rieure. Fourreaux \u00e0 encastrer inclus. Syst\u00e8me d\u2019ancrage pour poteaux au moyen d\u2019une structure enterr\u00e9e dans le sable en option. Prix par paire.     <\/p>\n","protected":false},"featured_media":2694,"template":"","meta":[],"product_cat":[143,146],"product_tag":[],"class_list":{"0":"post-4131","1":"product","2":"type-product","3":"status-publish","4":"has-post-thumbnail","6":"product_cat-equipement-sport","7":"product_cat-volleyball","9":"first","10":"instock","11":"shipping-taxable","12":"purchasable","13":"product-type-simple"},"yoast_head":"<!-- This site is optimized with the Yoast SEO plugin v27.0 - https:\/\/yoast.com\/product\/yoast-seo-wordpress\/ -->\n<title>Poteaux aluminium 90 mm volleyball plage - Laus\u00edn y Vicente<\/title>\n<meta name=\"robots\" content=\"index, follow, max-snippet:-1, max-image-preview:large, max-video-preview:-1\" \/>\n<link rel=\"canonical\" href=\"https:\/\/www.lausinyvicente.com\/fr\/equipement-sport\/volleyball\/poteaux-aluminium-90-volleyball-plage\" \/>\n<meta property=\"og:locale\" content=\"fr_FR\" \/>\n<meta property=\"og:type\" content=\"article\" \/>\n<meta property=\"og:title\" content=\"Poteaux aluminium 90 mm volleyball plage - Laus\u00edn y Vicente\" \/>\n<meta property=\"og:description\" content=\"Fabriqu\u00e9s en profil\u00e9 en aluminium blanc, \u00e0 section ronde de 90 mm de diam\u00e8tre. R\u00e9glage de la hauteur entre 2 m et 2,43 m r\u00e8glementaire au moyen d\u2019un rail ext\u00e9rieur. Tension du filet au moyen d\u2019une vis ext\u00e9rieure. Fourreaux \u00e0 encastrer inclus. Syst\u00e8me d\u2019ancrage pour poteaux au moyen d\u2019une structure enterr\u00e9e dans le sable en option. Prix par paire.\" \/>\n<meta property=\"og:url\" content=\"https:\/\/www.lausinyvicente.com\/fr\/equipement-sport\/volleyball\/poteaux-aluminium-90-volleyball-plage\" \/>\n<meta property=\"og:site_name\" content=\"Laus\u00edn y Vicente\" \/>\n<meta property=\"og:image\" content=\"https:\/\/www.lausinyvicente.com\/wp-content\/uploads\/2022\/11\/D.03.24-postes-voleibol-playa-aluminio.jpg\" \/>\n\t<meta property=\"og:image:width\" content=\"720\" \/>\n\t<meta property=\"og:image:height\" content=\"490\" \/>\n\t<meta property=\"og:image:type\" content=\"image\/jpeg\" \/>\n<meta name=\"twitter:card\" content=\"summary_large_image\" \/>\n<script type=\"application\/ld+json\" class=\"yoast-schema-graph\">{\"@context\":\"https:\/\/schema.org\",\"@graph\":[{\"@type\":\"WebPage\",\"@id\":\"https:\/\/www.lausinyvicente.com\/fr\/equipement-sport\/volleyball\/poteaux-aluminium-90-volleyball-plage\",\"url\":\"https:\/\/www.lausinyvicente.com\/fr\/equipement-sport\/volleyball\/poteaux-aluminium-90-volleyball-plage\",\"name\":\"Poteaux aluminium 90 mm volleyball plage - Laus\u00edn y Vicente\",\"isPartOf\":{\"@id\":\"https:\/\/www.lausinyvicente.com\/#website\"},\"primaryImageOfPage\":{\"@id\":\"https:\/\/www.lausinyvicente.com\/fr\/equipement-sport\/volleyball\/poteaux-aluminium-90-volleyball-plage#primaryimage\"},\"image\":{\"@id\":\"https:\/\/www.lausinyvicente.com\/fr\/equipement-sport\/volleyball\/poteaux-aluminium-90-volleyball-plage#primaryimage\"},\"thumbnailUrl\":\"https:\/\/www.lausinyvicente.com\/wp-content\/uploads\/2022\/11\/D.03.24-postes-voleibol-playa-aluminio.jpg\",\"datePublished\":\"2022-11-30T16:32:05+00:00\",\"breadcrumb\":{\"@id\":\"https:\/\/www.lausinyvicente.com\/fr\/equipement-sport\/volleyball\/poteaux-aluminium-90-volleyball-plage#breadcrumb\"},\"inLanguage\":\"fr-FR\",\"potentialAction\":[{\"@type\":\"ReadAction\",\"target\":[\"https:\/\/www.lausinyvicente.com\/fr\/equipement-sport\/volleyball\/poteaux-aluminium-90-volleyball-plage\"]}]},{\"@type\":\"ImageObject\",\"inLanguage\":\"fr-FR\",\"@id\":\"https:\/\/www.lausinyvicente.com\/fr\/equipement-sport\/volleyball\/poteaux-aluminium-90-volleyball-plage#primaryimage\",\"url\":\"https:\/\/www.lausinyvicente.com\/wp-content\/uploads\/2022\/11\/D.03.24-postes-voleibol-playa-aluminio.jpg\",\"contentUrl\":\"https:\/\/www.lausinyvicente.com\/wp-content\/uploads\/2022\/11\/D.03.24-postes-voleibol-playa-aluminio.jpg\",\"width\":720,\"height\":490},{\"@type\":\"BreadcrumbList\",\"@id\":\"https:\/\/www.lausinyvicente.com\/fr\/equipement-sport\/volleyball\/poteaux-aluminium-90-volleyball-plage#breadcrumb\",\"itemListElement\":[{\"@type\":\"ListItem\",\"position\":1,\"name\":\"Portada\",\"item\":\"https:\/\/www.lausinyvicente.com\/\"},{\"@type\":\"ListItem\",\"position\":2,\"name\":\"Boutique\",\"item\":\"https:\/\/www.lausinyvicente.com\/fr\/boutique\"},{\"@type\":\"ListItem\",\"position\":3,\"name\":\"Poteaux aluminium 90 mm volleyball plage\"}]},{\"@type\":\"WebSite\",\"@id\":\"https:\/\/www.lausinyvicente.com\/#website\",\"url\":\"https:\/\/www.lausinyvicente.com\/\",\"name\":\"Laus\u00edn y Vicente\",\"description\":\"Fabricaci\u00f3n y distribuci\u00f3n de material deportivo\",\"potentialAction\":[{\"@type\":\"SearchAction\",\"target\":{\"@type\":\"EntryPoint\",\"urlTemplate\":\"https:\/\/www.lausinyvicente.com\/?s={search_term_string}\"},\"query-input\":{\"@type\":\"PropertyValueSpecification\",\"valueRequired\":true,\"valueName\":\"search_term_string\"}}],\"inLanguage\":\"fr-FR\"}]}<\/script>\n<!-- \/ Yoast SEO plugin. -->","yoast_head_json":{"title":"Poteaux aluminium 90 mm volleyball plage - Laus\u00edn y Vicente","robots":{"index":"index","follow":"follow","max-snippet":"max-snippet:-1","max-image-preview":"max-image-preview:large","max-video-preview":"max-video-preview:-1"},"canonical":"https:\/\/www.lausinyvicente.com\/fr\/equipement-sport\/volleyball\/poteaux-aluminium-90-volleyball-plage","og_locale":"fr_FR","og_type":"article","og_title":"Poteaux aluminium 90 mm volleyball plage - Laus\u00edn y Vicente","og_description":"Fabriqu\u00e9s en profil\u00e9 en aluminium blanc, \u00e0 section ronde de 90 mm de diam\u00e8tre. R\u00e9glage de la hauteur entre 2 m et 2,43 m r\u00e8glementaire au moyen d\u2019un rail ext\u00e9rieur. Tension du filet au moyen d\u2019une vis ext\u00e9rieure. Fourreaux \u00e0 encastrer inclus. Syst\u00e8me d\u2019ancrage pour poteaux au moyen d\u2019une structure enterr\u00e9e dans le sable en option. Prix par paire.","og_url":"https:\/\/www.lausinyvicente.com\/fr\/equipement-sport\/volleyball\/poteaux-aluminium-90-volleyball-plage","og_site_name":"Laus\u00edn y Vicente","og_image":[{"width":720,"height":490,"url":"https:\/\/www.lausinyvicente.com\/wp-content\/uploads\/2022\/11\/D.03.24-postes-voleibol-playa-aluminio.jpg","type":"image\/jpeg"}],"twitter_card":"summary_large_image","schema":{"@context":"https:\/\/schema.org","@graph":[{"@type":"WebPage","@id":"https:\/\/www.lausinyvicente.com\/fr\/equipement-sport\/volleyball\/poteaux-aluminium-90-volleyball-plage","url":"https:\/\/www.lausinyvicente.com\/fr\/equipement-sport\/volleyball\/poteaux-aluminium-90-volleyball-plage","name":"Poteaux aluminium 90 mm volleyball plage - Laus\u00edn y Vicente","isPartOf":{"@id":"https:\/\/www.lausinyvicente.com\/#website"},"primaryImageOfPage":{"@id":"https:\/\/www.lausinyvicente.com\/fr\/equipement-sport\/volleyball\/poteaux-aluminium-90-volleyball-plage#primaryimage"},"image":{"@id":"https:\/\/www.lausinyvicente.com\/fr\/equipement-sport\/volleyball\/poteaux-aluminium-90-volleyball-plage#primaryimage"},"thumbnailUrl":"https:\/\/www.lausinyvicente.com\/wp-content\/uploads\/2022\/11\/D.03.24-postes-voleibol-playa-aluminio.jpg","datePublished":"2022-11-30T16:32:05+00:00","breadcrumb":{"@id":"https:\/\/www.lausinyvicente.com\/fr\/equipement-sport\/volleyball\/poteaux-aluminium-90-volleyball-plage#breadcrumb"},"inLanguage":"fr-FR","potentialAction":[{"@type":"ReadAction","target":["https:\/\/www.lausinyvicente.com\/fr\/equipement-sport\/volleyball\/poteaux-aluminium-90-volleyball-plage"]}]},{"@type":"ImageObject","inLanguage":"fr-FR","@id":"https:\/\/www.lausinyvicente.com\/fr\/equipement-sport\/volleyball\/poteaux-aluminium-90-volleyball-plage#primaryimage","url":"https:\/\/www.lausinyvicente.com\/wp-content\/uploads\/2022\/11\/D.03.24-postes-voleibol-playa-aluminio.jpg","contentUrl":"https:\/\/www.lausinyvicente.com\/wp-content\/uploads\/2022\/11\/D.03.24-postes-voleibol-playa-aluminio.jpg","width":720,"height":490},{"@type":"BreadcrumbList","@id":"https:\/\/www.lausinyvicente.com\/fr\/equipement-sport\/volleyball\/poteaux-aluminium-90-volleyball-plage#breadcrumb","itemListElement":[{"@type":"ListItem","position":1,"name":"Portada","item":"https:\/\/www.lausinyvicente.com\/"},{"@type":"ListItem","position":2,"name":"Boutique","item":"https:\/\/www.lausinyvicente.com\/fr\/boutique"},{"@type":"ListItem","position":3,"name":"Poteaux aluminium 90 mm volleyball plage"}]},{"@type":"WebSite","@id":"https:\/\/www.lausinyvicente.com\/#website","url":"https:\/\/www.lausinyvicente.com\/","name":"Laus\u00edn y Vicente","description":"Fabricaci\u00f3n y distribuci\u00f3n de material deportivo","potentialAction":[{"@type":"SearchAction","target":{"@type":"EntryPoint","urlTemplate":"https:\/\/www.lausinyvicente.com\/?s={search_term_string}"},"query-input":{"@type":"PropertyValueSpecification","valueRequired":true,"valueName":"search_term_string"}}],"inLanguage":"fr-FR"}]}},"_links":{"self":[{"href":"https:\/\/www.lausinyvicente.com\/fr\/wp-json\/wp\/v2\/product\/4131","targetHints":{"allow":["GET"]}}],"collection":[{"href":"https:\/\/www.lausinyvicente.com\/fr\/wp-json\/wp\/v2\/product"}],"about":[{"href":"https:\/\/www.lausinyvicente.com\/fr\/wp-json\/wp\/v2\/types\/product"}],"wp:featuredmedia":[{"embeddable":true,"href":"https:\/\/www.lausinyvicente.com\/fr\/wp-json\/wp\/v2\/media\/2694"}],"wp:attachment":[{"href":"https:\/\/www.lausinyvicente.com\/fr\/wp-json\/wp\/v2\/media?parent=4131"}],"wp:term":[{"taxonomy":"product_cat","embeddable":true,"href":"https:\/\/www.lausinyvicente.com\/fr\/wp-json\/wp\/v2\/product_cat?post=4131"},{"taxonomy":"product_tag","embeddable":true,"href":"https:\/\/www.lausinyvicente.com\/fr\/wp-json\/wp\/v2\/product_tag?post=4131"}],"curies":[{"name":"wp","href":"https:\/\/api.w.org\/{rel}","templated":true}]}}