{"id":4154,"date":"2022-11-30T16:24:43","date_gmt":"2022-11-30T16:24:43","guid":{"rendered":"https:\/\/www.lausinyvicente.com\/non class\u00e9\/protections-poteaux-de-volleyball\/"},"modified":"2022-11-30T16:24:43","modified_gmt":"2022-11-30T16:24:43","slug":"protections-poteaux-volleyball","status":"publish","type":"product","link":"https:\/\/www.lausinyvicente.com\/fr\/equipement-sport\/volleyball\/protections-poteaux-volleyball","title":{"rendered":"Protections poteaux de volleyball"},"content":{"rendered":"","protected":false},"excerpt":{"rendered":"<p>Protection tubulaire poteaux de volleyball fixes ou mobiles. Mousse recouverte de toile en PVC. Hauteur 2,00 m. \u00c9paisseur : 50 mm. Densit\u00e9 mousse int\u00e9rieure : 25 kg\/m3. Pour poteaux jusqu\u2019\u00e0 120 mm de diam\u00e8tre. La protection entoure le poteau en laissant la place pour le filet. Fermeture au moyen de bandes velcro. Fermeture \u00e9clair sur la partie int\u00e9rieure pour remplacer la mousse sur le mod\u00e8le \u201cstandard\u201d. Nouveau mod\u00e8le \u201cPremium\u201d avec support rigide en PVC. Prix par paire.         <\/p>\n","protected":false},"featured_media":2684,"template":"","meta":[],"product_cat":[143,146],"product_tag":[],"class_list":{"0":"post-4154","1":"product","2":"type-product","3":"status-publish","4":"has-post-thumbnail","6":"product_cat-equipement-sport","7":"product_cat-volleyball","9":"first","10":"instock","11":"shipping-taxable","12":"purchasable","13":"product-type-variable"},"yoast_head":"<!-- This site is optimized with the Yoast SEO plugin v27.0 - https:\/\/yoast.com\/product\/yoast-seo-wordpress\/ -->\n<title>Protections poteaux de volleyball - Laus\u00edn y Vicente<\/title>\n<meta name=\"robots\" content=\"index, follow, max-snippet:-1, max-image-preview:large, max-video-preview:-1\" \/>\n<link rel=\"canonical\" href=\"https:\/\/www.lausinyvicente.com\/fr\/equipement-sport\/volleyball\/protections-poteaux-volleyball\" \/>\n<meta property=\"og:locale\" content=\"fr_FR\" \/>\n<meta property=\"og:type\" content=\"article\" \/>\n<meta property=\"og:title\" content=\"Protections poteaux de volleyball - Laus\u00edn y Vicente\" \/>\n<meta property=\"og:description\" content=\"Protection tubulaire poteaux de volleyball fixes ou mobiles. Mousse recouverte de toile en PVC. Hauteur 2,00 m. \u00c9paisseur : 50 mm. Densit\u00e9 mousse int\u00e9rieure : 25 kg\/m3. Pour poteaux jusqu\u2019\u00e0 120 mm de diam\u00e8tre. La protection entoure le poteau en laissant la place pour le filet. Fermeture au moyen de bandes velcro. Fermeture \u00e9clair sur la partie int\u00e9rieure pour remplacer la mousse sur le mod\u00e8le \u201cstandard\u201d. Nouveau mod\u00e8le \u201cPremium\u201d avec support rigide en PVC. Prix par paire.\" \/>\n<meta property=\"og:url\" content=\"https:\/\/www.lausinyvicente.com\/fr\/equipement-sport\/volleyball\/protections-poteaux-volleyball\" \/>\n<meta property=\"og:site_name\" content=\"Laus\u00edn y Vicente\" \/>\n<meta property=\"og:image\" content=\"https:\/\/www.lausinyvicente.com\/wp-content\/uploads\/2022\/11\/D.03.62-protectores-postes-voleibol.jpg\" \/>\n\t<meta property=\"og:image:width\" content=\"720\" \/>\n\t<meta property=\"og:image:height\" content=\"490\" \/>\n\t<meta property=\"og:image:type\" content=\"image\/jpeg\" \/>\n<meta name=\"twitter:card\" content=\"summary_large_image\" \/>\n<script type=\"application\/ld+json\" class=\"yoast-schema-graph\">{\"@context\":\"https:\/\/schema.org\",\"@graph\":[{\"@type\":\"WebPage\",\"@id\":\"https:\/\/www.lausinyvicente.com\/fr\/equipement-sport\/volleyball\/protections-poteaux-volleyball\",\"url\":\"https:\/\/www.lausinyvicente.com\/fr\/equipement-sport\/volleyball\/protections-poteaux-volleyball\",\"name\":\"Protections poteaux de volleyball - Laus\u00edn y Vicente\",\"isPartOf\":{\"@id\":\"https:\/\/www.lausinyvicente.com\/#website\"},\"primaryImageOfPage\":{\"@id\":\"https:\/\/www.lausinyvicente.com\/fr\/equipement-sport\/volleyball\/protections-poteaux-volleyball#primaryimage\"},\"image\":{\"@id\":\"https:\/\/www.lausinyvicente.com\/fr\/equipement-sport\/volleyball\/protections-poteaux-volleyball#primaryimage\"},\"thumbnailUrl\":\"https:\/\/www.lausinyvicente.com\/wp-content\/uploads\/2022\/11\/D.03.62-protectores-postes-voleibol.jpg\",\"datePublished\":\"2022-11-30T16:24:43+00:00\",\"breadcrumb\":{\"@id\":\"https:\/\/www.lausinyvicente.com\/fr\/equipement-sport\/volleyball\/protections-poteaux-volleyball#breadcrumb\"},\"inLanguage\":\"fr-FR\",\"potentialAction\":[{\"@type\":\"ReadAction\",\"target\":[\"https:\/\/www.lausinyvicente.com\/fr\/equipement-sport\/volleyball\/protections-poteaux-volleyball\"]}]},{\"@type\":\"ImageObject\",\"inLanguage\":\"fr-FR\",\"@id\":\"https:\/\/www.lausinyvicente.com\/fr\/equipement-sport\/volleyball\/protections-poteaux-volleyball#primaryimage\",\"url\":\"https:\/\/www.lausinyvicente.com\/wp-content\/uploads\/2022\/11\/D.03.62-protectores-postes-voleibol.jpg\",\"contentUrl\":\"https:\/\/www.lausinyvicente.com\/wp-content\/uploads\/2022\/11\/D.03.62-protectores-postes-voleibol.jpg\",\"width\":720,\"height\":490},{\"@type\":\"BreadcrumbList\",\"@id\":\"https:\/\/www.lausinyvicente.com\/fr\/equipement-sport\/volleyball\/protections-poteaux-volleyball#breadcrumb\",\"itemListElement\":[{\"@type\":\"ListItem\",\"position\":1,\"name\":\"Portada\",\"item\":\"https:\/\/www.lausinyvicente.com\/\"},{\"@type\":\"ListItem\",\"position\":2,\"name\":\"Boutique\",\"item\":\"https:\/\/www.lausinyvicente.com\/fr\/boutique\"},{\"@type\":\"ListItem\",\"position\":3,\"name\":\"Protections poteaux de volleyball\"}]},{\"@type\":\"WebSite\",\"@id\":\"https:\/\/www.lausinyvicente.com\/#website\",\"url\":\"https:\/\/www.lausinyvicente.com\/\",\"name\":\"Laus\u00edn y Vicente\",\"description\":\"Fabricaci\u00f3n y distribuci\u00f3n de material deportivo\",\"potentialAction\":[{\"@type\":\"SearchAction\",\"target\":{\"@type\":\"EntryPoint\",\"urlTemplate\":\"https:\/\/www.lausinyvicente.com\/?s={search_term_string}\"},\"query-input\":{\"@type\":\"PropertyValueSpecification\",\"valueRequired\":true,\"valueName\":\"search_term_string\"}}],\"inLanguage\":\"fr-FR\"}]}<\/script>\n<!-- \/ Yoast SEO plugin. -->","yoast_head_json":{"title":"Protections poteaux de volleyball - Laus\u00edn y Vicente","robots":{"index":"index","follow":"follow","max-snippet":"max-snippet:-1","max-image-preview":"max-image-preview:large","max-video-preview":"max-video-preview:-1"},"canonical":"https:\/\/www.lausinyvicente.com\/fr\/equipement-sport\/volleyball\/protections-poteaux-volleyball","og_locale":"fr_FR","og_type":"article","og_title":"Protections poteaux de volleyball - Laus\u00edn y Vicente","og_description":"Protection tubulaire poteaux de volleyball fixes ou mobiles. Mousse recouverte de toile en PVC. Hauteur 2,00 m. \u00c9paisseur : 50 mm. Densit\u00e9 mousse int\u00e9rieure : 25 kg\/m3. Pour poteaux jusqu\u2019\u00e0 120 mm de diam\u00e8tre. La protection entoure le poteau en laissant la place pour le filet. Fermeture au moyen de bandes velcro. Fermeture \u00e9clair sur la partie int\u00e9rieure pour remplacer la mousse sur le mod\u00e8le \u201cstandard\u201d. Nouveau mod\u00e8le \u201cPremium\u201d avec support rigide en PVC. Prix par paire.","og_url":"https:\/\/www.lausinyvicente.com\/fr\/equipement-sport\/volleyball\/protections-poteaux-volleyball","og_site_name":"Laus\u00edn y Vicente","og_image":[{"width":720,"height":490,"url":"https:\/\/www.lausinyvicente.com\/wp-content\/uploads\/2022\/11\/D.03.62-protectores-postes-voleibol.jpg","type":"image\/jpeg"}],"twitter_card":"summary_large_image","schema":{"@context":"https:\/\/schema.org","@graph":[{"@type":"WebPage","@id":"https:\/\/www.lausinyvicente.com\/fr\/equipement-sport\/volleyball\/protections-poteaux-volleyball","url":"https:\/\/www.lausinyvicente.com\/fr\/equipement-sport\/volleyball\/protections-poteaux-volleyball","name":"Protections poteaux de volleyball - Laus\u00edn y Vicente","isPartOf":{"@id":"https:\/\/www.lausinyvicente.com\/#website"},"primaryImageOfPage":{"@id":"https:\/\/www.lausinyvicente.com\/fr\/equipement-sport\/volleyball\/protections-poteaux-volleyball#primaryimage"},"image":{"@id":"https:\/\/www.lausinyvicente.com\/fr\/equipement-sport\/volleyball\/protections-poteaux-volleyball#primaryimage"},"thumbnailUrl":"https:\/\/www.lausinyvicente.com\/wp-content\/uploads\/2022\/11\/D.03.62-protectores-postes-voleibol.jpg","datePublished":"2022-11-30T16:24:43+00:00","breadcrumb":{"@id":"https:\/\/www.lausinyvicente.com\/fr\/equipement-sport\/volleyball\/protections-poteaux-volleyball#breadcrumb"},"inLanguage":"fr-FR","potentialAction":[{"@type":"ReadAction","target":["https:\/\/www.lausinyvicente.com\/fr\/equipement-sport\/volleyball\/protections-poteaux-volleyball"]}]},{"@type":"ImageObject","inLanguage":"fr-FR","@id":"https:\/\/www.lausinyvicente.com\/fr\/equipement-sport\/volleyball\/protections-poteaux-volleyball#primaryimage","url":"https:\/\/www.lausinyvicente.com\/wp-content\/uploads\/2022\/11\/D.03.62-protectores-postes-voleibol.jpg","contentUrl":"https:\/\/www.lausinyvicente.com\/wp-content\/uploads\/2022\/11\/D.03.62-protectores-postes-voleibol.jpg","width":720,"height":490},{"@type":"BreadcrumbList","@id":"https:\/\/www.lausinyvicente.com\/fr\/equipement-sport\/volleyball\/protections-poteaux-volleyball#breadcrumb","itemListElement":[{"@type":"ListItem","position":1,"name":"Portada","item":"https:\/\/www.lausinyvicente.com\/"},{"@type":"ListItem","position":2,"name":"Boutique","item":"https:\/\/www.lausinyvicente.com\/fr\/boutique"},{"@type":"ListItem","position":3,"name":"Protections poteaux de volleyball"}]},{"@type":"WebSite","@id":"https:\/\/www.lausinyvicente.com\/#website","url":"https:\/\/www.lausinyvicente.com\/","name":"Laus\u00edn y Vicente","description":"Fabricaci\u00f3n y distribuci\u00f3n de material deportivo","potentialAction":[{"@type":"SearchAction","target":{"@type":"EntryPoint","urlTemplate":"https:\/\/www.lausinyvicente.com\/?s={search_term_string}"},"query-input":{"@type":"PropertyValueSpecification","valueRequired":true,"valueName":"search_term_string"}}],"inLanguage":"fr-FR"}]}},"_links":{"self":[{"href":"https:\/\/www.lausinyvicente.com\/fr\/wp-json\/wp\/v2\/product\/4154","targetHints":{"allow":["GET"]}}],"collection":[{"href":"https:\/\/www.lausinyvicente.com\/fr\/wp-json\/wp\/v2\/product"}],"about":[{"href":"https:\/\/www.lausinyvicente.com\/fr\/wp-json\/wp\/v2\/types\/product"}],"wp:featuredmedia":[{"embeddable":true,"href":"https:\/\/www.lausinyvicente.com\/fr\/wp-json\/wp\/v2\/media\/2684"}],"wp:attachment":[{"href":"https:\/\/www.lausinyvicente.com\/fr\/wp-json\/wp\/v2\/media?parent=4154"}],"wp:term":[{"taxonomy":"product_cat","embeddable":true,"href":"https:\/\/www.lausinyvicente.com\/fr\/wp-json\/wp\/v2\/product_cat?post=4154"},{"taxonomy":"product_tag","embeddable":true,"href":"https:\/\/www.lausinyvicente.com\/fr\/wp-json\/wp\/v2\/product_tag?post=4154"}],"curies":[{"name":"wp","href":"https:\/\/api.w.org\/{rel}","templated":true}]}}