{"id":4161,"date":"2022-11-30T16:22:27","date_gmt":"2022-11-30T16:22:27","guid":{"rendered":"https:\/\/www.lausinyvicente.com\/non class\u00e9\/poteaux-metalliques-volleyball-plage\/"},"modified":"2022-11-30T16:22:27","modified_gmt":"2022-11-30T16:22:27","slug":"poteaux-metalliques-volleyball-plage","status":"publish","type":"product","link":"https:\/\/www.lausinyvicente.com\/fr\/equipement-sport\/volleyball\/poteaux-metalliques-volleyball-plage","title":{"rendered":"Poteaux m\u00e9talliques volleyball plage"},"content":{"rendered":"","protected":false},"excerpt":{"rendered":"<p>Poteaux en tube en fer \u00e0 section ronde de 50 mm de diam\u00e8tre. Ils sont \u00e9quip\u00e9s d\u2019anneaux pour attacher le filet et de cordons de fixation. Bouchon en fonte d\u2019aluminium avec guide pour le filet. Cordons et piquets m\u00e9talliques pour ancrage dans le sable inclus. Mod\u00e8le sans caissons (les poteaux sont enterr\u00e9s directement dans le terrain 400 mm). Prix par paire de poteaux. Filet non inclus.      <\/p>\n","protected":false},"featured_media":2682,"template":"","meta":[],"product_cat":[143,146],"product_tag":[],"class_list":{"0":"post-4161","1":"product","2":"type-product","3":"status-publish","4":"has-post-thumbnail","6":"product_cat-equipement-sport","7":"product_cat-volleyball","9":"first","10":"instock","11":"shipping-taxable","12":"purchasable","13":"product-type-variable"},"yoast_head":"<!-- This site is optimized with the Yoast SEO plugin v27.0 - https:\/\/yoast.com\/product\/yoast-seo-wordpress\/ -->\n<title>Poteaux m\u00e9talliques volleyball plage - Laus\u00edn y Vicente<\/title>\n<meta name=\"robots\" content=\"index, follow, max-snippet:-1, max-image-preview:large, max-video-preview:-1\" \/>\n<link rel=\"canonical\" href=\"https:\/\/www.lausinyvicente.com\/fr\/equipement-sport\/volleyball\/poteaux-metalliques-volleyball-plage\" \/>\n<meta property=\"og:locale\" content=\"fr_FR\" \/>\n<meta property=\"og:type\" content=\"article\" \/>\n<meta property=\"og:title\" content=\"Poteaux m\u00e9talliques volleyball plage - Laus\u00edn y Vicente\" \/>\n<meta property=\"og:description\" content=\"Poteaux en tube en fer \u00e0 section ronde de 50 mm de diam\u00e8tre. Ils sont \u00e9quip\u00e9s d\u2019anneaux pour attacher le filet et de cordons de fixation. Bouchon en fonte d\u2019aluminium avec guide pour le filet. Cordons et piquets m\u00e9talliques pour ancrage dans le sable inclus. Mod\u00e8le sans caissons (les poteaux sont enterr\u00e9s directement dans le terrain 400 mm). Prix par paire de poteaux. Filet non inclus.\" \/>\n<meta property=\"og:url\" content=\"https:\/\/www.lausinyvicente.com\/fr\/equipement-sport\/volleyball\/poteaux-metalliques-volleyball-plage\" \/>\n<meta property=\"og:site_name\" content=\"Laus\u00edn y Vicente\" \/>\n<meta property=\"og:image\" content=\"https:\/\/www.lausinyvicente.com\/wp-content\/uploads\/2022\/11\/D.03.11-poste-metalico-voleibol-playa.jpg\" \/>\n\t<meta property=\"og:image:width\" content=\"720\" \/>\n\t<meta property=\"og:image:height\" content=\"490\" \/>\n\t<meta property=\"og:image:type\" content=\"image\/jpeg\" \/>\n<meta name=\"twitter:card\" content=\"summary_large_image\" \/>\n<script type=\"application\/ld+json\" class=\"yoast-schema-graph\">{\"@context\":\"https:\/\/schema.org\",\"@graph\":[{\"@type\":\"WebPage\",\"@id\":\"https:\/\/www.lausinyvicente.com\/fr\/equipement-sport\/volleyball\/poteaux-metalliques-volleyball-plage\",\"url\":\"https:\/\/www.lausinyvicente.com\/fr\/equipement-sport\/volleyball\/poteaux-metalliques-volleyball-plage\",\"name\":\"Poteaux m\u00e9talliques volleyball plage - Laus\u00edn y Vicente\",\"isPartOf\":{\"@id\":\"https:\/\/www.lausinyvicente.com\/#website\"},\"primaryImageOfPage\":{\"@id\":\"https:\/\/www.lausinyvicente.com\/fr\/equipement-sport\/volleyball\/poteaux-metalliques-volleyball-plage#primaryimage\"},\"image\":{\"@id\":\"https:\/\/www.lausinyvicente.com\/fr\/equipement-sport\/volleyball\/poteaux-metalliques-volleyball-plage#primaryimage\"},\"thumbnailUrl\":\"https:\/\/www.lausinyvicente.com\/wp-content\/uploads\/2022\/11\/D.03.11-poste-metalico-voleibol-playa.jpg\",\"datePublished\":\"2022-11-30T16:22:27+00:00\",\"breadcrumb\":{\"@id\":\"https:\/\/www.lausinyvicente.com\/fr\/equipement-sport\/volleyball\/poteaux-metalliques-volleyball-plage#breadcrumb\"},\"inLanguage\":\"fr-FR\",\"potentialAction\":[{\"@type\":\"ReadAction\",\"target\":[\"https:\/\/www.lausinyvicente.com\/fr\/equipement-sport\/volleyball\/poteaux-metalliques-volleyball-plage\"]}]},{\"@type\":\"ImageObject\",\"inLanguage\":\"fr-FR\",\"@id\":\"https:\/\/www.lausinyvicente.com\/fr\/equipement-sport\/volleyball\/poteaux-metalliques-volleyball-plage#primaryimage\",\"url\":\"https:\/\/www.lausinyvicente.com\/wp-content\/uploads\/2022\/11\/D.03.11-poste-metalico-voleibol-playa.jpg\",\"contentUrl\":\"https:\/\/www.lausinyvicente.com\/wp-content\/uploads\/2022\/11\/D.03.11-poste-metalico-voleibol-playa.jpg\",\"width\":720,\"height\":490},{\"@type\":\"BreadcrumbList\",\"@id\":\"https:\/\/www.lausinyvicente.com\/fr\/equipement-sport\/volleyball\/poteaux-metalliques-volleyball-plage#breadcrumb\",\"itemListElement\":[{\"@type\":\"ListItem\",\"position\":1,\"name\":\"Portada\",\"item\":\"https:\/\/www.lausinyvicente.com\/\"},{\"@type\":\"ListItem\",\"position\":2,\"name\":\"Boutique\",\"item\":\"https:\/\/www.lausinyvicente.com\/fr\/boutique\"},{\"@type\":\"ListItem\",\"position\":3,\"name\":\"Poteaux m\u00e9talliques volleyball plage\"}]},{\"@type\":\"WebSite\",\"@id\":\"https:\/\/www.lausinyvicente.com\/#website\",\"url\":\"https:\/\/www.lausinyvicente.com\/\",\"name\":\"Laus\u00edn y Vicente\",\"description\":\"Fabricaci\u00f3n y distribuci\u00f3n de material deportivo\",\"potentialAction\":[{\"@type\":\"SearchAction\",\"target\":{\"@type\":\"EntryPoint\",\"urlTemplate\":\"https:\/\/www.lausinyvicente.com\/?s={search_term_string}\"},\"query-input\":{\"@type\":\"PropertyValueSpecification\",\"valueRequired\":true,\"valueName\":\"search_term_string\"}}],\"inLanguage\":\"fr-FR\"}]}<\/script>\n<!-- \/ Yoast SEO plugin. -->","yoast_head_json":{"title":"Poteaux m\u00e9talliques volleyball plage - Laus\u00edn y Vicente","robots":{"index":"index","follow":"follow","max-snippet":"max-snippet:-1","max-image-preview":"max-image-preview:large","max-video-preview":"max-video-preview:-1"},"canonical":"https:\/\/www.lausinyvicente.com\/fr\/equipement-sport\/volleyball\/poteaux-metalliques-volleyball-plage","og_locale":"fr_FR","og_type":"article","og_title":"Poteaux m\u00e9talliques volleyball plage - Laus\u00edn y Vicente","og_description":"Poteaux en tube en fer \u00e0 section ronde de 50 mm de diam\u00e8tre. Ils sont \u00e9quip\u00e9s d\u2019anneaux pour attacher le filet et de cordons de fixation. Bouchon en fonte d\u2019aluminium avec guide pour le filet. Cordons et piquets m\u00e9talliques pour ancrage dans le sable inclus. Mod\u00e8le sans caissons (les poteaux sont enterr\u00e9s directement dans le terrain 400 mm). Prix par paire de poteaux. Filet non inclus.","og_url":"https:\/\/www.lausinyvicente.com\/fr\/equipement-sport\/volleyball\/poteaux-metalliques-volleyball-plage","og_site_name":"Laus\u00edn y Vicente","og_image":[{"width":720,"height":490,"url":"https:\/\/www.lausinyvicente.com\/wp-content\/uploads\/2022\/11\/D.03.11-poste-metalico-voleibol-playa.jpg","type":"image\/jpeg"}],"twitter_card":"summary_large_image","schema":{"@context":"https:\/\/schema.org","@graph":[{"@type":"WebPage","@id":"https:\/\/www.lausinyvicente.com\/fr\/equipement-sport\/volleyball\/poteaux-metalliques-volleyball-plage","url":"https:\/\/www.lausinyvicente.com\/fr\/equipement-sport\/volleyball\/poteaux-metalliques-volleyball-plage","name":"Poteaux m\u00e9talliques volleyball plage - Laus\u00edn y Vicente","isPartOf":{"@id":"https:\/\/www.lausinyvicente.com\/#website"},"primaryImageOfPage":{"@id":"https:\/\/www.lausinyvicente.com\/fr\/equipement-sport\/volleyball\/poteaux-metalliques-volleyball-plage#primaryimage"},"image":{"@id":"https:\/\/www.lausinyvicente.com\/fr\/equipement-sport\/volleyball\/poteaux-metalliques-volleyball-plage#primaryimage"},"thumbnailUrl":"https:\/\/www.lausinyvicente.com\/wp-content\/uploads\/2022\/11\/D.03.11-poste-metalico-voleibol-playa.jpg","datePublished":"2022-11-30T16:22:27+00:00","breadcrumb":{"@id":"https:\/\/www.lausinyvicente.com\/fr\/equipement-sport\/volleyball\/poteaux-metalliques-volleyball-plage#breadcrumb"},"inLanguage":"fr-FR","potentialAction":[{"@type":"ReadAction","target":["https:\/\/www.lausinyvicente.com\/fr\/equipement-sport\/volleyball\/poteaux-metalliques-volleyball-plage"]}]},{"@type":"ImageObject","inLanguage":"fr-FR","@id":"https:\/\/www.lausinyvicente.com\/fr\/equipement-sport\/volleyball\/poteaux-metalliques-volleyball-plage#primaryimage","url":"https:\/\/www.lausinyvicente.com\/wp-content\/uploads\/2022\/11\/D.03.11-poste-metalico-voleibol-playa.jpg","contentUrl":"https:\/\/www.lausinyvicente.com\/wp-content\/uploads\/2022\/11\/D.03.11-poste-metalico-voleibol-playa.jpg","width":720,"height":490},{"@type":"BreadcrumbList","@id":"https:\/\/www.lausinyvicente.com\/fr\/equipement-sport\/volleyball\/poteaux-metalliques-volleyball-plage#breadcrumb","itemListElement":[{"@type":"ListItem","position":1,"name":"Portada","item":"https:\/\/www.lausinyvicente.com\/"},{"@type":"ListItem","position":2,"name":"Boutique","item":"https:\/\/www.lausinyvicente.com\/fr\/boutique"},{"@type":"ListItem","position":3,"name":"Poteaux m\u00e9talliques volleyball plage"}]},{"@type":"WebSite","@id":"https:\/\/www.lausinyvicente.com\/#website","url":"https:\/\/www.lausinyvicente.com\/","name":"Laus\u00edn y Vicente","description":"Fabricaci\u00f3n y distribuci\u00f3n de material deportivo","potentialAction":[{"@type":"SearchAction","target":{"@type":"EntryPoint","urlTemplate":"https:\/\/www.lausinyvicente.com\/?s={search_term_string}"},"query-input":{"@type":"PropertyValueSpecification","valueRequired":true,"valueName":"search_term_string"}}],"inLanguage":"fr-FR"}]}},"_links":{"self":[{"href":"https:\/\/www.lausinyvicente.com\/fr\/wp-json\/wp\/v2\/product\/4161","targetHints":{"allow":["GET"]}}],"collection":[{"href":"https:\/\/www.lausinyvicente.com\/fr\/wp-json\/wp\/v2\/product"}],"about":[{"href":"https:\/\/www.lausinyvicente.com\/fr\/wp-json\/wp\/v2\/types\/product"}],"wp:featuredmedia":[{"embeddable":true,"href":"https:\/\/www.lausinyvicente.com\/fr\/wp-json\/wp\/v2\/media\/2682"}],"wp:attachment":[{"href":"https:\/\/www.lausinyvicente.com\/fr\/wp-json\/wp\/v2\/media?parent=4161"}],"wp:term":[{"taxonomy":"product_cat","embeddable":true,"href":"https:\/\/www.lausinyvicente.com\/fr\/wp-json\/wp\/v2\/product_cat?post=4161"},{"taxonomy":"product_tag","embeddable":true,"href":"https:\/\/www.lausinyvicente.com\/fr\/wp-json\/wp\/v2\/product_tag?post=4161"}],"curies":[{"name":"wp","href":"https:\/\/api.w.org\/{rel}","templated":true}]}}