{"id":4222,"date":"2022-11-30T16:03:28","date_gmt":"2022-11-30T16:03:28","guid":{"rendered":"https:\/\/www.lausinyvicente.com\/non class\u00e9\/poteaux-de-tennis-et-padel-metalliques\/"},"modified":"2022-11-30T16:03:28","modified_gmt":"2022-11-30T16:03:28","slug":"poteaux-tennis-padel-metalliques","status":"publish","type":"product","link":"https:\/\/www.lausinyvicente.com\/fr\/equipement-sport\/tennis\/poteaux-tennis-padel-metalliques","title":{"rendered":"Poteaux de tennis et padel m\u00e9talliques"},"content":{"rendered":"","protected":false},"excerpt":{"rendered":"<p>Fabriqu\u00e9s conform\u00e9ment \u00e0 la norme europ\u00e9enne EN 1510. Poteaux en tube en acier, \u00e0 section ronde de 80 mm de diam\u00e8tre ou \u00e0 section carr\u00e9e de 70 x 70 mm selon les r\u00e9f\u00e9rences, peints \u00e0 l\u2019\u00e9poxy au four. Poulie sup\u00e9rieure pour faciliter le guidage et la tension du filet. Tension du filet au moyen d\u2019un treuil \u00e0 manivelle. Fourreaux avec couvercles \u00e0 encastrer dans le sol de 40 cm de longueur et 90 mm de diam\u00e8tre ext\u00e9rieur inclus pour le mod\u00e8le \u00e0 section ronde et de 80 x 80 mm pour le mod\u00e8le \u00e0 section carr\u00e9e. Sur le mod\u00e8le mobile, chaque poteau comprend une structure m\u00e9tallique peinte \u00e0 l\u2019\u00e9poxy au four en blanc, avec un contrepoids de 20 kg environ et deux roues en caoutchouc grises de 80 mm de diam\u00e8tre qui ne laissent aucune trace sur le sol. Cette structure est con\u00e7ue pour \u00eatre fix\u00e9e au sol au moyen d\u2019une vis afin de garantir une bonne utilisation des poteaux pendant le jeu. Filet non inclus. Prix par paire.        <\/p>\n","protected":false},"featured_media":2660,"template":"","meta":[],"product_cat":[143,150],"product_tag":[],"class_list":{"0":"post-4222","1":"product","2":"type-product","3":"status-publish","4":"has-post-thumbnail","6":"product_cat-equipement-sport","7":"product_cat-tennis","9":"first","10":"instock","11":"shipping-taxable","12":"purchasable","13":"product-type-variable"},"yoast_head":"<!-- This site is optimized with the Yoast SEO plugin v27.0 - https:\/\/yoast.com\/product\/yoast-seo-wordpress\/ -->\n<title>Poteaux de tennis et padel m\u00e9talliques - Laus\u00edn y Vicente<\/title>\n<meta name=\"robots\" content=\"index, follow, max-snippet:-1, max-image-preview:large, max-video-preview:-1\" \/>\n<link rel=\"canonical\" href=\"https:\/\/www.lausinyvicente.com\/fr\/equipement-sport\/tennis\/poteaux-tennis-padel-metalliques\" \/>\n<meta property=\"og:locale\" content=\"fr_FR\" \/>\n<meta property=\"og:type\" content=\"article\" \/>\n<meta property=\"og:title\" content=\"Poteaux de tennis et padel m\u00e9talliques - Laus\u00edn y Vicente\" \/>\n<meta property=\"og:description\" content=\"Fabriqu\u00e9s conform\u00e9ment \u00e0 la norme europ\u00e9enne EN 1510. Poteaux en tube en acier, \u00e0 section ronde de 80 mm de diam\u00e8tre ou \u00e0 section carr\u00e9e de 70 x 70 mm selon les r\u00e9f\u00e9rences, peints \u00e0 l\u2019\u00e9poxy au four. Poulie sup\u00e9rieure pour faciliter le guidage et la tension du filet. Tension du filet au moyen d\u2019un treuil \u00e0 manivelle. Fourreaux avec couvercles \u00e0 encastrer dans le sol de 40 cm de longueur et 90 mm de diam\u00e8tre ext\u00e9rieur inclus pour le mod\u00e8le \u00e0 section ronde et de 80 x 80 mm pour le mod\u00e8le \u00e0 section carr\u00e9e. Sur le mod\u00e8le mobile, chaque poteau comprend une structure m\u00e9tallique peinte \u00e0 l\u2019\u00e9poxy au four en blanc, avec un contrepoids de 20 kg environ et deux roues en caoutchouc grises de 80 mm de diam\u00e8tre qui ne laissent aucune trace sur le sol. Cette structure est con\u00e7ue pour \u00eatre fix\u00e9e au sol au moyen d\u2019une vis afin de garantir une bonne utilisation des poteaux pendant le jeu. Filet non inclus. Prix par paire.\" \/>\n<meta property=\"og:url\" content=\"https:\/\/www.lausinyvicente.com\/fr\/equipement-sport\/tennis\/poteaux-tennis-padel-metalliques\" \/>\n<meta property=\"og:site_name\" content=\"Laus\u00edn y Vicente\" \/>\n<meta property=\"og:image\" content=\"https:\/\/www.lausinyvicente.com\/wp-content\/uploads\/2022\/11\/D.11.01-postes-tenis-pader-metalicos-02.jpg\" \/>\n\t<meta property=\"og:image:width\" content=\"720\" \/>\n\t<meta property=\"og:image:height\" content=\"490\" \/>\n\t<meta property=\"og:image:type\" content=\"image\/jpeg\" \/>\n<meta name=\"twitter:card\" content=\"summary_large_image\" \/>\n<script type=\"application\/ld+json\" class=\"yoast-schema-graph\">{\"@context\":\"https:\/\/schema.org\",\"@graph\":[{\"@type\":\"WebPage\",\"@id\":\"https:\/\/www.lausinyvicente.com\/fr\/equipement-sport\/tennis\/poteaux-tennis-padel-metalliques\",\"url\":\"https:\/\/www.lausinyvicente.com\/fr\/equipement-sport\/tennis\/poteaux-tennis-padel-metalliques\",\"name\":\"Poteaux de tennis et padel m\u00e9talliques - Laus\u00edn y Vicente\",\"isPartOf\":{\"@id\":\"https:\/\/www.lausinyvicente.com\/#website\"},\"primaryImageOfPage\":{\"@id\":\"https:\/\/www.lausinyvicente.com\/fr\/equipement-sport\/tennis\/poteaux-tennis-padel-metalliques#primaryimage\"},\"image\":{\"@id\":\"https:\/\/www.lausinyvicente.com\/fr\/equipement-sport\/tennis\/poteaux-tennis-padel-metalliques#primaryimage\"},\"thumbnailUrl\":\"https:\/\/www.lausinyvicente.com\/wp-content\/uploads\/2022\/11\/D.11.01-postes-tenis-pader-metalicos-02.jpg\",\"datePublished\":\"2022-11-30T16:03:28+00:00\",\"breadcrumb\":{\"@id\":\"https:\/\/www.lausinyvicente.com\/fr\/equipement-sport\/tennis\/poteaux-tennis-padel-metalliques#breadcrumb\"},\"inLanguage\":\"fr-FR\",\"potentialAction\":[{\"@type\":\"ReadAction\",\"target\":[\"https:\/\/www.lausinyvicente.com\/fr\/equipement-sport\/tennis\/poteaux-tennis-padel-metalliques\"]}]},{\"@type\":\"ImageObject\",\"inLanguage\":\"fr-FR\",\"@id\":\"https:\/\/www.lausinyvicente.com\/fr\/equipement-sport\/tennis\/poteaux-tennis-padel-metalliques#primaryimage\",\"url\":\"https:\/\/www.lausinyvicente.com\/wp-content\/uploads\/2022\/11\/D.11.01-postes-tenis-pader-metalicos-02.jpg\",\"contentUrl\":\"https:\/\/www.lausinyvicente.com\/wp-content\/uploads\/2022\/11\/D.11.01-postes-tenis-pader-metalicos-02.jpg\",\"width\":720,\"height\":490},{\"@type\":\"BreadcrumbList\",\"@id\":\"https:\/\/www.lausinyvicente.com\/fr\/equipement-sport\/tennis\/poteaux-tennis-padel-metalliques#breadcrumb\",\"itemListElement\":[{\"@type\":\"ListItem\",\"position\":1,\"name\":\"Portada\",\"item\":\"https:\/\/www.lausinyvicente.com\/\"},{\"@type\":\"ListItem\",\"position\":2,\"name\":\"Boutique\",\"item\":\"https:\/\/www.lausinyvicente.com\/fr\/boutique\"},{\"@type\":\"ListItem\",\"position\":3,\"name\":\"Poteaux de tennis et padel m\u00e9talliques\"}]},{\"@type\":\"WebSite\",\"@id\":\"https:\/\/www.lausinyvicente.com\/#website\",\"url\":\"https:\/\/www.lausinyvicente.com\/\",\"name\":\"Laus\u00edn y Vicente\",\"description\":\"Fabricaci\u00f3n y distribuci\u00f3n de material deportivo\",\"potentialAction\":[{\"@type\":\"SearchAction\",\"target\":{\"@type\":\"EntryPoint\",\"urlTemplate\":\"https:\/\/www.lausinyvicente.com\/?s={search_term_string}\"},\"query-input\":{\"@type\":\"PropertyValueSpecification\",\"valueRequired\":true,\"valueName\":\"search_term_string\"}}],\"inLanguage\":\"fr-FR\"}]}<\/script>\n<!-- \/ Yoast SEO plugin. -->","yoast_head_json":{"title":"Poteaux de tennis et padel m\u00e9talliques - Laus\u00edn y Vicente","robots":{"index":"index","follow":"follow","max-snippet":"max-snippet:-1","max-image-preview":"max-image-preview:large","max-video-preview":"max-video-preview:-1"},"canonical":"https:\/\/www.lausinyvicente.com\/fr\/equipement-sport\/tennis\/poteaux-tennis-padel-metalliques","og_locale":"fr_FR","og_type":"article","og_title":"Poteaux de tennis et padel m\u00e9talliques - Laus\u00edn y Vicente","og_description":"Fabriqu\u00e9s conform\u00e9ment \u00e0 la norme europ\u00e9enne EN 1510. Poteaux en tube en acier, \u00e0 section ronde de 80 mm de diam\u00e8tre ou \u00e0 section carr\u00e9e de 70 x 70 mm selon les r\u00e9f\u00e9rences, peints \u00e0 l\u2019\u00e9poxy au four. Poulie sup\u00e9rieure pour faciliter le guidage et la tension du filet. Tension du filet au moyen d\u2019un treuil \u00e0 manivelle. Fourreaux avec couvercles \u00e0 encastrer dans le sol de 40 cm de longueur et 90 mm de diam\u00e8tre ext\u00e9rieur inclus pour le mod\u00e8le \u00e0 section ronde et de 80 x 80 mm pour le mod\u00e8le \u00e0 section carr\u00e9e. Sur le mod\u00e8le mobile, chaque poteau comprend une structure m\u00e9tallique peinte \u00e0 l\u2019\u00e9poxy au four en blanc, avec un contrepoids de 20 kg environ et deux roues en caoutchouc grises de 80 mm de diam\u00e8tre qui ne laissent aucune trace sur le sol. Cette structure est con\u00e7ue pour \u00eatre fix\u00e9e au sol au moyen d\u2019une vis afin de garantir une bonne utilisation des poteaux pendant le jeu. Filet non inclus. Prix par paire.","og_url":"https:\/\/www.lausinyvicente.com\/fr\/equipement-sport\/tennis\/poteaux-tennis-padel-metalliques","og_site_name":"Laus\u00edn y Vicente","og_image":[{"width":720,"height":490,"url":"https:\/\/www.lausinyvicente.com\/wp-content\/uploads\/2022\/11\/D.11.01-postes-tenis-pader-metalicos-02.jpg","type":"image\/jpeg"}],"twitter_card":"summary_large_image","schema":{"@context":"https:\/\/schema.org","@graph":[{"@type":"WebPage","@id":"https:\/\/www.lausinyvicente.com\/fr\/equipement-sport\/tennis\/poteaux-tennis-padel-metalliques","url":"https:\/\/www.lausinyvicente.com\/fr\/equipement-sport\/tennis\/poteaux-tennis-padel-metalliques","name":"Poteaux de tennis et padel m\u00e9talliques - Laus\u00edn y Vicente","isPartOf":{"@id":"https:\/\/www.lausinyvicente.com\/#website"},"primaryImageOfPage":{"@id":"https:\/\/www.lausinyvicente.com\/fr\/equipement-sport\/tennis\/poteaux-tennis-padel-metalliques#primaryimage"},"image":{"@id":"https:\/\/www.lausinyvicente.com\/fr\/equipement-sport\/tennis\/poteaux-tennis-padel-metalliques#primaryimage"},"thumbnailUrl":"https:\/\/www.lausinyvicente.com\/wp-content\/uploads\/2022\/11\/D.11.01-postes-tenis-pader-metalicos-02.jpg","datePublished":"2022-11-30T16:03:28+00:00","breadcrumb":{"@id":"https:\/\/www.lausinyvicente.com\/fr\/equipement-sport\/tennis\/poteaux-tennis-padel-metalliques#breadcrumb"},"inLanguage":"fr-FR","potentialAction":[{"@type":"ReadAction","target":["https:\/\/www.lausinyvicente.com\/fr\/equipement-sport\/tennis\/poteaux-tennis-padel-metalliques"]}]},{"@type":"ImageObject","inLanguage":"fr-FR","@id":"https:\/\/www.lausinyvicente.com\/fr\/equipement-sport\/tennis\/poteaux-tennis-padel-metalliques#primaryimage","url":"https:\/\/www.lausinyvicente.com\/wp-content\/uploads\/2022\/11\/D.11.01-postes-tenis-pader-metalicos-02.jpg","contentUrl":"https:\/\/www.lausinyvicente.com\/wp-content\/uploads\/2022\/11\/D.11.01-postes-tenis-pader-metalicos-02.jpg","width":720,"height":490},{"@type":"BreadcrumbList","@id":"https:\/\/www.lausinyvicente.com\/fr\/equipement-sport\/tennis\/poteaux-tennis-padel-metalliques#breadcrumb","itemListElement":[{"@type":"ListItem","position":1,"name":"Portada","item":"https:\/\/www.lausinyvicente.com\/"},{"@type":"ListItem","position":2,"name":"Boutique","item":"https:\/\/www.lausinyvicente.com\/fr\/boutique"},{"@type":"ListItem","position":3,"name":"Poteaux de tennis et padel m\u00e9talliques"}]},{"@type":"WebSite","@id":"https:\/\/www.lausinyvicente.com\/#website","url":"https:\/\/www.lausinyvicente.com\/","name":"Laus\u00edn y Vicente","description":"Fabricaci\u00f3n y distribuci\u00f3n de material deportivo","potentialAction":[{"@type":"SearchAction","target":{"@type":"EntryPoint","urlTemplate":"https:\/\/www.lausinyvicente.com\/?s={search_term_string}"},"query-input":{"@type":"PropertyValueSpecification","valueRequired":true,"valueName":"search_term_string"}}],"inLanguage":"fr-FR"}]}},"_links":{"self":[{"href":"https:\/\/www.lausinyvicente.com\/fr\/wp-json\/wp\/v2\/product\/4222","targetHints":{"allow":["GET"]}}],"collection":[{"href":"https:\/\/www.lausinyvicente.com\/fr\/wp-json\/wp\/v2\/product"}],"about":[{"href":"https:\/\/www.lausinyvicente.com\/fr\/wp-json\/wp\/v2\/types\/product"}],"wp:featuredmedia":[{"embeddable":true,"href":"https:\/\/www.lausinyvicente.com\/fr\/wp-json\/wp\/v2\/media\/2660"}],"wp:attachment":[{"href":"https:\/\/www.lausinyvicente.com\/fr\/wp-json\/wp\/v2\/media?parent=4222"}],"wp:term":[{"taxonomy":"product_cat","embeddable":true,"href":"https:\/\/www.lausinyvicente.com\/fr\/wp-json\/wp\/v2\/product_cat?post=4222"},{"taxonomy":"product_tag","embeddable":true,"href":"https:\/\/www.lausinyvicente.com\/fr\/wp-json\/wp\/v2\/product_tag?post=4222"}],"curies":[{"name":"wp","href":"https:\/\/api.w.org\/{rel}","templated":true}]}}