{"id":4241,"date":"2022-11-30T15:57:54","date_gmt":"2022-11-30T15:57:54","guid":{"rendered":"https:\/\/www.lausinyvicente.com\/non class\u00e9\/chaise-arbitre-de-tennis-metallique\/"},"modified":"2022-11-30T15:57:54","modified_gmt":"2022-11-30T15:57:54","slug":"chaise-arbitre-tennis-metallique","status":"publish","type":"product","link":"https:\/\/www.lausinyvicente.com\/fr\/equipement-sport\/tennis\/chaise-arbitre-tennis-metallique","title":{"rendered":"Chaise arbitre de tennis m\u00e9tallique"},"content":{"rendered":"","protected":false},"excerpt":{"rendered":"<p>Structure en profil\u00e9s en acier de 30 mm de diam\u00e8tre, soud\u00e9s entre eux et peints \u00e0 la peinture \u00e9poxy au four. Elle est \u00e9quip\u00e9e d\u2019un si\u00e8ge avec dossier et accoudoirs avec tablette-\u00e9critoire rabattable. La partie inf\u00e9rieure est \u00e9quip\u00e9e d\u2019une tablette pour poser des objets. Dimensions: 2,00 x 1,05 x 1,25 m.   <\/p>\n","protected":false},"featured_media":2654,"template":"","meta":[],"product_cat":[143,150],"product_tag":[],"class_list":{"0":"post-4241","1":"product","2":"type-product","3":"status-publish","4":"has-post-thumbnail","6":"product_cat-equipement-sport","7":"product_cat-tennis","9":"first","10":"instock","11":"shipping-taxable","12":"purchasable","13":"product-type-variable"},"yoast_head":"<!-- This site is optimized with the Yoast SEO plugin v27.0 - https:\/\/yoast.com\/product\/yoast-seo-wordpress\/ -->\n<title>Chaise arbitre de tennis m\u00e9tallique - Laus\u00edn y Vicente<\/title>\n<meta name=\"robots\" content=\"index, follow, max-snippet:-1, max-image-preview:large, max-video-preview:-1\" \/>\n<link rel=\"canonical\" href=\"https:\/\/www.lausinyvicente.com\/fr\/equipement-sport\/tennis\/chaise-arbitre-tennis-metallique\" \/>\n<meta property=\"og:locale\" content=\"fr_FR\" \/>\n<meta property=\"og:type\" content=\"article\" \/>\n<meta property=\"og:title\" content=\"Chaise arbitre de tennis m\u00e9tallique - Laus\u00edn y Vicente\" \/>\n<meta property=\"og:description\" content=\"Structure en profil\u00e9s en acier de 30 mm de diam\u00e8tre, soud\u00e9s entre eux et peints \u00e0 la peinture \u00e9poxy au four. Elle est \u00e9quip\u00e9e d\u2019un si\u00e8ge avec dossier et accoudoirs avec tablette-\u00e9critoire rabattable. La partie inf\u00e9rieure est \u00e9quip\u00e9e d\u2019une tablette pour poser des objets. Dimensions: 2,00 x 1,05 x 1,25 m.\" \/>\n<meta property=\"og:url\" content=\"https:\/\/www.lausinyvicente.com\/fr\/equipement-sport\/tennis\/chaise-arbitre-tennis-metallique\" \/>\n<meta property=\"og:site_name\" content=\"Laus\u00edn y Vicente\" \/>\n<meta property=\"og:image\" content=\"https:\/\/www.lausinyvicente.com\/wp-content\/uploads\/2022\/11\/D.11.61-silla-juez-tenis-aluminio.jpg\" \/>\n\t<meta property=\"og:image:width\" content=\"720\" \/>\n\t<meta property=\"og:image:height\" content=\"490\" \/>\n\t<meta property=\"og:image:type\" content=\"image\/jpeg\" \/>\n<meta name=\"twitter:card\" content=\"summary_large_image\" \/>\n<script type=\"application\/ld+json\" class=\"yoast-schema-graph\">{\"@context\":\"https:\/\/schema.org\",\"@graph\":[{\"@type\":\"WebPage\",\"@id\":\"https:\/\/www.lausinyvicente.com\/fr\/equipement-sport\/tennis\/chaise-arbitre-tennis-metallique\",\"url\":\"https:\/\/www.lausinyvicente.com\/fr\/equipement-sport\/tennis\/chaise-arbitre-tennis-metallique\",\"name\":\"Chaise arbitre de tennis m\u00e9tallique - Laus\u00edn y Vicente\",\"isPartOf\":{\"@id\":\"https:\/\/www.lausinyvicente.com\/#website\"},\"primaryImageOfPage\":{\"@id\":\"https:\/\/www.lausinyvicente.com\/fr\/equipement-sport\/tennis\/chaise-arbitre-tennis-metallique#primaryimage\"},\"image\":{\"@id\":\"https:\/\/www.lausinyvicente.com\/fr\/equipement-sport\/tennis\/chaise-arbitre-tennis-metallique#primaryimage\"},\"thumbnailUrl\":\"https:\/\/www.lausinyvicente.com\/wp-content\/uploads\/2022\/11\/D.11.61-silla-juez-tenis-aluminio.jpg\",\"datePublished\":\"2022-11-30T15:57:54+00:00\",\"breadcrumb\":{\"@id\":\"https:\/\/www.lausinyvicente.com\/fr\/equipement-sport\/tennis\/chaise-arbitre-tennis-metallique#breadcrumb\"},\"inLanguage\":\"fr-FR\",\"potentialAction\":[{\"@type\":\"ReadAction\",\"target\":[\"https:\/\/www.lausinyvicente.com\/fr\/equipement-sport\/tennis\/chaise-arbitre-tennis-metallique\"]}]},{\"@type\":\"ImageObject\",\"inLanguage\":\"fr-FR\",\"@id\":\"https:\/\/www.lausinyvicente.com\/fr\/equipement-sport\/tennis\/chaise-arbitre-tennis-metallique#primaryimage\",\"url\":\"https:\/\/www.lausinyvicente.com\/wp-content\/uploads\/2022\/11\/D.11.61-silla-juez-tenis-aluminio.jpg\",\"contentUrl\":\"https:\/\/www.lausinyvicente.com\/wp-content\/uploads\/2022\/11\/D.11.61-silla-juez-tenis-aluminio.jpg\",\"width\":720,\"height\":490},{\"@type\":\"BreadcrumbList\",\"@id\":\"https:\/\/www.lausinyvicente.com\/fr\/equipement-sport\/tennis\/chaise-arbitre-tennis-metallique#breadcrumb\",\"itemListElement\":[{\"@type\":\"ListItem\",\"position\":1,\"name\":\"Portada\",\"item\":\"https:\/\/www.lausinyvicente.com\/\"},{\"@type\":\"ListItem\",\"position\":2,\"name\":\"Boutique\",\"item\":\"https:\/\/www.lausinyvicente.com\/fr\/boutique\"},{\"@type\":\"ListItem\",\"position\":3,\"name\":\"Chaise arbitre de tennis m\u00e9tallique\"}]},{\"@type\":\"WebSite\",\"@id\":\"https:\/\/www.lausinyvicente.com\/#website\",\"url\":\"https:\/\/www.lausinyvicente.com\/\",\"name\":\"Laus\u00edn y Vicente\",\"description\":\"Fabricaci\u00f3n y distribuci\u00f3n de material deportivo\",\"potentialAction\":[{\"@type\":\"SearchAction\",\"target\":{\"@type\":\"EntryPoint\",\"urlTemplate\":\"https:\/\/www.lausinyvicente.com\/?s={search_term_string}\"},\"query-input\":{\"@type\":\"PropertyValueSpecification\",\"valueRequired\":true,\"valueName\":\"search_term_string\"}}],\"inLanguage\":\"fr-FR\"}]}<\/script>\n<!-- \/ Yoast SEO plugin. -->","yoast_head_json":{"title":"Chaise arbitre de tennis m\u00e9tallique - Laus\u00edn y Vicente","robots":{"index":"index","follow":"follow","max-snippet":"max-snippet:-1","max-image-preview":"max-image-preview:large","max-video-preview":"max-video-preview:-1"},"canonical":"https:\/\/www.lausinyvicente.com\/fr\/equipement-sport\/tennis\/chaise-arbitre-tennis-metallique","og_locale":"fr_FR","og_type":"article","og_title":"Chaise arbitre de tennis m\u00e9tallique - Laus\u00edn y Vicente","og_description":"Structure en profil\u00e9s en acier de 30 mm de diam\u00e8tre, soud\u00e9s entre eux et peints \u00e0 la peinture \u00e9poxy au four. Elle est \u00e9quip\u00e9e d\u2019un si\u00e8ge avec dossier et accoudoirs avec tablette-\u00e9critoire rabattable. La partie inf\u00e9rieure est \u00e9quip\u00e9e d\u2019une tablette pour poser des objets. Dimensions: 2,00 x 1,05 x 1,25 m.","og_url":"https:\/\/www.lausinyvicente.com\/fr\/equipement-sport\/tennis\/chaise-arbitre-tennis-metallique","og_site_name":"Laus\u00edn y Vicente","og_image":[{"width":720,"height":490,"url":"https:\/\/www.lausinyvicente.com\/wp-content\/uploads\/2022\/11\/D.11.61-silla-juez-tenis-aluminio.jpg","type":"image\/jpeg"}],"twitter_card":"summary_large_image","schema":{"@context":"https:\/\/schema.org","@graph":[{"@type":"WebPage","@id":"https:\/\/www.lausinyvicente.com\/fr\/equipement-sport\/tennis\/chaise-arbitre-tennis-metallique","url":"https:\/\/www.lausinyvicente.com\/fr\/equipement-sport\/tennis\/chaise-arbitre-tennis-metallique","name":"Chaise arbitre de tennis m\u00e9tallique - Laus\u00edn y Vicente","isPartOf":{"@id":"https:\/\/www.lausinyvicente.com\/#website"},"primaryImageOfPage":{"@id":"https:\/\/www.lausinyvicente.com\/fr\/equipement-sport\/tennis\/chaise-arbitre-tennis-metallique#primaryimage"},"image":{"@id":"https:\/\/www.lausinyvicente.com\/fr\/equipement-sport\/tennis\/chaise-arbitre-tennis-metallique#primaryimage"},"thumbnailUrl":"https:\/\/www.lausinyvicente.com\/wp-content\/uploads\/2022\/11\/D.11.61-silla-juez-tenis-aluminio.jpg","datePublished":"2022-11-30T15:57:54+00:00","breadcrumb":{"@id":"https:\/\/www.lausinyvicente.com\/fr\/equipement-sport\/tennis\/chaise-arbitre-tennis-metallique#breadcrumb"},"inLanguage":"fr-FR","potentialAction":[{"@type":"ReadAction","target":["https:\/\/www.lausinyvicente.com\/fr\/equipement-sport\/tennis\/chaise-arbitre-tennis-metallique"]}]},{"@type":"ImageObject","inLanguage":"fr-FR","@id":"https:\/\/www.lausinyvicente.com\/fr\/equipement-sport\/tennis\/chaise-arbitre-tennis-metallique#primaryimage","url":"https:\/\/www.lausinyvicente.com\/wp-content\/uploads\/2022\/11\/D.11.61-silla-juez-tenis-aluminio.jpg","contentUrl":"https:\/\/www.lausinyvicente.com\/wp-content\/uploads\/2022\/11\/D.11.61-silla-juez-tenis-aluminio.jpg","width":720,"height":490},{"@type":"BreadcrumbList","@id":"https:\/\/www.lausinyvicente.com\/fr\/equipement-sport\/tennis\/chaise-arbitre-tennis-metallique#breadcrumb","itemListElement":[{"@type":"ListItem","position":1,"name":"Portada","item":"https:\/\/www.lausinyvicente.com\/"},{"@type":"ListItem","position":2,"name":"Boutique","item":"https:\/\/www.lausinyvicente.com\/fr\/boutique"},{"@type":"ListItem","position":3,"name":"Chaise arbitre de tennis m\u00e9tallique"}]},{"@type":"WebSite","@id":"https:\/\/www.lausinyvicente.com\/#website","url":"https:\/\/www.lausinyvicente.com\/","name":"Laus\u00edn y Vicente","description":"Fabricaci\u00f3n y distribuci\u00f3n de material deportivo","potentialAction":[{"@type":"SearchAction","target":{"@type":"EntryPoint","urlTemplate":"https:\/\/www.lausinyvicente.com\/?s={search_term_string}"},"query-input":{"@type":"PropertyValueSpecification","valueRequired":true,"valueName":"search_term_string"}}],"inLanguage":"fr-FR"}]}},"_links":{"self":[{"href":"https:\/\/www.lausinyvicente.com\/fr\/wp-json\/wp\/v2\/product\/4241","targetHints":{"allow":["GET"]}}],"collection":[{"href":"https:\/\/www.lausinyvicente.com\/fr\/wp-json\/wp\/v2\/product"}],"about":[{"href":"https:\/\/www.lausinyvicente.com\/fr\/wp-json\/wp\/v2\/types\/product"}],"wp:featuredmedia":[{"embeddable":true,"href":"https:\/\/www.lausinyvicente.com\/fr\/wp-json\/wp\/v2\/media\/2654"}],"wp:attachment":[{"href":"https:\/\/www.lausinyvicente.com\/fr\/wp-json\/wp\/v2\/media?parent=4241"}],"wp:term":[{"taxonomy":"product_cat","embeddable":true,"href":"https:\/\/www.lausinyvicente.com\/fr\/wp-json\/wp\/v2\/product_cat?post=4241"},{"taxonomy":"product_tag","embeddable":true,"href":"https:\/\/www.lausinyvicente.com\/fr\/wp-json\/wp\/v2\/product_tag?post=4241"}],"curies":[{"name":"wp","href":"https:\/\/api.w.org\/{rel}","templated":true}]}}