{"id":4245,"date":"2022-11-30T15:54:53","date_gmt":"2022-11-30T15:54:53","guid":{"rendered":"https:\/\/www.lausinyvicente.com\/non%20class\u00e9\/buts-de-rugby-120-mm\/"},"modified":"2023-02-13T19:20:36","modified_gmt":"2023-02-13T19:20:36","slug":"buts-rugby-120","status":"publish","type":"product","link":"https:\/\/www.lausinyvicente.com\/fr\/equipement-sport\/rugby\/buts-rugby-120","title":{"rendered":"Buts de rugby 120 mm"},"content":{"rendered":"","protected":false},"excerpt":{"rendered":"<p>Structure fabriqu\u00e9e enti\u00e8rement en tube en aluminium \u00e0 section ronde de 120 mm et barre transversale de 100 mm de diam\u00e8tre, peint en blanc \u00e0 l\u2019\u00e9poxy au four. Dimensions r\u00e8glementaires : 11,80 m (3 + 8,80 m) x 5,60 m. Chaque but sera ancr\u00e9 au sol au moyen de 2 fourreaux d\u2019ancrage de 800 mm x 127 mm de diam\u00e8tre qui seront encastr\u00e9es dans des massifs en b\u00e9ton arm\u00e9 de 1,2 x 1,2 x 1,2 m environ. Prix par paire.   <\/p>\n","protected":false},"featured_media":6338,"template":"","meta":[],"product_cat":[143,152],"product_tag":[],"class_list":{"0":"post-4245","1":"product","2":"type-product","3":"status-publish","4":"has-post-thumbnail","6":"product_cat-equipement-sport","7":"product_cat-rugby","9":"first","10":"instock","11":"shipping-taxable","12":"purchasable","13":"product-type-variable"},"yoast_head":"<!-- This site is optimized with the Yoast SEO plugin v27.0 - https:\/\/yoast.com\/product\/yoast-seo-wordpress\/ -->\n<title>Buts de rugby 120 mm - Laus\u00edn y Vicente<\/title>\n<meta name=\"robots\" content=\"index, follow, max-snippet:-1, max-image-preview:large, max-video-preview:-1\" \/>\n<link rel=\"canonical\" href=\"https:\/\/www.lausinyvicente.com\/fr\/equipement-sport\/rugby\/buts-rugby-120\" \/>\n<meta property=\"og:locale\" content=\"fr_FR\" \/>\n<meta property=\"og:type\" content=\"article\" \/>\n<meta property=\"og:title\" content=\"Buts de rugby 120 mm - Laus\u00edn y Vicente\" \/>\n<meta property=\"og:description\" content=\"Structure fabriqu\u00e9e enti\u00e8rement en tube en aluminium \u00e0 section ronde de 120 mm et barre transversale de 100 mm de diam\u00e8tre, peint en blanc \u00e0 l\u2019\u00e9poxy au four. Dimensions r\u00e8glementaires : 11,80 m (3 + 8,80 m) x 5,60 m. Chaque but sera ancr\u00e9 au sol au moyen de 2 fourreaux d\u2019ancrage de 800 mm x 127 mm de diam\u00e8tre qui seront encastr\u00e9es dans des massifs en b\u00e9ton arm\u00e9 de 1,2 x 1,2 x 1,2 m environ. Prix par paire.\" \/>\n<meta property=\"og:url\" content=\"https:\/\/www.lausinyvicente.com\/fr\/equipement-sport\/rugby\/buts-rugby-120\" \/>\n<meta property=\"og:site_name\" content=\"Laus\u00edn y Vicente\" \/>\n<meta property=\"article:modified_time\" content=\"2023-02-13T19:20:36+00:00\" \/>\n<meta property=\"og:image\" content=\"https:\/\/www.lausinyvicente.com\/wp-content\/uploads\/2022\/11\/D.13.png\" \/>\n\t<meta property=\"og:image:width\" content=\"720\" \/>\n\t<meta property=\"og:image:height\" content=\"490\" \/>\n\t<meta property=\"og:image:type\" content=\"image\/png\" \/>\n<meta name=\"twitter:card\" content=\"summary_large_image\" \/>\n<script type=\"application\/ld+json\" class=\"yoast-schema-graph\">{\"@context\":\"https:\/\/schema.org\",\"@graph\":[{\"@type\":\"WebPage\",\"@id\":\"https:\/\/www.lausinyvicente.com\/fr\/equipement-sport\/rugby\/buts-rugby-120\",\"url\":\"https:\/\/www.lausinyvicente.com\/fr\/equipement-sport\/rugby\/buts-rugby-120\",\"name\":\"Buts de rugby 120 mm - Laus\u00edn y Vicente\",\"isPartOf\":{\"@id\":\"https:\/\/www.lausinyvicente.com\/#website\"},\"primaryImageOfPage\":{\"@id\":\"https:\/\/www.lausinyvicente.com\/fr\/equipement-sport\/rugby\/buts-rugby-120#primaryimage\"},\"image\":{\"@id\":\"https:\/\/www.lausinyvicente.com\/fr\/equipement-sport\/rugby\/buts-rugby-120#primaryimage\"},\"thumbnailUrl\":\"https:\/\/www.lausinyvicente.com\/wp-content\/uploads\/2022\/11\/D.13.png\",\"datePublished\":\"2022-11-30T15:54:53+00:00\",\"dateModified\":\"2023-02-13T19:20:36+00:00\",\"breadcrumb\":{\"@id\":\"https:\/\/www.lausinyvicente.com\/fr\/equipement-sport\/rugby\/buts-rugby-120#breadcrumb\"},\"inLanguage\":\"fr-FR\",\"potentialAction\":[{\"@type\":\"ReadAction\",\"target\":[\"https:\/\/www.lausinyvicente.com\/fr\/equipement-sport\/rugby\/buts-rugby-120\"]}]},{\"@type\":\"ImageObject\",\"inLanguage\":\"fr-FR\",\"@id\":\"https:\/\/www.lausinyvicente.com\/fr\/equipement-sport\/rugby\/buts-rugby-120#primaryimage\",\"url\":\"https:\/\/www.lausinyvicente.com\/wp-content\/uploads\/2022\/11\/D.13.png\",\"contentUrl\":\"https:\/\/www.lausinyvicente.com\/wp-content\/uploads\/2022\/11\/D.13.png\",\"width\":720,\"height\":490,\"caption\":\"porterias de rugby instalacion\"},{\"@type\":\"BreadcrumbList\",\"@id\":\"https:\/\/www.lausinyvicente.com\/fr\/equipement-sport\/rugby\/buts-rugby-120#breadcrumb\",\"itemListElement\":[{\"@type\":\"ListItem\",\"position\":1,\"name\":\"Portada\",\"item\":\"https:\/\/www.lausinyvicente.com\/\"},{\"@type\":\"ListItem\",\"position\":2,\"name\":\"Boutique\",\"item\":\"https:\/\/www.lausinyvicente.com\/fr\/boutique\"},{\"@type\":\"ListItem\",\"position\":3,\"name\":\"Buts de rugby 120 mm\"}]},{\"@type\":\"WebSite\",\"@id\":\"https:\/\/www.lausinyvicente.com\/#website\",\"url\":\"https:\/\/www.lausinyvicente.com\/\",\"name\":\"Laus\u00edn y Vicente\",\"description\":\"Fabricaci\u00f3n y distribuci\u00f3n de material deportivo\",\"potentialAction\":[{\"@type\":\"SearchAction\",\"target\":{\"@type\":\"EntryPoint\",\"urlTemplate\":\"https:\/\/www.lausinyvicente.com\/?s={search_term_string}\"},\"query-input\":{\"@type\":\"PropertyValueSpecification\",\"valueRequired\":true,\"valueName\":\"search_term_string\"}}],\"inLanguage\":\"fr-FR\"}]}<\/script>\n<!-- \/ Yoast SEO plugin. -->","yoast_head_json":{"title":"Buts de rugby 120 mm - Laus\u00edn y Vicente","robots":{"index":"index","follow":"follow","max-snippet":"max-snippet:-1","max-image-preview":"max-image-preview:large","max-video-preview":"max-video-preview:-1"},"canonical":"https:\/\/www.lausinyvicente.com\/fr\/equipement-sport\/rugby\/buts-rugby-120","og_locale":"fr_FR","og_type":"article","og_title":"Buts de rugby 120 mm - Laus\u00edn y Vicente","og_description":"Structure fabriqu\u00e9e enti\u00e8rement en tube en aluminium \u00e0 section ronde de 120 mm et barre transversale de 100 mm de diam\u00e8tre, peint en blanc \u00e0 l\u2019\u00e9poxy au four. Dimensions r\u00e8glementaires : 11,80 m (3 + 8,80 m) x 5,60 m. Chaque but sera ancr\u00e9 au sol au moyen de 2 fourreaux d\u2019ancrage de 800 mm x 127 mm de diam\u00e8tre qui seront encastr\u00e9es dans des massifs en b\u00e9ton arm\u00e9 de 1,2 x 1,2 x 1,2 m environ. Prix par paire.","og_url":"https:\/\/www.lausinyvicente.com\/fr\/equipement-sport\/rugby\/buts-rugby-120","og_site_name":"Laus\u00edn y Vicente","article_modified_time":"2023-02-13T19:20:36+00:00","og_image":[{"width":720,"height":490,"url":"https:\/\/www.lausinyvicente.com\/wp-content\/uploads\/2022\/11\/D.13.png","type":"image\/png"}],"twitter_card":"summary_large_image","schema":{"@context":"https:\/\/schema.org","@graph":[{"@type":"WebPage","@id":"https:\/\/www.lausinyvicente.com\/fr\/equipement-sport\/rugby\/buts-rugby-120","url":"https:\/\/www.lausinyvicente.com\/fr\/equipement-sport\/rugby\/buts-rugby-120","name":"Buts de rugby 120 mm - Laus\u00edn y Vicente","isPartOf":{"@id":"https:\/\/www.lausinyvicente.com\/#website"},"primaryImageOfPage":{"@id":"https:\/\/www.lausinyvicente.com\/fr\/equipement-sport\/rugby\/buts-rugby-120#primaryimage"},"image":{"@id":"https:\/\/www.lausinyvicente.com\/fr\/equipement-sport\/rugby\/buts-rugby-120#primaryimage"},"thumbnailUrl":"https:\/\/www.lausinyvicente.com\/wp-content\/uploads\/2022\/11\/D.13.png","datePublished":"2022-11-30T15:54:53+00:00","dateModified":"2023-02-13T19:20:36+00:00","breadcrumb":{"@id":"https:\/\/www.lausinyvicente.com\/fr\/equipement-sport\/rugby\/buts-rugby-120#breadcrumb"},"inLanguage":"fr-FR","potentialAction":[{"@type":"ReadAction","target":["https:\/\/www.lausinyvicente.com\/fr\/equipement-sport\/rugby\/buts-rugby-120"]}]},{"@type":"ImageObject","inLanguage":"fr-FR","@id":"https:\/\/www.lausinyvicente.com\/fr\/equipement-sport\/rugby\/buts-rugby-120#primaryimage","url":"https:\/\/www.lausinyvicente.com\/wp-content\/uploads\/2022\/11\/D.13.png","contentUrl":"https:\/\/www.lausinyvicente.com\/wp-content\/uploads\/2022\/11\/D.13.png","width":720,"height":490,"caption":"porterias de rugby instalacion"},{"@type":"BreadcrumbList","@id":"https:\/\/www.lausinyvicente.com\/fr\/equipement-sport\/rugby\/buts-rugby-120#breadcrumb","itemListElement":[{"@type":"ListItem","position":1,"name":"Portada","item":"https:\/\/www.lausinyvicente.com\/"},{"@type":"ListItem","position":2,"name":"Boutique","item":"https:\/\/www.lausinyvicente.com\/fr\/boutique"},{"@type":"ListItem","position":3,"name":"Buts de rugby 120 mm"}]},{"@type":"WebSite","@id":"https:\/\/www.lausinyvicente.com\/#website","url":"https:\/\/www.lausinyvicente.com\/","name":"Laus\u00edn y Vicente","description":"Fabricaci\u00f3n y distribuci\u00f3n de material deportivo","potentialAction":[{"@type":"SearchAction","target":{"@type":"EntryPoint","urlTemplate":"https:\/\/www.lausinyvicente.com\/?s={search_term_string}"},"query-input":{"@type":"PropertyValueSpecification","valueRequired":true,"valueName":"search_term_string"}}],"inLanguage":"fr-FR"}]}},"_links":{"self":[{"href":"https:\/\/www.lausinyvicente.com\/fr\/wp-json\/wp\/v2\/product\/4245","targetHints":{"allow":["GET"]}}],"collection":[{"href":"https:\/\/www.lausinyvicente.com\/fr\/wp-json\/wp\/v2\/product"}],"about":[{"href":"https:\/\/www.lausinyvicente.com\/fr\/wp-json\/wp\/v2\/types\/product"}],"wp:featuredmedia":[{"embeddable":true,"href":"https:\/\/www.lausinyvicente.com\/fr\/wp-json\/wp\/v2\/media\/6338"}],"wp:attachment":[{"href":"https:\/\/www.lausinyvicente.com\/fr\/wp-json\/wp\/v2\/media?parent=4245"}],"wp:term":[{"taxonomy":"product_cat","embeddable":true,"href":"https:\/\/www.lausinyvicente.com\/fr\/wp-json\/wp\/v2\/product_cat?post=4245"},{"taxonomy":"product_tag","embeddable":true,"href":"https:\/\/www.lausinyvicente.com\/fr\/wp-json\/wp\/v2\/product_tag?post=4245"}],"curies":[{"name":"wp","href":"https:\/\/api.w.org\/{rel}","templated":true}]}}