{"id":4269,"date":"2022-11-30T15:45:28","date_gmt":"2022-11-30T15:45:28","guid":{"rendered":"https:\/\/www.lausinyvicente.com\/non class\u00e9\/buts-de-hockey-sur-gazon\/"},"modified":"2022-11-30T15:45:28","modified_gmt":"2022-11-30T15:45:28","slug":"buts-hockey-gazon","status":"publish","type":"product","link":"https:\/\/www.lausinyvicente.com\/fr\/equipement-sport\/hockey\/buts-hockey-gazon","title":{"rendered":"Buts de hockey sur gazon"},"content":{"rendered":"","protected":false},"excerpt":{"rendered":"<p>Fabriqu\u00e9s conform\u00e9ment aux exigences de la norme europ\u00e9enne UNE-EN 750. Poteaux, barres transversales et bases en profil\u00e9s en aluminium \u00e0 section rectangulaire de (75 x 50 x 3 mm). Fabriqu\u00e9 en alliage sp\u00e9cial d\u2019aluminium 6082 avec traitement thermique T6 pour lui conf\u00e9rer une meilleure solidit\u00e9 et r\u00e9sistance aux chocs. Attaches en polyamide pour fixer facilement le filet au cadre du but. Poteaux et barres transversales laqu\u00e9s en blanc RAL 9010. Base inf\u00e9rieure en aluminium couleur naturelle. Supports de filet et renforts arri\u00e8re en profil\u00e9 en acier galvanis\u00e9 \u00e0 chaud. Panneau arri\u00e8re et lat\u00e9ral en contreplaqu\u00e9 de bois de 21 mm couleur marron fonc\u00e9: Dimensions: 3,66 x 2,14 m \/ Profondeur sur partie sup\u00e9rieure: 0,9 m \/ Profondeur sur la base: 1,2 m. Roues en option. Prix par paire sans filet.         <\/p>\n","protected":false},"featured_media":6688,"template":"","meta":[],"product_cat":[154,143],"product_tag":[],"class_list":{"0":"post-4269","1":"product","2":"type-product","3":"status-publish","4":"has-post-thumbnail","6":"product_cat-hockey","7":"product_cat-equipement-sport","9":"first","10":"instock","11":"shipping-taxable","12":"purchasable","13":"product-type-variable"},"yoast_head":"<!-- This site is optimized with the Yoast SEO plugin v27.0 - https:\/\/yoast.com\/product\/yoast-seo-wordpress\/ -->\n<title>Buts de hockey sur gazon - Laus\u00edn y Vicente<\/title>\n<meta name=\"robots\" content=\"index, follow, max-snippet:-1, max-image-preview:large, max-video-preview:-1\" \/>\n<link rel=\"canonical\" href=\"https:\/\/www.lausinyvicente.com\/fr\/equipement-sport\/hockey\/buts-hockey-gazon\" \/>\n<meta property=\"og:locale\" content=\"fr_FR\" \/>\n<meta property=\"og:type\" content=\"article\" \/>\n<meta property=\"og:title\" content=\"Buts de hockey sur gazon - Laus\u00edn y Vicente\" \/>\n<meta property=\"og:description\" content=\"Fabriqu\u00e9s conform\u00e9ment aux exigences de la norme europ\u00e9enne UNE-EN 750. Poteaux, barres transversales et bases en profil\u00e9s en aluminium \u00e0 section rectangulaire de (75 x 50 x 3 mm). Fabriqu\u00e9 en alliage sp\u00e9cial d\u2019aluminium 6082 avec traitement thermique T6 pour lui conf\u00e9rer une meilleure solidit\u00e9 et r\u00e9sistance aux chocs. Attaches en polyamide pour fixer facilement le filet au cadre du but. Poteaux et barres transversales laqu\u00e9s en blanc RAL 9010. Base inf\u00e9rieure en aluminium couleur naturelle. Supports de filet et renforts arri\u00e8re en profil\u00e9 en acier galvanis\u00e9 \u00e0 chaud. Panneau arri\u00e8re et lat\u00e9ral en contreplaqu\u00e9 de bois de 21 mm couleur marron fonc\u00e9: Dimensions: 3,66 x 2,14 m \/ Profondeur sur partie sup\u00e9rieure: 0,9 m \/ Profondeur sur la base: 1,2 m. Roues en option. Prix par paire sans filet.\" \/>\n<meta property=\"og:url\" content=\"https:\/\/www.lausinyvicente.com\/fr\/equipement-sport\/hockey\/buts-hockey-gazon\" \/>\n<meta property=\"og:site_name\" content=\"Laus\u00edn y Vicente\" \/>\n<meta property=\"og:image\" content=\"https:\/\/www.lausinyvicente.com\/wp-content\/uploads\/2022\/11\/D.07.02-juego-porterias-hockey-hierba-aluminio.jpg\" \/>\n\t<meta property=\"og:image:width\" content=\"720\" \/>\n\t<meta property=\"og:image:height\" content=\"490\" \/>\n\t<meta property=\"og:image:type\" content=\"image\/jpeg\" \/>\n<meta name=\"twitter:card\" content=\"summary_large_image\" \/>\n<script type=\"application\/ld+json\" class=\"yoast-schema-graph\">{\"@context\":\"https:\/\/schema.org\",\"@graph\":[{\"@type\":\"WebPage\",\"@id\":\"https:\/\/www.lausinyvicente.com\/fr\/equipement-sport\/hockey\/buts-hockey-gazon\",\"url\":\"https:\/\/www.lausinyvicente.com\/fr\/equipement-sport\/hockey\/buts-hockey-gazon\",\"name\":\"Buts de hockey sur gazon - Laus\u00edn y Vicente\",\"isPartOf\":{\"@id\":\"https:\/\/www.lausinyvicente.com\/#website\"},\"primaryImageOfPage\":{\"@id\":\"https:\/\/www.lausinyvicente.com\/fr\/equipement-sport\/hockey\/buts-hockey-gazon#primaryimage\"},\"image\":{\"@id\":\"https:\/\/www.lausinyvicente.com\/fr\/equipement-sport\/hockey\/buts-hockey-gazon#primaryimage\"},\"thumbnailUrl\":\"https:\/\/www.lausinyvicente.com\/wp-content\/uploads\/2022\/11\/hockey-patines.png\",\"datePublished\":\"2022-11-30T15:45:28+00:00\",\"breadcrumb\":{\"@id\":\"https:\/\/www.lausinyvicente.com\/fr\/equipement-sport\/hockey\/buts-hockey-gazon#breadcrumb\"},\"inLanguage\":\"fr-FR\",\"potentialAction\":[{\"@type\":\"ReadAction\",\"target\":[\"https:\/\/www.lausinyvicente.com\/fr\/equipement-sport\/hockey\/buts-hockey-gazon\"]}]},{\"@type\":\"ImageObject\",\"inLanguage\":\"fr-FR\",\"@id\":\"https:\/\/www.lausinyvicente.com\/fr\/equipement-sport\/hockey\/buts-hockey-gazon#primaryimage\",\"url\":\"https:\/\/www.lausinyvicente.com\/wp-content\/uploads\/2022\/11\/hockey-patines.png\",\"contentUrl\":\"https:\/\/www.lausinyvicente.com\/wp-content\/uploads\/2022\/11\/hockey-patines.png\",\"width\":720,\"height\":490},{\"@type\":\"BreadcrumbList\",\"@id\":\"https:\/\/www.lausinyvicente.com\/fr\/equipement-sport\/hockey\/buts-hockey-gazon#breadcrumb\",\"itemListElement\":[{\"@type\":\"ListItem\",\"position\":1,\"name\":\"Portada\",\"item\":\"https:\/\/www.lausinyvicente.com\/\"},{\"@type\":\"ListItem\",\"position\":2,\"name\":\"Boutique\",\"item\":\"https:\/\/www.lausinyvicente.com\/fr\/boutique\"},{\"@type\":\"ListItem\",\"position\":3,\"name\":\"Buts de hockey sur gazon\"}]},{\"@type\":\"WebSite\",\"@id\":\"https:\/\/www.lausinyvicente.com\/#website\",\"url\":\"https:\/\/www.lausinyvicente.com\/\",\"name\":\"Laus\u00edn y Vicente\",\"description\":\"Fabricaci\u00f3n y distribuci\u00f3n de material deportivo\",\"potentialAction\":[{\"@type\":\"SearchAction\",\"target\":{\"@type\":\"EntryPoint\",\"urlTemplate\":\"https:\/\/www.lausinyvicente.com\/?s={search_term_string}\"},\"query-input\":{\"@type\":\"PropertyValueSpecification\",\"valueRequired\":true,\"valueName\":\"search_term_string\"}}],\"inLanguage\":\"fr-FR\"}]}<\/script>\n<!-- \/ Yoast SEO plugin. -->","yoast_head_json":{"title":"Buts de hockey sur gazon - Laus\u00edn y Vicente","robots":{"index":"index","follow":"follow","max-snippet":"max-snippet:-1","max-image-preview":"max-image-preview:large","max-video-preview":"max-video-preview:-1"},"canonical":"https:\/\/www.lausinyvicente.com\/fr\/equipement-sport\/hockey\/buts-hockey-gazon","og_locale":"fr_FR","og_type":"article","og_title":"Buts de hockey sur gazon - Laus\u00edn y Vicente","og_description":"Fabriqu\u00e9s conform\u00e9ment aux exigences de la norme europ\u00e9enne UNE-EN 750. Poteaux, barres transversales et bases en profil\u00e9s en aluminium \u00e0 section rectangulaire de (75 x 50 x 3 mm). Fabriqu\u00e9 en alliage sp\u00e9cial d\u2019aluminium 6082 avec traitement thermique T6 pour lui conf\u00e9rer une meilleure solidit\u00e9 et r\u00e9sistance aux chocs. Attaches en polyamide pour fixer facilement le filet au cadre du but. Poteaux et barres transversales laqu\u00e9s en blanc RAL 9010. Base inf\u00e9rieure en aluminium couleur naturelle. Supports de filet et renforts arri\u00e8re en profil\u00e9 en acier galvanis\u00e9 \u00e0 chaud. Panneau arri\u00e8re et lat\u00e9ral en contreplaqu\u00e9 de bois de 21 mm couleur marron fonc\u00e9: Dimensions: 3,66 x 2,14 m \/ Profondeur sur partie sup\u00e9rieure: 0,9 m \/ Profondeur sur la base: 1,2 m. Roues en option. Prix par paire sans filet.","og_url":"https:\/\/www.lausinyvicente.com\/fr\/equipement-sport\/hockey\/buts-hockey-gazon","og_site_name":"Laus\u00edn y Vicente","og_image":[{"width":720,"height":490,"url":"https:\/\/www.lausinyvicente.com\/wp-content\/uploads\/2022\/11\/D.07.02-juego-porterias-hockey-hierba-aluminio.jpg","type":"image\/jpeg"}],"twitter_card":"summary_large_image","schema":{"@context":"https:\/\/schema.org","@graph":[{"@type":"WebPage","@id":"https:\/\/www.lausinyvicente.com\/fr\/equipement-sport\/hockey\/buts-hockey-gazon","url":"https:\/\/www.lausinyvicente.com\/fr\/equipement-sport\/hockey\/buts-hockey-gazon","name":"Buts de hockey sur gazon - Laus\u00edn y Vicente","isPartOf":{"@id":"https:\/\/www.lausinyvicente.com\/#website"},"primaryImageOfPage":{"@id":"https:\/\/www.lausinyvicente.com\/fr\/equipement-sport\/hockey\/buts-hockey-gazon#primaryimage"},"image":{"@id":"https:\/\/www.lausinyvicente.com\/fr\/equipement-sport\/hockey\/buts-hockey-gazon#primaryimage"},"thumbnailUrl":"https:\/\/www.lausinyvicente.com\/wp-content\/uploads\/2022\/11\/hockey-patines.png","datePublished":"2022-11-30T15:45:28+00:00","breadcrumb":{"@id":"https:\/\/www.lausinyvicente.com\/fr\/equipement-sport\/hockey\/buts-hockey-gazon#breadcrumb"},"inLanguage":"fr-FR","potentialAction":[{"@type":"ReadAction","target":["https:\/\/www.lausinyvicente.com\/fr\/equipement-sport\/hockey\/buts-hockey-gazon"]}]},{"@type":"ImageObject","inLanguage":"fr-FR","@id":"https:\/\/www.lausinyvicente.com\/fr\/equipement-sport\/hockey\/buts-hockey-gazon#primaryimage","url":"https:\/\/www.lausinyvicente.com\/wp-content\/uploads\/2022\/11\/hockey-patines.png","contentUrl":"https:\/\/www.lausinyvicente.com\/wp-content\/uploads\/2022\/11\/hockey-patines.png","width":720,"height":490},{"@type":"BreadcrumbList","@id":"https:\/\/www.lausinyvicente.com\/fr\/equipement-sport\/hockey\/buts-hockey-gazon#breadcrumb","itemListElement":[{"@type":"ListItem","position":1,"name":"Portada","item":"https:\/\/www.lausinyvicente.com\/"},{"@type":"ListItem","position":2,"name":"Boutique","item":"https:\/\/www.lausinyvicente.com\/fr\/boutique"},{"@type":"ListItem","position":3,"name":"Buts de hockey sur gazon"}]},{"@type":"WebSite","@id":"https:\/\/www.lausinyvicente.com\/#website","url":"https:\/\/www.lausinyvicente.com\/","name":"Laus\u00edn y Vicente","description":"Fabricaci\u00f3n y distribuci\u00f3n de material deportivo","potentialAction":[{"@type":"SearchAction","target":{"@type":"EntryPoint","urlTemplate":"https:\/\/www.lausinyvicente.com\/?s={search_term_string}"},"query-input":{"@type":"PropertyValueSpecification","valueRequired":true,"valueName":"search_term_string"}}],"inLanguage":"fr-FR"}]}},"_links":{"self":[{"href":"https:\/\/www.lausinyvicente.com\/fr\/wp-json\/wp\/v2\/product\/4269","targetHints":{"allow":["GET"]}}],"collection":[{"href":"https:\/\/www.lausinyvicente.com\/fr\/wp-json\/wp\/v2\/product"}],"about":[{"href":"https:\/\/www.lausinyvicente.com\/fr\/wp-json\/wp\/v2\/types\/product"}],"wp:featuredmedia":[{"embeddable":true,"href":"https:\/\/www.lausinyvicente.com\/fr\/wp-json\/wp\/v2\/media\/6688"}],"wp:attachment":[{"href":"https:\/\/www.lausinyvicente.com\/fr\/wp-json\/wp\/v2\/media?parent=4269"}],"wp:term":[{"taxonomy":"product_cat","embeddable":true,"href":"https:\/\/www.lausinyvicente.com\/fr\/wp-json\/wp\/v2\/product_cat?post=4269"},{"taxonomy":"product_tag","embeddable":true,"href":"https:\/\/www.lausinyvicente.com\/fr\/wp-json\/wp\/v2\/product_tag?post=4269"}],"curies":[{"name":"wp","href":"https:\/\/api.w.org\/{rel}","templated":true}]}}