{"id":4303,"date":"2022-11-30T15:34:24","date_gmt":"2022-11-30T15:34:24","guid":{"rendered":"https:\/\/www.lausinyvicente.com\/non%20class\u00e9\/base-arriere-rabattable-de-football-7-et-5\/"},"modified":"2024-01-21T16:52:17","modified_gmt":"2024-01-21T16:52:17","slug":"base-arriere-rabattable-football-7-5","status":"publish","type":"product","link":"https:\/\/www.lausinyvicente.com\/fr\/equipement-sport\/football\/filets-poteaux-et-bases\/base-arriere-rabattable-football-7-5","title":{"rendered":"Base arri\u00e8re rabattable de football \u201c7\u201c et \u201c5\u201d"},"content":{"rendered":"","protected":false},"excerpt":{"rendered":"<p>Fabriqu\u00e9e en tube en acier galvanis\u00e9 \u00e0 section ronde de 38 mm de diam\u00e8tre sur la partie droite et de 32 mm de diam\u00e8tre sur les parties arrondies. L\u2019ensemble est assembl\u00e9 par des vis \u00e0 t\u00eate hexagonale. Elle est utilis\u00e9e pour fixer le filet sur le terrain sans avoir \u00e0 l\u2019enfoncer dans le sol. Elle peut \u00eatre repli\u00e9e sur les terrains en gazon naturel pour entretenir le gazon derri\u00e8re le but. Chaque base arri\u00e8re est munie de deux charni\u00e8res fix\u00e9es au pied du poteau, permettant de la replier vers ce dernier. Profondeur standard de 2 m. (Autres dimensions de profondeur sur demande). Prix par paire.     <\/p>\n","protected":false},"featured_media":2634,"template":"","meta":[],"product_cat":[156,143,232],"product_tag":[],"class_list":{"0":"post-4303","1":"product","2":"type-product","3":"status-publish","4":"has-post-thumbnail","6":"product_cat-football","7":"product_cat-equipement-sport","8":"product_cat-filets-poteaux-et-bases","10":"first","11":"instock","12":"shipping-taxable","13":"purchasable","14":"product-type-variable"},"yoast_head":"<!-- This site is optimized with the Yoast SEO plugin v27.0 - https:\/\/yoast.com\/product\/yoast-seo-wordpress\/ -->\n<title>Base arri\u00e8re rabattable de football \u201c7\u201c et \u201c5\u201d - Laus\u00edn y Vicente<\/title>\n<meta name=\"robots\" content=\"index, follow, max-snippet:-1, max-image-preview:large, max-video-preview:-1\" \/>\n<link rel=\"canonical\" href=\"https:\/\/www.lausinyvicente.com\/fr\/equipement-sport\/football\/filets-poteaux-et-bases\/base-arriere-rabattable-football-7-5\" \/>\n<meta property=\"og:locale\" content=\"fr_FR\" \/>\n<meta property=\"og:type\" content=\"article\" \/>\n<meta property=\"og:title\" content=\"Base arri\u00e8re rabattable de football \u201c7\u201c et \u201c5\u201d - Laus\u00edn y Vicente\" \/>\n<meta property=\"og:description\" content=\"Fabriqu\u00e9e en tube en acier galvanis\u00e9 \u00e0 section ronde de 38 mm de diam\u00e8tre sur la partie droite et de 32 mm de diam\u00e8tre sur les parties arrondies. L\u2019ensemble est assembl\u00e9 par des vis \u00e0 t\u00eate hexagonale. Elle est utilis\u00e9e pour fixer le filet sur le terrain sans avoir \u00e0 l\u2019enfoncer dans le sol. Elle peut \u00eatre repli\u00e9e sur les terrains en gazon naturel pour entretenir le gazon derri\u00e8re le but. Chaque base arri\u00e8re est munie de deux charni\u00e8res fix\u00e9es au pied du poteau, permettant de la replier vers ce dernier. Profondeur standard de 2 m. (Autres dimensions de profondeur sur demande). Prix par paire.\" \/>\n<meta property=\"og:url\" content=\"https:\/\/www.lausinyvicente.com\/fr\/equipement-sport\/football\/filets-poteaux-et-bases\/base-arriere-rabattable-football-7-5\" \/>\n<meta property=\"og:site_name\" content=\"Laus\u00edn y Vicente\" \/>\n<meta property=\"article:modified_time\" content=\"2024-01-21T16:52:17+00:00\" \/>\n<meta property=\"og:image\" content=\"https:\/\/www.lausinyvicente.com\/wp-content\/uploads\/2022\/11\/D.06.55-base-trasera-abatible-futbol-7-5.jpg\" \/>\n\t<meta property=\"og:image:width\" content=\"720\" \/>\n\t<meta property=\"og:image:height\" content=\"490\" \/>\n\t<meta property=\"og:image:type\" content=\"image\/jpeg\" \/>\n<meta name=\"twitter:card\" content=\"summary_large_image\" \/>\n<script type=\"application\/ld+json\" class=\"yoast-schema-graph\">{\"@context\":\"https:\/\/schema.org\",\"@graph\":[{\"@type\":\"WebPage\",\"@id\":\"https:\/\/www.lausinyvicente.com\/fr\/equipement-sport\/football\/filets-poteaux-et-bases\/base-arriere-rabattable-football-7-5\",\"url\":\"https:\/\/www.lausinyvicente.com\/fr\/equipement-sport\/football\/filets-poteaux-et-bases\/base-arriere-rabattable-football-7-5\",\"name\":\"Base arri\u00e8re rabattable de football \u201c7\u201c et \u201c5\u201d - Laus\u00edn y Vicente\",\"isPartOf\":{\"@id\":\"https:\/\/www.lausinyvicente.com\/#website\"},\"primaryImageOfPage\":{\"@id\":\"https:\/\/www.lausinyvicente.com\/fr\/equipement-sport\/football\/filets-poteaux-et-bases\/base-arriere-rabattable-football-7-5#primaryimage\"},\"image\":{\"@id\":\"https:\/\/www.lausinyvicente.com\/fr\/equipement-sport\/football\/filets-poteaux-et-bases\/base-arriere-rabattable-football-7-5#primaryimage\"},\"thumbnailUrl\":\"https:\/\/www.lausinyvicente.com\/wp-content\/uploads\/2022\/11\/D.06.55-base-trasera-abatible-futbol-7-5.jpg\",\"datePublished\":\"2022-11-30T15:34:24+00:00\",\"dateModified\":\"2024-01-21T16:52:17+00:00\",\"breadcrumb\":{\"@id\":\"https:\/\/www.lausinyvicente.com\/fr\/equipement-sport\/football\/filets-poteaux-et-bases\/base-arriere-rabattable-football-7-5#breadcrumb\"},\"inLanguage\":\"fr-FR\",\"potentialAction\":[{\"@type\":\"ReadAction\",\"target\":[\"https:\/\/www.lausinyvicente.com\/fr\/equipement-sport\/football\/filets-poteaux-et-bases\/base-arriere-rabattable-football-7-5\"]}]},{\"@type\":\"ImageObject\",\"inLanguage\":\"fr-FR\",\"@id\":\"https:\/\/www.lausinyvicente.com\/fr\/equipement-sport\/football\/filets-poteaux-et-bases\/base-arriere-rabattable-football-7-5#primaryimage\",\"url\":\"https:\/\/www.lausinyvicente.com\/wp-content\/uploads\/2022\/11\/D.06.55-base-trasera-abatible-futbol-7-5.jpg\",\"contentUrl\":\"https:\/\/www.lausinyvicente.com\/wp-content\/uploads\/2022\/11\/D.06.55-base-trasera-abatible-futbol-7-5.jpg\",\"width\":720,\"height\":490},{\"@type\":\"BreadcrumbList\",\"@id\":\"https:\/\/www.lausinyvicente.com\/fr\/equipement-sport\/football\/filets-poteaux-et-bases\/base-arriere-rabattable-football-7-5#breadcrumb\",\"itemListElement\":[{\"@type\":\"ListItem\",\"position\":1,\"name\":\"Portada\",\"item\":\"https:\/\/www.lausinyvicente.com\/\"},{\"@type\":\"ListItem\",\"position\":2,\"name\":\"Boutique\",\"item\":\"https:\/\/www.lausinyvicente.com\/fr\/boutique\"},{\"@type\":\"ListItem\",\"position\":3,\"name\":\"Base arri\u00e8re rabattable de football \u201c7\u201c et \u201c5\u201d\"}]},{\"@type\":\"WebSite\",\"@id\":\"https:\/\/www.lausinyvicente.com\/#website\",\"url\":\"https:\/\/www.lausinyvicente.com\/\",\"name\":\"Laus\u00edn y Vicente\",\"description\":\"Fabricaci\u00f3n y distribuci\u00f3n de material deportivo\",\"potentialAction\":[{\"@type\":\"SearchAction\",\"target\":{\"@type\":\"EntryPoint\",\"urlTemplate\":\"https:\/\/www.lausinyvicente.com\/?s={search_term_string}\"},\"query-input\":{\"@type\":\"PropertyValueSpecification\",\"valueRequired\":true,\"valueName\":\"search_term_string\"}}],\"inLanguage\":\"fr-FR\"}]}<\/script>\n<!-- \/ Yoast SEO plugin. -->","yoast_head_json":{"title":"Base arri\u00e8re rabattable de football \u201c7\u201c et \u201c5\u201d - Laus\u00edn y Vicente","robots":{"index":"index","follow":"follow","max-snippet":"max-snippet:-1","max-image-preview":"max-image-preview:large","max-video-preview":"max-video-preview:-1"},"canonical":"https:\/\/www.lausinyvicente.com\/fr\/equipement-sport\/football\/filets-poteaux-et-bases\/base-arriere-rabattable-football-7-5","og_locale":"fr_FR","og_type":"article","og_title":"Base arri\u00e8re rabattable de football \u201c7\u201c et \u201c5\u201d - Laus\u00edn y Vicente","og_description":"Fabriqu\u00e9e en tube en acier galvanis\u00e9 \u00e0 section ronde de 38 mm de diam\u00e8tre sur la partie droite et de 32 mm de diam\u00e8tre sur les parties arrondies. L\u2019ensemble est assembl\u00e9 par des vis \u00e0 t\u00eate hexagonale. Elle est utilis\u00e9e pour fixer le filet sur le terrain sans avoir \u00e0 l\u2019enfoncer dans le sol. Elle peut \u00eatre repli\u00e9e sur les terrains en gazon naturel pour entretenir le gazon derri\u00e8re le but. Chaque base arri\u00e8re est munie de deux charni\u00e8res fix\u00e9es au pied du poteau, permettant de la replier vers ce dernier. Profondeur standard de 2 m. (Autres dimensions de profondeur sur demande). Prix par paire.","og_url":"https:\/\/www.lausinyvicente.com\/fr\/equipement-sport\/football\/filets-poteaux-et-bases\/base-arriere-rabattable-football-7-5","og_site_name":"Laus\u00edn y Vicente","article_modified_time":"2024-01-21T16:52:17+00:00","og_image":[{"width":720,"height":490,"url":"https:\/\/www.lausinyvicente.com\/wp-content\/uploads\/2022\/11\/D.06.55-base-trasera-abatible-futbol-7-5.jpg","type":"image\/jpeg"}],"twitter_card":"summary_large_image","schema":{"@context":"https:\/\/schema.org","@graph":[{"@type":"WebPage","@id":"https:\/\/www.lausinyvicente.com\/fr\/equipement-sport\/football\/filets-poteaux-et-bases\/base-arriere-rabattable-football-7-5","url":"https:\/\/www.lausinyvicente.com\/fr\/equipement-sport\/football\/filets-poteaux-et-bases\/base-arriere-rabattable-football-7-5","name":"Base arri\u00e8re rabattable de football \u201c7\u201c et \u201c5\u201d - Laus\u00edn y Vicente","isPartOf":{"@id":"https:\/\/www.lausinyvicente.com\/#website"},"primaryImageOfPage":{"@id":"https:\/\/www.lausinyvicente.com\/fr\/equipement-sport\/football\/filets-poteaux-et-bases\/base-arriere-rabattable-football-7-5#primaryimage"},"image":{"@id":"https:\/\/www.lausinyvicente.com\/fr\/equipement-sport\/football\/filets-poteaux-et-bases\/base-arriere-rabattable-football-7-5#primaryimage"},"thumbnailUrl":"https:\/\/www.lausinyvicente.com\/wp-content\/uploads\/2022\/11\/D.06.55-base-trasera-abatible-futbol-7-5.jpg","datePublished":"2022-11-30T15:34:24+00:00","dateModified":"2024-01-21T16:52:17+00:00","breadcrumb":{"@id":"https:\/\/www.lausinyvicente.com\/fr\/equipement-sport\/football\/filets-poteaux-et-bases\/base-arriere-rabattable-football-7-5#breadcrumb"},"inLanguage":"fr-FR","potentialAction":[{"@type":"ReadAction","target":["https:\/\/www.lausinyvicente.com\/fr\/equipement-sport\/football\/filets-poteaux-et-bases\/base-arriere-rabattable-football-7-5"]}]},{"@type":"ImageObject","inLanguage":"fr-FR","@id":"https:\/\/www.lausinyvicente.com\/fr\/equipement-sport\/football\/filets-poteaux-et-bases\/base-arriere-rabattable-football-7-5#primaryimage","url":"https:\/\/www.lausinyvicente.com\/wp-content\/uploads\/2022\/11\/D.06.55-base-trasera-abatible-futbol-7-5.jpg","contentUrl":"https:\/\/www.lausinyvicente.com\/wp-content\/uploads\/2022\/11\/D.06.55-base-trasera-abatible-futbol-7-5.jpg","width":720,"height":490},{"@type":"BreadcrumbList","@id":"https:\/\/www.lausinyvicente.com\/fr\/equipement-sport\/football\/filets-poteaux-et-bases\/base-arriere-rabattable-football-7-5#breadcrumb","itemListElement":[{"@type":"ListItem","position":1,"name":"Portada","item":"https:\/\/www.lausinyvicente.com\/"},{"@type":"ListItem","position":2,"name":"Boutique","item":"https:\/\/www.lausinyvicente.com\/fr\/boutique"},{"@type":"ListItem","position":3,"name":"Base arri\u00e8re rabattable de football \u201c7\u201c et \u201c5\u201d"}]},{"@type":"WebSite","@id":"https:\/\/www.lausinyvicente.com\/#website","url":"https:\/\/www.lausinyvicente.com\/","name":"Laus\u00edn y Vicente","description":"Fabricaci\u00f3n y distribuci\u00f3n de material deportivo","potentialAction":[{"@type":"SearchAction","target":{"@type":"EntryPoint","urlTemplate":"https:\/\/www.lausinyvicente.com\/?s={search_term_string}"},"query-input":{"@type":"PropertyValueSpecification","valueRequired":true,"valueName":"search_term_string"}}],"inLanguage":"fr-FR"}]}},"_links":{"self":[{"href":"https:\/\/www.lausinyvicente.com\/fr\/wp-json\/wp\/v2\/product\/4303","targetHints":{"allow":["GET"]}}],"collection":[{"href":"https:\/\/www.lausinyvicente.com\/fr\/wp-json\/wp\/v2\/product"}],"about":[{"href":"https:\/\/www.lausinyvicente.com\/fr\/wp-json\/wp\/v2\/types\/product"}],"wp:featuredmedia":[{"embeddable":true,"href":"https:\/\/www.lausinyvicente.com\/fr\/wp-json\/wp\/v2\/media\/2634"}],"wp:attachment":[{"href":"https:\/\/www.lausinyvicente.com\/fr\/wp-json\/wp\/v2\/media?parent=4303"}],"wp:term":[{"taxonomy":"product_cat","embeddable":true,"href":"https:\/\/www.lausinyvicente.com\/fr\/wp-json\/wp\/v2\/product_cat?post=4303"},{"taxonomy":"product_tag","embeddable":true,"href":"https:\/\/www.lausinyvicente.com\/fr\/wp-json\/wp\/v2\/product_tag?post=4303"}],"curies":[{"name":"wp","href":"https:\/\/api.w.org\/{rel}","templated":true}]}}