{"id":4380,"date":"2022-11-30T15:00:09","date_gmt":"2022-11-30T15:00:09","guid":{"rendered":"https:\/\/www.lausinyvicente.com\/non%20class\u00e9\/paire-de-buts-combines-multisports-basket-handball-futsal\/"},"modified":"2024-01-21T16:50:43","modified_gmt":"2024-01-21T16:50:43","slug":"pairee-buts-combines-multisports-basket-handball-futsal","status":"publish","type":"product","link":"https:\/\/www.lausinyvicente.com\/fr\/equipement-sport\/football\/buts-de-football\/pairee-buts-combines-multisports-basket-handball-futsal","title":{"rendered":"Paire de buts combin\u00e9s multisports basket &#8211; handball &#8211; futsal"},"content":{"rendered":"","protected":false},"excerpt":{"rendered":"<p>Pour pratiquer 3 sports avec 1 seul \u00e9quipement. L\u2019ensemble consiste en un but r\u00e9glementaire de handball et de futsal 3&#215;2 m. Le cadre (barre transversale et poteaux) est fabriqu\u00e9 en profil\u00e9 d\u2019acier carr\u00e9 de 80 x 3 mm, avec une base soud\u00e9e de 1 m, fabriqu\u00e9 en profil\u00e9 d\u2019acier de 80 x 40 x 2mm. Le filet est remplac\u00e9 par une s\u00e9rie de profil\u00e9s en acier \u00e0 section ronde de 32 x 2 mm soud\u00e9s au ch\u00e2ssis et \u00e0 la base. La structure du but de basket, \u00e0 une hauteur de 3,05m de plancher par r\u00e8glement, est plac\u00e9e sur le dessus, boulonn\u00e9e sur deux plaques. Il est fabriqu\u00e9 en profil\u00e9 d\u2019acier carr\u00e9 de 80 x 80 x 3 mm et dispose de bretelles de renfort pour une plus grande stabilit\u00e9. L\u2019ensemble est galvanis\u00e9 \u00e0 chaud pour \u00e9viter tout entretien.Les panneaux sont anti-vandalisme en t\u00f4le perfor\u00e9e demi-lune, cercles renforc\u00e9s et filets \u00e0 cha\u00eenes. La structure doit \u00eatre ancr\u00e9e au sol au moyen de fourreaux et de vis de fixation sur les plaques de base. Option de fixation boulonn\u00e9e au sol uniquement sur demande. Prix par paire.            <\/p>\n","protected":false},"featured_media":2618,"template":"","meta":[],"product_cat":[156,143,217],"product_tag":[],"class_list":{"0":"post-4380","1":"product","2":"type-product","3":"status-publish","4":"has-post-thumbnail","6":"product_cat-football","7":"product_cat-equipement-sport","8":"product_cat-buts-de-football","10":"first","11":"instock","12":"shipping-taxable","13":"purchasable","14":"product-type-variable"},"yoast_head":"<!-- This site is optimized with the Yoast SEO plugin v27.0 - https:\/\/yoast.com\/product\/yoast-seo-wordpress\/ -->\n<title>Paire de buts combin\u00e9s multisports basket - handball - futsal - Laus\u00edn y Vicente<\/title>\n<meta name=\"robots\" content=\"index, follow, max-snippet:-1, max-image-preview:large, max-video-preview:-1\" \/>\n<link rel=\"canonical\" href=\"https:\/\/www.lausinyvicente.com\/fr\/equipement-sport\/football\/buts-de-football\/pairee-buts-combines-multisports-basket-handball-futsal\" \/>\n<meta property=\"og:locale\" content=\"fr_FR\" \/>\n<meta property=\"og:type\" content=\"article\" \/>\n<meta property=\"og:title\" content=\"Paire de buts combin\u00e9s multisports basket - handball - futsal - Laus\u00edn y Vicente\" \/>\n<meta property=\"og:description\" content=\"Pour pratiquer 3 sports avec 1 seul \u00e9quipement. L\u2019ensemble consiste en un but r\u00e9glementaire de handball et de futsal 3x2 m. Le cadre (barre transversale et poteaux) est fabriqu\u00e9 en profil\u00e9 d\u2019acier carr\u00e9 de 80 x 3 mm, avec une base soud\u00e9e de 1 m, fabriqu\u00e9 en profil\u00e9 d\u2019acier de 80 x 40 x 2mm. Le filet est remplac\u00e9 par une s\u00e9rie de profil\u00e9s en acier \u00e0 section ronde de 32 x 2 mm soud\u00e9s au ch\u00e2ssis et \u00e0 la base. La structure du but de basket, \u00e0 une hauteur de 3,05m de plancher par r\u00e8glement, est plac\u00e9e sur le dessus, boulonn\u00e9e sur deux plaques. Il est fabriqu\u00e9 en profil\u00e9 d\u2019acier carr\u00e9 de 80 x 80 x 3 mm et dispose de bretelles de renfort pour une plus grande stabilit\u00e9. L\u2019ensemble est galvanis\u00e9 \u00e0 chaud pour \u00e9viter tout entretien.Les panneaux sont anti-vandalisme en t\u00f4le perfor\u00e9e demi-lune, cercles renforc\u00e9s et filets \u00e0 cha\u00eenes. La structure doit \u00eatre ancr\u00e9e au sol au moyen de fourreaux et de vis de fixation sur les plaques de base. Option de fixation boulonn\u00e9e au sol uniquement sur demande. Prix par paire.\" \/>\n<meta property=\"og:url\" content=\"https:\/\/www.lausinyvicente.com\/fr\/equipement-sport\/football\/buts-de-football\/pairee-buts-combines-multisports-basket-handball-futsal\" \/>\n<meta property=\"og:site_name\" content=\"Laus\u00edn y Vicente\" \/>\n<meta property=\"article:modified_time\" content=\"2024-01-21T16:50:43+00:00\" \/>\n<meta property=\"og:image\" content=\"https:\/\/www.lausinyvicente.com\/wp-content\/uploads\/2022\/11\/D.01.379-juego-combinado-multideporte-basket-futbolsala-balonmano.jpg\" \/>\n\t<meta property=\"og:image:width\" content=\"720\" \/>\n\t<meta property=\"og:image:height\" content=\"490\" \/>\n\t<meta property=\"og:image:type\" content=\"image\/jpeg\" \/>\n<meta name=\"twitter:card\" content=\"summary_large_image\" \/>\n<script type=\"application\/ld+json\" class=\"yoast-schema-graph\">{\"@context\":\"https:\/\/schema.org\",\"@graph\":[{\"@type\":\"WebPage\",\"@id\":\"https:\/\/www.lausinyvicente.com\/fr\/equipement-sport\/football\/buts-de-football\/pairee-buts-combines-multisports-basket-handball-futsal\",\"url\":\"https:\/\/www.lausinyvicente.com\/fr\/equipement-sport\/football\/buts-de-football\/pairee-buts-combines-multisports-basket-handball-futsal\",\"name\":\"Paire de buts combin\u00e9s multisports basket - handball - futsal - Laus\u00edn y Vicente\",\"isPartOf\":{\"@id\":\"https:\/\/www.lausinyvicente.com\/#website\"},\"primaryImageOfPage\":{\"@id\":\"https:\/\/www.lausinyvicente.com\/fr\/equipement-sport\/football\/buts-de-football\/pairee-buts-combines-multisports-basket-handball-futsal#primaryimage\"},\"image\":{\"@id\":\"https:\/\/www.lausinyvicente.com\/fr\/equipement-sport\/football\/buts-de-football\/pairee-buts-combines-multisports-basket-handball-futsal#primaryimage\"},\"thumbnailUrl\":\"https:\/\/www.lausinyvicente.com\/wp-content\/uploads\/2022\/11\/D.01.379-juego-combinado-multideporte-basket-futbolsala-balonmano.jpg\",\"datePublished\":\"2022-11-30T15:00:09+00:00\",\"dateModified\":\"2024-01-21T16:50:43+00:00\",\"breadcrumb\":{\"@id\":\"https:\/\/www.lausinyvicente.com\/fr\/equipement-sport\/football\/buts-de-football\/pairee-buts-combines-multisports-basket-handball-futsal#breadcrumb\"},\"inLanguage\":\"fr-FR\",\"potentialAction\":[{\"@type\":\"ReadAction\",\"target\":[\"https:\/\/www.lausinyvicente.com\/fr\/equipement-sport\/football\/buts-de-football\/pairee-buts-combines-multisports-basket-handball-futsal\"]}]},{\"@type\":\"ImageObject\",\"inLanguage\":\"fr-FR\",\"@id\":\"https:\/\/www.lausinyvicente.com\/fr\/equipement-sport\/football\/buts-de-football\/pairee-buts-combines-multisports-basket-handball-futsal#primaryimage\",\"url\":\"https:\/\/www.lausinyvicente.com\/wp-content\/uploads\/2022\/11\/D.01.379-juego-combinado-multideporte-basket-futbolsala-balonmano.jpg\",\"contentUrl\":\"https:\/\/www.lausinyvicente.com\/wp-content\/uploads\/2022\/11\/D.01.379-juego-combinado-multideporte-basket-futbolsala-balonmano.jpg\",\"width\":720,\"height\":490},{\"@type\":\"BreadcrumbList\",\"@id\":\"https:\/\/www.lausinyvicente.com\/fr\/equipement-sport\/football\/buts-de-football\/pairee-buts-combines-multisports-basket-handball-futsal#breadcrumb\",\"itemListElement\":[{\"@type\":\"ListItem\",\"position\":1,\"name\":\"Portada\",\"item\":\"https:\/\/www.lausinyvicente.com\/\"},{\"@type\":\"ListItem\",\"position\":2,\"name\":\"Boutique\",\"item\":\"https:\/\/www.lausinyvicente.com\/fr\/boutique\"},{\"@type\":\"ListItem\",\"position\":3,\"name\":\"Paire de buts combin\u00e9s multisports basket &#8211; handball &#8211; futsal\"}]},{\"@type\":\"WebSite\",\"@id\":\"https:\/\/www.lausinyvicente.com\/#website\",\"url\":\"https:\/\/www.lausinyvicente.com\/\",\"name\":\"Laus\u00edn y Vicente\",\"description\":\"Fabricaci\u00f3n y distribuci\u00f3n de material deportivo\",\"potentialAction\":[{\"@type\":\"SearchAction\",\"target\":{\"@type\":\"EntryPoint\",\"urlTemplate\":\"https:\/\/www.lausinyvicente.com\/?s={search_term_string}\"},\"query-input\":{\"@type\":\"PropertyValueSpecification\",\"valueRequired\":true,\"valueName\":\"search_term_string\"}}],\"inLanguage\":\"fr-FR\"}]}<\/script>\n<!-- \/ Yoast SEO plugin. -->","yoast_head_json":{"title":"Paire de buts combin\u00e9s multisports basket - handball - futsal - Laus\u00edn y Vicente","robots":{"index":"index","follow":"follow","max-snippet":"max-snippet:-1","max-image-preview":"max-image-preview:large","max-video-preview":"max-video-preview:-1"},"canonical":"https:\/\/www.lausinyvicente.com\/fr\/equipement-sport\/football\/buts-de-football\/pairee-buts-combines-multisports-basket-handball-futsal","og_locale":"fr_FR","og_type":"article","og_title":"Paire de buts combin\u00e9s multisports basket - handball - futsal - Laus\u00edn y Vicente","og_description":"Pour pratiquer 3 sports avec 1 seul \u00e9quipement. L\u2019ensemble consiste en un but r\u00e9glementaire de handball et de futsal 3x2 m. Le cadre (barre transversale et poteaux) est fabriqu\u00e9 en profil\u00e9 d\u2019acier carr\u00e9 de 80 x 3 mm, avec une base soud\u00e9e de 1 m, fabriqu\u00e9 en profil\u00e9 d\u2019acier de 80 x 40 x 2mm. Le filet est remplac\u00e9 par une s\u00e9rie de profil\u00e9s en acier \u00e0 section ronde de 32 x 2 mm soud\u00e9s au ch\u00e2ssis et \u00e0 la base. La structure du but de basket, \u00e0 une hauteur de 3,05m de plancher par r\u00e8glement, est plac\u00e9e sur le dessus, boulonn\u00e9e sur deux plaques. Il est fabriqu\u00e9 en profil\u00e9 d\u2019acier carr\u00e9 de 80 x 80 x 3 mm et dispose de bretelles de renfort pour une plus grande stabilit\u00e9. L\u2019ensemble est galvanis\u00e9 \u00e0 chaud pour \u00e9viter tout entretien.Les panneaux sont anti-vandalisme en t\u00f4le perfor\u00e9e demi-lune, cercles renforc\u00e9s et filets \u00e0 cha\u00eenes. La structure doit \u00eatre ancr\u00e9e au sol au moyen de fourreaux et de vis de fixation sur les plaques de base. Option de fixation boulonn\u00e9e au sol uniquement sur demande. Prix par paire.","og_url":"https:\/\/www.lausinyvicente.com\/fr\/equipement-sport\/football\/buts-de-football\/pairee-buts-combines-multisports-basket-handball-futsal","og_site_name":"Laus\u00edn y Vicente","article_modified_time":"2024-01-21T16:50:43+00:00","og_image":[{"width":720,"height":490,"url":"https:\/\/www.lausinyvicente.com\/wp-content\/uploads\/2022\/11\/D.01.379-juego-combinado-multideporte-basket-futbolsala-balonmano.jpg","type":"image\/jpeg"}],"twitter_card":"summary_large_image","schema":{"@context":"https:\/\/schema.org","@graph":[{"@type":"WebPage","@id":"https:\/\/www.lausinyvicente.com\/fr\/equipement-sport\/football\/buts-de-football\/pairee-buts-combines-multisports-basket-handball-futsal","url":"https:\/\/www.lausinyvicente.com\/fr\/equipement-sport\/football\/buts-de-football\/pairee-buts-combines-multisports-basket-handball-futsal","name":"Paire de buts combin\u00e9s multisports basket - handball - futsal - Laus\u00edn y Vicente","isPartOf":{"@id":"https:\/\/www.lausinyvicente.com\/#website"},"primaryImageOfPage":{"@id":"https:\/\/www.lausinyvicente.com\/fr\/equipement-sport\/football\/buts-de-football\/pairee-buts-combines-multisports-basket-handball-futsal#primaryimage"},"image":{"@id":"https:\/\/www.lausinyvicente.com\/fr\/equipement-sport\/football\/buts-de-football\/pairee-buts-combines-multisports-basket-handball-futsal#primaryimage"},"thumbnailUrl":"https:\/\/www.lausinyvicente.com\/wp-content\/uploads\/2022\/11\/D.01.379-juego-combinado-multideporte-basket-futbolsala-balonmano.jpg","datePublished":"2022-11-30T15:00:09+00:00","dateModified":"2024-01-21T16:50:43+00:00","breadcrumb":{"@id":"https:\/\/www.lausinyvicente.com\/fr\/equipement-sport\/football\/buts-de-football\/pairee-buts-combines-multisports-basket-handball-futsal#breadcrumb"},"inLanguage":"fr-FR","potentialAction":[{"@type":"ReadAction","target":["https:\/\/www.lausinyvicente.com\/fr\/equipement-sport\/football\/buts-de-football\/pairee-buts-combines-multisports-basket-handball-futsal"]}]},{"@type":"ImageObject","inLanguage":"fr-FR","@id":"https:\/\/www.lausinyvicente.com\/fr\/equipement-sport\/football\/buts-de-football\/pairee-buts-combines-multisports-basket-handball-futsal#primaryimage","url":"https:\/\/www.lausinyvicente.com\/wp-content\/uploads\/2022\/11\/D.01.379-juego-combinado-multideporte-basket-futbolsala-balonmano.jpg","contentUrl":"https:\/\/www.lausinyvicente.com\/wp-content\/uploads\/2022\/11\/D.01.379-juego-combinado-multideporte-basket-futbolsala-balonmano.jpg","width":720,"height":490},{"@type":"BreadcrumbList","@id":"https:\/\/www.lausinyvicente.com\/fr\/equipement-sport\/football\/buts-de-football\/pairee-buts-combines-multisports-basket-handball-futsal#breadcrumb","itemListElement":[{"@type":"ListItem","position":1,"name":"Portada","item":"https:\/\/www.lausinyvicente.com\/"},{"@type":"ListItem","position":2,"name":"Boutique","item":"https:\/\/www.lausinyvicente.com\/fr\/boutique"},{"@type":"ListItem","position":3,"name":"Paire de buts combin\u00e9s multisports basket &#8211; handball &#8211; futsal"}]},{"@type":"WebSite","@id":"https:\/\/www.lausinyvicente.com\/#website","url":"https:\/\/www.lausinyvicente.com\/","name":"Laus\u00edn y Vicente","description":"Fabricaci\u00f3n y distribuci\u00f3n de material deportivo","potentialAction":[{"@type":"SearchAction","target":{"@type":"EntryPoint","urlTemplate":"https:\/\/www.lausinyvicente.com\/?s={search_term_string}"},"query-input":{"@type":"PropertyValueSpecification","valueRequired":true,"valueName":"search_term_string"}}],"inLanguage":"fr-FR"}]}},"_links":{"self":[{"href":"https:\/\/www.lausinyvicente.com\/fr\/wp-json\/wp\/v2\/product\/4380","targetHints":{"allow":["GET"]}}],"collection":[{"href":"https:\/\/www.lausinyvicente.com\/fr\/wp-json\/wp\/v2\/product"}],"about":[{"href":"https:\/\/www.lausinyvicente.com\/fr\/wp-json\/wp\/v2\/types\/product"}],"wp:featuredmedia":[{"embeddable":true,"href":"https:\/\/www.lausinyvicente.com\/fr\/wp-json\/wp\/v2\/media\/2618"}],"wp:attachment":[{"href":"https:\/\/www.lausinyvicente.com\/fr\/wp-json\/wp\/v2\/media?parent=4380"}],"wp:term":[{"taxonomy":"product_cat","embeddable":true,"href":"https:\/\/www.lausinyvicente.com\/fr\/wp-json\/wp\/v2\/product_cat?post=4380"},{"taxonomy":"product_tag","embeddable":true,"href":"https:\/\/www.lausinyvicente.com\/fr\/wp-json\/wp\/v2\/product_tag?post=4380"}],"curies":[{"name":"wp","href":"https:\/\/api.w.org\/{rel}","templated":true}]}}