{"id":4393,"date":"2022-11-30T14:57:03","date_gmt":"2022-11-30T14:57:03","guid":{"rendered":"https:\/\/www.lausinyvicente.com\/non%20class\u00e9\/buts-de-football-en-salle\/"},"modified":"2024-01-21T15:28:04","modified_gmt":"2024-01-21T15:28:04","slug":"buts-football-salle","status":"publish","type":"product","link":"https:\/\/www.lausinyvicente.com\/fr\/equipement-sport\/football\/buts-de-football\/buts-football-salle","title":{"rendered":"Buts de football en salle"},"content":{"rendered":"","protected":false},"excerpt":{"rendered":"<p>Fabriqu\u00e9s conform\u00e9ment \u00e0 la norme UNE-EN 749. Poteaux et barres transversales fabriqu\u00e9s en aluminium, m\u00e9tal peint en blanc et rouge (autres couleurs sur devis). L\u2019assemblage des poteaux et des barres transversales sur le mod\u00e8le en aluminium est r\u00e9alis\u00e9 au moyen d\u2019\u00e9querres m\u00e9talliques int\u00e9rieures de 60 x 40 mm. Le cadre est fourni soud\u00e9 sur le mod\u00e8le au profil\u00e9 m\u00e9tallique. Les cadres ont une section carr\u00e9e de 80 x 80 mm et des bords arrondis ou une section ronde de 90 mm. Dimensions 3,00 x 2,00 x 1 m. Cage arri\u00e8re fixe ou repliable, munie d\u2019orifices lat\u00e9raux pour les fixer et \u00e9viter tout risque de renversement, profil\u00e9 en acier rond zingu\u00e9 de 32 mm. Sur le mod\u00e8le rabattable au mur, le syst\u00e8me de pliage est fabriqu\u00e9 en tube \u00e0 section carr\u00e9e de 45 x 45 x 2 mm, avec des roues pour faciliter le rangement contre le mur. Attaches en PVC pour fixer le filet sur le cadre. Prix par paire, sans filets.          <\/p>\n","protected":false},"featured_media":2616,"template":"","meta":[],"product_cat":[156,143,217],"product_tag":[],"class_list":{"0":"post-4393","1":"product","2":"type-product","3":"status-publish","4":"has-post-thumbnail","6":"product_cat-football","7":"product_cat-equipement-sport","8":"product_cat-buts-de-football","10":"first","11":"instock","12":"shipping-taxable","13":"purchasable","14":"product-type-variable"},"yoast_head":"<!-- This site is optimized with the Yoast SEO plugin v27.0 - https:\/\/yoast.com\/product\/yoast-seo-wordpress\/ -->\n<title>Buts de football en salle - Laus\u00edn y Vicente<\/title>\n<meta name=\"robots\" content=\"index, follow, max-snippet:-1, max-image-preview:large, max-video-preview:-1\" \/>\n<link rel=\"canonical\" href=\"https:\/\/www.lausinyvicente.com\/fr\/equipement-sport\/football\/buts-de-football\/buts-football-salle\" \/>\n<meta property=\"og:locale\" content=\"fr_FR\" \/>\n<meta property=\"og:type\" content=\"article\" \/>\n<meta property=\"og:title\" content=\"Buts de football en salle - Laus\u00edn y Vicente\" \/>\n<meta property=\"og:description\" content=\"Fabriqu\u00e9s conform\u00e9ment \u00e0 la norme UNE-EN 749. Poteaux et barres transversales fabriqu\u00e9s en aluminium, m\u00e9tal peint en blanc et rouge (autres couleurs sur devis). L\u2019assemblage des poteaux et des barres transversales sur le mod\u00e8le en aluminium est r\u00e9alis\u00e9 au moyen d\u2019\u00e9querres m\u00e9talliques int\u00e9rieures de 60 x 40 mm. Le cadre est fourni soud\u00e9 sur le mod\u00e8le au profil\u00e9 m\u00e9tallique. Les cadres ont une section carr\u00e9e de 80 x 80 mm et des bords arrondis ou une section ronde de 90 mm. Dimensions 3,00 x 2,00 x 1 m. Cage arri\u00e8re fixe ou repliable, munie d\u2019orifices lat\u00e9raux pour les fixer et \u00e9viter tout risque de renversement, profil\u00e9 en acier rond zingu\u00e9 de 32 mm. Sur le mod\u00e8le rabattable au mur, le syst\u00e8me de pliage est fabriqu\u00e9 en tube \u00e0 section carr\u00e9e de 45 x 45 x 2 mm, avec des roues pour faciliter le rangement contre le mur. Attaches en PVC pour fixer le filet sur le cadre. Prix par paire, sans filets.\" \/>\n<meta property=\"og:url\" content=\"https:\/\/www.lausinyvicente.com\/fr\/equipement-sport\/football\/buts-de-football\/buts-football-salle\" \/>\n<meta property=\"og:site_name\" content=\"Laus\u00edn y Vicente\" \/>\n<meta property=\"article:modified_time\" content=\"2024-01-21T15:28:04+00:00\" \/>\n<meta property=\"og:image\" content=\"https:\/\/www.lausinyvicente.com\/wp-content\/uploads\/2022\/11\/D.06.06-portereia-futbol-sala-aluminio.jpg\" \/>\n\t<meta property=\"og:image:width\" content=\"720\" \/>\n\t<meta property=\"og:image:height\" content=\"490\" \/>\n\t<meta property=\"og:image:type\" content=\"image\/jpeg\" \/>\n<meta name=\"twitter:card\" content=\"summary_large_image\" \/>\n<script type=\"application\/ld+json\" class=\"yoast-schema-graph\">{\"@context\":\"https:\/\/schema.org\",\"@graph\":[{\"@type\":\"WebPage\",\"@id\":\"https:\/\/www.lausinyvicente.com\/fr\/equipement-sport\/football\/buts-de-football\/buts-football-salle\",\"url\":\"https:\/\/www.lausinyvicente.com\/fr\/equipement-sport\/football\/buts-de-football\/buts-football-salle\",\"name\":\"Buts de football en salle - Laus\u00edn y Vicente\",\"isPartOf\":{\"@id\":\"https:\/\/www.lausinyvicente.com\/#website\"},\"primaryImageOfPage\":{\"@id\":\"https:\/\/www.lausinyvicente.com\/fr\/equipement-sport\/football\/buts-de-football\/buts-football-salle#primaryimage\"},\"image\":{\"@id\":\"https:\/\/www.lausinyvicente.com\/fr\/equipement-sport\/football\/buts-de-football\/buts-football-salle#primaryimage\"},\"thumbnailUrl\":\"https:\/\/www.lausinyvicente.com\/wp-content\/uploads\/2022\/11\/D.06.06-portereia-futbol-sala-aluminio.jpg\",\"datePublished\":\"2022-11-30T14:57:03+00:00\",\"dateModified\":\"2024-01-21T15:28:04+00:00\",\"breadcrumb\":{\"@id\":\"https:\/\/www.lausinyvicente.com\/fr\/equipement-sport\/football\/buts-de-football\/buts-football-salle#breadcrumb\"},\"inLanguage\":\"fr-FR\",\"potentialAction\":[{\"@type\":\"ReadAction\",\"target\":[\"https:\/\/www.lausinyvicente.com\/fr\/equipement-sport\/football\/buts-de-football\/buts-football-salle\"]}]},{\"@type\":\"ImageObject\",\"inLanguage\":\"fr-FR\",\"@id\":\"https:\/\/www.lausinyvicente.com\/fr\/equipement-sport\/football\/buts-de-football\/buts-football-salle#primaryimage\",\"url\":\"https:\/\/www.lausinyvicente.com\/wp-content\/uploads\/2022\/11\/D.06.06-portereia-futbol-sala-aluminio.jpg\",\"contentUrl\":\"https:\/\/www.lausinyvicente.com\/wp-content\/uploads\/2022\/11\/D.06.06-portereia-futbol-sala-aluminio.jpg\",\"width\":720,\"height\":490},{\"@type\":\"BreadcrumbList\",\"@id\":\"https:\/\/www.lausinyvicente.com\/fr\/equipement-sport\/football\/buts-de-football\/buts-football-salle#breadcrumb\",\"itemListElement\":[{\"@type\":\"ListItem\",\"position\":1,\"name\":\"Portada\",\"item\":\"https:\/\/www.lausinyvicente.com\/\"},{\"@type\":\"ListItem\",\"position\":2,\"name\":\"Boutique\",\"item\":\"https:\/\/www.lausinyvicente.com\/fr\/boutique\"},{\"@type\":\"ListItem\",\"position\":3,\"name\":\"Buts de football en salle\"}]},{\"@type\":\"WebSite\",\"@id\":\"https:\/\/www.lausinyvicente.com\/#website\",\"url\":\"https:\/\/www.lausinyvicente.com\/\",\"name\":\"Laus\u00edn y Vicente\",\"description\":\"Fabricaci\u00f3n y distribuci\u00f3n de material deportivo\",\"potentialAction\":[{\"@type\":\"SearchAction\",\"target\":{\"@type\":\"EntryPoint\",\"urlTemplate\":\"https:\/\/www.lausinyvicente.com\/?s={search_term_string}\"},\"query-input\":{\"@type\":\"PropertyValueSpecification\",\"valueRequired\":true,\"valueName\":\"search_term_string\"}}],\"inLanguage\":\"fr-FR\"}]}<\/script>\n<!-- \/ Yoast SEO plugin. -->","yoast_head_json":{"title":"Buts de football en salle - Laus\u00edn y Vicente","robots":{"index":"index","follow":"follow","max-snippet":"max-snippet:-1","max-image-preview":"max-image-preview:large","max-video-preview":"max-video-preview:-1"},"canonical":"https:\/\/www.lausinyvicente.com\/fr\/equipement-sport\/football\/buts-de-football\/buts-football-salle","og_locale":"fr_FR","og_type":"article","og_title":"Buts de football en salle - Laus\u00edn y Vicente","og_description":"Fabriqu\u00e9s conform\u00e9ment \u00e0 la norme UNE-EN 749. Poteaux et barres transversales fabriqu\u00e9s en aluminium, m\u00e9tal peint en blanc et rouge (autres couleurs sur devis). L\u2019assemblage des poteaux et des barres transversales sur le mod\u00e8le en aluminium est r\u00e9alis\u00e9 au moyen d\u2019\u00e9querres m\u00e9talliques int\u00e9rieures de 60 x 40 mm. Le cadre est fourni soud\u00e9 sur le mod\u00e8le au profil\u00e9 m\u00e9tallique. Les cadres ont une section carr\u00e9e de 80 x 80 mm et des bords arrondis ou une section ronde de 90 mm. Dimensions 3,00 x 2,00 x 1 m. Cage arri\u00e8re fixe ou repliable, munie d\u2019orifices lat\u00e9raux pour les fixer et \u00e9viter tout risque de renversement, profil\u00e9 en acier rond zingu\u00e9 de 32 mm. Sur le mod\u00e8le rabattable au mur, le syst\u00e8me de pliage est fabriqu\u00e9 en tube \u00e0 section carr\u00e9e de 45 x 45 x 2 mm, avec des roues pour faciliter le rangement contre le mur. Attaches en PVC pour fixer le filet sur le cadre. Prix par paire, sans filets.","og_url":"https:\/\/www.lausinyvicente.com\/fr\/equipement-sport\/football\/buts-de-football\/buts-football-salle","og_site_name":"Laus\u00edn y Vicente","article_modified_time":"2024-01-21T15:28:04+00:00","og_image":[{"width":720,"height":490,"url":"https:\/\/www.lausinyvicente.com\/wp-content\/uploads\/2022\/11\/D.06.06-portereia-futbol-sala-aluminio.jpg","type":"image\/jpeg"}],"twitter_card":"summary_large_image","schema":{"@context":"https:\/\/schema.org","@graph":[{"@type":"WebPage","@id":"https:\/\/www.lausinyvicente.com\/fr\/equipement-sport\/football\/buts-de-football\/buts-football-salle","url":"https:\/\/www.lausinyvicente.com\/fr\/equipement-sport\/football\/buts-de-football\/buts-football-salle","name":"Buts de football en salle - Laus\u00edn y Vicente","isPartOf":{"@id":"https:\/\/www.lausinyvicente.com\/#website"},"primaryImageOfPage":{"@id":"https:\/\/www.lausinyvicente.com\/fr\/equipement-sport\/football\/buts-de-football\/buts-football-salle#primaryimage"},"image":{"@id":"https:\/\/www.lausinyvicente.com\/fr\/equipement-sport\/football\/buts-de-football\/buts-football-salle#primaryimage"},"thumbnailUrl":"https:\/\/www.lausinyvicente.com\/wp-content\/uploads\/2022\/11\/D.06.06-portereia-futbol-sala-aluminio.jpg","datePublished":"2022-11-30T14:57:03+00:00","dateModified":"2024-01-21T15:28:04+00:00","breadcrumb":{"@id":"https:\/\/www.lausinyvicente.com\/fr\/equipement-sport\/football\/buts-de-football\/buts-football-salle#breadcrumb"},"inLanguage":"fr-FR","potentialAction":[{"@type":"ReadAction","target":["https:\/\/www.lausinyvicente.com\/fr\/equipement-sport\/football\/buts-de-football\/buts-football-salle"]}]},{"@type":"ImageObject","inLanguage":"fr-FR","@id":"https:\/\/www.lausinyvicente.com\/fr\/equipement-sport\/football\/buts-de-football\/buts-football-salle#primaryimage","url":"https:\/\/www.lausinyvicente.com\/wp-content\/uploads\/2022\/11\/D.06.06-portereia-futbol-sala-aluminio.jpg","contentUrl":"https:\/\/www.lausinyvicente.com\/wp-content\/uploads\/2022\/11\/D.06.06-portereia-futbol-sala-aluminio.jpg","width":720,"height":490},{"@type":"BreadcrumbList","@id":"https:\/\/www.lausinyvicente.com\/fr\/equipement-sport\/football\/buts-de-football\/buts-football-salle#breadcrumb","itemListElement":[{"@type":"ListItem","position":1,"name":"Portada","item":"https:\/\/www.lausinyvicente.com\/"},{"@type":"ListItem","position":2,"name":"Boutique","item":"https:\/\/www.lausinyvicente.com\/fr\/boutique"},{"@type":"ListItem","position":3,"name":"Buts de football en salle"}]},{"@type":"WebSite","@id":"https:\/\/www.lausinyvicente.com\/#website","url":"https:\/\/www.lausinyvicente.com\/","name":"Laus\u00edn y Vicente","description":"Fabricaci\u00f3n y distribuci\u00f3n de material deportivo","potentialAction":[{"@type":"SearchAction","target":{"@type":"EntryPoint","urlTemplate":"https:\/\/www.lausinyvicente.com\/?s={search_term_string}"},"query-input":{"@type":"PropertyValueSpecification","valueRequired":true,"valueName":"search_term_string"}}],"inLanguage":"fr-FR"}]}},"_links":{"self":[{"href":"https:\/\/www.lausinyvicente.com\/fr\/wp-json\/wp\/v2\/product\/4393","targetHints":{"allow":["GET"]}}],"collection":[{"href":"https:\/\/www.lausinyvicente.com\/fr\/wp-json\/wp\/v2\/product"}],"about":[{"href":"https:\/\/www.lausinyvicente.com\/fr\/wp-json\/wp\/v2\/types\/product"}],"wp:featuredmedia":[{"embeddable":true,"href":"https:\/\/www.lausinyvicente.com\/fr\/wp-json\/wp\/v2\/media\/2616"}],"wp:attachment":[{"href":"https:\/\/www.lausinyvicente.com\/fr\/wp-json\/wp\/v2\/media?parent=4393"}],"wp:term":[{"taxonomy":"product_cat","embeddable":true,"href":"https:\/\/www.lausinyvicente.com\/fr\/wp-json\/wp\/v2\/product_cat?post=4393"},{"taxonomy":"product_tag","embeddable":true,"href":"https:\/\/www.lausinyvicente.com\/fr\/wp-json\/wp\/v2\/product_tag?post=4393"}],"curies":[{"name":"wp","href":"https:\/\/api.w.org\/{rel}","templated":true}]}}