{"id":4405,"date":"2022-11-30T14:52:40","date_gmt":"2022-11-30T14:52:40","guid":{"rendered":"https:\/\/www.lausinyvicente.com\/non%20class\u00e9\/roues-but-de-football-mobile-modele-estandar\/"},"modified":"2024-01-21T16:52:03","modified_gmt":"2024-01-21T16:52:03","slug":"roues-but-football-mobile-modele-estandar","status":"publish","type":"product","link":"https:\/\/www.lausinyvicente.com\/fr\/equipement-sport\/football\/filets-poteaux-et-bases\/roues-but-football-mobile-modele-estandar","title":{"rendered":"Roues but de football mobile mod\u00e8le \u201cEst\u00e1ndar\u201d"},"content":{"rendered":"","protected":false},"excerpt":{"rendered":"<p>Armature fabriqu\u00e9e en t\u00f4le en acier de 2 mm avec un traitement de surface pour \u00e9viter la corrosion. Chaque support a une roue en caoutchouc de 200 mm de diam\u00e8tre, offrant une r\u00e9sistance de 205 kg chacune. Facile \u00e0 monter et \u00e0 d\u00e9monter du but sans outillage. La paire.   <\/p>\n","protected":false},"featured_media":2610,"template":"","meta":[],"product_cat":[156,143,232],"product_tag":[],"class_list":{"0":"post-4405","1":"product","2":"type-product","3":"status-publish","4":"has-post-thumbnail","6":"product_cat-football","7":"product_cat-equipement-sport","8":"product_cat-filets-poteaux-et-bases","10":"first","11":"instock","12":"shipping-taxable","13":"purchasable","14":"product-type-variable"},"yoast_head":"<!-- This site is optimized with the Yoast SEO plugin v27.0 - https:\/\/yoast.com\/product\/yoast-seo-wordpress\/ -->\n<title>Roues but de football mobile mod\u00e8le \u201cEst\u00e1ndar\u201d - Laus\u00edn y Vicente<\/title>\n<meta name=\"robots\" content=\"index, follow, max-snippet:-1, max-image-preview:large, max-video-preview:-1\" \/>\n<link rel=\"canonical\" href=\"https:\/\/www.lausinyvicente.com\/fr\/equipement-sport\/football\/filets-poteaux-et-bases\/roues-but-football-mobile-modele-estandar\" \/>\n<meta property=\"og:locale\" content=\"fr_FR\" \/>\n<meta property=\"og:type\" content=\"article\" \/>\n<meta property=\"og:title\" content=\"Roues but de football mobile mod\u00e8le \u201cEst\u00e1ndar\u201d - Laus\u00edn y Vicente\" \/>\n<meta property=\"og:description\" content=\"Armature fabriqu\u00e9e en t\u00f4le en acier de 2 mm avec un traitement de surface pour \u00e9viter la corrosion. Chaque support a une roue en caoutchouc de 200 mm de diam\u00e8tre, offrant une r\u00e9sistance de 205 kg chacune. Facile \u00e0 monter et \u00e0 d\u00e9monter du but sans outillage. La paire.\" \/>\n<meta property=\"og:url\" content=\"https:\/\/www.lausinyvicente.com\/fr\/equipement-sport\/football\/filets-poteaux-et-bases\/roues-but-football-mobile-modele-estandar\" \/>\n<meta property=\"og:site_name\" content=\"Laus\u00edn y Vicente\" \/>\n<meta property=\"article:modified_time\" content=\"2024-01-21T16:52:03+00:00\" \/>\n<meta property=\"og:image\" content=\"https:\/\/www.lausinyvicente.com\/wp-content\/uploads\/2022\/11\/D.06.80-ruedas-porteria-futbol-movil-ESTANDAR.jpg\" \/>\n\t<meta property=\"og:image:width\" content=\"720\" \/>\n\t<meta property=\"og:image:height\" content=\"490\" \/>\n\t<meta property=\"og:image:type\" content=\"image\/jpeg\" \/>\n<meta name=\"twitter:card\" content=\"summary_large_image\" \/>\n<script type=\"application\/ld+json\" class=\"yoast-schema-graph\">{\"@context\":\"https:\/\/schema.org\",\"@graph\":[{\"@type\":\"WebPage\",\"@id\":\"https:\/\/www.lausinyvicente.com\/fr\/equipement-sport\/football\/filets-poteaux-et-bases\/roues-but-football-mobile-modele-estandar\",\"url\":\"https:\/\/www.lausinyvicente.com\/fr\/equipement-sport\/football\/filets-poteaux-et-bases\/roues-but-football-mobile-modele-estandar\",\"name\":\"Roues but de football mobile mod\u00e8le \u201cEst\u00e1ndar\u201d - Laus\u00edn y Vicente\",\"isPartOf\":{\"@id\":\"https:\/\/www.lausinyvicente.com\/#website\"},\"primaryImageOfPage\":{\"@id\":\"https:\/\/www.lausinyvicente.com\/fr\/equipement-sport\/football\/filets-poteaux-et-bases\/roues-but-football-mobile-modele-estandar#primaryimage\"},\"image\":{\"@id\":\"https:\/\/www.lausinyvicente.com\/fr\/equipement-sport\/football\/filets-poteaux-et-bases\/roues-but-football-mobile-modele-estandar#primaryimage\"},\"thumbnailUrl\":\"https:\/\/www.lausinyvicente.com\/wp-content\/uploads\/2022\/11\/D.06.80-ruedas-porteria-futbol-movil-ESTANDAR.jpg\",\"datePublished\":\"2022-11-30T14:52:40+00:00\",\"dateModified\":\"2024-01-21T16:52:03+00:00\",\"breadcrumb\":{\"@id\":\"https:\/\/www.lausinyvicente.com\/fr\/equipement-sport\/football\/filets-poteaux-et-bases\/roues-but-football-mobile-modele-estandar#breadcrumb\"},\"inLanguage\":\"fr-FR\",\"potentialAction\":[{\"@type\":\"ReadAction\",\"target\":[\"https:\/\/www.lausinyvicente.com\/fr\/equipement-sport\/football\/filets-poteaux-et-bases\/roues-but-football-mobile-modele-estandar\"]}]},{\"@type\":\"ImageObject\",\"inLanguage\":\"fr-FR\",\"@id\":\"https:\/\/www.lausinyvicente.com\/fr\/equipement-sport\/football\/filets-poteaux-et-bases\/roues-but-football-mobile-modele-estandar#primaryimage\",\"url\":\"https:\/\/www.lausinyvicente.com\/wp-content\/uploads\/2022\/11\/D.06.80-ruedas-porteria-futbol-movil-ESTANDAR.jpg\",\"contentUrl\":\"https:\/\/www.lausinyvicente.com\/wp-content\/uploads\/2022\/11\/D.06.80-ruedas-porteria-futbol-movil-ESTANDAR.jpg\",\"width\":720,\"height\":490},{\"@type\":\"BreadcrumbList\",\"@id\":\"https:\/\/www.lausinyvicente.com\/fr\/equipement-sport\/football\/filets-poteaux-et-bases\/roues-but-football-mobile-modele-estandar#breadcrumb\",\"itemListElement\":[{\"@type\":\"ListItem\",\"position\":1,\"name\":\"Portada\",\"item\":\"https:\/\/www.lausinyvicente.com\/\"},{\"@type\":\"ListItem\",\"position\":2,\"name\":\"Boutique\",\"item\":\"https:\/\/www.lausinyvicente.com\/fr\/boutique\"},{\"@type\":\"ListItem\",\"position\":3,\"name\":\"Roues but de football mobile mod\u00e8le \u201cEst\u00e1ndar\u201d\"}]},{\"@type\":\"WebSite\",\"@id\":\"https:\/\/www.lausinyvicente.com\/#website\",\"url\":\"https:\/\/www.lausinyvicente.com\/\",\"name\":\"Laus\u00edn y Vicente\",\"description\":\"Fabricaci\u00f3n y distribuci\u00f3n de material deportivo\",\"potentialAction\":[{\"@type\":\"SearchAction\",\"target\":{\"@type\":\"EntryPoint\",\"urlTemplate\":\"https:\/\/www.lausinyvicente.com\/?s={search_term_string}\"},\"query-input\":{\"@type\":\"PropertyValueSpecification\",\"valueRequired\":true,\"valueName\":\"search_term_string\"}}],\"inLanguage\":\"fr-FR\"}]}<\/script>\n<!-- \/ Yoast SEO plugin. -->","yoast_head_json":{"title":"Roues but de football mobile mod\u00e8le \u201cEst\u00e1ndar\u201d - Laus\u00edn y Vicente","robots":{"index":"index","follow":"follow","max-snippet":"max-snippet:-1","max-image-preview":"max-image-preview:large","max-video-preview":"max-video-preview:-1"},"canonical":"https:\/\/www.lausinyvicente.com\/fr\/equipement-sport\/football\/filets-poteaux-et-bases\/roues-but-football-mobile-modele-estandar","og_locale":"fr_FR","og_type":"article","og_title":"Roues but de football mobile mod\u00e8le \u201cEst\u00e1ndar\u201d - Laus\u00edn y Vicente","og_description":"Armature fabriqu\u00e9e en t\u00f4le en acier de 2 mm avec un traitement de surface pour \u00e9viter la corrosion. Chaque support a une roue en caoutchouc de 200 mm de diam\u00e8tre, offrant une r\u00e9sistance de 205 kg chacune. Facile \u00e0 monter et \u00e0 d\u00e9monter du but sans outillage. La paire.","og_url":"https:\/\/www.lausinyvicente.com\/fr\/equipement-sport\/football\/filets-poteaux-et-bases\/roues-but-football-mobile-modele-estandar","og_site_name":"Laus\u00edn y Vicente","article_modified_time":"2024-01-21T16:52:03+00:00","og_image":[{"width":720,"height":490,"url":"https:\/\/www.lausinyvicente.com\/wp-content\/uploads\/2022\/11\/D.06.80-ruedas-porteria-futbol-movil-ESTANDAR.jpg","type":"image\/jpeg"}],"twitter_card":"summary_large_image","schema":{"@context":"https:\/\/schema.org","@graph":[{"@type":"WebPage","@id":"https:\/\/www.lausinyvicente.com\/fr\/equipement-sport\/football\/filets-poteaux-et-bases\/roues-but-football-mobile-modele-estandar","url":"https:\/\/www.lausinyvicente.com\/fr\/equipement-sport\/football\/filets-poteaux-et-bases\/roues-but-football-mobile-modele-estandar","name":"Roues but de football mobile mod\u00e8le \u201cEst\u00e1ndar\u201d - Laus\u00edn y Vicente","isPartOf":{"@id":"https:\/\/www.lausinyvicente.com\/#website"},"primaryImageOfPage":{"@id":"https:\/\/www.lausinyvicente.com\/fr\/equipement-sport\/football\/filets-poteaux-et-bases\/roues-but-football-mobile-modele-estandar#primaryimage"},"image":{"@id":"https:\/\/www.lausinyvicente.com\/fr\/equipement-sport\/football\/filets-poteaux-et-bases\/roues-but-football-mobile-modele-estandar#primaryimage"},"thumbnailUrl":"https:\/\/www.lausinyvicente.com\/wp-content\/uploads\/2022\/11\/D.06.80-ruedas-porteria-futbol-movil-ESTANDAR.jpg","datePublished":"2022-11-30T14:52:40+00:00","dateModified":"2024-01-21T16:52:03+00:00","breadcrumb":{"@id":"https:\/\/www.lausinyvicente.com\/fr\/equipement-sport\/football\/filets-poteaux-et-bases\/roues-but-football-mobile-modele-estandar#breadcrumb"},"inLanguage":"fr-FR","potentialAction":[{"@type":"ReadAction","target":["https:\/\/www.lausinyvicente.com\/fr\/equipement-sport\/football\/filets-poteaux-et-bases\/roues-but-football-mobile-modele-estandar"]}]},{"@type":"ImageObject","inLanguage":"fr-FR","@id":"https:\/\/www.lausinyvicente.com\/fr\/equipement-sport\/football\/filets-poteaux-et-bases\/roues-but-football-mobile-modele-estandar#primaryimage","url":"https:\/\/www.lausinyvicente.com\/wp-content\/uploads\/2022\/11\/D.06.80-ruedas-porteria-futbol-movil-ESTANDAR.jpg","contentUrl":"https:\/\/www.lausinyvicente.com\/wp-content\/uploads\/2022\/11\/D.06.80-ruedas-porteria-futbol-movil-ESTANDAR.jpg","width":720,"height":490},{"@type":"BreadcrumbList","@id":"https:\/\/www.lausinyvicente.com\/fr\/equipement-sport\/football\/filets-poteaux-et-bases\/roues-but-football-mobile-modele-estandar#breadcrumb","itemListElement":[{"@type":"ListItem","position":1,"name":"Portada","item":"https:\/\/www.lausinyvicente.com\/"},{"@type":"ListItem","position":2,"name":"Boutique","item":"https:\/\/www.lausinyvicente.com\/fr\/boutique"},{"@type":"ListItem","position":3,"name":"Roues but de football mobile mod\u00e8le \u201cEst\u00e1ndar\u201d"}]},{"@type":"WebSite","@id":"https:\/\/www.lausinyvicente.com\/#website","url":"https:\/\/www.lausinyvicente.com\/","name":"Laus\u00edn y Vicente","description":"Fabricaci\u00f3n y distribuci\u00f3n de material deportivo","potentialAction":[{"@type":"SearchAction","target":{"@type":"EntryPoint","urlTemplate":"https:\/\/www.lausinyvicente.com\/?s={search_term_string}"},"query-input":{"@type":"PropertyValueSpecification","valueRequired":true,"valueName":"search_term_string"}}],"inLanguage":"fr-FR"}]}},"_links":{"self":[{"href":"https:\/\/www.lausinyvicente.com\/fr\/wp-json\/wp\/v2\/product\/4405","targetHints":{"allow":["GET"]}}],"collection":[{"href":"https:\/\/www.lausinyvicente.com\/fr\/wp-json\/wp\/v2\/product"}],"about":[{"href":"https:\/\/www.lausinyvicente.com\/fr\/wp-json\/wp\/v2\/types\/product"}],"wp:featuredmedia":[{"embeddable":true,"href":"https:\/\/www.lausinyvicente.com\/fr\/wp-json\/wp\/v2\/media\/2610"}],"wp:attachment":[{"href":"https:\/\/www.lausinyvicente.com\/fr\/wp-json\/wp\/v2\/media?parent=4405"}],"wp:term":[{"taxonomy":"product_cat","embeddable":true,"href":"https:\/\/www.lausinyvicente.com\/fr\/wp-json\/wp\/v2\/product_cat?post=4405"},{"taxonomy":"product_tag","embeddable":true,"href":"https:\/\/www.lausinyvicente.com\/fr\/wp-json\/wp\/v2\/product_tag?post=4405"}],"curies":[{"name":"wp","href":"https:\/\/api.w.org\/{rel}","templated":true}]}}