{"id":4418,"date":"2022-11-30T14:49:36","date_gmt":"2022-11-30T14:49:36","guid":{"rendered":"https:\/\/www.lausinyvicente.com\/non%20class\u00e9\/abri-de-touche-mobile-aries\/"},"modified":"2024-01-21T16:56:16","modified_gmt":"2024-01-21T16:56:16","slug":"abri-touche-mobile-aries","status":"publish","type":"product","link":"https:\/\/www.lausinyvicente.com\/fr\/equipement-sport\/football\/bancs-de-football\/abri-touche-mobile-aries","title":{"rendered":"Abri de touche mobile \u201cAries\u201d"},"content":{"rendered":"","protected":false},"excerpt":{"rendered":"<p>Abri de touche pour les rempla\u00e7ants con\u00e7u et fabriqu\u00e9 pour \u00eatre utilis\u00e9 principalement dans des installations sportives ext\u00e9rieures. La structure m\u00e9tallique de l\u2019abri de touche est fabriqu\u00e9e en profil\u00e9 en acier galvanis\u00e9. Les c\u00f4t\u00e9s sont prot\u00e9g\u00e9s par des plaques en polycarbonate transparent de 4 mm d\u2019\u00e9paisseur. La partie arri\u00e8re est prot\u00e9g\u00e9e par des plaques en polycarbonate incolore de 6 mm d\u2019\u00e9paisseur. La structure avant du sol qui sert de repose-pieds est recouverte de plaques antid\u00e9rapantes en aluminium. La partie avant de l\u2019abri de touche est compl\u00e9t\u00e9e par diff\u00e9rentes pi\u00e8ces de finition comme la corniche longitudinale sup\u00e9rieure, les corni\u00e8res verticales en t\u00f4le, aux extr\u00e9mit\u00e9s de la structure de l\u2019abri. Tous les profil\u00e9s m\u00e9talliques ouverts sont recouverts de corni\u00e8res en plastique. L\u2019abri de touche est fix\u00e9 sur une plateforme m\u00e9tallique galvanis\u00e9e recouverte d\u2019un panneau contreplaqu\u00e9 en bouleau avec une finition de carrosserie. Les roues pivotantes avec ou sans frein (le nombre d\u00e9pend de la longueur de l\u2019abri de touche) sont install\u00e9es sur la partie inf\u00e9rieure afin de pouvoir le d\u00e9placer sur le terrain.       <\/p>\n","protected":false},"featured_media":2602,"template":"","meta":[],"product_cat":[231,156,143],"product_tag":[],"class_list":{"0":"post-4418","1":"product","2":"type-product","3":"status-publish","4":"has-post-thumbnail","6":"product_cat-bancs-de-football","7":"product_cat-football","8":"product_cat-equipement-sport","10":"first","11":"instock","12":"shipping-taxable","13":"purchasable","14":"product-type-variable"},"yoast_head":"<!-- This site is optimized with the Yoast SEO plugin v27.0 - https:\/\/yoast.com\/product\/yoast-seo-wordpress\/ -->\n<title>Abri de touche mobile \u201cAries\u201d - Laus\u00edn y Vicente<\/title>\n<meta name=\"robots\" content=\"index, follow, max-snippet:-1, max-image-preview:large, max-video-preview:-1\" \/>\n<link rel=\"canonical\" href=\"https:\/\/www.lausinyvicente.com\/fr\/equipement-sport\/football\/bancs-de-football\/abri-touche-mobile-aries\" \/>\n<meta property=\"og:locale\" content=\"fr_FR\" \/>\n<meta property=\"og:type\" content=\"article\" \/>\n<meta property=\"og:title\" content=\"Abri de touche mobile \u201cAries\u201d - Laus\u00edn y Vicente\" \/>\n<meta property=\"og:description\" content=\"Abri de touche pour les rempla\u00e7ants con\u00e7u et fabriqu\u00e9 pour \u00eatre utilis\u00e9 principalement dans des installations sportives ext\u00e9rieures. La structure m\u00e9tallique de l\u2019abri de touche est fabriqu\u00e9e en profil\u00e9 en acier galvanis\u00e9. Les c\u00f4t\u00e9s sont prot\u00e9g\u00e9s par des plaques en polycarbonate transparent de 4 mm d\u2019\u00e9paisseur. La partie arri\u00e8re est prot\u00e9g\u00e9e par des plaques en polycarbonate incolore de 6 mm d\u2019\u00e9paisseur. La structure avant du sol qui sert de repose-pieds est recouverte de plaques antid\u00e9rapantes en aluminium. La partie avant de l\u2019abri de touche est compl\u00e9t\u00e9e par diff\u00e9rentes pi\u00e8ces de finition comme la corniche longitudinale sup\u00e9rieure, les corni\u00e8res verticales en t\u00f4le, aux extr\u00e9mit\u00e9s de la structure de l\u2019abri. Tous les profil\u00e9s m\u00e9talliques ouverts sont recouverts de corni\u00e8res en plastique. L\u2019abri de touche est fix\u00e9 sur une plateforme m\u00e9tallique galvanis\u00e9e recouverte d\u2019un panneau contreplaqu\u00e9 en bouleau avec une finition de carrosserie. Les roues pivotantes avec ou sans frein (le nombre d\u00e9pend de la longueur de l\u2019abri de touche) sont install\u00e9es sur la partie inf\u00e9rieure afin de pouvoir le d\u00e9placer sur le terrain.\" \/>\n<meta property=\"og:url\" content=\"https:\/\/www.lausinyvicente.com\/fr\/equipement-sport\/football\/bancs-de-football\/abri-touche-mobile-aries\" \/>\n<meta property=\"og:site_name\" content=\"Laus\u00edn y Vicente\" \/>\n<meta property=\"article:modified_time\" content=\"2024-01-21T16:56:16+00:00\" \/>\n<meta property=\"og:image\" content=\"https:\/\/www.lausinyvicente.com\/wp-content\/uploads\/2022\/11\/D.06.84-banquillo-suplentes-movil-Aries.jpg\" \/>\n\t<meta property=\"og:image:width\" content=\"720\" \/>\n\t<meta property=\"og:image:height\" content=\"490\" \/>\n\t<meta property=\"og:image:type\" content=\"image\/jpeg\" \/>\n<meta name=\"twitter:card\" content=\"summary_large_image\" \/>\n<script type=\"application\/ld+json\" class=\"yoast-schema-graph\">{\"@context\":\"https:\/\/schema.org\",\"@graph\":[{\"@type\":\"WebPage\",\"@id\":\"https:\/\/www.lausinyvicente.com\/fr\/equipement-sport\/football\/bancs-de-football\/abri-touche-mobile-aries\",\"url\":\"https:\/\/www.lausinyvicente.com\/fr\/equipement-sport\/football\/bancs-de-football\/abri-touche-mobile-aries\",\"name\":\"Abri de touche mobile \u201cAries\u201d - Laus\u00edn y Vicente\",\"isPartOf\":{\"@id\":\"https:\/\/www.lausinyvicente.com\/#website\"},\"primaryImageOfPage\":{\"@id\":\"https:\/\/www.lausinyvicente.com\/fr\/equipement-sport\/football\/bancs-de-football\/abri-touche-mobile-aries#primaryimage\"},\"image\":{\"@id\":\"https:\/\/www.lausinyvicente.com\/fr\/equipement-sport\/football\/bancs-de-football\/abri-touche-mobile-aries#primaryimage\"},\"thumbnailUrl\":\"https:\/\/www.lausinyvicente.com\/wp-content\/uploads\/2022\/11\/D.06.84-banquillo-suplentes-movil-Aries.jpg\",\"datePublished\":\"2022-11-30T14:49:36+00:00\",\"dateModified\":\"2024-01-21T16:56:16+00:00\",\"breadcrumb\":{\"@id\":\"https:\/\/www.lausinyvicente.com\/fr\/equipement-sport\/football\/bancs-de-football\/abri-touche-mobile-aries#breadcrumb\"},\"inLanguage\":\"fr-FR\",\"potentialAction\":[{\"@type\":\"ReadAction\",\"target\":[\"https:\/\/www.lausinyvicente.com\/fr\/equipement-sport\/football\/bancs-de-football\/abri-touche-mobile-aries\"]}]},{\"@type\":\"ImageObject\",\"inLanguage\":\"fr-FR\",\"@id\":\"https:\/\/www.lausinyvicente.com\/fr\/equipement-sport\/football\/bancs-de-football\/abri-touche-mobile-aries#primaryimage\",\"url\":\"https:\/\/www.lausinyvicente.com\/wp-content\/uploads\/2022\/11\/D.06.84-banquillo-suplentes-movil-Aries.jpg\",\"contentUrl\":\"https:\/\/www.lausinyvicente.com\/wp-content\/uploads\/2022\/11\/D.06.84-banquillo-suplentes-movil-Aries.jpg\",\"width\":720,\"height\":490},{\"@type\":\"BreadcrumbList\",\"@id\":\"https:\/\/www.lausinyvicente.com\/fr\/equipement-sport\/football\/bancs-de-football\/abri-touche-mobile-aries#breadcrumb\",\"itemListElement\":[{\"@type\":\"ListItem\",\"position\":1,\"name\":\"Portada\",\"item\":\"https:\/\/www.lausinyvicente.com\/\"},{\"@type\":\"ListItem\",\"position\":2,\"name\":\"Boutique\",\"item\":\"https:\/\/www.lausinyvicente.com\/fr\/boutique\"},{\"@type\":\"ListItem\",\"position\":3,\"name\":\"Abri de touche mobile \u201cAries\u201d\"}]},{\"@type\":\"WebSite\",\"@id\":\"https:\/\/www.lausinyvicente.com\/#website\",\"url\":\"https:\/\/www.lausinyvicente.com\/\",\"name\":\"Laus\u00edn y Vicente\",\"description\":\"Fabricaci\u00f3n y distribuci\u00f3n de material deportivo\",\"potentialAction\":[{\"@type\":\"SearchAction\",\"target\":{\"@type\":\"EntryPoint\",\"urlTemplate\":\"https:\/\/www.lausinyvicente.com\/?s={search_term_string}\"},\"query-input\":{\"@type\":\"PropertyValueSpecification\",\"valueRequired\":true,\"valueName\":\"search_term_string\"}}],\"inLanguage\":\"fr-FR\"}]}<\/script>\n<!-- \/ Yoast SEO plugin. -->","yoast_head_json":{"title":"Abri de touche mobile \u201cAries\u201d - Laus\u00edn y Vicente","robots":{"index":"index","follow":"follow","max-snippet":"max-snippet:-1","max-image-preview":"max-image-preview:large","max-video-preview":"max-video-preview:-1"},"canonical":"https:\/\/www.lausinyvicente.com\/fr\/equipement-sport\/football\/bancs-de-football\/abri-touche-mobile-aries","og_locale":"fr_FR","og_type":"article","og_title":"Abri de touche mobile \u201cAries\u201d - Laus\u00edn y Vicente","og_description":"Abri de touche pour les rempla\u00e7ants con\u00e7u et fabriqu\u00e9 pour \u00eatre utilis\u00e9 principalement dans des installations sportives ext\u00e9rieures. La structure m\u00e9tallique de l\u2019abri de touche est fabriqu\u00e9e en profil\u00e9 en acier galvanis\u00e9. Les c\u00f4t\u00e9s sont prot\u00e9g\u00e9s par des plaques en polycarbonate transparent de 4 mm d\u2019\u00e9paisseur. La partie arri\u00e8re est prot\u00e9g\u00e9e par des plaques en polycarbonate incolore de 6 mm d\u2019\u00e9paisseur. La structure avant du sol qui sert de repose-pieds est recouverte de plaques antid\u00e9rapantes en aluminium. La partie avant de l\u2019abri de touche est compl\u00e9t\u00e9e par diff\u00e9rentes pi\u00e8ces de finition comme la corniche longitudinale sup\u00e9rieure, les corni\u00e8res verticales en t\u00f4le, aux extr\u00e9mit\u00e9s de la structure de l\u2019abri. Tous les profil\u00e9s m\u00e9talliques ouverts sont recouverts de corni\u00e8res en plastique. L\u2019abri de touche est fix\u00e9 sur une plateforme m\u00e9tallique galvanis\u00e9e recouverte d\u2019un panneau contreplaqu\u00e9 en bouleau avec une finition de carrosserie. Les roues pivotantes avec ou sans frein (le nombre d\u00e9pend de la longueur de l\u2019abri de touche) sont install\u00e9es sur la partie inf\u00e9rieure afin de pouvoir le d\u00e9placer sur le terrain.","og_url":"https:\/\/www.lausinyvicente.com\/fr\/equipement-sport\/football\/bancs-de-football\/abri-touche-mobile-aries","og_site_name":"Laus\u00edn y Vicente","article_modified_time":"2024-01-21T16:56:16+00:00","og_image":[{"width":720,"height":490,"url":"https:\/\/www.lausinyvicente.com\/wp-content\/uploads\/2022\/11\/D.06.84-banquillo-suplentes-movil-Aries.jpg","type":"image\/jpeg"}],"twitter_card":"summary_large_image","schema":{"@context":"https:\/\/schema.org","@graph":[{"@type":"WebPage","@id":"https:\/\/www.lausinyvicente.com\/fr\/equipement-sport\/football\/bancs-de-football\/abri-touche-mobile-aries","url":"https:\/\/www.lausinyvicente.com\/fr\/equipement-sport\/football\/bancs-de-football\/abri-touche-mobile-aries","name":"Abri de touche mobile \u201cAries\u201d - Laus\u00edn y Vicente","isPartOf":{"@id":"https:\/\/www.lausinyvicente.com\/#website"},"primaryImageOfPage":{"@id":"https:\/\/www.lausinyvicente.com\/fr\/equipement-sport\/football\/bancs-de-football\/abri-touche-mobile-aries#primaryimage"},"image":{"@id":"https:\/\/www.lausinyvicente.com\/fr\/equipement-sport\/football\/bancs-de-football\/abri-touche-mobile-aries#primaryimage"},"thumbnailUrl":"https:\/\/www.lausinyvicente.com\/wp-content\/uploads\/2022\/11\/D.06.84-banquillo-suplentes-movil-Aries.jpg","datePublished":"2022-11-30T14:49:36+00:00","dateModified":"2024-01-21T16:56:16+00:00","breadcrumb":{"@id":"https:\/\/www.lausinyvicente.com\/fr\/equipement-sport\/football\/bancs-de-football\/abri-touche-mobile-aries#breadcrumb"},"inLanguage":"fr-FR","potentialAction":[{"@type":"ReadAction","target":["https:\/\/www.lausinyvicente.com\/fr\/equipement-sport\/football\/bancs-de-football\/abri-touche-mobile-aries"]}]},{"@type":"ImageObject","inLanguage":"fr-FR","@id":"https:\/\/www.lausinyvicente.com\/fr\/equipement-sport\/football\/bancs-de-football\/abri-touche-mobile-aries#primaryimage","url":"https:\/\/www.lausinyvicente.com\/wp-content\/uploads\/2022\/11\/D.06.84-banquillo-suplentes-movil-Aries.jpg","contentUrl":"https:\/\/www.lausinyvicente.com\/wp-content\/uploads\/2022\/11\/D.06.84-banquillo-suplentes-movil-Aries.jpg","width":720,"height":490},{"@type":"BreadcrumbList","@id":"https:\/\/www.lausinyvicente.com\/fr\/equipement-sport\/football\/bancs-de-football\/abri-touche-mobile-aries#breadcrumb","itemListElement":[{"@type":"ListItem","position":1,"name":"Portada","item":"https:\/\/www.lausinyvicente.com\/"},{"@type":"ListItem","position":2,"name":"Boutique","item":"https:\/\/www.lausinyvicente.com\/fr\/boutique"},{"@type":"ListItem","position":3,"name":"Abri de touche mobile \u201cAries\u201d"}]},{"@type":"WebSite","@id":"https:\/\/www.lausinyvicente.com\/#website","url":"https:\/\/www.lausinyvicente.com\/","name":"Laus\u00edn y Vicente","description":"Fabricaci\u00f3n y distribuci\u00f3n de material deportivo","potentialAction":[{"@type":"SearchAction","target":{"@type":"EntryPoint","urlTemplate":"https:\/\/www.lausinyvicente.com\/?s={search_term_string}"},"query-input":{"@type":"PropertyValueSpecification","valueRequired":true,"valueName":"search_term_string"}}],"inLanguage":"fr-FR"}]}},"_links":{"self":[{"href":"https:\/\/www.lausinyvicente.com\/fr\/wp-json\/wp\/v2\/product\/4418","targetHints":{"allow":["GET"]}}],"collection":[{"href":"https:\/\/www.lausinyvicente.com\/fr\/wp-json\/wp\/v2\/product"}],"about":[{"href":"https:\/\/www.lausinyvicente.com\/fr\/wp-json\/wp\/v2\/types\/product"}],"wp:featuredmedia":[{"embeddable":true,"href":"https:\/\/www.lausinyvicente.com\/fr\/wp-json\/wp\/v2\/media\/2602"}],"wp:attachment":[{"href":"https:\/\/www.lausinyvicente.com\/fr\/wp-json\/wp\/v2\/media?parent=4418"}],"wp:term":[{"taxonomy":"product_cat","embeddable":true,"href":"https:\/\/www.lausinyvicente.com\/fr\/wp-json\/wp\/v2\/product_cat?post=4418"},{"taxonomy":"product_tag","embeddable":true,"href":"https:\/\/www.lausinyvicente.com\/fr\/wp-json\/wp\/v2\/product_tag?post=4418"}],"curies":[{"name":"wp","href":"https:\/\/api.w.org\/{rel}","templated":true}]}}