{"id":4427,"date":"2022-11-30T14:45:11","date_gmt":"2022-11-30T14:45:11","guid":{"rendered":"https:\/\/www.lausinyvicente.com\/non%20class\u00e9\/tunnel-dacces-pour-joueurs-milan\/"},"modified":"2024-01-21T16:56:35","modified_gmt":"2024-01-21T16:56:35","slug":"tunnel-acces-joueurs-milan","status":"publish","type":"product","link":"https:\/\/www.lausinyvicente.com\/fr\/equipement-sport\/football\/equipement-de-football\/tunnel-acces-joueurs-milan","title":{"rendered":"Tunnel d\u2019acc\u00e8s pour joueurs \u201cMilan\u201d"},"content":{"rendered":"","protected":false},"excerpt":{"rendered":"<p>Structure en aluminium anodis\u00e9. Profil\u00e9s extrud\u00e9s de 43 x 35 mm pour les arceaux permettant au client de remplacer les pans de b\u00e2che entre les arceaux individuellement sans avoir \u00e0 renvoyer le tunnel \u00e0 l\u2019usine en cas de d\u00e9chirure. Renfort horizontal pour apporter plus de stabilit\u00e9 \u00e0 l\u2019ensemble. Ensemble de boulons d\u2019assemblage en acier inoxydable AISI 304. Mouvement d\u2019ouverture et de fermeture au moyen de croisillons en aluminium extrud\u00e9 de 50 x 13,5 mm. Les t\u00eates de rotation sont en alliage d\u2019aluminium coul\u00e9. 4 points de tension suppl\u00e9mentaires pour fixer et tendre la b\u00e2che (unique sur le march\u00e9). Patins de coulissement des croisillons en POLIZENE 500 qui permettent de r\u00e9duire le frottement de 60 % ce qui facilite les op\u00e9rations de d\u00e9pliage et pliage du tunnel. B\u00e2che de protection en polyester haute r\u00e9sistance, enduite de PVC sur les deux faces. Ignifuge M-2 de 620 g. Roue en nylon : Utilisation fr\u00e9quente, montage en usine. Glissement optimal sur bois, linol\u00e9um et surfaces lisses. Roue en caoutchouc: Utilisation similaire \u00e0 celle en nylon. Meilleure adh\u00e9rence due \u00e0 sa finition en caoutchouc. Roue pneumatique: Utilisation en ext\u00e9rieur, pour gazon et gravier\/terre. Veuillez consulter les tarifs selon les dimensions.  <\/p>\n","protected":false},"featured_media":2600,"template":"","meta":[],"product_cat":[230,156,143],"product_tag":[],"class_list":{"0":"post-4427","1":"product","2":"type-product","3":"status-publish","4":"has-post-thumbnail","6":"product_cat-equipement-de-football","7":"product_cat-football","8":"product_cat-equipement-sport","10":"first","11":"instock","12":"shipping-taxable","13":"purchasable","14":"product-type-simple"},"yoast_head":"<!-- This site is optimized with the Yoast SEO plugin v27.0 - https:\/\/yoast.com\/product\/yoast-seo-wordpress\/ -->\n<title>Tunnel d\u2019acc\u00e8s pour joueurs \u201cMilan\u201d - Laus\u00edn y Vicente<\/title>\n<meta name=\"robots\" content=\"index, follow, max-snippet:-1, max-image-preview:large, max-video-preview:-1\" \/>\n<link rel=\"canonical\" href=\"https:\/\/www.lausinyvicente.com\/fr\/equipement-sport\/football\/equipement-de-football\/tunnel-acces-joueurs-milan\" \/>\n<meta property=\"og:locale\" content=\"fr_FR\" \/>\n<meta property=\"og:type\" content=\"article\" \/>\n<meta property=\"og:title\" content=\"Tunnel d\u2019acc\u00e8s pour joueurs \u201cMilan\u201d - Laus\u00edn y Vicente\" \/>\n<meta property=\"og:description\" content=\"Structure en aluminium anodis\u00e9. Profil\u00e9s extrud\u00e9s de 43 x 35 mm pour les arceaux permettant au client de remplacer les pans de b\u00e2che entre les arceaux individuellement sans avoir \u00e0 renvoyer le tunnel \u00e0 l\u2019usine en cas de d\u00e9chirure. Renfort horizontal pour apporter plus de stabilit\u00e9 \u00e0 l\u2019ensemble. Ensemble de boulons d\u2019assemblage en acier inoxydable AISI 304. Mouvement d\u2019ouverture et de fermeture au moyen de croisillons en aluminium extrud\u00e9 de 50 x 13,5 mm. Les t\u00eates de rotation sont en alliage d\u2019aluminium coul\u00e9. 4 points de tension suppl\u00e9mentaires pour fixer et tendre la b\u00e2che (unique sur le march\u00e9). Patins de coulissement des croisillons en POLIZENE 500 qui permettent de r\u00e9duire le frottement de 60 % ce qui facilite les op\u00e9rations de d\u00e9pliage et pliage du tunnel. B\u00e2che de protection en polyester haute r\u00e9sistance, enduite de PVC sur les deux faces. Ignifuge M-2 de 620 g. Roue en nylon : Utilisation fr\u00e9quente, montage en usine. Glissement optimal sur bois, linol\u00e9um et surfaces lisses. Roue en caoutchouc: Utilisation similaire \u00e0 celle en nylon. Meilleure adh\u00e9rence due \u00e0 sa finition en caoutchouc. Roue pneumatique: Utilisation en ext\u00e9rieur, pour gazon et gravier\/terre. Veuillez consulter les tarifs selon les dimensions.\" \/>\n<meta property=\"og:url\" content=\"https:\/\/www.lausinyvicente.com\/fr\/equipement-sport\/football\/equipement-de-football\/tunnel-acces-joueurs-milan\" \/>\n<meta property=\"og:site_name\" content=\"Laus\u00edn y Vicente\" \/>\n<meta property=\"article:modified_time\" content=\"2024-01-21T16:56:35+00:00\" \/>\n<meta property=\"og:image\" content=\"https:\/\/www.lausinyvicente.com\/wp-content\/uploads\/2022\/11\/D.16.00-tunel-salida-jugadores-MILAN.jpg\" \/>\n\t<meta property=\"og:image:width\" content=\"720\" \/>\n\t<meta property=\"og:image:height\" content=\"490\" \/>\n\t<meta property=\"og:image:type\" content=\"image\/jpeg\" \/>\n<meta name=\"twitter:card\" content=\"summary_large_image\" \/>\n<script type=\"application\/ld+json\" class=\"yoast-schema-graph\">{\"@context\":\"https:\/\/schema.org\",\"@graph\":[{\"@type\":\"WebPage\",\"@id\":\"https:\/\/www.lausinyvicente.com\/fr\/equipement-sport\/football\/equipement-de-football\/tunnel-acces-joueurs-milan\",\"url\":\"https:\/\/www.lausinyvicente.com\/fr\/equipement-sport\/football\/equipement-de-football\/tunnel-acces-joueurs-milan\",\"name\":\"Tunnel d\u2019acc\u00e8s pour joueurs \u201cMilan\u201d - Laus\u00edn y Vicente\",\"isPartOf\":{\"@id\":\"https:\/\/www.lausinyvicente.com\/#website\"},\"primaryImageOfPage\":{\"@id\":\"https:\/\/www.lausinyvicente.com\/fr\/equipement-sport\/football\/equipement-de-football\/tunnel-acces-joueurs-milan#primaryimage\"},\"image\":{\"@id\":\"https:\/\/www.lausinyvicente.com\/fr\/equipement-sport\/football\/equipement-de-football\/tunnel-acces-joueurs-milan#primaryimage\"},\"thumbnailUrl\":\"https:\/\/www.lausinyvicente.com\/wp-content\/uploads\/2022\/11\/D.16.00-tunel-salida-jugadores-MILAN.jpg\",\"datePublished\":\"2022-11-30T14:45:11+00:00\",\"dateModified\":\"2024-01-21T16:56:35+00:00\",\"breadcrumb\":{\"@id\":\"https:\/\/www.lausinyvicente.com\/fr\/equipement-sport\/football\/equipement-de-football\/tunnel-acces-joueurs-milan#breadcrumb\"},\"inLanguage\":\"fr-FR\",\"potentialAction\":[{\"@type\":\"ReadAction\",\"target\":[\"https:\/\/www.lausinyvicente.com\/fr\/equipement-sport\/football\/equipement-de-football\/tunnel-acces-joueurs-milan\"]}]},{\"@type\":\"ImageObject\",\"inLanguage\":\"fr-FR\",\"@id\":\"https:\/\/www.lausinyvicente.com\/fr\/equipement-sport\/football\/equipement-de-football\/tunnel-acces-joueurs-milan#primaryimage\",\"url\":\"https:\/\/www.lausinyvicente.com\/wp-content\/uploads\/2022\/11\/D.16.00-tunel-salida-jugadores-MILAN.jpg\",\"contentUrl\":\"https:\/\/www.lausinyvicente.com\/wp-content\/uploads\/2022\/11\/D.16.00-tunel-salida-jugadores-MILAN.jpg\",\"width\":720,\"height\":490},{\"@type\":\"BreadcrumbList\",\"@id\":\"https:\/\/www.lausinyvicente.com\/fr\/equipement-sport\/football\/equipement-de-football\/tunnel-acces-joueurs-milan#breadcrumb\",\"itemListElement\":[{\"@type\":\"ListItem\",\"position\":1,\"name\":\"Portada\",\"item\":\"https:\/\/www.lausinyvicente.com\/\"},{\"@type\":\"ListItem\",\"position\":2,\"name\":\"Boutique\",\"item\":\"https:\/\/www.lausinyvicente.com\/fr\/boutique\"},{\"@type\":\"ListItem\",\"position\":3,\"name\":\"Tunnel d\u2019acc\u00e8s pour joueurs \u201cMilan\u201d\"}]},{\"@type\":\"WebSite\",\"@id\":\"https:\/\/www.lausinyvicente.com\/#website\",\"url\":\"https:\/\/www.lausinyvicente.com\/\",\"name\":\"Laus\u00edn y Vicente\",\"description\":\"Fabricaci\u00f3n y distribuci\u00f3n de material deportivo\",\"potentialAction\":[{\"@type\":\"SearchAction\",\"target\":{\"@type\":\"EntryPoint\",\"urlTemplate\":\"https:\/\/www.lausinyvicente.com\/?s={search_term_string}\"},\"query-input\":{\"@type\":\"PropertyValueSpecification\",\"valueRequired\":true,\"valueName\":\"search_term_string\"}}],\"inLanguage\":\"fr-FR\"}]}<\/script>\n<!-- \/ Yoast SEO plugin. -->","yoast_head_json":{"title":"Tunnel d\u2019acc\u00e8s pour joueurs \u201cMilan\u201d - Laus\u00edn y Vicente","robots":{"index":"index","follow":"follow","max-snippet":"max-snippet:-1","max-image-preview":"max-image-preview:large","max-video-preview":"max-video-preview:-1"},"canonical":"https:\/\/www.lausinyvicente.com\/fr\/equipement-sport\/football\/equipement-de-football\/tunnel-acces-joueurs-milan","og_locale":"fr_FR","og_type":"article","og_title":"Tunnel d\u2019acc\u00e8s pour joueurs \u201cMilan\u201d - Laus\u00edn y Vicente","og_description":"Structure en aluminium anodis\u00e9. Profil\u00e9s extrud\u00e9s de 43 x 35 mm pour les arceaux permettant au client de remplacer les pans de b\u00e2che entre les arceaux individuellement sans avoir \u00e0 renvoyer le tunnel \u00e0 l\u2019usine en cas de d\u00e9chirure. Renfort horizontal pour apporter plus de stabilit\u00e9 \u00e0 l\u2019ensemble. Ensemble de boulons d\u2019assemblage en acier inoxydable AISI 304. Mouvement d\u2019ouverture et de fermeture au moyen de croisillons en aluminium extrud\u00e9 de 50 x 13,5 mm. Les t\u00eates de rotation sont en alliage d\u2019aluminium coul\u00e9. 4 points de tension suppl\u00e9mentaires pour fixer et tendre la b\u00e2che (unique sur le march\u00e9). Patins de coulissement des croisillons en POLIZENE 500 qui permettent de r\u00e9duire le frottement de 60 % ce qui facilite les op\u00e9rations de d\u00e9pliage et pliage du tunnel. B\u00e2che de protection en polyester haute r\u00e9sistance, enduite de PVC sur les deux faces. Ignifuge M-2 de 620 g. Roue en nylon : Utilisation fr\u00e9quente, montage en usine. Glissement optimal sur bois, linol\u00e9um et surfaces lisses. Roue en caoutchouc: Utilisation similaire \u00e0 celle en nylon. Meilleure adh\u00e9rence due \u00e0 sa finition en caoutchouc. Roue pneumatique: Utilisation en ext\u00e9rieur, pour gazon et gravier\/terre. Veuillez consulter les tarifs selon les dimensions.","og_url":"https:\/\/www.lausinyvicente.com\/fr\/equipement-sport\/football\/equipement-de-football\/tunnel-acces-joueurs-milan","og_site_name":"Laus\u00edn y Vicente","article_modified_time":"2024-01-21T16:56:35+00:00","og_image":[{"width":720,"height":490,"url":"https:\/\/www.lausinyvicente.com\/wp-content\/uploads\/2022\/11\/D.16.00-tunel-salida-jugadores-MILAN.jpg","type":"image\/jpeg"}],"twitter_card":"summary_large_image","schema":{"@context":"https:\/\/schema.org","@graph":[{"@type":"WebPage","@id":"https:\/\/www.lausinyvicente.com\/fr\/equipement-sport\/football\/equipement-de-football\/tunnel-acces-joueurs-milan","url":"https:\/\/www.lausinyvicente.com\/fr\/equipement-sport\/football\/equipement-de-football\/tunnel-acces-joueurs-milan","name":"Tunnel d\u2019acc\u00e8s pour joueurs \u201cMilan\u201d - Laus\u00edn y Vicente","isPartOf":{"@id":"https:\/\/www.lausinyvicente.com\/#website"},"primaryImageOfPage":{"@id":"https:\/\/www.lausinyvicente.com\/fr\/equipement-sport\/football\/equipement-de-football\/tunnel-acces-joueurs-milan#primaryimage"},"image":{"@id":"https:\/\/www.lausinyvicente.com\/fr\/equipement-sport\/football\/equipement-de-football\/tunnel-acces-joueurs-milan#primaryimage"},"thumbnailUrl":"https:\/\/www.lausinyvicente.com\/wp-content\/uploads\/2022\/11\/D.16.00-tunel-salida-jugadores-MILAN.jpg","datePublished":"2022-11-30T14:45:11+00:00","dateModified":"2024-01-21T16:56:35+00:00","breadcrumb":{"@id":"https:\/\/www.lausinyvicente.com\/fr\/equipement-sport\/football\/equipement-de-football\/tunnel-acces-joueurs-milan#breadcrumb"},"inLanguage":"fr-FR","potentialAction":[{"@type":"ReadAction","target":["https:\/\/www.lausinyvicente.com\/fr\/equipement-sport\/football\/equipement-de-football\/tunnel-acces-joueurs-milan"]}]},{"@type":"ImageObject","inLanguage":"fr-FR","@id":"https:\/\/www.lausinyvicente.com\/fr\/equipement-sport\/football\/equipement-de-football\/tunnel-acces-joueurs-milan#primaryimage","url":"https:\/\/www.lausinyvicente.com\/wp-content\/uploads\/2022\/11\/D.16.00-tunel-salida-jugadores-MILAN.jpg","contentUrl":"https:\/\/www.lausinyvicente.com\/wp-content\/uploads\/2022\/11\/D.16.00-tunel-salida-jugadores-MILAN.jpg","width":720,"height":490},{"@type":"BreadcrumbList","@id":"https:\/\/www.lausinyvicente.com\/fr\/equipement-sport\/football\/equipement-de-football\/tunnel-acces-joueurs-milan#breadcrumb","itemListElement":[{"@type":"ListItem","position":1,"name":"Portada","item":"https:\/\/www.lausinyvicente.com\/"},{"@type":"ListItem","position":2,"name":"Boutique","item":"https:\/\/www.lausinyvicente.com\/fr\/boutique"},{"@type":"ListItem","position":3,"name":"Tunnel d\u2019acc\u00e8s pour joueurs \u201cMilan\u201d"}]},{"@type":"WebSite","@id":"https:\/\/www.lausinyvicente.com\/#website","url":"https:\/\/www.lausinyvicente.com\/","name":"Laus\u00edn y Vicente","description":"Fabricaci\u00f3n y distribuci\u00f3n de material deportivo","potentialAction":[{"@type":"SearchAction","target":{"@type":"EntryPoint","urlTemplate":"https:\/\/www.lausinyvicente.com\/?s={search_term_string}"},"query-input":{"@type":"PropertyValueSpecification","valueRequired":true,"valueName":"search_term_string"}}],"inLanguage":"fr-FR"}]}},"_links":{"self":[{"href":"https:\/\/www.lausinyvicente.com\/fr\/wp-json\/wp\/v2\/product\/4427","targetHints":{"allow":["GET"]}}],"collection":[{"href":"https:\/\/www.lausinyvicente.com\/fr\/wp-json\/wp\/v2\/product"}],"about":[{"href":"https:\/\/www.lausinyvicente.com\/fr\/wp-json\/wp\/v2\/types\/product"}],"wp:featuredmedia":[{"embeddable":true,"href":"https:\/\/www.lausinyvicente.com\/fr\/wp-json\/wp\/v2\/media\/2600"}],"wp:attachment":[{"href":"https:\/\/www.lausinyvicente.com\/fr\/wp-json\/wp\/v2\/media?parent=4427"}],"wp:term":[{"taxonomy":"product_cat","embeddable":true,"href":"https:\/\/www.lausinyvicente.com\/fr\/wp-json\/wp\/v2\/product_cat?post=4427"},{"taxonomy":"product_tag","embeddable":true,"href":"https:\/\/www.lausinyvicente.com\/fr\/wp-json\/wp\/v2\/product_tag?post=4427"}],"curies":[{"name":"wp","href":"https:\/\/api.w.org\/{rel}","templated":true}]}}