{"id":4456,"date":"2022-11-30T14:38:22","date_gmt":"2022-11-30T14:38:22","guid":{"rendered":"https:\/\/www.lausinyvicente.com\/non%20class\u00e9\/buts-de-football-5\/"},"modified":"2024-01-21T15:29:21","modified_gmt":"2024-01-21T15:29:21","slug":"buts-football-5","status":"publish","type":"product","link":"https:\/\/www.lausinyvicente.com\/fr\/equipement-sport\/football\/buts-de-football\/buts-football-5","title":{"rendered":"Buts de football \u201c5\u201d"},"content":{"rendered":"","protected":false},"excerpt":{"rendered":"<p>Con\u00e7us conform\u00e9ment \u00e0 la norme europ\u00e9enne UNE-EN 748. Cadres fabriqu\u00e9s en tube en aluminium extrud\u00e9 \u00e0 section ronde de 90 mm, laqu\u00e9 blanc RAL 9010. Dimensions r\u00e8glementaires : 5,00 x 2,00 m. Fourreaux en aluminium de 500 mm pour les mod\u00e8les fixes et attaches en polyamide pour le filet. \u00c9querres int\u00e9rieures pour assemblage du poteau \u00e0 la barre transversale en tube en acier \u00e0 section rectangulaire de 60 x 40 x 2 mm, zingu\u00e9es, conf\u00e9rant au cadre r\u00e9sistance et durabilit\u00e9. Oreilles m\u00e9talliques galvanis\u00e9es \u00e0 chaud avec bretelle de force lat\u00e9rale. Sur les buts mobiles, les structures arri\u00e8re sont fabriqu\u00e9es en tubes en acier galvanis\u00e9 \u00e0 froid (zingu\u00e9). Prix par paire (2 unit\u00e9s).<\/p>\n","protected":false},"featured_media":2592,"template":"","meta":[],"product_cat":[156,143,217],"product_tag":[],"class_list":{"0":"post-4456","1":"product","2":"type-product","3":"status-publish","4":"has-post-thumbnail","6":"product_cat-football","7":"product_cat-equipement-sport","8":"product_cat-buts-de-football","10":"first","11":"instock","12":"shipping-taxable","13":"purchasable","14":"product-type-variable"},"yoast_head":"<!-- This site is optimized with the Yoast SEO plugin v27.0 - https:\/\/yoast.com\/product\/yoast-seo-wordpress\/ -->\n<title>Buts de football \u201c5\u201d - Laus\u00edn y Vicente<\/title>\n<meta name=\"robots\" content=\"index, follow, max-snippet:-1, max-image-preview:large, max-video-preview:-1\" \/>\n<link rel=\"canonical\" href=\"https:\/\/www.lausinyvicente.com\/fr\/equipement-sport\/football\/buts-de-football\/buts-football-5\" \/>\n<meta property=\"og:locale\" content=\"fr_FR\" \/>\n<meta property=\"og:type\" content=\"article\" \/>\n<meta property=\"og:title\" content=\"Buts de football \u201c5\u201d - Laus\u00edn y Vicente\" \/>\n<meta property=\"og:description\" content=\"Con\u00e7us conform\u00e9ment \u00e0 la norme europ\u00e9enne UNE-EN 748. Cadres fabriqu\u00e9s en tube en aluminium extrud\u00e9 \u00e0 section ronde de 90 mm, laqu\u00e9 blanc RAL 9010. Dimensions r\u00e8glementaires : 5,00 x 2,00 m. Fourreaux en aluminium de 500 mm pour les mod\u00e8les fixes et attaches en polyamide pour le filet. \u00c9querres int\u00e9rieures pour assemblage du poteau \u00e0 la barre transversale en tube en acier \u00e0 section rectangulaire de 60 x 40 x 2 mm, zingu\u00e9es, conf\u00e9rant au cadre r\u00e9sistance et durabilit\u00e9. Oreilles m\u00e9talliques galvanis\u00e9es \u00e0 chaud avec bretelle de force lat\u00e9rale. Sur les buts mobiles, les structures arri\u00e8re sont fabriqu\u00e9es en tubes en acier galvanis\u00e9 \u00e0 froid (zingu\u00e9). Prix par paire (2 unit\u00e9s).\" \/>\n<meta property=\"og:url\" content=\"https:\/\/www.lausinyvicente.com\/fr\/equipement-sport\/football\/buts-de-football\/buts-football-5\" \/>\n<meta property=\"og:site_name\" content=\"Laus\u00edn y Vicente\" \/>\n<meta property=\"article:modified_time\" content=\"2024-01-21T15:29:21+00:00\" \/>\n<meta property=\"og:image\" content=\"https:\/\/www.lausinyvicente.com\/wp-content\/uploads\/2022\/11\/D.06.42-porterias-futbol-5.jpg\" \/>\n\t<meta property=\"og:image:width\" content=\"720\" \/>\n\t<meta property=\"og:image:height\" content=\"490\" \/>\n\t<meta property=\"og:image:type\" content=\"image\/jpeg\" \/>\n<meta name=\"twitter:card\" content=\"summary_large_image\" \/>\n<script type=\"application\/ld+json\" class=\"yoast-schema-graph\">{\"@context\":\"https:\/\/schema.org\",\"@graph\":[{\"@type\":\"WebPage\",\"@id\":\"https:\/\/www.lausinyvicente.com\/fr\/equipement-sport\/football\/buts-de-football\/buts-football-5\",\"url\":\"https:\/\/www.lausinyvicente.com\/fr\/equipement-sport\/football\/buts-de-football\/buts-football-5\",\"name\":\"Buts de football \u201c5\u201d - Laus\u00edn y Vicente\",\"isPartOf\":{\"@id\":\"https:\/\/www.lausinyvicente.com\/#website\"},\"primaryImageOfPage\":{\"@id\":\"https:\/\/www.lausinyvicente.com\/fr\/equipement-sport\/football\/buts-de-football\/buts-football-5#primaryimage\"},\"image\":{\"@id\":\"https:\/\/www.lausinyvicente.com\/fr\/equipement-sport\/football\/buts-de-football\/buts-football-5#primaryimage\"},\"thumbnailUrl\":\"https:\/\/www.lausinyvicente.com\/wp-content\/uploads\/2022\/11\/D.06.42-porterias-futbol-5.jpg\",\"datePublished\":\"2022-11-30T14:38:22+00:00\",\"dateModified\":\"2024-01-21T15:29:21+00:00\",\"breadcrumb\":{\"@id\":\"https:\/\/www.lausinyvicente.com\/fr\/equipement-sport\/football\/buts-de-football\/buts-football-5#breadcrumb\"},\"inLanguage\":\"fr-FR\",\"potentialAction\":[{\"@type\":\"ReadAction\",\"target\":[\"https:\/\/www.lausinyvicente.com\/fr\/equipement-sport\/football\/buts-de-football\/buts-football-5\"]}]},{\"@type\":\"ImageObject\",\"inLanguage\":\"fr-FR\",\"@id\":\"https:\/\/www.lausinyvicente.com\/fr\/equipement-sport\/football\/buts-de-football\/buts-football-5#primaryimage\",\"url\":\"https:\/\/www.lausinyvicente.com\/wp-content\/uploads\/2022\/11\/D.06.42-porterias-futbol-5.jpg\",\"contentUrl\":\"https:\/\/www.lausinyvicente.com\/wp-content\/uploads\/2022\/11\/D.06.42-porterias-futbol-5.jpg\",\"width\":720,\"height\":490},{\"@type\":\"BreadcrumbList\",\"@id\":\"https:\/\/www.lausinyvicente.com\/fr\/equipement-sport\/football\/buts-de-football\/buts-football-5#breadcrumb\",\"itemListElement\":[{\"@type\":\"ListItem\",\"position\":1,\"name\":\"Portada\",\"item\":\"https:\/\/www.lausinyvicente.com\/\"},{\"@type\":\"ListItem\",\"position\":2,\"name\":\"Boutique\",\"item\":\"https:\/\/www.lausinyvicente.com\/fr\/boutique\"},{\"@type\":\"ListItem\",\"position\":3,\"name\":\"Buts de football \u201c5\u201d\"}]},{\"@type\":\"WebSite\",\"@id\":\"https:\/\/www.lausinyvicente.com\/#website\",\"url\":\"https:\/\/www.lausinyvicente.com\/\",\"name\":\"Laus\u00edn y Vicente\",\"description\":\"Fabricaci\u00f3n y distribuci\u00f3n de material deportivo\",\"potentialAction\":[{\"@type\":\"SearchAction\",\"target\":{\"@type\":\"EntryPoint\",\"urlTemplate\":\"https:\/\/www.lausinyvicente.com\/?s={search_term_string}\"},\"query-input\":{\"@type\":\"PropertyValueSpecification\",\"valueRequired\":true,\"valueName\":\"search_term_string\"}}],\"inLanguage\":\"fr-FR\"}]}<\/script>\n<!-- \/ Yoast SEO plugin. -->","yoast_head_json":{"title":"Buts de football \u201c5\u201d - Laus\u00edn y Vicente","robots":{"index":"index","follow":"follow","max-snippet":"max-snippet:-1","max-image-preview":"max-image-preview:large","max-video-preview":"max-video-preview:-1"},"canonical":"https:\/\/www.lausinyvicente.com\/fr\/equipement-sport\/football\/buts-de-football\/buts-football-5","og_locale":"fr_FR","og_type":"article","og_title":"Buts de football \u201c5\u201d - Laus\u00edn y Vicente","og_description":"Con\u00e7us conform\u00e9ment \u00e0 la norme europ\u00e9enne UNE-EN 748. Cadres fabriqu\u00e9s en tube en aluminium extrud\u00e9 \u00e0 section ronde de 90 mm, laqu\u00e9 blanc RAL 9010. Dimensions r\u00e8glementaires : 5,00 x 2,00 m. Fourreaux en aluminium de 500 mm pour les mod\u00e8les fixes et attaches en polyamide pour le filet. \u00c9querres int\u00e9rieures pour assemblage du poteau \u00e0 la barre transversale en tube en acier \u00e0 section rectangulaire de 60 x 40 x 2 mm, zingu\u00e9es, conf\u00e9rant au cadre r\u00e9sistance et durabilit\u00e9. Oreilles m\u00e9talliques galvanis\u00e9es \u00e0 chaud avec bretelle de force lat\u00e9rale. Sur les buts mobiles, les structures arri\u00e8re sont fabriqu\u00e9es en tubes en acier galvanis\u00e9 \u00e0 froid (zingu\u00e9). Prix par paire (2 unit\u00e9s).","og_url":"https:\/\/www.lausinyvicente.com\/fr\/equipement-sport\/football\/buts-de-football\/buts-football-5","og_site_name":"Laus\u00edn y Vicente","article_modified_time":"2024-01-21T15:29:21+00:00","og_image":[{"width":720,"height":490,"url":"https:\/\/www.lausinyvicente.com\/wp-content\/uploads\/2022\/11\/D.06.42-porterias-futbol-5.jpg","type":"image\/jpeg"}],"twitter_card":"summary_large_image","schema":{"@context":"https:\/\/schema.org","@graph":[{"@type":"WebPage","@id":"https:\/\/www.lausinyvicente.com\/fr\/equipement-sport\/football\/buts-de-football\/buts-football-5","url":"https:\/\/www.lausinyvicente.com\/fr\/equipement-sport\/football\/buts-de-football\/buts-football-5","name":"Buts de football \u201c5\u201d - Laus\u00edn y Vicente","isPartOf":{"@id":"https:\/\/www.lausinyvicente.com\/#website"},"primaryImageOfPage":{"@id":"https:\/\/www.lausinyvicente.com\/fr\/equipement-sport\/football\/buts-de-football\/buts-football-5#primaryimage"},"image":{"@id":"https:\/\/www.lausinyvicente.com\/fr\/equipement-sport\/football\/buts-de-football\/buts-football-5#primaryimage"},"thumbnailUrl":"https:\/\/www.lausinyvicente.com\/wp-content\/uploads\/2022\/11\/D.06.42-porterias-futbol-5.jpg","datePublished":"2022-11-30T14:38:22+00:00","dateModified":"2024-01-21T15:29:21+00:00","breadcrumb":{"@id":"https:\/\/www.lausinyvicente.com\/fr\/equipement-sport\/football\/buts-de-football\/buts-football-5#breadcrumb"},"inLanguage":"fr-FR","potentialAction":[{"@type":"ReadAction","target":["https:\/\/www.lausinyvicente.com\/fr\/equipement-sport\/football\/buts-de-football\/buts-football-5"]}]},{"@type":"ImageObject","inLanguage":"fr-FR","@id":"https:\/\/www.lausinyvicente.com\/fr\/equipement-sport\/football\/buts-de-football\/buts-football-5#primaryimage","url":"https:\/\/www.lausinyvicente.com\/wp-content\/uploads\/2022\/11\/D.06.42-porterias-futbol-5.jpg","contentUrl":"https:\/\/www.lausinyvicente.com\/wp-content\/uploads\/2022\/11\/D.06.42-porterias-futbol-5.jpg","width":720,"height":490},{"@type":"BreadcrumbList","@id":"https:\/\/www.lausinyvicente.com\/fr\/equipement-sport\/football\/buts-de-football\/buts-football-5#breadcrumb","itemListElement":[{"@type":"ListItem","position":1,"name":"Portada","item":"https:\/\/www.lausinyvicente.com\/"},{"@type":"ListItem","position":2,"name":"Boutique","item":"https:\/\/www.lausinyvicente.com\/fr\/boutique"},{"@type":"ListItem","position":3,"name":"Buts de football \u201c5\u201d"}]},{"@type":"WebSite","@id":"https:\/\/www.lausinyvicente.com\/#website","url":"https:\/\/www.lausinyvicente.com\/","name":"Laus\u00edn y Vicente","description":"Fabricaci\u00f3n y distribuci\u00f3n de material deportivo","potentialAction":[{"@type":"SearchAction","target":{"@type":"EntryPoint","urlTemplate":"https:\/\/www.lausinyvicente.com\/?s={search_term_string}"},"query-input":{"@type":"PropertyValueSpecification","valueRequired":true,"valueName":"search_term_string"}}],"inLanguage":"fr-FR"}]}},"_links":{"self":[{"href":"https:\/\/www.lausinyvicente.com\/fr\/wp-json\/wp\/v2\/product\/4456","targetHints":{"allow":["GET"]}}],"collection":[{"href":"https:\/\/www.lausinyvicente.com\/fr\/wp-json\/wp\/v2\/product"}],"about":[{"href":"https:\/\/www.lausinyvicente.com\/fr\/wp-json\/wp\/v2\/types\/product"}],"wp:featuredmedia":[{"embeddable":true,"href":"https:\/\/www.lausinyvicente.com\/fr\/wp-json\/wp\/v2\/media\/2592"}],"wp:attachment":[{"href":"https:\/\/www.lausinyvicente.com\/fr\/wp-json\/wp\/v2\/media?parent=4456"}],"wp:term":[{"taxonomy":"product_cat","embeddable":true,"href":"https:\/\/www.lausinyvicente.com\/fr\/wp-json\/wp\/v2\/product_cat?post=4456"},{"taxonomy":"product_tag","embeddable":true,"href":"https:\/\/www.lausinyvicente.com\/fr\/wp-json\/wp\/v2\/product_tag?post=4456"}],"curies":[{"name":"wp","href":"https:\/\/api.w.org\/{rel}","templated":true}]}}