{"id":4465,"date":"2022-11-30T14:35:14","date_gmt":"2022-11-30T14:35:14","guid":{"rendered":"https:\/\/www.lausinyvicente.com\/non%20class\u00e9\/contrepoids-pour-buts-de-football-mobiles\/"},"modified":"2024-01-21T16:57:02","modified_gmt":"2024-01-21T16:57:02","slug":"contrepoids-buts-football-mobiles","status":"publish","type":"product","link":"https:\/\/www.lausinyvicente.com\/fr\/equipement-sport\/football\/filets-poteaux-et-bases\/contrepoids-buts-football-mobiles","title":{"rendered":"Contrepoids pour buts de football mobiles"},"content":{"rendered":"","protected":false},"excerpt":{"rendered":"<p>Lot de 4 paires de contrepoids en acier galvanis\u00e9 qui sont install\u00e9s dans la partie arri\u00e8re des buts mobiles de football 11, football 7 et football plage (deux par but) afin que les buts ne se renversent pas. Ils sont fournis remplis de ciment. Poids: 90 kg. Fabriqu\u00e9s conform\u00e9ment \u00e0 la norme europ\u00e9enne EN 748. Ils sont \u00e9quip\u00e9s de poign\u00e9es pour faciliter leur manutention. Chariot de transport des contrepoids de football fabriqu\u00e9 en acier galvanis\u00e9. Roues de 260 mm increvables.      <\/p>\n","protected":false},"featured_media":2590,"template":"","meta":[],"product_cat":[156,143,232],"product_tag":[],"class_list":{"0":"post-4465","1":"product","2":"type-product","3":"status-publish","4":"has-post-thumbnail","6":"product_cat-football","7":"product_cat-equipement-sport","8":"product_cat-filets-poteaux-et-bases","10":"first","11":"instock","12":"shipping-taxable","13":"purchasable","14":"product-type-variable"},"yoast_head":"<!-- This site is optimized with the Yoast SEO plugin v27.0 - https:\/\/yoast.com\/product\/yoast-seo-wordpress\/ -->\n<title>Contrepoids pour buts de football mobiles - Laus\u00edn y Vicente<\/title>\n<meta name=\"robots\" content=\"index, follow, max-snippet:-1, max-image-preview:large, max-video-preview:-1\" \/>\n<link rel=\"canonical\" href=\"https:\/\/www.lausinyvicente.com\/fr\/equipement-sport\/football\/filets-poteaux-et-bases\/contrepoids-buts-football-mobiles\" \/>\n<meta property=\"og:locale\" content=\"fr_FR\" \/>\n<meta property=\"og:type\" content=\"article\" \/>\n<meta property=\"og:title\" content=\"Contrepoids pour buts de football mobiles - Laus\u00edn y Vicente\" \/>\n<meta property=\"og:description\" content=\"Lot de 4 paires de contrepoids en acier galvanis\u00e9 qui sont install\u00e9s dans la partie arri\u00e8re des buts mobiles de football 11, football 7 et football plage (deux par but) afin que les buts ne se renversent pas. Ils sont fournis remplis de ciment. Poids: 90 kg. Fabriqu\u00e9s conform\u00e9ment \u00e0 la norme europ\u00e9enne EN 748. Ils sont \u00e9quip\u00e9s de poign\u00e9es pour faciliter leur manutention. Chariot de transport des contrepoids de football fabriqu\u00e9 en acier galvanis\u00e9. Roues de 260 mm increvables.\" \/>\n<meta property=\"og:url\" content=\"https:\/\/www.lausinyvicente.com\/fr\/equipement-sport\/football\/filets-poteaux-et-bases\/contrepoids-buts-football-mobiles\" \/>\n<meta property=\"og:site_name\" content=\"Laus\u00edn y Vicente\" \/>\n<meta property=\"article:modified_time\" content=\"2024-01-21T16:57:02+00:00\" \/>\n<meta property=\"og:image\" content=\"https:\/\/www.lausinyvicente.com\/wp-content\/uploads\/2022\/11\/D.06.651-contrapesos-porterias-futbol-movil.jpg\" \/>\n\t<meta property=\"og:image:width\" content=\"720\" \/>\n\t<meta property=\"og:image:height\" content=\"490\" \/>\n\t<meta property=\"og:image:type\" content=\"image\/jpeg\" \/>\n<meta name=\"twitter:card\" content=\"summary_large_image\" \/>\n<script type=\"application\/ld+json\" class=\"yoast-schema-graph\">{\"@context\":\"https:\/\/schema.org\",\"@graph\":[{\"@type\":\"WebPage\",\"@id\":\"https:\/\/www.lausinyvicente.com\/fr\/equipement-sport\/football\/filets-poteaux-et-bases\/contrepoids-buts-football-mobiles\",\"url\":\"https:\/\/www.lausinyvicente.com\/fr\/equipement-sport\/football\/filets-poteaux-et-bases\/contrepoids-buts-football-mobiles\",\"name\":\"Contrepoids pour buts de football mobiles - Laus\u00edn y Vicente\",\"isPartOf\":{\"@id\":\"https:\/\/www.lausinyvicente.com\/#website\"},\"primaryImageOfPage\":{\"@id\":\"https:\/\/www.lausinyvicente.com\/fr\/equipement-sport\/football\/filets-poteaux-et-bases\/contrepoids-buts-football-mobiles#primaryimage\"},\"image\":{\"@id\":\"https:\/\/www.lausinyvicente.com\/fr\/equipement-sport\/football\/filets-poteaux-et-bases\/contrepoids-buts-football-mobiles#primaryimage\"},\"thumbnailUrl\":\"https:\/\/www.lausinyvicente.com\/wp-content\/uploads\/2022\/11\/D.06.651-contrapesos-porterias-futbol-movil.jpg\",\"datePublished\":\"2022-11-30T14:35:14+00:00\",\"dateModified\":\"2024-01-21T16:57:02+00:00\",\"breadcrumb\":{\"@id\":\"https:\/\/www.lausinyvicente.com\/fr\/equipement-sport\/football\/filets-poteaux-et-bases\/contrepoids-buts-football-mobiles#breadcrumb\"},\"inLanguage\":\"fr-FR\",\"potentialAction\":[{\"@type\":\"ReadAction\",\"target\":[\"https:\/\/www.lausinyvicente.com\/fr\/equipement-sport\/football\/filets-poteaux-et-bases\/contrepoids-buts-football-mobiles\"]}]},{\"@type\":\"ImageObject\",\"inLanguage\":\"fr-FR\",\"@id\":\"https:\/\/www.lausinyvicente.com\/fr\/equipement-sport\/football\/filets-poteaux-et-bases\/contrepoids-buts-football-mobiles#primaryimage\",\"url\":\"https:\/\/www.lausinyvicente.com\/wp-content\/uploads\/2022\/11\/D.06.651-contrapesos-porterias-futbol-movil.jpg\",\"contentUrl\":\"https:\/\/www.lausinyvicente.com\/wp-content\/uploads\/2022\/11\/D.06.651-contrapesos-porterias-futbol-movil.jpg\",\"width\":720,\"height\":490},{\"@type\":\"BreadcrumbList\",\"@id\":\"https:\/\/www.lausinyvicente.com\/fr\/equipement-sport\/football\/filets-poteaux-et-bases\/contrepoids-buts-football-mobiles#breadcrumb\",\"itemListElement\":[{\"@type\":\"ListItem\",\"position\":1,\"name\":\"Portada\",\"item\":\"https:\/\/www.lausinyvicente.com\/\"},{\"@type\":\"ListItem\",\"position\":2,\"name\":\"Boutique\",\"item\":\"https:\/\/www.lausinyvicente.com\/fr\/boutique\"},{\"@type\":\"ListItem\",\"position\":3,\"name\":\"Contrepoids pour buts de football mobiles\"}]},{\"@type\":\"WebSite\",\"@id\":\"https:\/\/www.lausinyvicente.com\/#website\",\"url\":\"https:\/\/www.lausinyvicente.com\/\",\"name\":\"Laus\u00edn y Vicente\",\"description\":\"Fabricaci\u00f3n y distribuci\u00f3n de material deportivo\",\"potentialAction\":[{\"@type\":\"SearchAction\",\"target\":{\"@type\":\"EntryPoint\",\"urlTemplate\":\"https:\/\/www.lausinyvicente.com\/?s={search_term_string}\"},\"query-input\":{\"@type\":\"PropertyValueSpecification\",\"valueRequired\":true,\"valueName\":\"search_term_string\"}}],\"inLanguage\":\"fr-FR\"}]}<\/script>\n<!-- \/ Yoast SEO plugin. -->","yoast_head_json":{"title":"Contrepoids pour buts de football mobiles - Laus\u00edn y Vicente","robots":{"index":"index","follow":"follow","max-snippet":"max-snippet:-1","max-image-preview":"max-image-preview:large","max-video-preview":"max-video-preview:-1"},"canonical":"https:\/\/www.lausinyvicente.com\/fr\/equipement-sport\/football\/filets-poteaux-et-bases\/contrepoids-buts-football-mobiles","og_locale":"fr_FR","og_type":"article","og_title":"Contrepoids pour buts de football mobiles - Laus\u00edn y Vicente","og_description":"Lot de 4 paires de contrepoids en acier galvanis\u00e9 qui sont install\u00e9s dans la partie arri\u00e8re des buts mobiles de football 11, football 7 et football plage (deux par but) afin que les buts ne se renversent pas. Ils sont fournis remplis de ciment. Poids: 90 kg. Fabriqu\u00e9s conform\u00e9ment \u00e0 la norme europ\u00e9enne EN 748. Ils sont \u00e9quip\u00e9s de poign\u00e9es pour faciliter leur manutention. Chariot de transport des contrepoids de football fabriqu\u00e9 en acier galvanis\u00e9. Roues de 260 mm increvables.","og_url":"https:\/\/www.lausinyvicente.com\/fr\/equipement-sport\/football\/filets-poteaux-et-bases\/contrepoids-buts-football-mobiles","og_site_name":"Laus\u00edn y Vicente","article_modified_time":"2024-01-21T16:57:02+00:00","og_image":[{"width":720,"height":490,"url":"https:\/\/www.lausinyvicente.com\/wp-content\/uploads\/2022\/11\/D.06.651-contrapesos-porterias-futbol-movil.jpg","type":"image\/jpeg"}],"twitter_card":"summary_large_image","schema":{"@context":"https:\/\/schema.org","@graph":[{"@type":"WebPage","@id":"https:\/\/www.lausinyvicente.com\/fr\/equipement-sport\/football\/filets-poteaux-et-bases\/contrepoids-buts-football-mobiles","url":"https:\/\/www.lausinyvicente.com\/fr\/equipement-sport\/football\/filets-poteaux-et-bases\/contrepoids-buts-football-mobiles","name":"Contrepoids pour buts de football mobiles - Laus\u00edn y Vicente","isPartOf":{"@id":"https:\/\/www.lausinyvicente.com\/#website"},"primaryImageOfPage":{"@id":"https:\/\/www.lausinyvicente.com\/fr\/equipement-sport\/football\/filets-poteaux-et-bases\/contrepoids-buts-football-mobiles#primaryimage"},"image":{"@id":"https:\/\/www.lausinyvicente.com\/fr\/equipement-sport\/football\/filets-poteaux-et-bases\/contrepoids-buts-football-mobiles#primaryimage"},"thumbnailUrl":"https:\/\/www.lausinyvicente.com\/wp-content\/uploads\/2022\/11\/D.06.651-contrapesos-porterias-futbol-movil.jpg","datePublished":"2022-11-30T14:35:14+00:00","dateModified":"2024-01-21T16:57:02+00:00","breadcrumb":{"@id":"https:\/\/www.lausinyvicente.com\/fr\/equipement-sport\/football\/filets-poteaux-et-bases\/contrepoids-buts-football-mobiles#breadcrumb"},"inLanguage":"fr-FR","potentialAction":[{"@type":"ReadAction","target":["https:\/\/www.lausinyvicente.com\/fr\/equipement-sport\/football\/filets-poteaux-et-bases\/contrepoids-buts-football-mobiles"]}]},{"@type":"ImageObject","inLanguage":"fr-FR","@id":"https:\/\/www.lausinyvicente.com\/fr\/equipement-sport\/football\/filets-poteaux-et-bases\/contrepoids-buts-football-mobiles#primaryimage","url":"https:\/\/www.lausinyvicente.com\/wp-content\/uploads\/2022\/11\/D.06.651-contrapesos-porterias-futbol-movil.jpg","contentUrl":"https:\/\/www.lausinyvicente.com\/wp-content\/uploads\/2022\/11\/D.06.651-contrapesos-porterias-futbol-movil.jpg","width":720,"height":490},{"@type":"BreadcrumbList","@id":"https:\/\/www.lausinyvicente.com\/fr\/equipement-sport\/football\/filets-poteaux-et-bases\/contrepoids-buts-football-mobiles#breadcrumb","itemListElement":[{"@type":"ListItem","position":1,"name":"Portada","item":"https:\/\/www.lausinyvicente.com\/"},{"@type":"ListItem","position":2,"name":"Boutique","item":"https:\/\/www.lausinyvicente.com\/fr\/boutique"},{"@type":"ListItem","position":3,"name":"Contrepoids pour buts de football mobiles"}]},{"@type":"WebSite","@id":"https:\/\/www.lausinyvicente.com\/#website","url":"https:\/\/www.lausinyvicente.com\/","name":"Laus\u00edn y Vicente","description":"Fabricaci\u00f3n y distribuci\u00f3n de material deportivo","potentialAction":[{"@type":"SearchAction","target":{"@type":"EntryPoint","urlTemplate":"https:\/\/www.lausinyvicente.com\/?s={search_term_string}"},"query-input":{"@type":"PropertyValueSpecification","valueRequired":true,"valueName":"search_term_string"}}],"inLanguage":"fr-FR"}]}},"_links":{"self":[{"href":"https:\/\/www.lausinyvicente.com\/fr\/wp-json\/wp\/v2\/product\/4465","targetHints":{"allow":["GET"]}}],"collection":[{"href":"https:\/\/www.lausinyvicente.com\/fr\/wp-json\/wp\/v2\/product"}],"about":[{"href":"https:\/\/www.lausinyvicente.com\/fr\/wp-json\/wp\/v2\/types\/product"}],"wp:featuredmedia":[{"embeddable":true,"href":"https:\/\/www.lausinyvicente.com\/fr\/wp-json\/wp\/v2\/media\/2590"}],"wp:attachment":[{"href":"https:\/\/www.lausinyvicente.com\/fr\/wp-json\/wp\/v2\/media?parent=4465"}],"wp:term":[{"taxonomy":"product_cat","embeddable":true,"href":"https:\/\/www.lausinyvicente.com\/fr\/wp-json\/wp\/v2\/product_cat?post=4465"},{"taxonomy":"product_tag","embeddable":true,"href":"https:\/\/www.lausinyvicente.com\/fr\/wp-json\/wp\/v2\/product_tag?post=4465"}],"curies":[{"name":"wp","href":"https:\/\/api.w.org\/{rel}","templated":true}]}}