{"id":4486,"date":"2022-11-30T14:30:11","date_gmt":"2022-11-30T14:30:11","guid":{"rendered":"https:\/\/www.lausinyvicente.com\/non%20class\u00e9\/poteaux-et-filets-de-protection-terrains-de-football\/"},"modified":"2024-01-21T16:57:23","modified_gmt":"2024-01-21T16:57:23","slug":"poteaux-filets-protection-terrains-football","status":"publish","type":"product","link":"https:\/\/www.lausinyvicente.com\/fr\/equipement-sport\/football\/equipement-de-football\/poteaux-filets-protection-terrains-football","title":{"rendered":"Poteaux et filets de protection terrains de football"},"content":{"rendered":"","protected":false},"excerpt":{"rendered":"<p>Fabriqu\u00e9s en tube rond structurel en acier de 80, 90, 100 ou 120 mm de diam\u00e8tre, galvanis\u00e9 \u00e0 chaud ou en aluminium. Fourreaux tubulaires zingu\u00e9s ou structures de fondation pour encastrer dans le terrain selon la r\u00e9f\u00e9rence. L\u2019assemblage entre les premiers et les derniers poteaux est r\u00e9alis\u00e9 au moyen de barres de 38 mm, ces espaces \u00e9tant renforc\u00e9s par un c\u00e2ble en acier galvanis\u00e9 formant une croix de Saint-Andr\u00e9. C\u00e2ble galvanis\u00e9 entre les poteaux interm\u00e9diaires dans la partie sup\u00e9rieure et inf\u00e9rieure. Con\u00e7us pour une s\u00e9paration maximum entre les poteaux contigus de 6 m. Prix unitaire. Filets non inclus. Veuillez consulter les diff\u00e9rentes options de filets, dimensions de mailles et \u00e9paisseurs.       <\/p>\n","protected":false},"featured_media":2582,"template":"","meta":[],"product_cat":[230,156,143],"product_tag":[],"class_list":{"0":"post-4486","1":"product","2":"type-product","3":"status-publish","4":"has-post-thumbnail","6":"product_cat-equipement-de-football","7":"product_cat-football","8":"product_cat-equipement-sport","10":"first","11":"instock","12":"shipping-taxable","13":"purchasable","14":"product-type-variable"},"yoast_head":"<!-- This site is optimized with the Yoast SEO plugin v27.0 - https:\/\/yoast.com\/product\/yoast-seo-wordpress\/ -->\n<title>Poteaux et filets de protection terrains de football - Laus\u00edn y Vicente<\/title>\n<meta name=\"robots\" content=\"index, follow, max-snippet:-1, max-image-preview:large, max-video-preview:-1\" \/>\n<link rel=\"canonical\" href=\"https:\/\/www.lausinyvicente.com\/fr\/equipement-sport\/football\/equipement-de-football\/poteaux-filets-protection-terrains-football\" \/>\n<meta property=\"og:locale\" content=\"fr_FR\" \/>\n<meta property=\"og:type\" content=\"article\" \/>\n<meta property=\"og:title\" content=\"Poteaux et filets de protection terrains de football - Laus\u00edn y Vicente\" \/>\n<meta property=\"og:description\" content=\"Fabriqu\u00e9s en tube rond structurel en acier de 80, 90, 100 ou 120 mm de diam\u00e8tre, galvanis\u00e9 \u00e0 chaud ou en aluminium. Fourreaux tubulaires zingu\u00e9s ou structures de fondation pour encastrer dans le terrain selon la r\u00e9f\u00e9rence. L\u2019assemblage entre les premiers et les derniers poteaux est r\u00e9alis\u00e9 au moyen de barres de 38 mm, ces espaces \u00e9tant renforc\u00e9s par un c\u00e2ble en acier galvanis\u00e9 formant une croix de Saint-Andr\u00e9. C\u00e2ble galvanis\u00e9 entre les poteaux interm\u00e9diaires dans la partie sup\u00e9rieure et inf\u00e9rieure. Con\u00e7us pour une s\u00e9paration maximum entre les poteaux contigus de 6 m. Prix unitaire. Filets non inclus. Veuillez consulter les diff\u00e9rentes options de filets, dimensions de mailles et \u00e9paisseurs.\" \/>\n<meta property=\"og:url\" content=\"https:\/\/www.lausinyvicente.com\/fr\/equipement-sport\/football\/equipement-de-football\/poteaux-filets-protection-terrains-football\" \/>\n<meta property=\"og:site_name\" content=\"Laus\u00edn y Vicente\" \/>\n<meta property=\"article:modified_time\" content=\"2024-01-21T16:57:23+00:00\" \/>\n<meta property=\"og:image\" content=\"https:\/\/www.lausinyvicente.com\/wp-content\/uploads\/2022\/11\/R.99.170-postes-redes-proteccion-campos-futbol.jpg\" \/>\n\t<meta property=\"og:image:width\" content=\"720\" \/>\n\t<meta property=\"og:image:height\" content=\"490\" \/>\n\t<meta property=\"og:image:type\" content=\"image\/jpeg\" \/>\n<meta name=\"twitter:card\" content=\"summary_large_image\" \/>\n<script type=\"application\/ld+json\" class=\"yoast-schema-graph\">{\"@context\":\"https:\/\/schema.org\",\"@graph\":[{\"@type\":\"WebPage\",\"@id\":\"https:\/\/www.lausinyvicente.com\/fr\/equipement-sport\/football\/equipement-de-football\/poteaux-filets-protection-terrains-football\",\"url\":\"https:\/\/www.lausinyvicente.com\/fr\/equipement-sport\/football\/equipement-de-football\/poteaux-filets-protection-terrains-football\",\"name\":\"Poteaux et filets de protection terrains de football - Laus\u00edn y Vicente\",\"isPartOf\":{\"@id\":\"https:\/\/www.lausinyvicente.com\/#website\"},\"primaryImageOfPage\":{\"@id\":\"https:\/\/www.lausinyvicente.com\/fr\/equipement-sport\/football\/equipement-de-football\/poteaux-filets-protection-terrains-football#primaryimage\"},\"image\":{\"@id\":\"https:\/\/www.lausinyvicente.com\/fr\/equipement-sport\/football\/equipement-de-football\/poteaux-filets-protection-terrains-football#primaryimage\"},\"thumbnailUrl\":\"https:\/\/www.lausinyvicente.com\/wp-content\/uploads\/2022\/11\/R.99.170-postes-redes-proteccion-campos-futbol.jpg\",\"datePublished\":\"2022-11-30T14:30:11+00:00\",\"dateModified\":\"2024-01-21T16:57:23+00:00\",\"breadcrumb\":{\"@id\":\"https:\/\/www.lausinyvicente.com\/fr\/equipement-sport\/football\/equipement-de-football\/poteaux-filets-protection-terrains-football#breadcrumb\"},\"inLanguage\":\"fr-FR\",\"potentialAction\":[{\"@type\":\"ReadAction\",\"target\":[\"https:\/\/www.lausinyvicente.com\/fr\/equipement-sport\/football\/equipement-de-football\/poteaux-filets-protection-terrains-football\"]}]},{\"@type\":\"ImageObject\",\"inLanguage\":\"fr-FR\",\"@id\":\"https:\/\/www.lausinyvicente.com\/fr\/equipement-sport\/football\/equipement-de-football\/poteaux-filets-protection-terrains-football#primaryimage\",\"url\":\"https:\/\/www.lausinyvicente.com\/wp-content\/uploads\/2022\/11\/R.99.170-postes-redes-proteccion-campos-futbol.jpg\",\"contentUrl\":\"https:\/\/www.lausinyvicente.com\/wp-content\/uploads\/2022\/11\/R.99.170-postes-redes-proteccion-campos-futbol.jpg\",\"width\":720,\"height\":490},{\"@type\":\"BreadcrumbList\",\"@id\":\"https:\/\/www.lausinyvicente.com\/fr\/equipement-sport\/football\/equipement-de-football\/poteaux-filets-protection-terrains-football#breadcrumb\",\"itemListElement\":[{\"@type\":\"ListItem\",\"position\":1,\"name\":\"Portada\",\"item\":\"https:\/\/www.lausinyvicente.com\/\"},{\"@type\":\"ListItem\",\"position\":2,\"name\":\"Boutique\",\"item\":\"https:\/\/www.lausinyvicente.com\/fr\/boutique\"},{\"@type\":\"ListItem\",\"position\":3,\"name\":\"Poteaux et filets de protection terrains de football\"}]},{\"@type\":\"WebSite\",\"@id\":\"https:\/\/www.lausinyvicente.com\/#website\",\"url\":\"https:\/\/www.lausinyvicente.com\/\",\"name\":\"Laus\u00edn y Vicente\",\"description\":\"Fabricaci\u00f3n y distribuci\u00f3n de material deportivo\",\"potentialAction\":[{\"@type\":\"SearchAction\",\"target\":{\"@type\":\"EntryPoint\",\"urlTemplate\":\"https:\/\/www.lausinyvicente.com\/?s={search_term_string}\"},\"query-input\":{\"@type\":\"PropertyValueSpecification\",\"valueRequired\":true,\"valueName\":\"search_term_string\"}}],\"inLanguage\":\"fr-FR\"}]}<\/script>\n<!-- \/ Yoast SEO plugin. -->","yoast_head_json":{"title":"Poteaux et filets de protection terrains de football - Laus\u00edn y Vicente","robots":{"index":"index","follow":"follow","max-snippet":"max-snippet:-1","max-image-preview":"max-image-preview:large","max-video-preview":"max-video-preview:-1"},"canonical":"https:\/\/www.lausinyvicente.com\/fr\/equipement-sport\/football\/equipement-de-football\/poteaux-filets-protection-terrains-football","og_locale":"fr_FR","og_type":"article","og_title":"Poteaux et filets de protection terrains de football - Laus\u00edn y Vicente","og_description":"Fabriqu\u00e9s en tube rond structurel en acier de 80, 90, 100 ou 120 mm de diam\u00e8tre, galvanis\u00e9 \u00e0 chaud ou en aluminium. Fourreaux tubulaires zingu\u00e9s ou structures de fondation pour encastrer dans le terrain selon la r\u00e9f\u00e9rence. L\u2019assemblage entre les premiers et les derniers poteaux est r\u00e9alis\u00e9 au moyen de barres de 38 mm, ces espaces \u00e9tant renforc\u00e9s par un c\u00e2ble en acier galvanis\u00e9 formant une croix de Saint-Andr\u00e9. C\u00e2ble galvanis\u00e9 entre les poteaux interm\u00e9diaires dans la partie sup\u00e9rieure et inf\u00e9rieure. Con\u00e7us pour une s\u00e9paration maximum entre les poteaux contigus de 6 m. Prix unitaire. Filets non inclus. Veuillez consulter les diff\u00e9rentes options de filets, dimensions de mailles et \u00e9paisseurs.","og_url":"https:\/\/www.lausinyvicente.com\/fr\/equipement-sport\/football\/equipement-de-football\/poteaux-filets-protection-terrains-football","og_site_name":"Laus\u00edn y Vicente","article_modified_time":"2024-01-21T16:57:23+00:00","og_image":[{"width":720,"height":490,"url":"https:\/\/www.lausinyvicente.com\/wp-content\/uploads\/2022\/11\/R.99.170-postes-redes-proteccion-campos-futbol.jpg","type":"image\/jpeg"}],"twitter_card":"summary_large_image","schema":{"@context":"https:\/\/schema.org","@graph":[{"@type":"WebPage","@id":"https:\/\/www.lausinyvicente.com\/fr\/equipement-sport\/football\/equipement-de-football\/poteaux-filets-protection-terrains-football","url":"https:\/\/www.lausinyvicente.com\/fr\/equipement-sport\/football\/equipement-de-football\/poteaux-filets-protection-terrains-football","name":"Poteaux et filets de protection terrains de football - Laus\u00edn y Vicente","isPartOf":{"@id":"https:\/\/www.lausinyvicente.com\/#website"},"primaryImageOfPage":{"@id":"https:\/\/www.lausinyvicente.com\/fr\/equipement-sport\/football\/equipement-de-football\/poteaux-filets-protection-terrains-football#primaryimage"},"image":{"@id":"https:\/\/www.lausinyvicente.com\/fr\/equipement-sport\/football\/equipement-de-football\/poteaux-filets-protection-terrains-football#primaryimage"},"thumbnailUrl":"https:\/\/www.lausinyvicente.com\/wp-content\/uploads\/2022\/11\/R.99.170-postes-redes-proteccion-campos-futbol.jpg","datePublished":"2022-11-30T14:30:11+00:00","dateModified":"2024-01-21T16:57:23+00:00","breadcrumb":{"@id":"https:\/\/www.lausinyvicente.com\/fr\/equipement-sport\/football\/equipement-de-football\/poteaux-filets-protection-terrains-football#breadcrumb"},"inLanguage":"fr-FR","potentialAction":[{"@type":"ReadAction","target":["https:\/\/www.lausinyvicente.com\/fr\/equipement-sport\/football\/equipement-de-football\/poteaux-filets-protection-terrains-football"]}]},{"@type":"ImageObject","inLanguage":"fr-FR","@id":"https:\/\/www.lausinyvicente.com\/fr\/equipement-sport\/football\/equipement-de-football\/poteaux-filets-protection-terrains-football#primaryimage","url":"https:\/\/www.lausinyvicente.com\/wp-content\/uploads\/2022\/11\/R.99.170-postes-redes-proteccion-campos-futbol.jpg","contentUrl":"https:\/\/www.lausinyvicente.com\/wp-content\/uploads\/2022\/11\/R.99.170-postes-redes-proteccion-campos-futbol.jpg","width":720,"height":490},{"@type":"BreadcrumbList","@id":"https:\/\/www.lausinyvicente.com\/fr\/equipement-sport\/football\/equipement-de-football\/poteaux-filets-protection-terrains-football#breadcrumb","itemListElement":[{"@type":"ListItem","position":1,"name":"Portada","item":"https:\/\/www.lausinyvicente.com\/"},{"@type":"ListItem","position":2,"name":"Boutique","item":"https:\/\/www.lausinyvicente.com\/fr\/boutique"},{"@type":"ListItem","position":3,"name":"Poteaux et filets de protection terrains de football"}]},{"@type":"WebSite","@id":"https:\/\/www.lausinyvicente.com\/#website","url":"https:\/\/www.lausinyvicente.com\/","name":"Laus\u00edn y Vicente","description":"Fabricaci\u00f3n y distribuci\u00f3n de material deportivo","potentialAction":[{"@type":"SearchAction","target":{"@type":"EntryPoint","urlTemplate":"https:\/\/www.lausinyvicente.com\/?s={search_term_string}"},"query-input":{"@type":"PropertyValueSpecification","valueRequired":true,"valueName":"search_term_string"}}],"inLanguage":"fr-FR"}]}},"_links":{"self":[{"href":"https:\/\/www.lausinyvicente.com\/fr\/wp-json\/wp\/v2\/product\/4486","targetHints":{"allow":["GET"]}}],"collection":[{"href":"https:\/\/www.lausinyvicente.com\/fr\/wp-json\/wp\/v2\/product"}],"about":[{"href":"https:\/\/www.lausinyvicente.com\/fr\/wp-json\/wp\/v2\/types\/product"}],"wp:featuredmedia":[{"embeddable":true,"href":"https:\/\/www.lausinyvicente.com\/fr\/wp-json\/wp\/v2\/media\/2582"}],"wp:attachment":[{"href":"https:\/\/www.lausinyvicente.com\/fr\/wp-json\/wp\/v2\/media?parent=4486"}],"wp:term":[{"taxonomy":"product_cat","embeddable":true,"href":"https:\/\/www.lausinyvicente.com\/fr\/wp-json\/wp\/v2\/product_cat?post=4486"},{"taxonomy":"product_tag","embeddable":true,"href":"https:\/\/www.lausinyvicente.com\/fr\/wp-json\/wp\/v2\/product_tag?post=4486"}],"curies":[{"name":"wp","href":"https:\/\/api.w.org\/{rel}","templated":true}]}}