{"id":4552,"date":"2022-11-30T12:39:56","date_gmt":"2022-11-30T12:39:56","guid":{"rendered":"https:\/\/www.lausinyvicente.com\/non%20class\u00e9\/abri-de-touche-mobile-indoor-leo\/"},"modified":"2024-01-21T16:59:12","modified_gmt":"2024-01-21T16:59:12","slug":"abri-touche-mobile-indoor-leo","status":"publish","type":"product","link":"https:\/\/www.lausinyvicente.com\/fr\/equipement-sport\/football\/bancs-de-football\/abri-touche-mobile-indoor-leo","title":{"rendered":"Abri de touche mobile indoor \u201cLeo\u201d"},"content":{"rendered":"","protected":false},"excerpt":{"rendered":"<p>Fabriqu\u00e9 en profil\u00e9 en acier galvanis\u00e9, avec des panneaux arri\u00e8re en m\u00e9thacrylate de 3 mm d\u2019\u00e9paisseur. Ouvert sur les c\u00f4t\u00e9s. La structure de l\u2019abri est compl\u00e9t\u00e9e par des si\u00e8ges individuels \u00e0 dossier en polypropyl\u00e8ne ou par une banquette. Contour prot\u00e9g\u00e9 par de la mousse bleue. Hauteur int\u00e9rieure 1,80 m\u00e8tres. Fourni avec des plaques repose-pieds antid\u00e9rapantes en aluminium sur la base. Mod\u00e8le muni de roues en caoutchouc de 80 mm de diam\u00e8tre, pivotantes \u00e0 frein. Mod\u00e8le indoor. Prix unitaire.        <\/p>\n","protected":false},"featured_media":2566,"template":"","meta":[],"product_cat":[231,156,143],"product_tag":[],"class_list":{"0":"post-4552","1":"product","2":"type-product","3":"status-publish","4":"has-post-thumbnail","6":"product_cat-bancs-de-football","7":"product_cat-football","8":"product_cat-equipement-sport","10":"first","11":"instock","12":"shipping-taxable","13":"purchasable","14":"product-type-variable"},"yoast_head":"<!-- This site is optimized with the Yoast SEO plugin v27.0 - https:\/\/yoast.com\/product\/yoast-seo-wordpress\/ -->\n<title>Abri de touche mobile indoor \u201cLeo\u201d - Laus\u00edn y Vicente<\/title>\n<meta name=\"robots\" content=\"index, follow, max-snippet:-1, max-image-preview:large, max-video-preview:-1\" \/>\n<link rel=\"canonical\" href=\"https:\/\/www.lausinyvicente.com\/fr\/equipement-sport\/football\/bancs-de-football\/abri-touche-mobile-indoor-leo\" \/>\n<meta property=\"og:locale\" content=\"fr_FR\" \/>\n<meta property=\"og:type\" content=\"article\" \/>\n<meta property=\"og:title\" content=\"Abri de touche mobile indoor \u201cLeo\u201d - Laus\u00edn y Vicente\" \/>\n<meta property=\"og:description\" content=\"Fabriqu\u00e9 en profil\u00e9 en acier galvanis\u00e9, avec des panneaux arri\u00e8re en m\u00e9thacrylate de 3 mm d\u2019\u00e9paisseur. Ouvert sur les c\u00f4t\u00e9s. La structure de l\u2019abri est compl\u00e9t\u00e9e par des si\u00e8ges individuels \u00e0 dossier en polypropyl\u00e8ne ou par une banquette. Contour prot\u00e9g\u00e9 par de la mousse bleue. Hauteur int\u00e9rieure 1,80 m\u00e8tres. Fourni avec des plaques repose-pieds antid\u00e9rapantes en aluminium sur la base. Mod\u00e8le muni de roues en caoutchouc de 80 mm de diam\u00e8tre, pivotantes \u00e0 frein. Mod\u00e8le indoor. Prix unitaire.\" \/>\n<meta property=\"og:url\" content=\"https:\/\/www.lausinyvicente.com\/fr\/equipement-sport\/football\/bancs-de-football\/abri-touche-mobile-indoor-leo\" \/>\n<meta property=\"og:site_name\" content=\"Laus\u00edn y Vicente\" \/>\n<meta property=\"article:modified_time\" content=\"2024-01-21T16:59:12+00:00\" \/>\n<meta property=\"og:image\" content=\"https:\/\/www.lausinyvicente.com\/wp-content\/uploads\/2022\/11\/D.06.96_Banquillo-suplentes-movil-indoor-Leo.jpg\" \/>\n\t<meta property=\"og:image:width\" content=\"720\" \/>\n\t<meta property=\"og:image:height\" content=\"490\" \/>\n\t<meta property=\"og:image:type\" content=\"image\/jpeg\" \/>\n<meta name=\"twitter:card\" content=\"summary_large_image\" \/>\n<script type=\"application\/ld+json\" class=\"yoast-schema-graph\">{\"@context\":\"https:\/\/schema.org\",\"@graph\":[{\"@type\":\"WebPage\",\"@id\":\"https:\/\/www.lausinyvicente.com\/fr\/equipement-sport\/football\/bancs-de-football\/abri-touche-mobile-indoor-leo\",\"url\":\"https:\/\/www.lausinyvicente.com\/fr\/equipement-sport\/football\/bancs-de-football\/abri-touche-mobile-indoor-leo\",\"name\":\"Abri de touche mobile indoor \u201cLeo\u201d - Laus\u00edn y Vicente\",\"isPartOf\":{\"@id\":\"https:\/\/www.lausinyvicente.com\/#website\"},\"primaryImageOfPage\":{\"@id\":\"https:\/\/www.lausinyvicente.com\/fr\/equipement-sport\/football\/bancs-de-football\/abri-touche-mobile-indoor-leo#primaryimage\"},\"image\":{\"@id\":\"https:\/\/www.lausinyvicente.com\/fr\/equipement-sport\/football\/bancs-de-football\/abri-touche-mobile-indoor-leo#primaryimage\"},\"thumbnailUrl\":\"https:\/\/www.lausinyvicente.com\/wp-content\/uploads\/2022\/11\/D.06.96_Banquillo-suplentes-movil-indoor-Leo.jpg\",\"datePublished\":\"2022-11-30T12:39:56+00:00\",\"dateModified\":\"2024-01-21T16:59:12+00:00\",\"breadcrumb\":{\"@id\":\"https:\/\/www.lausinyvicente.com\/fr\/equipement-sport\/football\/bancs-de-football\/abri-touche-mobile-indoor-leo#breadcrumb\"},\"inLanguage\":\"fr-FR\",\"potentialAction\":[{\"@type\":\"ReadAction\",\"target\":[\"https:\/\/www.lausinyvicente.com\/fr\/equipement-sport\/football\/bancs-de-football\/abri-touche-mobile-indoor-leo\"]}]},{\"@type\":\"ImageObject\",\"inLanguage\":\"fr-FR\",\"@id\":\"https:\/\/www.lausinyvicente.com\/fr\/equipement-sport\/football\/bancs-de-football\/abri-touche-mobile-indoor-leo#primaryimage\",\"url\":\"https:\/\/www.lausinyvicente.com\/wp-content\/uploads\/2022\/11\/D.06.96_Banquillo-suplentes-movil-indoor-Leo.jpg\",\"contentUrl\":\"https:\/\/www.lausinyvicente.com\/wp-content\/uploads\/2022\/11\/D.06.96_Banquillo-suplentes-movil-indoor-Leo.jpg\",\"width\":720,\"height\":490},{\"@type\":\"BreadcrumbList\",\"@id\":\"https:\/\/www.lausinyvicente.com\/fr\/equipement-sport\/football\/bancs-de-football\/abri-touche-mobile-indoor-leo#breadcrumb\",\"itemListElement\":[{\"@type\":\"ListItem\",\"position\":1,\"name\":\"Portada\",\"item\":\"https:\/\/www.lausinyvicente.com\/\"},{\"@type\":\"ListItem\",\"position\":2,\"name\":\"Boutique\",\"item\":\"https:\/\/www.lausinyvicente.com\/fr\/boutique\"},{\"@type\":\"ListItem\",\"position\":3,\"name\":\"Abri de touche mobile indoor \u201cLeo\u201d\"}]},{\"@type\":\"WebSite\",\"@id\":\"https:\/\/www.lausinyvicente.com\/#website\",\"url\":\"https:\/\/www.lausinyvicente.com\/\",\"name\":\"Laus\u00edn y Vicente\",\"description\":\"Fabricaci\u00f3n y distribuci\u00f3n de material deportivo\",\"potentialAction\":[{\"@type\":\"SearchAction\",\"target\":{\"@type\":\"EntryPoint\",\"urlTemplate\":\"https:\/\/www.lausinyvicente.com\/?s={search_term_string}\"},\"query-input\":{\"@type\":\"PropertyValueSpecification\",\"valueRequired\":true,\"valueName\":\"search_term_string\"}}],\"inLanguage\":\"fr-FR\"}]}<\/script>\n<!-- \/ Yoast SEO plugin. -->","yoast_head_json":{"title":"Abri de touche mobile indoor \u201cLeo\u201d - Laus\u00edn y Vicente","robots":{"index":"index","follow":"follow","max-snippet":"max-snippet:-1","max-image-preview":"max-image-preview:large","max-video-preview":"max-video-preview:-1"},"canonical":"https:\/\/www.lausinyvicente.com\/fr\/equipement-sport\/football\/bancs-de-football\/abri-touche-mobile-indoor-leo","og_locale":"fr_FR","og_type":"article","og_title":"Abri de touche mobile indoor \u201cLeo\u201d - Laus\u00edn y Vicente","og_description":"Fabriqu\u00e9 en profil\u00e9 en acier galvanis\u00e9, avec des panneaux arri\u00e8re en m\u00e9thacrylate de 3 mm d\u2019\u00e9paisseur. Ouvert sur les c\u00f4t\u00e9s. La structure de l\u2019abri est compl\u00e9t\u00e9e par des si\u00e8ges individuels \u00e0 dossier en polypropyl\u00e8ne ou par une banquette. Contour prot\u00e9g\u00e9 par de la mousse bleue. Hauteur int\u00e9rieure 1,80 m\u00e8tres. Fourni avec des plaques repose-pieds antid\u00e9rapantes en aluminium sur la base. Mod\u00e8le muni de roues en caoutchouc de 80 mm de diam\u00e8tre, pivotantes \u00e0 frein. Mod\u00e8le indoor. Prix unitaire.","og_url":"https:\/\/www.lausinyvicente.com\/fr\/equipement-sport\/football\/bancs-de-football\/abri-touche-mobile-indoor-leo","og_site_name":"Laus\u00edn y Vicente","article_modified_time":"2024-01-21T16:59:12+00:00","og_image":[{"width":720,"height":490,"url":"https:\/\/www.lausinyvicente.com\/wp-content\/uploads\/2022\/11\/D.06.96_Banquillo-suplentes-movil-indoor-Leo.jpg","type":"image\/jpeg"}],"twitter_card":"summary_large_image","schema":{"@context":"https:\/\/schema.org","@graph":[{"@type":"WebPage","@id":"https:\/\/www.lausinyvicente.com\/fr\/equipement-sport\/football\/bancs-de-football\/abri-touche-mobile-indoor-leo","url":"https:\/\/www.lausinyvicente.com\/fr\/equipement-sport\/football\/bancs-de-football\/abri-touche-mobile-indoor-leo","name":"Abri de touche mobile indoor \u201cLeo\u201d - Laus\u00edn y Vicente","isPartOf":{"@id":"https:\/\/www.lausinyvicente.com\/#website"},"primaryImageOfPage":{"@id":"https:\/\/www.lausinyvicente.com\/fr\/equipement-sport\/football\/bancs-de-football\/abri-touche-mobile-indoor-leo#primaryimage"},"image":{"@id":"https:\/\/www.lausinyvicente.com\/fr\/equipement-sport\/football\/bancs-de-football\/abri-touche-mobile-indoor-leo#primaryimage"},"thumbnailUrl":"https:\/\/www.lausinyvicente.com\/wp-content\/uploads\/2022\/11\/D.06.96_Banquillo-suplentes-movil-indoor-Leo.jpg","datePublished":"2022-11-30T12:39:56+00:00","dateModified":"2024-01-21T16:59:12+00:00","breadcrumb":{"@id":"https:\/\/www.lausinyvicente.com\/fr\/equipement-sport\/football\/bancs-de-football\/abri-touche-mobile-indoor-leo#breadcrumb"},"inLanguage":"fr-FR","potentialAction":[{"@type":"ReadAction","target":["https:\/\/www.lausinyvicente.com\/fr\/equipement-sport\/football\/bancs-de-football\/abri-touche-mobile-indoor-leo"]}]},{"@type":"ImageObject","inLanguage":"fr-FR","@id":"https:\/\/www.lausinyvicente.com\/fr\/equipement-sport\/football\/bancs-de-football\/abri-touche-mobile-indoor-leo#primaryimage","url":"https:\/\/www.lausinyvicente.com\/wp-content\/uploads\/2022\/11\/D.06.96_Banquillo-suplentes-movil-indoor-Leo.jpg","contentUrl":"https:\/\/www.lausinyvicente.com\/wp-content\/uploads\/2022\/11\/D.06.96_Banquillo-suplentes-movil-indoor-Leo.jpg","width":720,"height":490},{"@type":"BreadcrumbList","@id":"https:\/\/www.lausinyvicente.com\/fr\/equipement-sport\/football\/bancs-de-football\/abri-touche-mobile-indoor-leo#breadcrumb","itemListElement":[{"@type":"ListItem","position":1,"name":"Portada","item":"https:\/\/www.lausinyvicente.com\/"},{"@type":"ListItem","position":2,"name":"Boutique","item":"https:\/\/www.lausinyvicente.com\/fr\/boutique"},{"@type":"ListItem","position":3,"name":"Abri de touche mobile indoor \u201cLeo\u201d"}]},{"@type":"WebSite","@id":"https:\/\/www.lausinyvicente.com\/#website","url":"https:\/\/www.lausinyvicente.com\/","name":"Laus\u00edn y Vicente","description":"Fabricaci\u00f3n y distribuci\u00f3n de material deportivo","potentialAction":[{"@type":"SearchAction","target":{"@type":"EntryPoint","urlTemplate":"https:\/\/www.lausinyvicente.com\/?s={search_term_string}"},"query-input":{"@type":"PropertyValueSpecification","valueRequired":true,"valueName":"search_term_string"}}],"inLanguage":"fr-FR"}]}},"_links":{"self":[{"href":"https:\/\/www.lausinyvicente.com\/fr\/wp-json\/wp\/v2\/product\/4552","targetHints":{"allow":["GET"]}}],"collection":[{"href":"https:\/\/www.lausinyvicente.com\/fr\/wp-json\/wp\/v2\/product"}],"about":[{"href":"https:\/\/www.lausinyvicente.com\/fr\/wp-json\/wp\/v2\/types\/product"}],"wp:featuredmedia":[{"embeddable":true,"href":"https:\/\/www.lausinyvicente.com\/fr\/wp-json\/wp\/v2\/media\/2566"}],"wp:attachment":[{"href":"https:\/\/www.lausinyvicente.com\/fr\/wp-json\/wp\/v2\/media?parent=4552"}],"wp:term":[{"taxonomy":"product_cat","embeddable":true,"href":"https:\/\/www.lausinyvicente.com\/fr\/wp-json\/wp\/v2\/product_cat?post=4552"},{"taxonomy":"product_tag","embeddable":true,"href":"https:\/\/www.lausinyvicente.com\/fr\/wp-json\/wp\/v2\/product_tag?post=4552"}],"curies":[{"name":"wp","href":"https:\/\/api.w.org\/{rel}","templated":true}]}}