{"id":4559,"date":"2022-11-30T12:36:55","date_gmt":"2022-11-30T12:36:55","guid":{"rendered":"https:\/\/www.lausinyvicente.com\/non%20class\u00e9\/protection-canon-dirrigation-fibre\/"},"modified":"2024-01-21T16:59:48","modified_gmt":"2024-01-21T16:59:48","slug":"protection-canon-irrigation-fibre","status":"publish","type":"product","link":"https:\/\/www.lausinyvicente.com\/fr\/equipement-sport\/football\/equipement-de-football\/protection-canon-irrigation-fibre","title":{"rendered":"Protection canon d\u2019irrigation fibre"},"content":{"rendered":"","protected":false},"excerpt":{"rendered":"<p>Protection de canon d\u2019irrigation pour terrains de football. Fabriqu\u00e9e en fibre de verre, cette protection est facile \u00e0 utiliser gr\u00e2ce aux ouvertures lat\u00e9rales de chaque c\u00f4t\u00e9. Elle mesure approximativement 1150 x 450 x 700 mm. L\u2019\u00e9paisseur de la fibre est de 3 mm sur toutes les parties et de 5 mm sur la base. Tous les angles et les bords sont arrondis pour \u00e9viter tout danger en cas de chocs du ballon ou des joueurs. Sa base large n\u2019ab\u00eeme pas le gazon et lui conf\u00e8re une bonne stabilit\u00e9 en cas de vents forts.     <\/p>\n","protected":false},"featured_media":2564,"template":"","meta":[],"product_cat":[230,156,143],"product_tag":[],"class_list":{"0":"post-4559","1":"product","2":"type-product","3":"status-publish","4":"has-post-thumbnail","6":"product_cat-equipement-de-football","7":"product_cat-football","8":"product_cat-equipement-sport","10":"first","11":"instock","12":"shipping-taxable","13":"purchasable","14":"product-type-simple"},"yoast_head":"<!-- This site is optimized with the Yoast SEO plugin v27.0 - https:\/\/yoast.com\/product\/yoast-seo-wordpress\/ -->\n<title>Protection canon d\u2019irrigation fibre - Laus\u00edn y Vicente<\/title>\n<meta name=\"robots\" content=\"index, follow, max-snippet:-1, max-image-preview:large, max-video-preview:-1\" \/>\n<link rel=\"canonical\" href=\"https:\/\/www.lausinyvicente.com\/fr\/equipement-sport\/football\/equipement-de-football\/protection-canon-irrigation-fibre\" \/>\n<meta property=\"og:locale\" content=\"fr_FR\" \/>\n<meta property=\"og:type\" content=\"article\" \/>\n<meta property=\"og:title\" content=\"Protection canon d\u2019irrigation fibre - Laus\u00edn y Vicente\" \/>\n<meta property=\"og:description\" content=\"Protection de canon d\u2019irrigation pour terrains de football. Fabriqu\u00e9e en fibre de verre, cette protection est facile \u00e0 utiliser gr\u00e2ce aux ouvertures lat\u00e9rales de chaque c\u00f4t\u00e9. Elle mesure approximativement 1150 x 450 x 700 mm. L\u2019\u00e9paisseur de la fibre est de 3 mm sur toutes les parties et de 5 mm sur la base. Tous les angles et les bords sont arrondis pour \u00e9viter tout danger en cas de chocs du ballon ou des joueurs. Sa base large n\u2019ab\u00eeme pas le gazon et lui conf\u00e8re une bonne stabilit\u00e9 en cas de vents forts.\" \/>\n<meta property=\"og:url\" content=\"https:\/\/www.lausinyvicente.com\/fr\/equipement-sport\/football\/equipement-de-football\/protection-canon-irrigation-fibre\" \/>\n<meta property=\"og:site_name\" content=\"Laus\u00edn y Vicente\" \/>\n<meta property=\"article:modified_time\" content=\"2024-01-21T16:59:48+00:00\" \/>\n<meta property=\"og:image\" content=\"https:\/\/www.lausinyvicente.com\/wp-content\/uploads\/2022\/11\/M.98.93-protector-canon-riego-fibra-0.jpg\" \/>\n\t<meta property=\"og:image:width\" content=\"720\" \/>\n\t<meta property=\"og:image:height\" content=\"490\" \/>\n\t<meta property=\"og:image:type\" content=\"image\/jpeg\" \/>\n<meta name=\"twitter:card\" content=\"summary_large_image\" \/>\n<script type=\"application\/ld+json\" class=\"yoast-schema-graph\">{\"@context\":\"https:\/\/schema.org\",\"@graph\":[{\"@type\":\"WebPage\",\"@id\":\"https:\/\/www.lausinyvicente.com\/fr\/equipement-sport\/football\/equipement-de-football\/protection-canon-irrigation-fibre\",\"url\":\"https:\/\/www.lausinyvicente.com\/fr\/equipement-sport\/football\/equipement-de-football\/protection-canon-irrigation-fibre\",\"name\":\"Protection canon d\u2019irrigation fibre - Laus\u00edn y Vicente\",\"isPartOf\":{\"@id\":\"https:\/\/www.lausinyvicente.com\/#website\"},\"primaryImageOfPage\":{\"@id\":\"https:\/\/www.lausinyvicente.com\/fr\/equipement-sport\/football\/equipement-de-football\/protection-canon-irrigation-fibre#primaryimage\"},\"image\":{\"@id\":\"https:\/\/www.lausinyvicente.com\/fr\/equipement-sport\/football\/equipement-de-football\/protection-canon-irrigation-fibre#primaryimage\"},\"thumbnailUrl\":\"https:\/\/www.lausinyvicente.com\/wp-content\/uploads\/2022\/11\/M.98.93-protector-canon-riego-fibra-0.jpg\",\"datePublished\":\"2022-11-30T12:36:55+00:00\",\"dateModified\":\"2024-01-21T16:59:48+00:00\",\"breadcrumb\":{\"@id\":\"https:\/\/www.lausinyvicente.com\/fr\/equipement-sport\/football\/equipement-de-football\/protection-canon-irrigation-fibre#breadcrumb\"},\"inLanguage\":\"fr-FR\",\"potentialAction\":[{\"@type\":\"ReadAction\",\"target\":[\"https:\/\/www.lausinyvicente.com\/fr\/equipement-sport\/football\/equipement-de-football\/protection-canon-irrigation-fibre\"]}]},{\"@type\":\"ImageObject\",\"inLanguage\":\"fr-FR\",\"@id\":\"https:\/\/www.lausinyvicente.com\/fr\/equipement-sport\/football\/equipement-de-football\/protection-canon-irrigation-fibre#primaryimage\",\"url\":\"https:\/\/www.lausinyvicente.com\/wp-content\/uploads\/2022\/11\/M.98.93-protector-canon-riego-fibra-0.jpg\",\"contentUrl\":\"https:\/\/www.lausinyvicente.com\/wp-content\/uploads\/2022\/11\/M.98.93-protector-canon-riego-fibra-0.jpg\",\"width\":720,\"height\":490},{\"@type\":\"BreadcrumbList\",\"@id\":\"https:\/\/www.lausinyvicente.com\/fr\/equipement-sport\/football\/equipement-de-football\/protection-canon-irrigation-fibre#breadcrumb\",\"itemListElement\":[{\"@type\":\"ListItem\",\"position\":1,\"name\":\"Portada\",\"item\":\"https:\/\/www.lausinyvicente.com\/\"},{\"@type\":\"ListItem\",\"position\":2,\"name\":\"Boutique\",\"item\":\"https:\/\/www.lausinyvicente.com\/fr\/boutique\"},{\"@type\":\"ListItem\",\"position\":3,\"name\":\"Protection canon d\u2019irrigation fibre\"}]},{\"@type\":\"WebSite\",\"@id\":\"https:\/\/www.lausinyvicente.com\/#website\",\"url\":\"https:\/\/www.lausinyvicente.com\/\",\"name\":\"Laus\u00edn y Vicente\",\"description\":\"Fabricaci\u00f3n y distribuci\u00f3n de material deportivo\",\"potentialAction\":[{\"@type\":\"SearchAction\",\"target\":{\"@type\":\"EntryPoint\",\"urlTemplate\":\"https:\/\/www.lausinyvicente.com\/?s={search_term_string}\"},\"query-input\":{\"@type\":\"PropertyValueSpecification\",\"valueRequired\":true,\"valueName\":\"search_term_string\"}}],\"inLanguage\":\"fr-FR\"}]}<\/script>\n<!-- \/ Yoast SEO plugin. -->","yoast_head_json":{"title":"Protection canon d\u2019irrigation fibre - Laus\u00edn y Vicente","robots":{"index":"index","follow":"follow","max-snippet":"max-snippet:-1","max-image-preview":"max-image-preview:large","max-video-preview":"max-video-preview:-1"},"canonical":"https:\/\/www.lausinyvicente.com\/fr\/equipement-sport\/football\/equipement-de-football\/protection-canon-irrigation-fibre","og_locale":"fr_FR","og_type":"article","og_title":"Protection canon d\u2019irrigation fibre - Laus\u00edn y Vicente","og_description":"Protection de canon d\u2019irrigation pour terrains de football. Fabriqu\u00e9e en fibre de verre, cette protection est facile \u00e0 utiliser gr\u00e2ce aux ouvertures lat\u00e9rales de chaque c\u00f4t\u00e9. Elle mesure approximativement 1150 x 450 x 700 mm. L\u2019\u00e9paisseur de la fibre est de 3 mm sur toutes les parties et de 5 mm sur la base. Tous les angles et les bords sont arrondis pour \u00e9viter tout danger en cas de chocs du ballon ou des joueurs. Sa base large n\u2019ab\u00eeme pas le gazon et lui conf\u00e8re une bonne stabilit\u00e9 en cas de vents forts.","og_url":"https:\/\/www.lausinyvicente.com\/fr\/equipement-sport\/football\/equipement-de-football\/protection-canon-irrigation-fibre","og_site_name":"Laus\u00edn y Vicente","article_modified_time":"2024-01-21T16:59:48+00:00","og_image":[{"width":720,"height":490,"url":"https:\/\/www.lausinyvicente.com\/wp-content\/uploads\/2022\/11\/M.98.93-protector-canon-riego-fibra-0.jpg","type":"image\/jpeg"}],"twitter_card":"summary_large_image","schema":{"@context":"https:\/\/schema.org","@graph":[{"@type":"WebPage","@id":"https:\/\/www.lausinyvicente.com\/fr\/equipement-sport\/football\/equipement-de-football\/protection-canon-irrigation-fibre","url":"https:\/\/www.lausinyvicente.com\/fr\/equipement-sport\/football\/equipement-de-football\/protection-canon-irrigation-fibre","name":"Protection canon d\u2019irrigation fibre - Laus\u00edn y Vicente","isPartOf":{"@id":"https:\/\/www.lausinyvicente.com\/#website"},"primaryImageOfPage":{"@id":"https:\/\/www.lausinyvicente.com\/fr\/equipement-sport\/football\/equipement-de-football\/protection-canon-irrigation-fibre#primaryimage"},"image":{"@id":"https:\/\/www.lausinyvicente.com\/fr\/equipement-sport\/football\/equipement-de-football\/protection-canon-irrigation-fibre#primaryimage"},"thumbnailUrl":"https:\/\/www.lausinyvicente.com\/wp-content\/uploads\/2022\/11\/M.98.93-protector-canon-riego-fibra-0.jpg","datePublished":"2022-11-30T12:36:55+00:00","dateModified":"2024-01-21T16:59:48+00:00","breadcrumb":{"@id":"https:\/\/www.lausinyvicente.com\/fr\/equipement-sport\/football\/equipement-de-football\/protection-canon-irrigation-fibre#breadcrumb"},"inLanguage":"fr-FR","potentialAction":[{"@type":"ReadAction","target":["https:\/\/www.lausinyvicente.com\/fr\/equipement-sport\/football\/equipement-de-football\/protection-canon-irrigation-fibre"]}]},{"@type":"ImageObject","inLanguage":"fr-FR","@id":"https:\/\/www.lausinyvicente.com\/fr\/equipement-sport\/football\/equipement-de-football\/protection-canon-irrigation-fibre#primaryimage","url":"https:\/\/www.lausinyvicente.com\/wp-content\/uploads\/2022\/11\/M.98.93-protector-canon-riego-fibra-0.jpg","contentUrl":"https:\/\/www.lausinyvicente.com\/wp-content\/uploads\/2022\/11\/M.98.93-protector-canon-riego-fibra-0.jpg","width":720,"height":490},{"@type":"BreadcrumbList","@id":"https:\/\/www.lausinyvicente.com\/fr\/equipement-sport\/football\/equipement-de-football\/protection-canon-irrigation-fibre#breadcrumb","itemListElement":[{"@type":"ListItem","position":1,"name":"Portada","item":"https:\/\/www.lausinyvicente.com\/"},{"@type":"ListItem","position":2,"name":"Boutique","item":"https:\/\/www.lausinyvicente.com\/fr\/boutique"},{"@type":"ListItem","position":3,"name":"Protection canon d\u2019irrigation fibre"}]},{"@type":"WebSite","@id":"https:\/\/www.lausinyvicente.com\/#website","url":"https:\/\/www.lausinyvicente.com\/","name":"Laus\u00edn y Vicente","description":"Fabricaci\u00f3n y distribuci\u00f3n de material deportivo","potentialAction":[{"@type":"SearchAction","target":{"@type":"EntryPoint","urlTemplate":"https:\/\/www.lausinyvicente.com\/?s={search_term_string}"},"query-input":{"@type":"PropertyValueSpecification","valueRequired":true,"valueName":"search_term_string"}}],"inLanguage":"fr-FR"}]}},"_links":{"self":[{"href":"https:\/\/www.lausinyvicente.com\/fr\/wp-json\/wp\/v2\/product\/4559","targetHints":{"allow":["GET"]}}],"collection":[{"href":"https:\/\/www.lausinyvicente.com\/fr\/wp-json\/wp\/v2\/product"}],"about":[{"href":"https:\/\/www.lausinyvicente.com\/fr\/wp-json\/wp\/v2\/types\/product"}],"wp:featuredmedia":[{"embeddable":true,"href":"https:\/\/www.lausinyvicente.com\/fr\/wp-json\/wp\/v2\/media\/2564"}],"wp:attachment":[{"href":"https:\/\/www.lausinyvicente.com\/fr\/wp-json\/wp\/v2\/media?parent=4559"}],"wp:term":[{"taxonomy":"product_cat","embeddable":true,"href":"https:\/\/www.lausinyvicente.com\/fr\/wp-json\/wp\/v2\/product_cat?post=4559"},{"taxonomy":"product_tag","embeddable":true,"href":"https:\/\/www.lausinyvicente.com\/fr\/wp-json\/wp\/v2\/product_tag?post=4559"}],"curies":[{"name":"wp","href":"https:\/\/api.w.org\/{rel}","templated":true}]}}