{"id":4585,"date":"2022-11-30T12:16:30","date_gmt":"2022-11-30T12:16:30","guid":{"rendered":"https:\/\/www.lausinyvicente.com\/non%20class\u00e9\/paire-de-buts-combines-football-rugby\/"},"modified":"2024-01-21T17:00:42","modified_gmt":"2024-01-21T17:00:42","slug":"pairee-buts-combines-football-rugby","status":"publish","type":"product","link":"https:\/\/www.lausinyvicente.com\/fr\/equipement-sport\/football\/buts-de-football\/pairee-buts-combines-football-rugby","title":{"rendered":"Paire de buts combin\u00e9s football\/rugby"},"content":{"rendered":"","protected":false},"excerpt":{"rendered":"<p>Buts de football &#8211; rugby con\u00e7us pour pouvoir pratiquer les deux sports avec le m\u00eame \u00e9quipement sur les terrains de jeu destin\u00e9s a l\u2019entra\u00eenement. Le cadre des buts de football est fabriqu\u00e9 en tube d\u2019aluminium extrud\u00e9 de 120 mm de section ronde laqu\u00e9 blanc RAL 9010. Mesures r\u00e9glementaires: 7,32 x 2,44 m. Equerres int\u00e9rieures pour l\u2019union des poteaux avec la barre transversale en tube d\u2019acier carr\u00e9 de 60 x 60 x 2 mm galvanis\u00e9 qui conf\u00e8re au cadre une grande solidit\u00e9 et durabilit\u00e9. Oreilles en m\u00e9tal galvanis\u00e9 \u00e0 chaud avec bretelle de renfort lat\u00e9ral. Fourreaux en aluminium de 500 mm et des crochets en polyamide pour le filet. Des structures m\u00e9talliques peintes en tube rond blanc sont ins\u00e9r\u00e9es sur la barre transversale permettant le positionnement des poteaux verticaux du but de rugby. La structure du but de rugby est fabriqu\u00e9e en aluminium de section ronde de 90 mm, peinte en blanc RAL 9010. Avec peinture \u00e9poxy et s\u00e9chage au four. La hauteur des poteaux est de 6,40 m conform\u00e9ment aux exigences minimales de la norme. Prix \u200b\u200bpar paire.         <\/p>\n","protected":false},"featured_media":2552,"template":"","meta":[],"product_cat":[156,143,217,152],"product_tag":[],"class_list":{"0":"post-4585","1":"product","2":"type-product","3":"status-publish","4":"has-post-thumbnail","6":"product_cat-football","7":"product_cat-equipement-sport","8":"product_cat-buts-de-football","9":"product_cat-rugby","11":"first","12":"instock","13":"shipping-taxable","14":"purchasable","15":"product-type-simple"},"yoast_head":"<!-- This site is optimized with the Yoast SEO plugin v27.0 - https:\/\/yoast.com\/product\/yoast-seo-wordpress\/ -->\n<title>Paire de buts combin\u00e9s football\/rugby - Laus\u00edn y Vicente<\/title>\n<meta name=\"robots\" content=\"index, follow, max-snippet:-1, max-image-preview:large, max-video-preview:-1\" \/>\n<link rel=\"canonical\" href=\"https:\/\/www.lausinyvicente.com\/fr\/equipement-sport\/football\/buts-de-football\/pairee-buts-combines-football-rugby\" \/>\n<meta property=\"og:locale\" content=\"fr_FR\" \/>\n<meta property=\"og:type\" content=\"article\" \/>\n<meta property=\"og:title\" content=\"Paire de buts combin\u00e9s football\/rugby - Laus\u00edn y Vicente\" \/>\n<meta property=\"og:description\" content=\"Buts de football - rugby con\u00e7us pour pouvoir pratiquer les deux sports avec le m\u00eame \u00e9quipement sur les terrains de jeu destin\u00e9s a l\u2019entra\u00eenement. Le cadre des buts de football est fabriqu\u00e9 en tube d\u2019aluminium extrud\u00e9 de 120 mm de section ronde laqu\u00e9 blanc RAL 9010. Mesures r\u00e9glementaires: 7,32 x 2,44 m. Equerres int\u00e9rieures pour l\u2019union des poteaux avec la barre transversale en tube d\u2019acier carr\u00e9 de 60 x 60 x 2 mm galvanis\u00e9 qui conf\u00e8re au cadre une grande solidit\u00e9 et durabilit\u00e9. Oreilles en m\u00e9tal galvanis\u00e9 \u00e0 chaud avec bretelle de renfort lat\u00e9ral. Fourreaux en aluminium de 500 mm et des crochets en polyamide pour le filet. Des structures m\u00e9talliques peintes en tube rond blanc sont ins\u00e9r\u00e9es sur la barre transversale permettant le positionnement des poteaux verticaux du but de rugby. La structure du but de rugby est fabriqu\u00e9e en aluminium de section ronde de 90 mm, peinte en blanc RAL 9010. Avec peinture \u00e9poxy et s\u00e9chage au four. La hauteur des poteaux est de 6,40 m conform\u00e9ment aux exigences minimales de la norme. Prix \u200b\u200bpar paire.\" \/>\n<meta property=\"og:url\" content=\"https:\/\/www.lausinyvicente.com\/fr\/equipement-sport\/football\/buts-de-football\/pairee-buts-combines-football-rugby\" \/>\n<meta property=\"og:site_name\" content=\"Laus\u00edn y Vicente\" \/>\n<meta property=\"article:modified_time\" content=\"2024-01-21T17:00:42+00:00\" \/>\n<meta property=\"og:image\" content=\"https:\/\/www.lausinyvicente.com\/wp-content\/uploads\/2022\/11\/D.13.41_juego_multideporte_futbol_y_rugby.jpg\" \/>\n\t<meta property=\"og:image:width\" content=\"720\" \/>\n\t<meta property=\"og:image:height\" content=\"490\" \/>\n\t<meta property=\"og:image:type\" content=\"image\/jpeg\" \/>\n<meta name=\"twitter:card\" content=\"summary_large_image\" \/>\n<script type=\"application\/ld+json\" class=\"yoast-schema-graph\">{\"@context\":\"https:\/\/schema.org\",\"@graph\":[{\"@type\":\"WebPage\",\"@id\":\"https:\/\/www.lausinyvicente.com\/fr\/equipement-sport\/football\/buts-de-football\/pairee-buts-combines-football-rugby\",\"url\":\"https:\/\/www.lausinyvicente.com\/fr\/equipement-sport\/football\/buts-de-football\/pairee-buts-combines-football-rugby\",\"name\":\"Paire de buts combin\u00e9s football\/rugby - Laus\u00edn y Vicente\",\"isPartOf\":{\"@id\":\"https:\/\/www.lausinyvicente.com\/#website\"},\"primaryImageOfPage\":{\"@id\":\"https:\/\/www.lausinyvicente.com\/fr\/equipement-sport\/football\/buts-de-football\/pairee-buts-combines-football-rugby#primaryimage\"},\"image\":{\"@id\":\"https:\/\/www.lausinyvicente.com\/fr\/equipement-sport\/football\/buts-de-football\/pairee-buts-combines-football-rugby#primaryimage\"},\"thumbnailUrl\":\"https:\/\/www.lausinyvicente.com\/wp-content\/uploads\/2022\/11\/D.13.41_juego_multideporte_futbol_y_rugby.jpg\",\"datePublished\":\"2022-11-30T12:16:30+00:00\",\"dateModified\":\"2024-01-21T17:00:42+00:00\",\"breadcrumb\":{\"@id\":\"https:\/\/www.lausinyvicente.com\/fr\/equipement-sport\/football\/buts-de-football\/pairee-buts-combines-football-rugby#breadcrumb\"},\"inLanguage\":\"fr-FR\",\"potentialAction\":[{\"@type\":\"ReadAction\",\"target\":[\"https:\/\/www.lausinyvicente.com\/fr\/equipement-sport\/football\/buts-de-football\/pairee-buts-combines-football-rugby\"]}]},{\"@type\":\"ImageObject\",\"inLanguage\":\"fr-FR\",\"@id\":\"https:\/\/www.lausinyvicente.com\/fr\/equipement-sport\/football\/buts-de-football\/pairee-buts-combines-football-rugby#primaryimage\",\"url\":\"https:\/\/www.lausinyvicente.com\/wp-content\/uploads\/2022\/11\/D.13.41_juego_multideporte_futbol_y_rugby.jpg\",\"contentUrl\":\"https:\/\/www.lausinyvicente.com\/wp-content\/uploads\/2022\/11\/D.13.41_juego_multideporte_futbol_y_rugby.jpg\",\"width\":720,\"height\":490},{\"@type\":\"BreadcrumbList\",\"@id\":\"https:\/\/www.lausinyvicente.com\/fr\/equipement-sport\/football\/buts-de-football\/pairee-buts-combines-football-rugby#breadcrumb\",\"itemListElement\":[{\"@type\":\"ListItem\",\"position\":1,\"name\":\"Portada\",\"item\":\"https:\/\/www.lausinyvicente.com\/\"},{\"@type\":\"ListItem\",\"position\":2,\"name\":\"Boutique\",\"item\":\"https:\/\/www.lausinyvicente.com\/fr\/boutique\"},{\"@type\":\"ListItem\",\"position\":3,\"name\":\"Paire de buts combin\u00e9s football\/rugby\"}]},{\"@type\":\"WebSite\",\"@id\":\"https:\/\/www.lausinyvicente.com\/#website\",\"url\":\"https:\/\/www.lausinyvicente.com\/\",\"name\":\"Laus\u00edn y Vicente\",\"description\":\"Fabricaci\u00f3n y distribuci\u00f3n de material deportivo\",\"potentialAction\":[{\"@type\":\"SearchAction\",\"target\":{\"@type\":\"EntryPoint\",\"urlTemplate\":\"https:\/\/www.lausinyvicente.com\/?s={search_term_string}\"},\"query-input\":{\"@type\":\"PropertyValueSpecification\",\"valueRequired\":true,\"valueName\":\"search_term_string\"}}],\"inLanguage\":\"fr-FR\"}]}<\/script>\n<!-- \/ Yoast SEO plugin. -->","yoast_head_json":{"title":"Paire de buts combin\u00e9s football\/rugby - Laus\u00edn y Vicente","robots":{"index":"index","follow":"follow","max-snippet":"max-snippet:-1","max-image-preview":"max-image-preview:large","max-video-preview":"max-video-preview:-1"},"canonical":"https:\/\/www.lausinyvicente.com\/fr\/equipement-sport\/football\/buts-de-football\/pairee-buts-combines-football-rugby","og_locale":"fr_FR","og_type":"article","og_title":"Paire de buts combin\u00e9s football\/rugby - Laus\u00edn y Vicente","og_description":"Buts de football - rugby con\u00e7us pour pouvoir pratiquer les deux sports avec le m\u00eame \u00e9quipement sur les terrains de jeu destin\u00e9s a l\u2019entra\u00eenement. Le cadre des buts de football est fabriqu\u00e9 en tube d\u2019aluminium extrud\u00e9 de 120 mm de section ronde laqu\u00e9 blanc RAL 9010. Mesures r\u00e9glementaires: 7,32 x 2,44 m. Equerres int\u00e9rieures pour l\u2019union des poteaux avec la barre transversale en tube d\u2019acier carr\u00e9 de 60 x 60 x 2 mm galvanis\u00e9 qui conf\u00e8re au cadre une grande solidit\u00e9 et durabilit\u00e9. Oreilles en m\u00e9tal galvanis\u00e9 \u00e0 chaud avec bretelle de renfort lat\u00e9ral. Fourreaux en aluminium de 500 mm et des crochets en polyamide pour le filet. Des structures m\u00e9talliques peintes en tube rond blanc sont ins\u00e9r\u00e9es sur la barre transversale permettant le positionnement des poteaux verticaux du but de rugby. La structure du but de rugby est fabriqu\u00e9e en aluminium de section ronde de 90 mm, peinte en blanc RAL 9010. Avec peinture \u00e9poxy et s\u00e9chage au four. La hauteur des poteaux est de 6,40 m conform\u00e9ment aux exigences minimales de la norme. Prix \u200b\u200bpar paire.","og_url":"https:\/\/www.lausinyvicente.com\/fr\/equipement-sport\/football\/buts-de-football\/pairee-buts-combines-football-rugby","og_site_name":"Laus\u00edn y Vicente","article_modified_time":"2024-01-21T17:00:42+00:00","og_image":[{"width":720,"height":490,"url":"https:\/\/www.lausinyvicente.com\/wp-content\/uploads\/2022\/11\/D.13.41_juego_multideporte_futbol_y_rugby.jpg","type":"image\/jpeg"}],"twitter_card":"summary_large_image","schema":{"@context":"https:\/\/schema.org","@graph":[{"@type":"WebPage","@id":"https:\/\/www.lausinyvicente.com\/fr\/equipement-sport\/football\/buts-de-football\/pairee-buts-combines-football-rugby","url":"https:\/\/www.lausinyvicente.com\/fr\/equipement-sport\/football\/buts-de-football\/pairee-buts-combines-football-rugby","name":"Paire de buts combin\u00e9s football\/rugby - Laus\u00edn y Vicente","isPartOf":{"@id":"https:\/\/www.lausinyvicente.com\/#website"},"primaryImageOfPage":{"@id":"https:\/\/www.lausinyvicente.com\/fr\/equipement-sport\/football\/buts-de-football\/pairee-buts-combines-football-rugby#primaryimage"},"image":{"@id":"https:\/\/www.lausinyvicente.com\/fr\/equipement-sport\/football\/buts-de-football\/pairee-buts-combines-football-rugby#primaryimage"},"thumbnailUrl":"https:\/\/www.lausinyvicente.com\/wp-content\/uploads\/2022\/11\/D.13.41_juego_multideporte_futbol_y_rugby.jpg","datePublished":"2022-11-30T12:16:30+00:00","dateModified":"2024-01-21T17:00:42+00:00","breadcrumb":{"@id":"https:\/\/www.lausinyvicente.com\/fr\/equipement-sport\/football\/buts-de-football\/pairee-buts-combines-football-rugby#breadcrumb"},"inLanguage":"fr-FR","potentialAction":[{"@type":"ReadAction","target":["https:\/\/www.lausinyvicente.com\/fr\/equipement-sport\/football\/buts-de-football\/pairee-buts-combines-football-rugby"]}]},{"@type":"ImageObject","inLanguage":"fr-FR","@id":"https:\/\/www.lausinyvicente.com\/fr\/equipement-sport\/football\/buts-de-football\/pairee-buts-combines-football-rugby#primaryimage","url":"https:\/\/www.lausinyvicente.com\/wp-content\/uploads\/2022\/11\/D.13.41_juego_multideporte_futbol_y_rugby.jpg","contentUrl":"https:\/\/www.lausinyvicente.com\/wp-content\/uploads\/2022\/11\/D.13.41_juego_multideporte_futbol_y_rugby.jpg","width":720,"height":490},{"@type":"BreadcrumbList","@id":"https:\/\/www.lausinyvicente.com\/fr\/equipement-sport\/football\/buts-de-football\/pairee-buts-combines-football-rugby#breadcrumb","itemListElement":[{"@type":"ListItem","position":1,"name":"Portada","item":"https:\/\/www.lausinyvicente.com\/"},{"@type":"ListItem","position":2,"name":"Boutique","item":"https:\/\/www.lausinyvicente.com\/fr\/boutique"},{"@type":"ListItem","position":3,"name":"Paire de buts combin\u00e9s football\/rugby"}]},{"@type":"WebSite","@id":"https:\/\/www.lausinyvicente.com\/#website","url":"https:\/\/www.lausinyvicente.com\/","name":"Laus\u00edn y Vicente","description":"Fabricaci\u00f3n y distribuci\u00f3n de material deportivo","potentialAction":[{"@type":"SearchAction","target":{"@type":"EntryPoint","urlTemplate":"https:\/\/www.lausinyvicente.com\/?s={search_term_string}"},"query-input":{"@type":"PropertyValueSpecification","valueRequired":true,"valueName":"search_term_string"}}],"inLanguage":"fr-FR"}]}},"_links":{"self":[{"href":"https:\/\/www.lausinyvicente.com\/fr\/wp-json\/wp\/v2\/product\/4585","targetHints":{"allow":["GET"]}}],"collection":[{"href":"https:\/\/www.lausinyvicente.com\/fr\/wp-json\/wp\/v2\/product"}],"about":[{"href":"https:\/\/www.lausinyvicente.com\/fr\/wp-json\/wp\/v2\/types\/product"}],"wp:featuredmedia":[{"embeddable":true,"href":"https:\/\/www.lausinyvicente.com\/fr\/wp-json\/wp\/v2\/media\/2552"}],"wp:attachment":[{"href":"https:\/\/www.lausinyvicente.com\/fr\/wp-json\/wp\/v2\/media?parent=4585"}],"wp:term":[{"taxonomy":"product_cat","embeddable":true,"href":"https:\/\/www.lausinyvicente.com\/fr\/wp-json\/wp\/v2\/product_cat?post=4585"},{"taxonomy":"product_tag","embeddable":true,"href":"https:\/\/www.lausinyvicente.com\/fr\/wp-json\/wp\/v2\/product_tag?post=4585"}],"curies":[{"name":"wp","href":"https:\/\/api.w.org\/{rel}","templated":true}]}}