{"id":4645,"date":"2022-11-30T11:54:28","date_gmt":"2022-11-30T11:54:28","guid":{"rendered":"https:\/\/www.lausinyvicente.com\/non%20class\u00e9\/main-courante-terrain-de-football\/"},"modified":"2024-01-21T17:02:26","modified_gmt":"2024-01-21T17:02:26","slug":"main-courante-terrain-football","status":"publish","type":"product","link":"https:\/\/www.lausinyvicente.com\/fr\/equipement-sport\/football\/equipement-de-football\/main-courante-terrain-football","title":{"rendered":"Main courante terrain de football"},"content":{"rendered":"","protected":false},"excerpt":{"rendered":"<p>Fabriqu\u00e9e en tube rond en acier galvanis\u00e9 de 60 x 2 mm En option, la main courante peut \u00eatre peinte en blanc \u00e0 la peinture \u00e9poxy au four. Pi\u00e8ces d\u2019assemblage fabriqu\u00e9es en aluminium de 4 mm d\u2019\u00e9paisseur assembl\u00e9es aux profil\u00e9s en acier au moyen de rivets. Poteaux verticaux install\u00e9s au sol tous les trois m\u00e8tres au moyen d\u2019orifice de 70 mm et mortier \u00e0 prise rapide. La hauteur de la main courante une fois install\u00e9e et mise \u00e0 niveau est de 1 m. Filets non inclus. Veuillez consulter les diff\u00e9rentes options de filets, dimensions de mailles et \u00e9paisseurs.      <\/p>\n","protected":false},"featured_media":2542,"template":"","meta":[],"product_cat":[230,156,143],"product_tag":[],"class_list":{"0":"post-4645","1":"product","2":"type-product","3":"status-publish","4":"has-post-thumbnail","6":"product_cat-equipement-de-football","7":"product_cat-football","8":"product_cat-equipement-sport","10":"first","11":"instock","12":"shipping-taxable","13":"purchasable","14":"product-type-variable"},"yoast_head":"<!-- This site is optimized with the Yoast SEO plugin v27.0 - https:\/\/yoast.com\/product\/yoast-seo-wordpress\/ -->\n<title>Main courante terrain de football - Laus\u00edn y Vicente<\/title>\n<meta name=\"robots\" content=\"index, follow, max-snippet:-1, max-image-preview:large, max-video-preview:-1\" \/>\n<link rel=\"canonical\" href=\"https:\/\/www.lausinyvicente.com\/fr\/equipement-sport\/football\/equipement-de-football\/main-courante-terrain-football\" \/>\n<meta property=\"og:locale\" content=\"fr_FR\" \/>\n<meta property=\"og:type\" content=\"article\" \/>\n<meta property=\"og:title\" content=\"Main courante terrain de football - Laus\u00edn y Vicente\" \/>\n<meta property=\"og:description\" content=\"Fabriqu\u00e9e en tube rond en acier galvanis\u00e9 de 60 x 2 mm En option, la main courante peut \u00eatre peinte en blanc \u00e0 la peinture \u00e9poxy au four. Pi\u00e8ces d\u2019assemblage fabriqu\u00e9es en aluminium de 4 mm d\u2019\u00e9paisseur assembl\u00e9es aux profil\u00e9s en acier au moyen de rivets. Poteaux verticaux install\u00e9s au sol tous les trois m\u00e8tres au moyen d\u2019orifice de 70 mm et mortier \u00e0 prise rapide. La hauteur de la main courante une fois install\u00e9e et mise \u00e0 niveau est de 1 m. Filets non inclus. Veuillez consulter les diff\u00e9rentes options de filets, dimensions de mailles et \u00e9paisseurs.\" \/>\n<meta property=\"og:url\" content=\"https:\/\/www.lausinyvicente.com\/fr\/equipement-sport\/football\/equipement-de-football\/main-courante-terrain-football\" \/>\n<meta property=\"og:site_name\" content=\"Laus\u00edn y Vicente\" \/>\n<meta property=\"article:modified_time\" content=\"2024-01-21T17:02:26+00:00\" \/>\n<meta property=\"og:image\" content=\"https:\/\/www.lausinyvicente.com\/wp-content\/uploads\/2022\/11\/M.12.00-barandilla-perimetral-campo-futbol.jpg\" \/>\n\t<meta property=\"og:image:width\" content=\"720\" \/>\n\t<meta property=\"og:image:height\" content=\"490\" \/>\n\t<meta property=\"og:image:type\" content=\"image\/jpeg\" \/>\n<meta name=\"twitter:card\" content=\"summary_large_image\" \/>\n<script type=\"application\/ld+json\" class=\"yoast-schema-graph\">{\"@context\":\"https:\/\/schema.org\",\"@graph\":[{\"@type\":\"WebPage\",\"@id\":\"https:\/\/www.lausinyvicente.com\/fr\/equipement-sport\/football\/equipement-de-football\/main-courante-terrain-football\",\"url\":\"https:\/\/www.lausinyvicente.com\/fr\/equipement-sport\/football\/equipement-de-football\/main-courante-terrain-football\",\"name\":\"Main courante terrain de football - Laus\u00edn y Vicente\",\"isPartOf\":{\"@id\":\"https:\/\/www.lausinyvicente.com\/#website\"},\"primaryImageOfPage\":{\"@id\":\"https:\/\/www.lausinyvicente.com\/fr\/equipement-sport\/football\/equipement-de-football\/main-courante-terrain-football#primaryimage\"},\"image\":{\"@id\":\"https:\/\/www.lausinyvicente.com\/fr\/equipement-sport\/football\/equipement-de-football\/main-courante-terrain-football#primaryimage\"},\"thumbnailUrl\":\"https:\/\/www.lausinyvicente.com\/wp-content\/uploads\/2022\/11\/M.12.00-barandilla-perimetral-campo-futbol.jpg\",\"datePublished\":\"2022-11-30T11:54:28+00:00\",\"dateModified\":\"2024-01-21T17:02:26+00:00\",\"breadcrumb\":{\"@id\":\"https:\/\/www.lausinyvicente.com\/fr\/equipement-sport\/football\/equipement-de-football\/main-courante-terrain-football#breadcrumb\"},\"inLanguage\":\"fr-FR\",\"potentialAction\":[{\"@type\":\"ReadAction\",\"target\":[\"https:\/\/www.lausinyvicente.com\/fr\/equipement-sport\/football\/equipement-de-football\/main-courante-terrain-football\"]}]},{\"@type\":\"ImageObject\",\"inLanguage\":\"fr-FR\",\"@id\":\"https:\/\/www.lausinyvicente.com\/fr\/equipement-sport\/football\/equipement-de-football\/main-courante-terrain-football#primaryimage\",\"url\":\"https:\/\/www.lausinyvicente.com\/wp-content\/uploads\/2022\/11\/M.12.00-barandilla-perimetral-campo-futbol.jpg\",\"contentUrl\":\"https:\/\/www.lausinyvicente.com\/wp-content\/uploads\/2022\/11\/M.12.00-barandilla-perimetral-campo-futbol.jpg\",\"width\":720,\"height\":490},{\"@type\":\"BreadcrumbList\",\"@id\":\"https:\/\/www.lausinyvicente.com\/fr\/equipement-sport\/football\/equipement-de-football\/main-courante-terrain-football#breadcrumb\",\"itemListElement\":[{\"@type\":\"ListItem\",\"position\":1,\"name\":\"Portada\",\"item\":\"https:\/\/www.lausinyvicente.com\/\"},{\"@type\":\"ListItem\",\"position\":2,\"name\":\"Boutique\",\"item\":\"https:\/\/www.lausinyvicente.com\/fr\/boutique\"},{\"@type\":\"ListItem\",\"position\":3,\"name\":\"Main courante terrain de football\"}]},{\"@type\":\"WebSite\",\"@id\":\"https:\/\/www.lausinyvicente.com\/#website\",\"url\":\"https:\/\/www.lausinyvicente.com\/\",\"name\":\"Laus\u00edn y Vicente\",\"description\":\"Fabricaci\u00f3n y distribuci\u00f3n de material deportivo\",\"potentialAction\":[{\"@type\":\"SearchAction\",\"target\":{\"@type\":\"EntryPoint\",\"urlTemplate\":\"https:\/\/www.lausinyvicente.com\/?s={search_term_string}\"},\"query-input\":{\"@type\":\"PropertyValueSpecification\",\"valueRequired\":true,\"valueName\":\"search_term_string\"}}],\"inLanguage\":\"fr-FR\"}]}<\/script>\n<!-- \/ Yoast SEO plugin. -->","yoast_head_json":{"title":"Main courante terrain de football - Laus\u00edn y Vicente","robots":{"index":"index","follow":"follow","max-snippet":"max-snippet:-1","max-image-preview":"max-image-preview:large","max-video-preview":"max-video-preview:-1"},"canonical":"https:\/\/www.lausinyvicente.com\/fr\/equipement-sport\/football\/equipement-de-football\/main-courante-terrain-football","og_locale":"fr_FR","og_type":"article","og_title":"Main courante terrain de football - Laus\u00edn y Vicente","og_description":"Fabriqu\u00e9e en tube rond en acier galvanis\u00e9 de 60 x 2 mm En option, la main courante peut \u00eatre peinte en blanc \u00e0 la peinture \u00e9poxy au four. Pi\u00e8ces d\u2019assemblage fabriqu\u00e9es en aluminium de 4 mm d\u2019\u00e9paisseur assembl\u00e9es aux profil\u00e9s en acier au moyen de rivets. Poteaux verticaux install\u00e9s au sol tous les trois m\u00e8tres au moyen d\u2019orifice de 70 mm et mortier \u00e0 prise rapide. La hauteur de la main courante une fois install\u00e9e et mise \u00e0 niveau est de 1 m. Filets non inclus. Veuillez consulter les diff\u00e9rentes options de filets, dimensions de mailles et \u00e9paisseurs.","og_url":"https:\/\/www.lausinyvicente.com\/fr\/equipement-sport\/football\/equipement-de-football\/main-courante-terrain-football","og_site_name":"Laus\u00edn y Vicente","article_modified_time":"2024-01-21T17:02:26+00:00","og_image":[{"width":720,"height":490,"url":"https:\/\/www.lausinyvicente.com\/wp-content\/uploads\/2022\/11\/M.12.00-barandilla-perimetral-campo-futbol.jpg","type":"image\/jpeg"}],"twitter_card":"summary_large_image","schema":{"@context":"https:\/\/schema.org","@graph":[{"@type":"WebPage","@id":"https:\/\/www.lausinyvicente.com\/fr\/equipement-sport\/football\/equipement-de-football\/main-courante-terrain-football","url":"https:\/\/www.lausinyvicente.com\/fr\/equipement-sport\/football\/equipement-de-football\/main-courante-terrain-football","name":"Main courante terrain de football - Laus\u00edn y Vicente","isPartOf":{"@id":"https:\/\/www.lausinyvicente.com\/#website"},"primaryImageOfPage":{"@id":"https:\/\/www.lausinyvicente.com\/fr\/equipement-sport\/football\/equipement-de-football\/main-courante-terrain-football#primaryimage"},"image":{"@id":"https:\/\/www.lausinyvicente.com\/fr\/equipement-sport\/football\/equipement-de-football\/main-courante-terrain-football#primaryimage"},"thumbnailUrl":"https:\/\/www.lausinyvicente.com\/wp-content\/uploads\/2022\/11\/M.12.00-barandilla-perimetral-campo-futbol.jpg","datePublished":"2022-11-30T11:54:28+00:00","dateModified":"2024-01-21T17:02:26+00:00","breadcrumb":{"@id":"https:\/\/www.lausinyvicente.com\/fr\/equipement-sport\/football\/equipement-de-football\/main-courante-terrain-football#breadcrumb"},"inLanguage":"fr-FR","potentialAction":[{"@type":"ReadAction","target":["https:\/\/www.lausinyvicente.com\/fr\/equipement-sport\/football\/equipement-de-football\/main-courante-terrain-football"]}]},{"@type":"ImageObject","inLanguage":"fr-FR","@id":"https:\/\/www.lausinyvicente.com\/fr\/equipement-sport\/football\/equipement-de-football\/main-courante-terrain-football#primaryimage","url":"https:\/\/www.lausinyvicente.com\/wp-content\/uploads\/2022\/11\/M.12.00-barandilla-perimetral-campo-futbol.jpg","contentUrl":"https:\/\/www.lausinyvicente.com\/wp-content\/uploads\/2022\/11\/M.12.00-barandilla-perimetral-campo-futbol.jpg","width":720,"height":490},{"@type":"BreadcrumbList","@id":"https:\/\/www.lausinyvicente.com\/fr\/equipement-sport\/football\/equipement-de-football\/main-courante-terrain-football#breadcrumb","itemListElement":[{"@type":"ListItem","position":1,"name":"Portada","item":"https:\/\/www.lausinyvicente.com\/"},{"@type":"ListItem","position":2,"name":"Boutique","item":"https:\/\/www.lausinyvicente.com\/fr\/boutique"},{"@type":"ListItem","position":3,"name":"Main courante terrain de football"}]},{"@type":"WebSite","@id":"https:\/\/www.lausinyvicente.com\/#website","url":"https:\/\/www.lausinyvicente.com\/","name":"Laus\u00edn y Vicente","description":"Fabricaci\u00f3n y distribuci\u00f3n de material deportivo","potentialAction":[{"@type":"SearchAction","target":{"@type":"EntryPoint","urlTemplate":"https:\/\/www.lausinyvicente.com\/?s={search_term_string}"},"query-input":{"@type":"PropertyValueSpecification","valueRequired":true,"valueName":"search_term_string"}}],"inLanguage":"fr-FR"}]}},"_links":{"self":[{"href":"https:\/\/www.lausinyvicente.com\/fr\/wp-json\/wp\/v2\/product\/4645","targetHints":{"allow":["GET"]}}],"collection":[{"href":"https:\/\/www.lausinyvicente.com\/fr\/wp-json\/wp\/v2\/product"}],"about":[{"href":"https:\/\/www.lausinyvicente.com\/fr\/wp-json\/wp\/v2\/types\/product"}],"wp:featuredmedia":[{"embeddable":true,"href":"https:\/\/www.lausinyvicente.com\/fr\/wp-json\/wp\/v2\/media\/2542"}],"wp:attachment":[{"href":"https:\/\/www.lausinyvicente.com\/fr\/wp-json\/wp\/v2\/media?parent=4645"}],"wp:term":[{"taxonomy":"product_cat","embeddable":true,"href":"https:\/\/www.lausinyvicente.com\/fr\/wp-json\/wp\/v2\/product_cat?post=4645"},{"taxonomy":"product_tag","embeddable":true,"href":"https:\/\/www.lausinyvicente.com\/fr\/wp-json\/wp\/v2\/product_tag?post=4645"}],"curies":[{"name":"wp","href":"https:\/\/api.w.org\/{rel}","templated":true}]}}