{"id":4679,"date":"2022-11-30T11:39:57","date_gmt":"2022-11-30T11:39:57","guid":{"rendered":"https:\/\/www.lausinyvicente.com\/non class\u00e9\/barres-transversales-reductrices-but-de-handball\/"},"modified":"2022-11-30T11:39:57","modified_gmt":"2022-11-30T11:39:57","slug":"barres-transversales-reductrices-but-handball","status":"publish","type":"product","link":"https:\/\/www.lausinyvicente.com\/fr\/equipement-sport\/handball\/barres-transversales-reductrices-but-handball","title":{"rendered":"Barres transversales r\u00e9ductrices but de handball"},"content":{"rendered":"","protected":false},"excerpt":{"rendered":"<p>Barres transversales avec un syst\u00e8me d\u2019ancrage aux buts existants afin d\u2019adapter la hauteur au mini-handball. Fabriqu\u00e9es en aluminium peint en blanc avec des bandes de couleur rouge. Section carr\u00e9e 80 x 80 mm et 3000 mm de longueur. \u00c9quip\u00e9es de pi\u00e8ces m\u00e9talliques pour leur fixation. Attaches en PVC pour fixer le filet sur les barres. Ces barres transversales servent \u00e0 adapter les buts de handball aux dimensions de mini-handball afin que de jeunes enfants puissent l\u2019utiliser. Prix par paire.      <\/p>\n","protected":false},"featured_media":2530,"template":"","meta":[],"product_cat":[160,143],"product_tag":[],"class_list":{"0":"post-4679","1":"product","2":"type-product","3":"status-publish","4":"has-post-thumbnail","6":"product_cat-handball","7":"product_cat-equipement-sport","9":"first","10":"instock","11":"shipping-taxable","12":"purchasable","13":"product-type-simple"},"yoast_head":"<!-- This site is optimized with the Yoast SEO plugin v27.0 - https:\/\/yoast.com\/product\/yoast-seo-wordpress\/ -->\n<title>Barres transversales r\u00e9ductrices but de handball - Laus\u00edn y Vicente<\/title>\n<meta name=\"robots\" content=\"index, follow, max-snippet:-1, max-image-preview:large, max-video-preview:-1\" \/>\n<link rel=\"canonical\" href=\"https:\/\/www.lausinyvicente.com\/fr\/equipement-sport\/handball\/barres-transversales-reductrices-but-handball\" \/>\n<meta property=\"og:locale\" content=\"fr_FR\" \/>\n<meta property=\"og:type\" content=\"article\" \/>\n<meta property=\"og:title\" content=\"Barres transversales r\u00e9ductrices but de handball - Laus\u00edn y Vicente\" \/>\n<meta property=\"og:description\" content=\"Barres transversales avec un syst\u00e8me d\u2019ancrage aux buts existants afin d\u2019adapter la hauteur au mini-handball. Fabriqu\u00e9es en aluminium peint en blanc avec des bandes de couleur rouge. Section carr\u00e9e 80 x 80 mm et 3000 mm de longueur. \u00c9quip\u00e9es de pi\u00e8ces m\u00e9talliques pour leur fixation. Attaches en PVC pour fixer le filet sur les barres. Ces barres transversales servent \u00e0 adapter les buts de handball aux dimensions de mini-handball afin que de jeunes enfants puissent l\u2019utiliser. Prix par paire.\" \/>\n<meta property=\"og:url\" content=\"https:\/\/www.lausinyvicente.com\/fr\/equipement-sport\/handball\/barres-transversales-reductrices-but-handball\" \/>\n<meta property=\"og:site_name\" content=\"Laus\u00edn y Vicente\" \/>\n<meta property=\"og:image\" content=\"https:\/\/www.lausinyvicente.com\/wp-content\/uploads\/2022\/11\/D.02.81_Largueros-reductores-porteria-balonmano.jpg\" \/>\n\t<meta property=\"og:image:width\" content=\"720\" \/>\n\t<meta property=\"og:image:height\" content=\"490\" \/>\n\t<meta property=\"og:image:type\" content=\"image\/jpeg\" \/>\n<meta name=\"twitter:card\" content=\"summary_large_image\" \/>\n<script type=\"application\/ld+json\" class=\"yoast-schema-graph\">{\"@context\":\"https:\/\/schema.org\",\"@graph\":[{\"@type\":\"WebPage\",\"@id\":\"https:\/\/www.lausinyvicente.com\/fr\/equipement-sport\/handball\/barres-transversales-reductrices-but-handball\",\"url\":\"https:\/\/www.lausinyvicente.com\/fr\/equipement-sport\/handball\/barres-transversales-reductrices-but-handball\",\"name\":\"Barres transversales r\u00e9ductrices but de handball - Laus\u00edn y Vicente\",\"isPartOf\":{\"@id\":\"https:\/\/www.lausinyvicente.com\/#website\"},\"primaryImageOfPage\":{\"@id\":\"https:\/\/www.lausinyvicente.com\/fr\/equipement-sport\/handball\/barres-transversales-reductrices-but-handball#primaryimage\"},\"image\":{\"@id\":\"https:\/\/www.lausinyvicente.com\/fr\/equipement-sport\/handball\/barres-transversales-reductrices-but-handball#primaryimage\"},\"thumbnailUrl\":\"https:\/\/www.lausinyvicente.com\/wp-content\/uploads\/2022\/11\/D.02.81_Largueros-reductores-porteria-balonmano.jpg\",\"datePublished\":\"2022-11-30T11:39:57+00:00\",\"breadcrumb\":{\"@id\":\"https:\/\/www.lausinyvicente.com\/fr\/equipement-sport\/handball\/barres-transversales-reductrices-but-handball#breadcrumb\"},\"inLanguage\":\"fr-FR\",\"potentialAction\":[{\"@type\":\"ReadAction\",\"target\":[\"https:\/\/www.lausinyvicente.com\/fr\/equipement-sport\/handball\/barres-transversales-reductrices-but-handball\"]}]},{\"@type\":\"ImageObject\",\"inLanguage\":\"fr-FR\",\"@id\":\"https:\/\/www.lausinyvicente.com\/fr\/equipement-sport\/handball\/barres-transversales-reductrices-but-handball#primaryimage\",\"url\":\"https:\/\/www.lausinyvicente.com\/wp-content\/uploads\/2022\/11\/D.02.81_Largueros-reductores-porteria-balonmano.jpg\",\"contentUrl\":\"https:\/\/www.lausinyvicente.com\/wp-content\/uploads\/2022\/11\/D.02.81_Largueros-reductores-porteria-balonmano.jpg\",\"width\":720,\"height\":490},{\"@type\":\"BreadcrumbList\",\"@id\":\"https:\/\/www.lausinyvicente.com\/fr\/equipement-sport\/handball\/barres-transversales-reductrices-but-handball#breadcrumb\",\"itemListElement\":[{\"@type\":\"ListItem\",\"position\":1,\"name\":\"Portada\",\"item\":\"https:\/\/www.lausinyvicente.com\/\"},{\"@type\":\"ListItem\",\"position\":2,\"name\":\"Boutique\",\"item\":\"https:\/\/www.lausinyvicente.com\/fr\/boutique\"},{\"@type\":\"ListItem\",\"position\":3,\"name\":\"Barres transversales r\u00e9ductrices but de handball\"}]},{\"@type\":\"WebSite\",\"@id\":\"https:\/\/www.lausinyvicente.com\/#website\",\"url\":\"https:\/\/www.lausinyvicente.com\/\",\"name\":\"Laus\u00edn y Vicente\",\"description\":\"Fabricaci\u00f3n y distribuci\u00f3n de material deportivo\",\"potentialAction\":[{\"@type\":\"SearchAction\",\"target\":{\"@type\":\"EntryPoint\",\"urlTemplate\":\"https:\/\/www.lausinyvicente.com\/?s={search_term_string}\"},\"query-input\":{\"@type\":\"PropertyValueSpecification\",\"valueRequired\":true,\"valueName\":\"search_term_string\"}}],\"inLanguage\":\"fr-FR\"}]}<\/script>\n<!-- \/ Yoast SEO plugin. -->","yoast_head_json":{"title":"Barres transversales r\u00e9ductrices but de handball - Laus\u00edn y Vicente","robots":{"index":"index","follow":"follow","max-snippet":"max-snippet:-1","max-image-preview":"max-image-preview:large","max-video-preview":"max-video-preview:-1"},"canonical":"https:\/\/www.lausinyvicente.com\/fr\/equipement-sport\/handball\/barres-transversales-reductrices-but-handball","og_locale":"fr_FR","og_type":"article","og_title":"Barres transversales r\u00e9ductrices but de handball - Laus\u00edn y Vicente","og_description":"Barres transversales avec un syst\u00e8me d\u2019ancrage aux buts existants afin d\u2019adapter la hauteur au mini-handball. Fabriqu\u00e9es en aluminium peint en blanc avec des bandes de couleur rouge. Section carr\u00e9e 80 x 80 mm et 3000 mm de longueur. \u00c9quip\u00e9es de pi\u00e8ces m\u00e9talliques pour leur fixation. Attaches en PVC pour fixer le filet sur les barres. Ces barres transversales servent \u00e0 adapter les buts de handball aux dimensions de mini-handball afin que de jeunes enfants puissent l\u2019utiliser. Prix par paire.","og_url":"https:\/\/www.lausinyvicente.com\/fr\/equipement-sport\/handball\/barres-transversales-reductrices-but-handball","og_site_name":"Laus\u00edn y Vicente","og_image":[{"width":720,"height":490,"url":"https:\/\/www.lausinyvicente.com\/wp-content\/uploads\/2022\/11\/D.02.81_Largueros-reductores-porteria-balonmano.jpg","type":"image\/jpeg"}],"twitter_card":"summary_large_image","schema":{"@context":"https:\/\/schema.org","@graph":[{"@type":"WebPage","@id":"https:\/\/www.lausinyvicente.com\/fr\/equipement-sport\/handball\/barres-transversales-reductrices-but-handball","url":"https:\/\/www.lausinyvicente.com\/fr\/equipement-sport\/handball\/barres-transversales-reductrices-but-handball","name":"Barres transversales r\u00e9ductrices but de handball - Laus\u00edn y Vicente","isPartOf":{"@id":"https:\/\/www.lausinyvicente.com\/#website"},"primaryImageOfPage":{"@id":"https:\/\/www.lausinyvicente.com\/fr\/equipement-sport\/handball\/barres-transversales-reductrices-but-handball#primaryimage"},"image":{"@id":"https:\/\/www.lausinyvicente.com\/fr\/equipement-sport\/handball\/barres-transversales-reductrices-but-handball#primaryimage"},"thumbnailUrl":"https:\/\/www.lausinyvicente.com\/wp-content\/uploads\/2022\/11\/D.02.81_Largueros-reductores-porteria-balonmano.jpg","datePublished":"2022-11-30T11:39:57+00:00","breadcrumb":{"@id":"https:\/\/www.lausinyvicente.com\/fr\/equipement-sport\/handball\/barres-transversales-reductrices-but-handball#breadcrumb"},"inLanguage":"fr-FR","potentialAction":[{"@type":"ReadAction","target":["https:\/\/www.lausinyvicente.com\/fr\/equipement-sport\/handball\/barres-transversales-reductrices-but-handball"]}]},{"@type":"ImageObject","inLanguage":"fr-FR","@id":"https:\/\/www.lausinyvicente.com\/fr\/equipement-sport\/handball\/barres-transversales-reductrices-but-handball#primaryimage","url":"https:\/\/www.lausinyvicente.com\/wp-content\/uploads\/2022\/11\/D.02.81_Largueros-reductores-porteria-balonmano.jpg","contentUrl":"https:\/\/www.lausinyvicente.com\/wp-content\/uploads\/2022\/11\/D.02.81_Largueros-reductores-porteria-balonmano.jpg","width":720,"height":490},{"@type":"BreadcrumbList","@id":"https:\/\/www.lausinyvicente.com\/fr\/equipement-sport\/handball\/barres-transversales-reductrices-but-handball#breadcrumb","itemListElement":[{"@type":"ListItem","position":1,"name":"Portada","item":"https:\/\/www.lausinyvicente.com\/"},{"@type":"ListItem","position":2,"name":"Boutique","item":"https:\/\/www.lausinyvicente.com\/fr\/boutique"},{"@type":"ListItem","position":3,"name":"Barres transversales r\u00e9ductrices but de handball"}]},{"@type":"WebSite","@id":"https:\/\/www.lausinyvicente.com\/#website","url":"https:\/\/www.lausinyvicente.com\/","name":"Laus\u00edn y Vicente","description":"Fabricaci\u00f3n y distribuci\u00f3n de material deportivo","potentialAction":[{"@type":"SearchAction","target":{"@type":"EntryPoint","urlTemplate":"https:\/\/www.lausinyvicente.com\/?s={search_term_string}"},"query-input":{"@type":"PropertyValueSpecification","valueRequired":true,"valueName":"search_term_string"}}],"inLanguage":"fr-FR"}]}},"_links":{"self":[{"href":"https:\/\/www.lausinyvicente.com\/fr\/wp-json\/wp\/v2\/product\/4679","targetHints":{"allow":["GET"]}}],"collection":[{"href":"https:\/\/www.lausinyvicente.com\/fr\/wp-json\/wp\/v2\/product"}],"about":[{"href":"https:\/\/www.lausinyvicente.com\/fr\/wp-json\/wp\/v2\/types\/product"}],"wp:featuredmedia":[{"embeddable":true,"href":"https:\/\/www.lausinyvicente.com\/fr\/wp-json\/wp\/v2\/media\/2530"}],"wp:attachment":[{"href":"https:\/\/www.lausinyvicente.com\/fr\/wp-json\/wp\/v2\/media?parent=4679"}],"wp:term":[{"taxonomy":"product_cat","embeddable":true,"href":"https:\/\/www.lausinyvicente.com\/fr\/wp-json\/wp\/v2\/product_cat?post=4679"},{"taxonomy":"product_tag","embeddable":true,"href":"https:\/\/www.lausinyvicente.com\/fr\/wp-json\/wp\/v2\/product_tag?post=4679"}],"curies":[{"name":"wp","href":"https:\/\/api.w.org\/{rel}","templated":true}]}}