{"id":4681,"date":"2022-11-30T11:39:06","date_gmt":"2022-11-30T11:39:06","guid":{"rendered":"https:\/\/www.lausinyvicente.com\/non class\u00e9\/but-de-handball-antivandalisme\/"},"modified":"2022-11-30T11:39:06","modified_gmt":"2022-11-30T11:39:06","slug":"but-handball-antivandalisme","status":"publish","type":"product","link":"https:\/\/www.lausinyvicente.com\/fr\/equipement-sport\/handball\/but-handball-antivandalisme","title":{"rendered":"But de handball antivandalisme"},"content":{"rendered":"","protected":false},"excerpt":{"rendered":"<p>Paire de buts de handball antivandalisme, conform\u00e9ment \u00e0 la derni\u00e8re norme europ\u00e9enne UNE-EN 749. Fabriqu\u00e9s en tubes en acier de 80 x 80 x 2 mm. Grande r\u00e9sistance. Tout l\u2019ensemble est galvanis\u00e9 \u00e0 chaud. L\u2019arri\u00e8re et les c\u00f4t\u00e9s du but sont form\u00e9s par des tubes qui remplacent le filet. Platines lat\u00e9rales et arri\u00e8re incluses pour la fixation au sol. Ils sont livr\u00e9s enti\u00e8rement mont\u00e9s. Dimensions 3,00 x 2,00 x 1,00 m de profondeur, poids approximatif 250 kg. Prix par lot de deux unit\u00e9s.        <\/p>\n","protected":false},"featured_media":2528,"template":"","meta":[],"product_cat":[160,143],"product_tag":[],"class_list":{"0":"post-4681","1":"product","2":"type-product","3":"status-publish","4":"has-post-thumbnail","6":"product_cat-handball","7":"product_cat-equipement-sport","9":"first","10":"instock","11":"shipping-taxable","12":"purchasable","13":"product-type-simple"},"yoast_head":"<!-- This site is optimized with the Yoast SEO plugin v27.0 - https:\/\/yoast.com\/product\/yoast-seo-wordpress\/ -->\n<title>But de handball antivandalisme - Laus\u00edn y Vicente<\/title>\n<meta name=\"robots\" content=\"index, follow, max-snippet:-1, max-image-preview:large, max-video-preview:-1\" \/>\n<link rel=\"canonical\" href=\"https:\/\/www.lausinyvicente.com\/fr\/equipement-sport\/handball\/but-handball-antivandalisme\" \/>\n<meta property=\"og:locale\" content=\"fr_FR\" \/>\n<meta property=\"og:type\" content=\"article\" \/>\n<meta property=\"og:title\" content=\"But de handball antivandalisme - Laus\u00edn y Vicente\" \/>\n<meta property=\"og:description\" content=\"Paire de buts de handball antivandalisme, conform\u00e9ment \u00e0 la derni\u00e8re norme europ\u00e9enne UNE-EN 749. Fabriqu\u00e9s en tubes en acier de 80 x 80 x 2 mm. Grande r\u00e9sistance. Tout l\u2019ensemble est galvanis\u00e9 \u00e0 chaud. L\u2019arri\u00e8re et les c\u00f4t\u00e9s du but sont form\u00e9s par des tubes qui remplacent le filet. Platines lat\u00e9rales et arri\u00e8re incluses pour la fixation au sol. Ils sont livr\u00e9s enti\u00e8rement mont\u00e9s. Dimensions 3,00 x 2,00 x 1,00 m de profondeur, poids approximatif 250 kg. Prix par lot de deux unit\u00e9s.\" \/>\n<meta property=\"og:url\" content=\"https:\/\/www.lausinyvicente.com\/fr\/equipement-sport\/handball\/but-handball-antivandalisme\" \/>\n<meta property=\"og:site_name\" content=\"Laus\u00edn y Vicente\" \/>\n<meta property=\"og:image\" content=\"https:\/\/www.lausinyvicente.com\/wp-content\/uploads\/2022\/11\/D.02.09-porteeria-balonmano-antivandalicas.jpg\" \/>\n\t<meta property=\"og:image:width\" content=\"720\" \/>\n\t<meta property=\"og:image:height\" content=\"490\" \/>\n\t<meta property=\"og:image:type\" content=\"image\/jpeg\" \/>\n<meta name=\"twitter:card\" content=\"summary_large_image\" \/>\n<script type=\"application\/ld+json\" class=\"yoast-schema-graph\">{\"@context\":\"https:\/\/schema.org\",\"@graph\":[{\"@type\":\"WebPage\",\"@id\":\"https:\/\/www.lausinyvicente.com\/fr\/equipement-sport\/handball\/but-handball-antivandalisme\",\"url\":\"https:\/\/www.lausinyvicente.com\/fr\/equipement-sport\/handball\/but-handball-antivandalisme\",\"name\":\"But de handball antivandalisme - Laus\u00edn y Vicente\",\"isPartOf\":{\"@id\":\"https:\/\/www.lausinyvicente.com\/#website\"},\"primaryImageOfPage\":{\"@id\":\"https:\/\/www.lausinyvicente.com\/fr\/equipement-sport\/handball\/but-handball-antivandalisme#primaryimage\"},\"image\":{\"@id\":\"https:\/\/www.lausinyvicente.com\/fr\/equipement-sport\/handball\/but-handball-antivandalisme#primaryimage\"},\"thumbnailUrl\":\"https:\/\/www.lausinyvicente.com\/wp-content\/uploads\/2022\/11\/D.02.09-porteeria-balonmano-antivandalicas.jpg\",\"datePublished\":\"2022-11-30T11:39:06+00:00\",\"breadcrumb\":{\"@id\":\"https:\/\/www.lausinyvicente.com\/fr\/equipement-sport\/handball\/but-handball-antivandalisme#breadcrumb\"},\"inLanguage\":\"fr-FR\",\"potentialAction\":[{\"@type\":\"ReadAction\",\"target\":[\"https:\/\/www.lausinyvicente.com\/fr\/equipement-sport\/handball\/but-handball-antivandalisme\"]}]},{\"@type\":\"ImageObject\",\"inLanguage\":\"fr-FR\",\"@id\":\"https:\/\/www.lausinyvicente.com\/fr\/equipement-sport\/handball\/but-handball-antivandalisme#primaryimage\",\"url\":\"https:\/\/www.lausinyvicente.com\/wp-content\/uploads\/2022\/11\/D.02.09-porteeria-balonmano-antivandalicas.jpg\",\"contentUrl\":\"https:\/\/www.lausinyvicente.com\/wp-content\/uploads\/2022\/11\/D.02.09-porteeria-balonmano-antivandalicas.jpg\",\"width\":720,\"height\":490},{\"@type\":\"BreadcrumbList\",\"@id\":\"https:\/\/www.lausinyvicente.com\/fr\/equipement-sport\/handball\/but-handball-antivandalisme#breadcrumb\",\"itemListElement\":[{\"@type\":\"ListItem\",\"position\":1,\"name\":\"Portada\",\"item\":\"https:\/\/www.lausinyvicente.com\/\"},{\"@type\":\"ListItem\",\"position\":2,\"name\":\"Boutique\",\"item\":\"https:\/\/www.lausinyvicente.com\/fr\/boutique\"},{\"@type\":\"ListItem\",\"position\":3,\"name\":\"But de handball antivandalisme\"}]},{\"@type\":\"WebSite\",\"@id\":\"https:\/\/www.lausinyvicente.com\/#website\",\"url\":\"https:\/\/www.lausinyvicente.com\/\",\"name\":\"Laus\u00edn y Vicente\",\"description\":\"Fabricaci\u00f3n y distribuci\u00f3n de material deportivo\",\"potentialAction\":[{\"@type\":\"SearchAction\",\"target\":{\"@type\":\"EntryPoint\",\"urlTemplate\":\"https:\/\/www.lausinyvicente.com\/?s={search_term_string}\"},\"query-input\":{\"@type\":\"PropertyValueSpecification\",\"valueRequired\":true,\"valueName\":\"search_term_string\"}}],\"inLanguage\":\"fr-FR\"}]}<\/script>\n<!-- \/ Yoast SEO plugin. -->","yoast_head_json":{"title":"But de handball antivandalisme - Laus\u00edn y Vicente","robots":{"index":"index","follow":"follow","max-snippet":"max-snippet:-1","max-image-preview":"max-image-preview:large","max-video-preview":"max-video-preview:-1"},"canonical":"https:\/\/www.lausinyvicente.com\/fr\/equipement-sport\/handball\/but-handball-antivandalisme","og_locale":"fr_FR","og_type":"article","og_title":"But de handball antivandalisme - Laus\u00edn y Vicente","og_description":"Paire de buts de handball antivandalisme, conform\u00e9ment \u00e0 la derni\u00e8re norme europ\u00e9enne UNE-EN 749. Fabriqu\u00e9s en tubes en acier de 80 x 80 x 2 mm. Grande r\u00e9sistance. Tout l\u2019ensemble est galvanis\u00e9 \u00e0 chaud. L\u2019arri\u00e8re et les c\u00f4t\u00e9s du but sont form\u00e9s par des tubes qui remplacent le filet. Platines lat\u00e9rales et arri\u00e8re incluses pour la fixation au sol. Ils sont livr\u00e9s enti\u00e8rement mont\u00e9s. Dimensions 3,00 x 2,00 x 1,00 m de profondeur, poids approximatif 250 kg. Prix par lot de deux unit\u00e9s.","og_url":"https:\/\/www.lausinyvicente.com\/fr\/equipement-sport\/handball\/but-handball-antivandalisme","og_site_name":"Laus\u00edn y Vicente","og_image":[{"width":720,"height":490,"url":"https:\/\/www.lausinyvicente.com\/wp-content\/uploads\/2022\/11\/D.02.09-porteeria-balonmano-antivandalicas.jpg","type":"image\/jpeg"}],"twitter_card":"summary_large_image","schema":{"@context":"https:\/\/schema.org","@graph":[{"@type":"WebPage","@id":"https:\/\/www.lausinyvicente.com\/fr\/equipement-sport\/handball\/but-handball-antivandalisme","url":"https:\/\/www.lausinyvicente.com\/fr\/equipement-sport\/handball\/but-handball-antivandalisme","name":"But de handball antivandalisme - Laus\u00edn y Vicente","isPartOf":{"@id":"https:\/\/www.lausinyvicente.com\/#website"},"primaryImageOfPage":{"@id":"https:\/\/www.lausinyvicente.com\/fr\/equipement-sport\/handball\/but-handball-antivandalisme#primaryimage"},"image":{"@id":"https:\/\/www.lausinyvicente.com\/fr\/equipement-sport\/handball\/but-handball-antivandalisme#primaryimage"},"thumbnailUrl":"https:\/\/www.lausinyvicente.com\/wp-content\/uploads\/2022\/11\/D.02.09-porteeria-balonmano-antivandalicas.jpg","datePublished":"2022-11-30T11:39:06+00:00","breadcrumb":{"@id":"https:\/\/www.lausinyvicente.com\/fr\/equipement-sport\/handball\/but-handball-antivandalisme#breadcrumb"},"inLanguage":"fr-FR","potentialAction":[{"@type":"ReadAction","target":["https:\/\/www.lausinyvicente.com\/fr\/equipement-sport\/handball\/but-handball-antivandalisme"]}]},{"@type":"ImageObject","inLanguage":"fr-FR","@id":"https:\/\/www.lausinyvicente.com\/fr\/equipement-sport\/handball\/but-handball-antivandalisme#primaryimage","url":"https:\/\/www.lausinyvicente.com\/wp-content\/uploads\/2022\/11\/D.02.09-porteeria-balonmano-antivandalicas.jpg","contentUrl":"https:\/\/www.lausinyvicente.com\/wp-content\/uploads\/2022\/11\/D.02.09-porteeria-balonmano-antivandalicas.jpg","width":720,"height":490},{"@type":"BreadcrumbList","@id":"https:\/\/www.lausinyvicente.com\/fr\/equipement-sport\/handball\/but-handball-antivandalisme#breadcrumb","itemListElement":[{"@type":"ListItem","position":1,"name":"Portada","item":"https:\/\/www.lausinyvicente.com\/"},{"@type":"ListItem","position":2,"name":"Boutique","item":"https:\/\/www.lausinyvicente.com\/fr\/boutique"},{"@type":"ListItem","position":3,"name":"But de handball antivandalisme"}]},{"@type":"WebSite","@id":"https:\/\/www.lausinyvicente.com\/#website","url":"https:\/\/www.lausinyvicente.com\/","name":"Laus\u00edn y Vicente","description":"Fabricaci\u00f3n y distribuci\u00f3n de material deportivo","potentialAction":[{"@type":"SearchAction","target":{"@type":"EntryPoint","urlTemplate":"https:\/\/www.lausinyvicente.com\/?s={search_term_string}"},"query-input":{"@type":"PropertyValueSpecification","valueRequired":true,"valueName":"search_term_string"}}],"inLanguage":"fr-FR"}]}},"_links":{"self":[{"href":"https:\/\/www.lausinyvicente.com\/fr\/wp-json\/wp\/v2\/product\/4681","targetHints":{"allow":["GET"]}}],"collection":[{"href":"https:\/\/www.lausinyvicente.com\/fr\/wp-json\/wp\/v2\/product"}],"about":[{"href":"https:\/\/www.lausinyvicente.com\/fr\/wp-json\/wp\/v2\/types\/product"}],"wp:featuredmedia":[{"embeddable":true,"href":"https:\/\/www.lausinyvicente.com\/fr\/wp-json\/wp\/v2\/media\/2528"}],"wp:attachment":[{"href":"https:\/\/www.lausinyvicente.com\/fr\/wp-json\/wp\/v2\/media?parent=4681"}],"wp:term":[{"taxonomy":"product_cat","embeddable":true,"href":"https:\/\/www.lausinyvicente.com\/fr\/wp-json\/wp\/v2\/product_cat?post=4681"},{"taxonomy":"product_tag","embeddable":true,"href":"https:\/\/www.lausinyvicente.com\/fr\/wp-json\/wp\/v2\/product_tag?post=4681"}],"curies":[{"name":"wp","href":"https:\/\/api.w.org\/{rel}","templated":true}]}}