{"id":4722,"date":"2022-11-30T11:30:15","date_gmt":"2022-11-30T11:30:15","guid":{"rendered":"https:\/\/www.lausinyvicente.com\/non class\u00e9\/but-de-handball\/"},"modified":"2022-11-30T11:30:15","modified_gmt":"2022-11-30T11:30:15","slug":"buts-handball","status":"publish","type":"product","link":"https:\/\/www.lausinyvicente.com\/fr\/equipement-sport\/handball\/buts-handball","title":{"rendered":"But de handball"},"content":{"rendered":"","protected":false},"excerpt":{"rendered":"<p>Fabriqu\u00e9 conform\u00e9ment \u00e0 la norme UNE-EN 749. Poteaux et barres transversales fabriqu\u00e9s en aluminium, m\u00e9tal peint en blanc et rouge (autres couleurs sur devis). L\u2019assemblage des poteaux et des barres transversales sur le mod\u00e8le en aluminium est r\u00e9alis\u00e9 au moyen d\u2019\u00e9querres m\u00e9talliques int\u00e9rieures de 60 x 40 mm. Le cadre est fourni soud\u00e9 sur le mod\u00e8le au profil\u00e9 m\u00e9tallique. Les cadres ont une section carr\u00e9e de 80 x 80 mm et des chants arrondis. Dimensions : 3,00 x 2,00 x 1,00\/ 1,40 m. Cage arri\u00e8re fixe ou repliable, munie d\u2019orifices lat\u00e9raux pour les fixer et \u00e9viter tout risque de renversement, profil\u00e9 en acier rond zingu\u00e9 de 32 mm. Sur le mod\u00e8le rabattable au mur, le syst\u00e8me de pliage est fabriqu\u00e9 en tube \u00e0 section carr\u00e9e de 45 x 45 x 2 mm, avec des roues pour le rabattre facilement contre le mur. Attaches en PVC pour fixer le filet sur le cadre. Prix par paire, sans filets.       <\/p>\n","protected":false},"featured_media":2518,"template":"","meta":[],"product_cat":[160,143],"product_tag":[],"class_list":{"0":"post-4722","1":"product","2":"type-product","3":"status-publish","4":"has-post-thumbnail","6":"product_cat-handball","7":"product_cat-equipement-sport","9":"first","10":"instock","11":"shipping-taxable","12":"purchasable","13":"product-type-variable"},"yoast_head":"<!-- This site is optimized with the Yoast SEO plugin v27.0 - https:\/\/yoast.com\/product\/yoast-seo-wordpress\/ -->\n<title>But de handball - Laus\u00edn y Vicente<\/title>\n<meta name=\"robots\" content=\"index, follow, max-snippet:-1, max-image-preview:large, max-video-preview:-1\" \/>\n<link rel=\"canonical\" href=\"https:\/\/www.lausinyvicente.com\/fr\/equipement-sport\/handball\/buts-handball\" \/>\n<meta property=\"og:locale\" content=\"fr_FR\" \/>\n<meta property=\"og:type\" content=\"article\" \/>\n<meta property=\"og:title\" content=\"But de handball - Laus\u00edn y Vicente\" \/>\n<meta property=\"og:description\" content=\"Fabriqu\u00e9 conform\u00e9ment \u00e0 la norme UNE-EN 749. Poteaux et barres transversales fabriqu\u00e9s en aluminium, m\u00e9tal peint en blanc et rouge (autres couleurs sur devis). L\u2019assemblage des poteaux et des barres transversales sur le mod\u00e8le en aluminium est r\u00e9alis\u00e9 au moyen d\u2019\u00e9querres m\u00e9talliques int\u00e9rieures de 60 x 40 mm. Le cadre est fourni soud\u00e9 sur le mod\u00e8le au profil\u00e9 m\u00e9tallique. Les cadres ont une section carr\u00e9e de 80 x 80 mm et des chants arrondis. Dimensions : 3,00 x 2,00 x 1,00\/ 1,40 m. Cage arri\u00e8re fixe ou repliable, munie d\u2019orifices lat\u00e9raux pour les fixer et \u00e9viter tout risque de renversement, profil\u00e9 en acier rond zingu\u00e9 de 32 mm. Sur le mod\u00e8le rabattable au mur, le syst\u00e8me de pliage est fabriqu\u00e9 en tube \u00e0 section carr\u00e9e de 45 x 45 x 2 mm, avec des roues pour le rabattre facilement contre le mur. Attaches en PVC pour fixer le filet sur le cadre. Prix par paire, sans filets.\" \/>\n<meta property=\"og:url\" content=\"https:\/\/www.lausinyvicente.com\/fr\/equipement-sport\/handball\/buts-handball\" \/>\n<meta property=\"og:site_name\" content=\"Laus\u00edn y Vicente\" \/>\n<meta property=\"og:image\" content=\"https:\/\/www.lausinyvicente.com\/wp-content\/uploads\/2022\/11\/D.02.03-porteria-balonmano.jpg\" \/>\n\t<meta property=\"og:image:width\" content=\"720\" \/>\n\t<meta property=\"og:image:height\" content=\"490\" \/>\n\t<meta property=\"og:image:type\" content=\"image\/jpeg\" \/>\n<meta name=\"twitter:card\" content=\"summary_large_image\" \/>\n<script type=\"application\/ld+json\" class=\"yoast-schema-graph\">{\"@context\":\"https:\/\/schema.org\",\"@graph\":[{\"@type\":\"WebPage\",\"@id\":\"https:\/\/www.lausinyvicente.com\/fr\/equipement-sport\/handball\/buts-handball\",\"url\":\"https:\/\/www.lausinyvicente.com\/fr\/equipement-sport\/handball\/buts-handball\",\"name\":\"But de handball - Laus\u00edn y Vicente\",\"isPartOf\":{\"@id\":\"https:\/\/www.lausinyvicente.com\/#website\"},\"primaryImageOfPage\":{\"@id\":\"https:\/\/www.lausinyvicente.com\/fr\/equipement-sport\/handball\/buts-handball#primaryimage\"},\"image\":{\"@id\":\"https:\/\/www.lausinyvicente.com\/fr\/equipement-sport\/handball\/buts-handball#primaryimage\"},\"thumbnailUrl\":\"https:\/\/www.lausinyvicente.com\/wp-content\/uploads\/2022\/11\/D.02.03-porteria-balonmano.jpg\",\"datePublished\":\"2022-11-30T11:30:15+00:00\",\"breadcrumb\":{\"@id\":\"https:\/\/www.lausinyvicente.com\/fr\/equipement-sport\/handball\/buts-handball#breadcrumb\"},\"inLanguage\":\"fr-FR\",\"potentialAction\":[{\"@type\":\"ReadAction\",\"target\":[\"https:\/\/www.lausinyvicente.com\/fr\/equipement-sport\/handball\/buts-handball\"]}]},{\"@type\":\"ImageObject\",\"inLanguage\":\"fr-FR\",\"@id\":\"https:\/\/www.lausinyvicente.com\/fr\/equipement-sport\/handball\/buts-handball#primaryimage\",\"url\":\"https:\/\/www.lausinyvicente.com\/wp-content\/uploads\/2022\/11\/D.02.03-porteria-balonmano.jpg\",\"contentUrl\":\"https:\/\/www.lausinyvicente.com\/wp-content\/uploads\/2022\/11\/D.02.03-porteria-balonmano.jpg\",\"width\":720,\"height\":490},{\"@type\":\"BreadcrumbList\",\"@id\":\"https:\/\/www.lausinyvicente.com\/fr\/equipement-sport\/handball\/buts-handball#breadcrumb\",\"itemListElement\":[{\"@type\":\"ListItem\",\"position\":1,\"name\":\"Portada\",\"item\":\"https:\/\/www.lausinyvicente.com\/\"},{\"@type\":\"ListItem\",\"position\":2,\"name\":\"Boutique\",\"item\":\"https:\/\/www.lausinyvicente.com\/fr\/boutique\"},{\"@type\":\"ListItem\",\"position\":3,\"name\":\"But de handball\"}]},{\"@type\":\"WebSite\",\"@id\":\"https:\/\/www.lausinyvicente.com\/#website\",\"url\":\"https:\/\/www.lausinyvicente.com\/\",\"name\":\"Laus\u00edn y Vicente\",\"description\":\"Fabricaci\u00f3n y distribuci\u00f3n de material deportivo\",\"potentialAction\":[{\"@type\":\"SearchAction\",\"target\":{\"@type\":\"EntryPoint\",\"urlTemplate\":\"https:\/\/www.lausinyvicente.com\/?s={search_term_string}\"},\"query-input\":{\"@type\":\"PropertyValueSpecification\",\"valueRequired\":true,\"valueName\":\"search_term_string\"}}],\"inLanguage\":\"fr-FR\"}]}<\/script>\n<!-- \/ Yoast SEO plugin. -->","yoast_head_json":{"title":"But de handball - Laus\u00edn y Vicente","robots":{"index":"index","follow":"follow","max-snippet":"max-snippet:-1","max-image-preview":"max-image-preview:large","max-video-preview":"max-video-preview:-1"},"canonical":"https:\/\/www.lausinyvicente.com\/fr\/equipement-sport\/handball\/buts-handball","og_locale":"fr_FR","og_type":"article","og_title":"But de handball - Laus\u00edn y Vicente","og_description":"Fabriqu\u00e9 conform\u00e9ment \u00e0 la norme UNE-EN 749. Poteaux et barres transversales fabriqu\u00e9s en aluminium, m\u00e9tal peint en blanc et rouge (autres couleurs sur devis). L\u2019assemblage des poteaux et des barres transversales sur le mod\u00e8le en aluminium est r\u00e9alis\u00e9 au moyen d\u2019\u00e9querres m\u00e9talliques int\u00e9rieures de 60 x 40 mm. Le cadre est fourni soud\u00e9 sur le mod\u00e8le au profil\u00e9 m\u00e9tallique. Les cadres ont une section carr\u00e9e de 80 x 80 mm et des chants arrondis. Dimensions : 3,00 x 2,00 x 1,00\/ 1,40 m. Cage arri\u00e8re fixe ou repliable, munie d\u2019orifices lat\u00e9raux pour les fixer et \u00e9viter tout risque de renversement, profil\u00e9 en acier rond zingu\u00e9 de 32 mm. Sur le mod\u00e8le rabattable au mur, le syst\u00e8me de pliage est fabriqu\u00e9 en tube \u00e0 section carr\u00e9e de 45 x 45 x 2 mm, avec des roues pour le rabattre facilement contre le mur. Attaches en PVC pour fixer le filet sur le cadre. Prix par paire, sans filets.","og_url":"https:\/\/www.lausinyvicente.com\/fr\/equipement-sport\/handball\/buts-handball","og_site_name":"Laus\u00edn y Vicente","og_image":[{"width":720,"height":490,"url":"https:\/\/www.lausinyvicente.com\/wp-content\/uploads\/2022\/11\/D.02.03-porteria-balonmano.jpg","type":"image\/jpeg"}],"twitter_card":"summary_large_image","schema":{"@context":"https:\/\/schema.org","@graph":[{"@type":"WebPage","@id":"https:\/\/www.lausinyvicente.com\/fr\/equipement-sport\/handball\/buts-handball","url":"https:\/\/www.lausinyvicente.com\/fr\/equipement-sport\/handball\/buts-handball","name":"But de handball - Laus\u00edn y Vicente","isPartOf":{"@id":"https:\/\/www.lausinyvicente.com\/#website"},"primaryImageOfPage":{"@id":"https:\/\/www.lausinyvicente.com\/fr\/equipement-sport\/handball\/buts-handball#primaryimage"},"image":{"@id":"https:\/\/www.lausinyvicente.com\/fr\/equipement-sport\/handball\/buts-handball#primaryimage"},"thumbnailUrl":"https:\/\/www.lausinyvicente.com\/wp-content\/uploads\/2022\/11\/D.02.03-porteria-balonmano.jpg","datePublished":"2022-11-30T11:30:15+00:00","breadcrumb":{"@id":"https:\/\/www.lausinyvicente.com\/fr\/equipement-sport\/handball\/buts-handball#breadcrumb"},"inLanguage":"fr-FR","potentialAction":[{"@type":"ReadAction","target":["https:\/\/www.lausinyvicente.com\/fr\/equipement-sport\/handball\/buts-handball"]}]},{"@type":"ImageObject","inLanguage":"fr-FR","@id":"https:\/\/www.lausinyvicente.com\/fr\/equipement-sport\/handball\/buts-handball#primaryimage","url":"https:\/\/www.lausinyvicente.com\/wp-content\/uploads\/2022\/11\/D.02.03-porteria-balonmano.jpg","contentUrl":"https:\/\/www.lausinyvicente.com\/wp-content\/uploads\/2022\/11\/D.02.03-porteria-balonmano.jpg","width":720,"height":490},{"@type":"BreadcrumbList","@id":"https:\/\/www.lausinyvicente.com\/fr\/equipement-sport\/handball\/buts-handball#breadcrumb","itemListElement":[{"@type":"ListItem","position":1,"name":"Portada","item":"https:\/\/www.lausinyvicente.com\/"},{"@type":"ListItem","position":2,"name":"Boutique","item":"https:\/\/www.lausinyvicente.com\/fr\/boutique"},{"@type":"ListItem","position":3,"name":"But de handball"}]},{"@type":"WebSite","@id":"https:\/\/www.lausinyvicente.com\/#website","url":"https:\/\/www.lausinyvicente.com\/","name":"Laus\u00edn y Vicente","description":"Fabricaci\u00f3n y distribuci\u00f3n de material deportivo","potentialAction":[{"@type":"SearchAction","target":{"@type":"EntryPoint","urlTemplate":"https:\/\/www.lausinyvicente.com\/?s={search_term_string}"},"query-input":{"@type":"PropertyValueSpecification","valueRequired":true,"valueName":"search_term_string"}}],"inLanguage":"fr-FR"}]}},"_links":{"self":[{"href":"https:\/\/www.lausinyvicente.com\/fr\/wp-json\/wp\/v2\/product\/4722","targetHints":{"allow":["GET"]}}],"collection":[{"href":"https:\/\/www.lausinyvicente.com\/fr\/wp-json\/wp\/v2\/product"}],"about":[{"href":"https:\/\/www.lausinyvicente.com\/fr\/wp-json\/wp\/v2\/types\/product"}],"wp:featuredmedia":[{"embeddable":true,"href":"https:\/\/www.lausinyvicente.com\/fr\/wp-json\/wp\/v2\/media\/2518"}],"wp:attachment":[{"href":"https:\/\/www.lausinyvicente.com\/fr\/wp-json\/wp\/v2\/media?parent=4722"}],"wp:term":[{"taxonomy":"product_cat","embeddable":true,"href":"https:\/\/www.lausinyvicente.com\/fr\/wp-json\/wp\/v2\/product_cat?post=4722"},{"taxonomy":"product_tag","embeddable":true,"href":"https:\/\/www.lausinyvicente.com\/fr\/wp-json\/wp\/v2\/product_tag?post=4722"}],"curies":[{"name":"wp","href":"https:\/\/api.w.org\/{rel}","templated":true}]}}