{"id":4733,"date":"2022-11-29T16:11:51","date_gmt":"2022-11-29T16:11:51","guid":{"rendered":"https:\/\/www.lausinyvicente.com\/non class\u00e9\/frein-de-securite-buts-de-basketball-suspendus\/"},"modified":"2022-11-29T16:11:51","modified_gmt":"2022-11-29T16:11:51","slug":"frein-securite-buts-basketball-suspendus","status":"publish","type":"product","link":"https:\/\/www.lausinyvicente.com\/fr\/equipement-sport\/basketball\/frein-securite-buts-basketball-suspendus","title":{"rendered":"Frein de s\u00e9curit\u00e9 buts de basketball suspendus"},"content":{"rendered":"","protected":false},"excerpt":{"rendered":"<p>Frein dynamique avec syst\u00e8me de s\u00e9curit\u00e9 antichute pour charge de 250 kg et c\u00e2ble de 10 m. En option pour les buts suspendus \u00e0 repliement \u00e9lectrique ou manuel. Une extr\u00e9mit\u00e9 est fix\u00e9e \u00e0 la partie la plus basse du but et l\u2019autre \u00e0 un point fixe de la structure sup\u00e9rieure, freinant ainsi la chute du but en cas de rupture des jambes de force, du c\u00e2ble ou de tout autre \u00e9l\u00e9ment de maintien du but. Dans des conditions normales, le frein accompagne les man\u0153uvres de d\u00e9ploiement\/repliement des buts mais en cas de chute brusque, il se bloque automatiquement par inertie, \u00e9vitant l\u2019effondrement de l\u2019ensemble. Prix unitaire.    <\/p>\n","protected":false},"featured_media":2516,"template":"","meta":[],"product_cat":[162,143],"product_tag":[],"class_list":{"0":"post-4733","1":"product","2":"type-product","3":"status-publish","4":"has-post-thumbnail","6":"product_cat-basketball","7":"product_cat-equipement-sport","9":"first","10":"instock","11":"shipping-taxable","12":"purchasable","13":"product-type-simple"},"yoast_head":"<!-- This site is optimized with the Yoast SEO plugin v27.0 - https:\/\/yoast.com\/product\/yoast-seo-wordpress\/ -->\n<title>Frein de s\u00e9curit\u00e9 buts de basketball suspendus - Laus\u00edn y Vicente<\/title>\n<meta name=\"robots\" content=\"index, follow, max-snippet:-1, max-image-preview:large, max-video-preview:-1\" \/>\n<link rel=\"canonical\" href=\"https:\/\/www.lausinyvicente.com\/fr\/equipement-sport\/basketball\/frein-securite-buts-basketball-suspendus\" \/>\n<meta property=\"og:locale\" content=\"fr_FR\" \/>\n<meta property=\"og:type\" content=\"article\" \/>\n<meta property=\"og:title\" content=\"Frein de s\u00e9curit\u00e9 buts de basketball suspendus - Laus\u00edn y Vicente\" \/>\n<meta property=\"og:description\" content=\"Frein dynamique avec syst\u00e8me de s\u00e9curit\u00e9 antichute pour charge de 250 kg et c\u00e2ble de 10 m. En option pour les buts suspendus \u00e0 repliement \u00e9lectrique ou manuel. Une extr\u00e9mit\u00e9 est fix\u00e9e \u00e0 la partie la plus basse du but et l\u2019autre \u00e0 un point fixe de la structure sup\u00e9rieure, freinant ainsi la chute du but en cas de rupture des jambes de force, du c\u00e2ble ou de tout autre \u00e9l\u00e9ment de maintien du but. Dans des conditions normales, le frein accompagne les man\u0153uvres de d\u00e9ploiement\/repliement des buts mais en cas de chute brusque, il se bloque automatiquement par inertie, \u00e9vitant l\u2019effondrement de l\u2019ensemble. Prix unitaire.\" \/>\n<meta property=\"og:url\" content=\"https:\/\/www.lausinyvicente.com\/fr\/equipement-sport\/basketball\/frein-securite-buts-basketball-suspendus\" \/>\n<meta property=\"og:site_name\" content=\"Laus\u00edn y Vicente\" \/>\n<meta property=\"og:image\" content=\"https:\/\/www.lausinyvicente.com\/wp-content\/uploads\/2022\/11\/D.01.65-freno-seguridad-canasta-baloncesto-colgante.jpg\" \/>\n\t<meta property=\"og:image:width\" content=\"720\" \/>\n\t<meta property=\"og:image:height\" content=\"490\" \/>\n\t<meta property=\"og:image:type\" content=\"image\/jpeg\" \/>\n<meta name=\"twitter:card\" content=\"summary_large_image\" \/>\n<script type=\"application\/ld+json\" class=\"yoast-schema-graph\">{\"@context\":\"https:\/\/schema.org\",\"@graph\":[{\"@type\":\"WebPage\",\"@id\":\"https:\/\/www.lausinyvicente.com\/fr\/equipement-sport\/basketball\/frein-securite-buts-basketball-suspendus\",\"url\":\"https:\/\/www.lausinyvicente.com\/fr\/equipement-sport\/basketball\/frein-securite-buts-basketball-suspendus\",\"name\":\"Frein de s\u00e9curit\u00e9 buts de basketball suspendus - Laus\u00edn y Vicente\",\"isPartOf\":{\"@id\":\"https:\/\/www.lausinyvicente.com\/#website\"},\"primaryImageOfPage\":{\"@id\":\"https:\/\/www.lausinyvicente.com\/fr\/equipement-sport\/basketball\/frein-securite-buts-basketball-suspendus#primaryimage\"},\"image\":{\"@id\":\"https:\/\/www.lausinyvicente.com\/fr\/equipement-sport\/basketball\/frein-securite-buts-basketball-suspendus#primaryimage\"},\"thumbnailUrl\":\"https:\/\/www.lausinyvicente.com\/wp-content\/uploads\/2022\/11\/D.01.65-freno-seguridad-canasta-baloncesto-colgante.jpg\",\"datePublished\":\"2022-11-29T16:11:51+00:00\",\"breadcrumb\":{\"@id\":\"https:\/\/www.lausinyvicente.com\/fr\/equipement-sport\/basketball\/frein-securite-buts-basketball-suspendus#breadcrumb\"},\"inLanguage\":\"fr-FR\",\"potentialAction\":[{\"@type\":\"ReadAction\",\"target\":[\"https:\/\/www.lausinyvicente.com\/fr\/equipement-sport\/basketball\/frein-securite-buts-basketball-suspendus\"]}]},{\"@type\":\"ImageObject\",\"inLanguage\":\"fr-FR\",\"@id\":\"https:\/\/www.lausinyvicente.com\/fr\/equipement-sport\/basketball\/frein-securite-buts-basketball-suspendus#primaryimage\",\"url\":\"https:\/\/www.lausinyvicente.com\/wp-content\/uploads\/2022\/11\/D.01.65-freno-seguridad-canasta-baloncesto-colgante.jpg\",\"contentUrl\":\"https:\/\/www.lausinyvicente.com\/wp-content\/uploads\/2022\/11\/D.01.65-freno-seguridad-canasta-baloncesto-colgante.jpg\",\"width\":720,\"height\":490},{\"@type\":\"BreadcrumbList\",\"@id\":\"https:\/\/www.lausinyvicente.com\/fr\/equipement-sport\/basketball\/frein-securite-buts-basketball-suspendus#breadcrumb\",\"itemListElement\":[{\"@type\":\"ListItem\",\"position\":1,\"name\":\"Portada\",\"item\":\"https:\/\/www.lausinyvicente.com\/\"},{\"@type\":\"ListItem\",\"position\":2,\"name\":\"Boutique\",\"item\":\"https:\/\/www.lausinyvicente.com\/fr\/boutique\"},{\"@type\":\"ListItem\",\"position\":3,\"name\":\"Frein de s\u00e9curit\u00e9 buts de basketball suspendus\"}]},{\"@type\":\"WebSite\",\"@id\":\"https:\/\/www.lausinyvicente.com\/#website\",\"url\":\"https:\/\/www.lausinyvicente.com\/\",\"name\":\"Laus\u00edn y Vicente\",\"description\":\"Fabricaci\u00f3n y distribuci\u00f3n de material deportivo\",\"potentialAction\":[{\"@type\":\"SearchAction\",\"target\":{\"@type\":\"EntryPoint\",\"urlTemplate\":\"https:\/\/www.lausinyvicente.com\/?s={search_term_string}\"},\"query-input\":{\"@type\":\"PropertyValueSpecification\",\"valueRequired\":true,\"valueName\":\"search_term_string\"}}],\"inLanguage\":\"fr-FR\"}]}<\/script>\n<!-- \/ Yoast SEO plugin. -->","yoast_head_json":{"title":"Frein de s\u00e9curit\u00e9 buts de basketball suspendus - Laus\u00edn y Vicente","robots":{"index":"index","follow":"follow","max-snippet":"max-snippet:-1","max-image-preview":"max-image-preview:large","max-video-preview":"max-video-preview:-1"},"canonical":"https:\/\/www.lausinyvicente.com\/fr\/equipement-sport\/basketball\/frein-securite-buts-basketball-suspendus","og_locale":"fr_FR","og_type":"article","og_title":"Frein de s\u00e9curit\u00e9 buts de basketball suspendus - Laus\u00edn y Vicente","og_description":"Frein dynamique avec syst\u00e8me de s\u00e9curit\u00e9 antichute pour charge de 250 kg et c\u00e2ble de 10 m. En option pour les buts suspendus \u00e0 repliement \u00e9lectrique ou manuel. Une extr\u00e9mit\u00e9 est fix\u00e9e \u00e0 la partie la plus basse du but et l\u2019autre \u00e0 un point fixe de la structure sup\u00e9rieure, freinant ainsi la chute du but en cas de rupture des jambes de force, du c\u00e2ble ou de tout autre \u00e9l\u00e9ment de maintien du but. Dans des conditions normales, le frein accompagne les man\u0153uvres de d\u00e9ploiement\/repliement des buts mais en cas de chute brusque, il se bloque automatiquement par inertie, \u00e9vitant l\u2019effondrement de l\u2019ensemble. Prix unitaire.","og_url":"https:\/\/www.lausinyvicente.com\/fr\/equipement-sport\/basketball\/frein-securite-buts-basketball-suspendus","og_site_name":"Laus\u00edn y Vicente","og_image":[{"width":720,"height":490,"url":"https:\/\/www.lausinyvicente.com\/wp-content\/uploads\/2022\/11\/D.01.65-freno-seguridad-canasta-baloncesto-colgante.jpg","type":"image\/jpeg"}],"twitter_card":"summary_large_image","schema":{"@context":"https:\/\/schema.org","@graph":[{"@type":"WebPage","@id":"https:\/\/www.lausinyvicente.com\/fr\/equipement-sport\/basketball\/frein-securite-buts-basketball-suspendus","url":"https:\/\/www.lausinyvicente.com\/fr\/equipement-sport\/basketball\/frein-securite-buts-basketball-suspendus","name":"Frein de s\u00e9curit\u00e9 buts de basketball suspendus - Laus\u00edn y Vicente","isPartOf":{"@id":"https:\/\/www.lausinyvicente.com\/#website"},"primaryImageOfPage":{"@id":"https:\/\/www.lausinyvicente.com\/fr\/equipement-sport\/basketball\/frein-securite-buts-basketball-suspendus#primaryimage"},"image":{"@id":"https:\/\/www.lausinyvicente.com\/fr\/equipement-sport\/basketball\/frein-securite-buts-basketball-suspendus#primaryimage"},"thumbnailUrl":"https:\/\/www.lausinyvicente.com\/wp-content\/uploads\/2022\/11\/D.01.65-freno-seguridad-canasta-baloncesto-colgante.jpg","datePublished":"2022-11-29T16:11:51+00:00","breadcrumb":{"@id":"https:\/\/www.lausinyvicente.com\/fr\/equipement-sport\/basketball\/frein-securite-buts-basketball-suspendus#breadcrumb"},"inLanguage":"fr-FR","potentialAction":[{"@type":"ReadAction","target":["https:\/\/www.lausinyvicente.com\/fr\/equipement-sport\/basketball\/frein-securite-buts-basketball-suspendus"]}]},{"@type":"ImageObject","inLanguage":"fr-FR","@id":"https:\/\/www.lausinyvicente.com\/fr\/equipement-sport\/basketball\/frein-securite-buts-basketball-suspendus#primaryimage","url":"https:\/\/www.lausinyvicente.com\/wp-content\/uploads\/2022\/11\/D.01.65-freno-seguridad-canasta-baloncesto-colgante.jpg","contentUrl":"https:\/\/www.lausinyvicente.com\/wp-content\/uploads\/2022\/11\/D.01.65-freno-seguridad-canasta-baloncesto-colgante.jpg","width":720,"height":490},{"@type":"BreadcrumbList","@id":"https:\/\/www.lausinyvicente.com\/fr\/equipement-sport\/basketball\/frein-securite-buts-basketball-suspendus#breadcrumb","itemListElement":[{"@type":"ListItem","position":1,"name":"Portada","item":"https:\/\/www.lausinyvicente.com\/"},{"@type":"ListItem","position":2,"name":"Boutique","item":"https:\/\/www.lausinyvicente.com\/fr\/boutique"},{"@type":"ListItem","position":3,"name":"Frein de s\u00e9curit\u00e9 buts de basketball suspendus"}]},{"@type":"WebSite","@id":"https:\/\/www.lausinyvicente.com\/#website","url":"https:\/\/www.lausinyvicente.com\/","name":"Laus\u00edn y Vicente","description":"Fabricaci\u00f3n y distribuci\u00f3n de material deportivo","potentialAction":[{"@type":"SearchAction","target":{"@type":"EntryPoint","urlTemplate":"https:\/\/www.lausinyvicente.com\/?s={search_term_string}"},"query-input":{"@type":"PropertyValueSpecification","valueRequired":true,"valueName":"search_term_string"}}],"inLanguage":"fr-FR"}]}},"_links":{"self":[{"href":"https:\/\/www.lausinyvicente.com\/fr\/wp-json\/wp\/v2\/product\/4733","targetHints":{"allow":["GET"]}}],"collection":[{"href":"https:\/\/www.lausinyvicente.com\/fr\/wp-json\/wp\/v2\/product"}],"about":[{"href":"https:\/\/www.lausinyvicente.com\/fr\/wp-json\/wp\/v2\/types\/product"}],"wp:featuredmedia":[{"embeddable":true,"href":"https:\/\/www.lausinyvicente.com\/fr\/wp-json\/wp\/v2\/media\/2516"}],"wp:attachment":[{"href":"https:\/\/www.lausinyvicente.com\/fr\/wp-json\/wp\/v2\/media?parent=4733"}],"wp:term":[{"taxonomy":"product_cat","embeddable":true,"href":"https:\/\/www.lausinyvicente.com\/fr\/wp-json\/wp\/v2\/product_cat?post=4733"},{"taxonomy":"product_tag","embeddable":true,"href":"https:\/\/www.lausinyvicente.com\/fr\/wp-json\/wp\/v2\/product_tag?post=4733"}],"curies":[{"name":"wp","href":"https:\/\/api.w.org\/{rel}","templated":true}]}}