{"id":4755,"date":"2022-11-29T16:05:11","date_gmt":"2022-11-29T16:05:11","guid":{"rendered":"https:\/\/www.lausinyvicente.com\/non class\u00e9\/buts-de-basketball-au-sol-competition-modele-iberus\/"},"modified":"2022-11-29T16:05:11","modified_gmt":"2022-11-29T16:05:11","slug":"buts-basketball-sol-competition-iberus","status":"publish","type":"product","link":"https:\/\/www.lausinyvicente.com\/fr\/equipement-sport\/basketball\/buts-basketball-sol-competition-iberus","title":{"rendered":"Buts de basketball au sol comp\u00e9tition mod\u00e8le \u201cIberus\u201d"},"content":{"rendered":"","protected":false},"excerpt":{"rendered":"<p>Le but de basketball \u201cIBERUS\u201d a \u00e9t\u00e9 con\u00e7u pour \u00eatre utilis\u00e9 dans diff\u00e9rents types d\u2019installations sportives. Sa facilit\u00e9 de repliement et de d\u00e9placement ainsi qu\u2019une conception unique et innovante font partie de ses principales caract\u00e9ristiques. Toutes les dimensions et les caract\u00e9ristiques de ce produit sont conformes aux exigences de la norme europ\u00e9enne EN-1270. Le but \u201cIberus\u201d est compos\u00e9 des \u00e9l\u00e9ments suivants: <strong>Bras principal:<\/strong> fabriqu\u00e9 en tube en acier structurel, avec un d\u00e9port de 3,25 m. L\u2019armature de renfort soud\u00e9e au bras est en profil\u00e9 cintr\u00e9, conf\u00e9rant \u00e0 l\u2019ensemble solidit\u00e9 et esth\u00e9tique. <strong>Les montants avant et arri\u00e8re:<\/strong> sont en profil\u00e9s m\u00e9talliques et se chargent de supporter le poids et les efforts du bras principal. Le montant avant est \u00e9quip\u00e9 de m\u00e9canismes n\u00e9cessaires au d\u00e9ploiement et repliement du but. <strong>Base du but:<\/strong> dimensions: 1820 x 1320 x 700 mm. Des profil\u00e9s rectangulaires cintr\u00e9s ont \u00e9t\u00e9 pos\u00e9s sur les c\u00f4t\u00e9s afin de supporter le poids des montants et du bras principal et pour conf\u00e9rer de la solidit\u00e9 tout en soignant l\u2019esth\u00e9tique de l\u2019ensemble. Le syst\u00e8me des roues escamotables permet de d\u00e9placer facilement le but. <strong>Une barre de s\u00e9curit\u00e9:<\/strong> est pos\u00e9e entre les appuis avant et arri\u00e8re afin d\u2019immobiliser l\u2019ensemble et d\u2019\u00e9viter tout repliement accidentel du but. <strong>Le ch\u00e2ssis du panneau:<\/strong> est l\u2019ensemble form\u00e9 par le panneau de basketball fabriqu\u00e9 selon le r\u00e8glement officiel et le ch\u00e2ssis du panneau qui consiste en un cadre de 1800 x 1050 mm, en profil\u00e9s m\u00e9talliques \u00e0 section rectangulaire. <strong>Cercle m\u00e9tallique \u00e0 ressort:<\/strong> diam\u00e8tre int\u00e9rieur de 450 mm, barre pleine en acier calibr\u00e9e 18 mm de \u00d8 . <strong>Protections:<\/strong> avant et lat\u00e9rales des bras principaux et celles de la partie inf\u00e9rieure du panneau sont incluses. Fabriqu\u00e9es en mousse de polyur\u00e9thane et toile plastifi\u00e9e sur panneaux de fibres \u00e0 densit\u00e9 moyenne (MDF) de 16 mm. <strong>Contrepoids:<\/strong> inclus dans le prix et install\u00e9s dans la partie post\u00e9rieure de la base. Toutes les ferrures m\u00e9talliques du but sont en acier galvanis\u00e9 \u00e0 chaud. Les \u00e9l\u00e9ments de la structure principale du but sont rev\u00eatus d\u2019une peinture \u00e0 base de r\u00e9sines de polyester. Les panneaux et les filets ne sont pas inclus dans la r\u00e9f\u00e9rence. Le cas \u00e9ch\u00e9ant, ils doivent \u00eatre command\u00e9s avec leurs propres r\u00e9f\u00e9rences. Prix par paire.   <\/p>\n","protected":false},"featured_media":2510,"template":"","meta":[],"product_cat":[162,143],"product_tag":[],"class_list":{"0":"post-4755","1":"product","2":"type-product","3":"status-publish","4":"has-post-thumbnail","6":"product_cat-basketball","7":"product_cat-equipement-sport","9":"first","10":"instock","11":"shipping-taxable","12":"purchasable","13":"product-type-variable"},"yoast_head":"<!-- This site is optimized with the Yoast SEO plugin v27.0 - https:\/\/yoast.com\/product\/yoast-seo-wordpress\/ -->\n<title>Buts de basketball au sol comp\u00e9tition mod\u00e8le \u201cIberus\u201d - Laus\u00edn y Vicente<\/title>\n<meta name=\"robots\" content=\"index, follow, max-snippet:-1, max-image-preview:large, max-video-preview:-1\" \/>\n<link rel=\"canonical\" href=\"https:\/\/www.lausinyvicente.com\/fr\/equipement-sport\/basketball\/buts-basketball-sol-competition-iberus\" \/>\n<meta property=\"og:locale\" content=\"fr_FR\" \/>\n<meta property=\"og:type\" content=\"article\" \/>\n<meta property=\"og:title\" content=\"Buts de basketball au sol comp\u00e9tition mod\u00e8le \u201cIberus\u201d - Laus\u00edn y Vicente\" \/>\n<meta property=\"og:description\" content=\"Le but de basketball \u201cIBERUS\u201d a \u00e9t\u00e9 con\u00e7u pour \u00eatre utilis\u00e9 dans diff\u00e9rents types d\u2019installations sportives. Sa facilit\u00e9 de repliement et de d\u00e9placement ainsi qu\u2019une conception unique et innovante font partie de ses principales caract\u00e9ristiques. Toutes les dimensions et les caract\u00e9ristiques de ce produit sont conformes aux exigences de la norme europ\u00e9enne EN-1270. Le but \u201cIberus\u201d est compos\u00e9 des \u00e9l\u00e9ments suivants: Bras principal: fabriqu\u00e9 en tube en acier structurel, avec un d\u00e9port de 3,25 m. L\u2019armature de renfort soud\u00e9e au bras est en profil\u00e9 cintr\u00e9, conf\u00e9rant \u00e0 l\u2019ensemble solidit\u00e9 et esth\u00e9tique. Les montants avant et arri\u00e8re: sont en profil\u00e9s m\u00e9talliques et se chargent de supporter le poids et les efforts du bras principal. Le montant avant est \u00e9quip\u00e9 de m\u00e9canismes n\u00e9cessaires au d\u00e9ploiement et repliement du but. Base du but: dimensions: 1820 x 1320 x 700 mm. Des profil\u00e9s rectangulaires cintr\u00e9s ont \u00e9t\u00e9 pos\u00e9s sur les c\u00f4t\u00e9s afin de supporter le poids des montants et du bras principal et pour conf\u00e9rer de la solidit\u00e9 tout en soignant l\u2019esth\u00e9tique de l\u2019ensemble. Le syst\u00e8me des roues escamotables permet de d\u00e9placer facilement le but. Une barre de s\u00e9curit\u00e9: est pos\u00e9e entre les appuis avant et arri\u00e8re afin d\u2019immobiliser l\u2019ensemble et d\u2019\u00e9viter tout repliement accidentel du but. Le ch\u00e2ssis du panneau: est l\u2019ensemble form\u00e9 par le panneau de basketball fabriqu\u00e9 selon le r\u00e8glement officiel et le ch\u00e2ssis du panneau qui consiste en un cadre de 1800 x 1050 mm, en profil\u00e9s m\u00e9talliques \u00e0 section rectangulaire. Cercle m\u00e9tallique \u00e0 ressort: diam\u00e8tre int\u00e9rieur de 450 mm, barre pleine en acier calibr\u00e9e 18 mm de \u00d8 . Protections: avant et lat\u00e9rales des bras principaux et celles de la partie inf\u00e9rieure du panneau sont incluses. Fabriqu\u00e9es en mousse de polyur\u00e9thane et toile plastifi\u00e9e sur panneaux de fibres \u00e0 densit\u00e9 moyenne (MDF) de 16 mm. Contrepoids: inclus dans le prix et install\u00e9s dans la partie post\u00e9rieure de la base. Toutes les ferrures m\u00e9talliques du but sont en acier galvanis\u00e9 \u00e0 chaud. Les \u00e9l\u00e9ments de la structure principale du but sont rev\u00eatus d\u2019une peinture \u00e0 base de r\u00e9sines de polyester. Les panneaux et les filets ne sont pas inclus dans la r\u00e9f\u00e9rence. Le cas \u00e9ch\u00e9ant, ils doivent \u00eatre command\u00e9s avec leurs propres r\u00e9f\u00e9rences. Prix par paire.\" \/>\n<meta property=\"og:url\" content=\"https:\/\/www.lausinyvicente.com\/fr\/equipement-sport\/basketball\/buts-basketball-sol-competition-iberus\" \/>\n<meta property=\"og:site_name\" content=\"Laus\u00edn y Vicente\" \/>\n<meta property=\"og:image\" content=\"https:\/\/www.lausinyvicente.com\/wp-content\/uploads\/2022\/11\/D.01.260-canasta-baloncesto-competicion-IBERUS.jpg\" \/>\n\t<meta property=\"og:image:width\" content=\"720\" \/>\n\t<meta property=\"og:image:height\" content=\"490\" \/>\n\t<meta property=\"og:image:type\" content=\"image\/jpeg\" \/>\n<meta name=\"twitter:card\" content=\"summary_large_image\" \/>\n<script type=\"application\/ld+json\" class=\"yoast-schema-graph\">{\"@context\":\"https:\/\/schema.org\",\"@graph\":[{\"@type\":\"WebPage\",\"@id\":\"https:\/\/www.lausinyvicente.com\/fr\/equipement-sport\/basketball\/buts-basketball-sol-competition-iberus\",\"url\":\"https:\/\/www.lausinyvicente.com\/fr\/equipement-sport\/basketball\/buts-basketball-sol-competition-iberus\",\"name\":\"Buts de basketball au sol comp\u00e9tition mod\u00e8le \u201cIberus\u201d - Laus\u00edn y Vicente\",\"isPartOf\":{\"@id\":\"https:\/\/www.lausinyvicente.com\/#website\"},\"primaryImageOfPage\":{\"@id\":\"https:\/\/www.lausinyvicente.com\/fr\/equipement-sport\/basketball\/buts-basketball-sol-competition-iberus#primaryimage\"},\"image\":{\"@id\":\"https:\/\/www.lausinyvicente.com\/fr\/equipement-sport\/basketball\/buts-basketball-sol-competition-iberus#primaryimage\"},\"thumbnailUrl\":\"https:\/\/www.lausinyvicente.com\/wp-content\/uploads\/2022\/11\/D.01.260-canasta-baloncesto-competicion-IBERUS.jpg\",\"datePublished\":\"2022-11-29T16:05:11+00:00\",\"breadcrumb\":{\"@id\":\"https:\/\/www.lausinyvicente.com\/fr\/equipement-sport\/basketball\/buts-basketball-sol-competition-iberus#breadcrumb\"},\"inLanguage\":\"fr-FR\",\"potentialAction\":[{\"@type\":\"ReadAction\",\"target\":[\"https:\/\/www.lausinyvicente.com\/fr\/equipement-sport\/basketball\/buts-basketball-sol-competition-iberus\"]}]},{\"@type\":\"ImageObject\",\"inLanguage\":\"fr-FR\",\"@id\":\"https:\/\/www.lausinyvicente.com\/fr\/equipement-sport\/basketball\/buts-basketball-sol-competition-iberus#primaryimage\",\"url\":\"https:\/\/www.lausinyvicente.com\/wp-content\/uploads\/2022\/11\/D.01.260-canasta-baloncesto-competicion-IBERUS.jpg\",\"contentUrl\":\"https:\/\/www.lausinyvicente.com\/wp-content\/uploads\/2022\/11\/D.01.260-canasta-baloncesto-competicion-IBERUS.jpg\",\"width\":720,\"height\":490},{\"@type\":\"BreadcrumbList\",\"@id\":\"https:\/\/www.lausinyvicente.com\/fr\/equipement-sport\/basketball\/buts-basketball-sol-competition-iberus#breadcrumb\",\"itemListElement\":[{\"@type\":\"ListItem\",\"position\":1,\"name\":\"Portada\",\"item\":\"https:\/\/www.lausinyvicente.com\/\"},{\"@type\":\"ListItem\",\"position\":2,\"name\":\"Boutique\",\"item\":\"https:\/\/www.lausinyvicente.com\/fr\/boutique\"},{\"@type\":\"ListItem\",\"position\":3,\"name\":\"Buts de basketball au sol comp\u00e9tition mod\u00e8le \u201cIberus\u201d\"}]},{\"@type\":\"WebSite\",\"@id\":\"https:\/\/www.lausinyvicente.com\/#website\",\"url\":\"https:\/\/www.lausinyvicente.com\/\",\"name\":\"Laus\u00edn y Vicente\",\"description\":\"Fabricaci\u00f3n y distribuci\u00f3n de material deportivo\",\"potentialAction\":[{\"@type\":\"SearchAction\",\"target\":{\"@type\":\"EntryPoint\",\"urlTemplate\":\"https:\/\/www.lausinyvicente.com\/?s={search_term_string}\"},\"query-input\":{\"@type\":\"PropertyValueSpecification\",\"valueRequired\":true,\"valueName\":\"search_term_string\"}}],\"inLanguage\":\"fr-FR\"}]}<\/script>\n<!-- \/ Yoast SEO plugin. -->","yoast_head_json":{"title":"Buts de basketball au sol comp\u00e9tition mod\u00e8le \u201cIberus\u201d - Laus\u00edn y Vicente","robots":{"index":"index","follow":"follow","max-snippet":"max-snippet:-1","max-image-preview":"max-image-preview:large","max-video-preview":"max-video-preview:-1"},"canonical":"https:\/\/www.lausinyvicente.com\/fr\/equipement-sport\/basketball\/buts-basketball-sol-competition-iberus","og_locale":"fr_FR","og_type":"article","og_title":"Buts de basketball au sol comp\u00e9tition mod\u00e8le \u201cIberus\u201d - Laus\u00edn y Vicente","og_description":"Le but de basketball \u201cIBERUS\u201d a \u00e9t\u00e9 con\u00e7u pour \u00eatre utilis\u00e9 dans diff\u00e9rents types d\u2019installations sportives. Sa facilit\u00e9 de repliement et de d\u00e9placement ainsi qu\u2019une conception unique et innovante font partie de ses principales caract\u00e9ristiques. Toutes les dimensions et les caract\u00e9ristiques de ce produit sont conformes aux exigences de la norme europ\u00e9enne EN-1270. Le but \u201cIberus\u201d est compos\u00e9 des \u00e9l\u00e9ments suivants: Bras principal: fabriqu\u00e9 en tube en acier structurel, avec un d\u00e9port de 3,25 m. L\u2019armature de renfort soud\u00e9e au bras est en profil\u00e9 cintr\u00e9, conf\u00e9rant \u00e0 l\u2019ensemble solidit\u00e9 et esth\u00e9tique. Les montants avant et arri\u00e8re: sont en profil\u00e9s m\u00e9talliques et se chargent de supporter le poids et les efforts du bras principal. Le montant avant est \u00e9quip\u00e9 de m\u00e9canismes n\u00e9cessaires au d\u00e9ploiement et repliement du but. Base du but: dimensions: 1820 x 1320 x 700 mm. Des profil\u00e9s rectangulaires cintr\u00e9s ont \u00e9t\u00e9 pos\u00e9s sur les c\u00f4t\u00e9s afin de supporter le poids des montants et du bras principal et pour conf\u00e9rer de la solidit\u00e9 tout en soignant l\u2019esth\u00e9tique de l\u2019ensemble. Le syst\u00e8me des roues escamotables permet de d\u00e9placer facilement le but. Une barre de s\u00e9curit\u00e9: est pos\u00e9e entre les appuis avant et arri\u00e8re afin d\u2019immobiliser l\u2019ensemble et d\u2019\u00e9viter tout repliement accidentel du but. Le ch\u00e2ssis du panneau: est l\u2019ensemble form\u00e9 par le panneau de basketball fabriqu\u00e9 selon le r\u00e8glement officiel et le ch\u00e2ssis du panneau qui consiste en un cadre de 1800 x 1050 mm, en profil\u00e9s m\u00e9talliques \u00e0 section rectangulaire. Cercle m\u00e9tallique \u00e0 ressort: diam\u00e8tre int\u00e9rieur de 450 mm, barre pleine en acier calibr\u00e9e 18 mm de \u00d8 . Protections: avant et lat\u00e9rales des bras principaux et celles de la partie inf\u00e9rieure du panneau sont incluses. Fabriqu\u00e9es en mousse de polyur\u00e9thane et toile plastifi\u00e9e sur panneaux de fibres \u00e0 densit\u00e9 moyenne (MDF) de 16 mm. Contrepoids: inclus dans le prix et install\u00e9s dans la partie post\u00e9rieure de la base. Toutes les ferrures m\u00e9talliques du but sont en acier galvanis\u00e9 \u00e0 chaud. Les \u00e9l\u00e9ments de la structure principale du but sont rev\u00eatus d\u2019une peinture \u00e0 base de r\u00e9sines de polyester. Les panneaux et les filets ne sont pas inclus dans la r\u00e9f\u00e9rence. Le cas \u00e9ch\u00e9ant, ils doivent \u00eatre command\u00e9s avec leurs propres r\u00e9f\u00e9rences. Prix par paire.","og_url":"https:\/\/www.lausinyvicente.com\/fr\/equipement-sport\/basketball\/buts-basketball-sol-competition-iberus","og_site_name":"Laus\u00edn y Vicente","og_image":[{"width":720,"height":490,"url":"https:\/\/www.lausinyvicente.com\/wp-content\/uploads\/2022\/11\/D.01.260-canasta-baloncesto-competicion-IBERUS.jpg","type":"image\/jpeg"}],"twitter_card":"summary_large_image","schema":{"@context":"https:\/\/schema.org","@graph":[{"@type":"WebPage","@id":"https:\/\/www.lausinyvicente.com\/fr\/equipement-sport\/basketball\/buts-basketball-sol-competition-iberus","url":"https:\/\/www.lausinyvicente.com\/fr\/equipement-sport\/basketball\/buts-basketball-sol-competition-iberus","name":"Buts de basketball au sol comp\u00e9tition mod\u00e8le \u201cIberus\u201d - Laus\u00edn y Vicente","isPartOf":{"@id":"https:\/\/www.lausinyvicente.com\/#website"},"primaryImageOfPage":{"@id":"https:\/\/www.lausinyvicente.com\/fr\/equipement-sport\/basketball\/buts-basketball-sol-competition-iberus#primaryimage"},"image":{"@id":"https:\/\/www.lausinyvicente.com\/fr\/equipement-sport\/basketball\/buts-basketball-sol-competition-iberus#primaryimage"},"thumbnailUrl":"https:\/\/www.lausinyvicente.com\/wp-content\/uploads\/2022\/11\/D.01.260-canasta-baloncesto-competicion-IBERUS.jpg","datePublished":"2022-11-29T16:05:11+00:00","breadcrumb":{"@id":"https:\/\/www.lausinyvicente.com\/fr\/equipement-sport\/basketball\/buts-basketball-sol-competition-iberus#breadcrumb"},"inLanguage":"fr-FR","potentialAction":[{"@type":"ReadAction","target":["https:\/\/www.lausinyvicente.com\/fr\/equipement-sport\/basketball\/buts-basketball-sol-competition-iberus"]}]},{"@type":"ImageObject","inLanguage":"fr-FR","@id":"https:\/\/www.lausinyvicente.com\/fr\/equipement-sport\/basketball\/buts-basketball-sol-competition-iberus#primaryimage","url":"https:\/\/www.lausinyvicente.com\/wp-content\/uploads\/2022\/11\/D.01.260-canasta-baloncesto-competicion-IBERUS.jpg","contentUrl":"https:\/\/www.lausinyvicente.com\/wp-content\/uploads\/2022\/11\/D.01.260-canasta-baloncesto-competicion-IBERUS.jpg","width":720,"height":490},{"@type":"BreadcrumbList","@id":"https:\/\/www.lausinyvicente.com\/fr\/equipement-sport\/basketball\/buts-basketball-sol-competition-iberus#breadcrumb","itemListElement":[{"@type":"ListItem","position":1,"name":"Portada","item":"https:\/\/www.lausinyvicente.com\/"},{"@type":"ListItem","position":2,"name":"Boutique","item":"https:\/\/www.lausinyvicente.com\/fr\/boutique"},{"@type":"ListItem","position":3,"name":"Buts de basketball au sol comp\u00e9tition mod\u00e8le \u201cIberus\u201d"}]},{"@type":"WebSite","@id":"https:\/\/www.lausinyvicente.com\/#website","url":"https:\/\/www.lausinyvicente.com\/","name":"Laus\u00edn y Vicente","description":"Fabricaci\u00f3n y distribuci\u00f3n de material deportivo","potentialAction":[{"@type":"SearchAction","target":{"@type":"EntryPoint","urlTemplate":"https:\/\/www.lausinyvicente.com\/?s={search_term_string}"},"query-input":{"@type":"PropertyValueSpecification","valueRequired":true,"valueName":"search_term_string"}}],"inLanguage":"fr-FR"}]}},"_links":{"self":[{"href":"https:\/\/www.lausinyvicente.com\/fr\/wp-json\/wp\/v2\/product\/4755","targetHints":{"allow":["GET"]}}],"collection":[{"href":"https:\/\/www.lausinyvicente.com\/fr\/wp-json\/wp\/v2\/product"}],"about":[{"href":"https:\/\/www.lausinyvicente.com\/fr\/wp-json\/wp\/v2\/types\/product"}],"wp:featuredmedia":[{"embeddable":true,"href":"https:\/\/www.lausinyvicente.com\/fr\/wp-json\/wp\/v2\/media\/2510"}],"wp:attachment":[{"href":"https:\/\/www.lausinyvicente.com\/fr\/wp-json\/wp\/v2\/media?parent=4755"}],"wp:term":[{"taxonomy":"product_cat","embeddable":true,"href":"https:\/\/www.lausinyvicente.com\/fr\/wp-json\/wp\/v2\/product_cat?post=4755"},{"taxonomy":"product_tag","embeddable":true,"href":"https:\/\/www.lausinyvicente.com\/fr\/wp-json\/wp\/v2\/product_tag?post=4755"}],"curies":[{"name":"wp","href":"https:\/\/api.w.org\/{rel}","templated":true}]}}