{"id":4773,"date":"2022-11-29T16:00:59","date_gmt":"2022-11-29T16:00:59","guid":{"rendered":"https:\/\/www.lausinyvicente.com\/non class\u00e9\/panneaux-de-basketball\/"},"modified":"2022-11-29T16:00:59","modified_gmt":"2022-11-29T16:00:59","slug":"panneaux-basketball","status":"publish","type":"product","link":"https:\/\/www.lausinyvicente.com\/fr\/equipement-sport\/basketball\/panneaux-basketball","title":{"rendered":"Panneaux de basketball"},"content":{"rendered":"","protected":false},"excerpt":{"rendered":"<p><strong>Fibre de verre.<\/strong> Fabriqu\u00e9s en fibre de verre avec finition en blanc, lignes de contour et rectangle int\u00e9rieur en noir. Il est fabriqu\u00e9 dans les dimensions r\u00e8glementaires en vigueur 1800 x 1050 mm et en 1800 x 1200 mm. Grande durabilit\u00e9 et r\u00e9sistance aux intemp\u00e9ries. Prix par paire (2 unit\u00e9s).   <\/p>\n<p><strong>M\u00e9thacrylate<\/strong> Fabriqu\u00e9s en m\u00e9thacrylate transparent tr\u00e8s r\u00e9sistant, en plusieurs \u00e9paisseurs. Contour renforc\u00e9 \u00e0 l\u2019arri\u00e8re par un ch\u00e2ssis m\u00e9tallique en profil\u00e9 50 x 20 x 2 mm. Les panneaux sont pr\u00e9sent\u00e9s avec les lignes de contour et le rectangle int\u00e9rieur en blanc. Dimensions r\u00e8glementaires en vigueur 1800 x 1050 mm et 1800 x 1200 mm. Prix par paire (2 unit\u00e9s).    <\/p>\n","protected":false},"featured_media":2504,"template":"","meta":[],"product_cat":[162,143],"product_tag":[],"class_list":{"0":"post-4773","1":"product","2":"type-product","3":"status-publish","4":"has-post-thumbnail","6":"product_cat-basketball","7":"product_cat-equipement-sport","9":"first","10":"instock","11":"shipping-taxable","12":"purchasable","13":"product-type-variable"},"yoast_head":"<!-- This site is optimized with the Yoast SEO plugin v27.0 - https:\/\/yoast.com\/product\/yoast-seo-wordpress\/ -->\n<title>Panneaux de basketball - Laus\u00edn y Vicente<\/title>\n<meta name=\"robots\" content=\"index, follow, max-snippet:-1, max-image-preview:large, max-video-preview:-1\" \/>\n<link rel=\"canonical\" href=\"https:\/\/www.lausinyvicente.com\/fr\/equipement-sport\/basketball\/panneaux-basketball\" \/>\n<meta property=\"og:locale\" content=\"fr_FR\" \/>\n<meta property=\"og:type\" content=\"article\" \/>\n<meta property=\"og:title\" content=\"Panneaux de basketball - Laus\u00edn y Vicente\" \/>\n<meta property=\"og:description\" content=\"Fibre de verre. Fabriqu\u00e9s en fibre de verre avec finition en blanc, lignes de contour et rectangle int\u00e9rieur en noir. Il est fabriqu\u00e9 dans les dimensions r\u00e8glementaires en vigueur 1800 x 1050 mm et en 1800 x 1200 mm. Grande durabilit\u00e9 et r\u00e9sistance aux intemp\u00e9ries. Prix par paire (2 unit\u00e9s).   M\u00e9thacrylate Fabriqu\u00e9s en m\u00e9thacrylate transparent tr\u00e8s r\u00e9sistant, en plusieurs \u00e9paisseurs. Contour renforc\u00e9 \u00e0 l\u2019arri\u00e8re par un ch\u00e2ssis m\u00e9tallique en profil\u00e9 50 x 20 x 2 mm. Les panneaux sont pr\u00e9sent\u00e9s avec les lignes de contour et le rectangle int\u00e9rieur en blanc. Dimensions r\u00e8glementaires en vigueur 1800 x 1050 mm et 1800 x 1200 mm. Prix par paire (2 unit\u00e9s).\" \/>\n<meta property=\"og:url\" content=\"https:\/\/www.lausinyvicente.com\/fr\/equipement-sport\/basketball\/panneaux-basketball\" \/>\n<meta property=\"og:site_name\" content=\"Laus\u00edn y Vicente\" \/>\n<meta property=\"og:image\" content=\"https:\/\/www.lausinyvicente.com\/wp-content\/uploads\/2022\/11\/D.01.13_Tablero-baloncesto-metacrilato.jpg\" \/>\n\t<meta property=\"og:image:width\" content=\"720\" \/>\n\t<meta property=\"og:image:height\" content=\"490\" \/>\n\t<meta property=\"og:image:type\" content=\"image\/jpeg\" \/>\n<meta name=\"twitter:card\" content=\"summary_large_image\" \/>\n<script type=\"application\/ld+json\" class=\"yoast-schema-graph\">{\"@context\":\"https:\/\/schema.org\",\"@graph\":[{\"@type\":\"WebPage\",\"@id\":\"https:\/\/www.lausinyvicente.com\/fr\/equipement-sport\/basketball\/panneaux-basketball\",\"url\":\"https:\/\/www.lausinyvicente.com\/fr\/equipement-sport\/basketball\/panneaux-basketball\",\"name\":\"Panneaux de basketball - Laus\u00edn y Vicente\",\"isPartOf\":{\"@id\":\"https:\/\/www.lausinyvicente.com\/#website\"},\"primaryImageOfPage\":{\"@id\":\"https:\/\/www.lausinyvicente.com\/fr\/equipement-sport\/basketball\/panneaux-basketball#primaryimage\"},\"image\":{\"@id\":\"https:\/\/www.lausinyvicente.com\/fr\/equipement-sport\/basketball\/panneaux-basketball#primaryimage\"},\"thumbnailUrl\":\"https:\/\/www.lausinyvicente.com\/wp-content\/uploads\/2022\/11\/D.01.13_Tablero-baloncesto-metacrilato.jpg\",\"datePublished\":\"2022-11-29T16:00:59+00:00\",\"breadcrumb\":{\"@id\":\"https:\/\/www.lausinyvicente.com\/fr\/equipement-sport\/basketball\/panneaux-basketball#breadcrumb\"},\"inLanguage\":\"fr-FR\",\"potentialAction\":[{\"@type\":\"ReadAction\",\"target\":[\"https:\/\/www.lausinyvicente.com\/fr\/equipement-sport\/basketball\/panneaux-basketball\"]}]},{\"@type\":\"ImageObject\",\"inLanguage\":\"fr-FR\",\"@id\":\"https:\/\/www.lausinyvicente.com\/fr\/equipement-sport\/basketball\/panneaux-basketball#primaryimage\",\"url\":\"https:\/\/www.lausinyvicente.com\/wp-content\/uploads\/2022\/11\/D.01.13_Tablero-baloncesto-metacrilato.jpg\",\"contentUrl\":\"https:\/\/www.lausinyvicente.com\/wp-content\/uploads\/2022\/11\/D.01.13_Tablero-baloncesto-metacrilato.jpg\",\"width\":720,\"height\":490},{\"@type\":\"BreadcrumbList\",\"@id\":\"https:\/\/www.lausinyvicente.com\/fr\/equipement-sport\/basketball\/panneaux-basketball#breadcrumb\",\"itemListElement\":[{\"@type\":\"ListItem\",\"position\":1,\"name\":\"Portada\",\"item\":\"https:\/\/www.lausinyvicente.com\/\"},{\"@type\":\"ListItem\",\"position\":2,\"name\":\"Boutique\",\"item\":\"https:\/\/www.lausinyvicente.com\/fr\/boutique\"},{\"@type\":\"ListItem\",\"position\":3,\"name\":\"Panneaux de basketball\"}]},{\"@type\":\"WebSite\",\"@id\":\"https:\/\/www.lausinyvicente.com\/#website\",\"url\":\"https:\/\/www.lausinyvicente.com\/\",\"name\":\"Laus\u00edn y Vicente\",\"description\":\"Fabricaci\u00f3n y distribuci\u00f3n de material deportivo\",\"potentialAction\":[{\"@type\":\"SearchAction\",\"target\":{\"@type\":\"EntryPoint\",\"urlTemplate\":\"https:\/\/www.lausinyvicente.com\/?s={search_term_string}\"},\"query-input\":{\"@type\":\"PropertyValueSpecification\",\"valueRequired\":true,\"valueName\":\"search_term_string\"}}],\"inLanguage\":\"fr-FR\"}]}<\/script>\n<!-- \/ Yoast SEO plugin. -->","yoast_head_json":{"title":"Panneaux de basketball - Laus\u00edn y Vicente","robots":{"index":"index","follow":"follow","max-snippet":"max-snippet:-1","max-image-preview":"max-image-preview:large","max-video-preview":"max-video-preview:-1"},"canonical":"https:\/\/www.lausinyvicente.com\/fr\/equipement-sport\/basketball\/panneaux-basketball","og_locale":"fr_FR","og_type":"article","og_title":"Panneaux de basketball - Laus\u00edn y Vicente","og_description":"Fibre de verre. Fabriqu\u00e9s en fibre de verre avec finition en blanc, lignes de contour et rectangle int\u00e9rieur en noir. Il est fabriqu\u00e9 dans les dimensions r\u00e8glementaires en vigueur 1800 x 1050 mm et en 1800 x 1200 mm. Grande durabilit\u00e9 et r\u00e9sistance aux intemp\u00e9ries. Prix par paire (2 unit\u00e9s).   M\u00e9thacrylate Fabriqu\u00e9s en m\u00e9thacrylate transparent tr\u00e8s r\u00e9sistant, en plusieurs \u00e9paisseurs. Contour renforc\u00e9 \u00e0 l\u2019arri\u00e8re par un ch\u00e2ssis m\u00e9tallique en profil\u00e9 50 x 20 x 2 mm. Les panneaux sont pr\u00e9sent\u00e9s avec les lignes de contour et le rectangle int\u00e9rieur en blanc. Dimensions r\u00e8glementaires en vigueur 1800 x 1050 mm et 1800 x 1200 mm. Prix par paire (2 unit\u00e9s).","og_url":"https:\/\/www.lausinyvicente.com\/fr\/equipement-sport\/basketball\/panneaux-basketball","og_site_name":"Laus\u00edn y Vicente","og_image":[{"width":720,"height":490,"url":"https:\/\/www.lausinyvicente.com\/wp-content\/uploads\/2022\/11\/D.01.13_Tablero-baloncesto-metacrilato.jpg","type":"image\/jpeg"}],"twitter_card":"summary_large_image","schema":{"@context":"https:\/\/schema.org","@graph":[{"@type":"WebPage","@id":"https:\/\/www.lausinyvicente.com\/fr\/equipement-sport\/basketball\/panneaux-basketball","url":"https:\/\/www.lausinyvicente.com\/fr\/equipement-sport\/basketball\/panneaux-basketball","name":"Panneaux de basketball - Laus\u00edn y Vicente","isPartOf":{"@id":"https:\/\/www.lausinyvicente.com\/#website"},"primaryImageOfPage":{"@id":"https:\/\/www.lausinyvicente.com\/fr\/equipement-sport\/basketball\/panneaux-basketball#primaryimage"},"image":{"@id":"https:\/\/www.lausinyvicente.com\/fr\/equipement-sport\/basketball\/panneaux-basketball#primaryimage"},"thumbnailUrl":"https:\/\/www.lausinyvicente.com\/wp-content\/uploads\/2022\/11\/D.01.13_Tablero-baloncesto-metacrilato.jpg","datePublished":"2022-11-29T16:00:59+00:00","breadcrumb":{"@id":"https:\/\/www.lausinyvicente.com\/fr\/equipement-sport\/basketball\/panneaux-basketball#breadcrumb"},"inLanguage":"fr-FR","potentialAction":[{"@type":"ReadAction","target":["https:\/\/www.lausinyvicente.com\/fr\/equipement-sport\/basketball\/panneaux-basketball"]}]},{"@type":"ImageObject","inLanguage":"fr-FR","@id":"https:\/\/www.lausinyvicente.com\/fr\/equipement-sport\/basketball\/panneaux-basketball#primaryimage","url":"https:\/\/www.lausinyvicente.com\/wp-content\/uploads\/2022\/11\/D.01.13_Tablero-baloncesto-metacrilato.jpg","contentUrl":"https:\/\/www.lausinyvicente.com\/wp-content\/uploads\/2022\/11\/D.01.13_Tablero-baloncesto-metacrilato.jpg","width":720,"height":490},{"@type":"BreadcrumbList","@id":"https:\/\/www.lausinyvicente.com\/fr\/equipement-sport\/basketball\/panneaux-basketball#breadcrumb","itemListElement":[{"@type":"ListItem","position":1,"name":"Portada","item":"https:\/\/www.lausinyvicente.com\/"},{"@type":"ListItem","position":2,"name":"Boutique","item":"https:\/\/www.lausinyvicente.com\/fr\/boutique"},{"@type":"ListItem","position":3,"name":"Panneaux de basketball"}]},{"@type":"WebSite","@id":"https:\/\/www.lausinyvicente.com\/#website","url":"https:\/\/www.lausinyvicente.com\/","name":"Laus\u00edn y Vicente","description":"Fabricaci\u00f3n y distribuci\u00f3n de material deportivo","potentialAction":[{"@type":"SearchAction","target":{"@type":"EntryPoint","urlTemplate":"https:\/\/www.lausinyvicente.com\/?s={search_term_string}"},"query-input":{"@type":"PropertyValueSpecification","valueRequired":true,"valueName":"search_term_string"}}],"inLanguage":"fr-FR"}]}},"_links":{"self":[{"href":"https:\/\/www.lausinyvicente.com\/fr\/wp-json\/wp\/v2\/product\/4773","targetHints":{"allow":["GET"]}}],"collection":[{"href":"https:\/\/www.lausinyvicente.com\/fr\/wp-json\/wp\/v2\/product"}],"about":[{"href":"https:\/\/www.lausinyvicente.com\/fr\/wp-json\/wp\/v2\/types\/product"}],"wp:featuredmedia":[{"embeddable":true,"href":"https:\/\/www.lausinyvicente.com\/fr\/wp-json\/wp\/v2\/media\/2504"}],"wp:attachment":[{"href":"https:\/\/www.lausinyvicente.com\/fr\/wp-json\/wp\/v2\/media?parent=4773"}],"wp:term":[{"taxonomy":"product_cat","embeddable":true,"href":"https:\/\/www.lausinyvicente.com\/fr\/wp-json\/wp\/v2\/product_cat?post=4773"},{"taxonomy":"product_tag","embeddable":true,"href":"https:\/\/www.lausinyvicente.com\/fr\/wp-json\/wp\/v2\/product_tag?post=4773"}],"curies":[{"name":"wp","href":"https:\/\/api.w.org\/{rel}","templated":true}]}}