{"id":4821,"date":"2022-11-29T15:35:43","date_gmt":"2022-11-29T15:35:43","guid":{"rendered":"https:\/\/www.lausinyvicente.com\/non class\u00e9\/plaque-avec-guides-pour-cercles-de-basketball-et-mini-basketball\/"},"modified":"2022-11-29T15:35:43","modified_gmt":"2022-11-29T15:35:43","slug":"plaque-guides-cercles-basketball-mini-basketball","status":"publish","type":"product","link":"https:\/\/www.lausinyvicente.com\/fr\/equipement-sport\/basketball\/plaque-guides-cercles-basketball-mini-basketball","title":{"rendered":"Plaque avec guides pour cercles de basketball et mini-basketball"},"content":{"rendered":"","protected":false},"excerpt":{"rendered":"<p>Syst\u00e8me de fixation du cercle qui permet de l\u2019installer et le retirer rapidement sans besoin d\u2019outillage. Elle est compos\u00e9e d\u2019une plaque avec deux guides lat\u00e9raux et doit \u00eatre viss\u00e9e \u00e0 quatre points sur le panneau. Elle permet de poser et retirer le cercle apr\u00e8s l\u2019activit\u00e9. Elle est livr\u00e9e thermolaqu\u00e9e pour r\u00e9sister aux intemp\u00e9ries et avec les vis de fixation. Prix par paire.   <\/p>\n","protected":false},"featured_media":2486,"template":"","meta":[],"product_cat":[162,143],"product_tag":[],"class_list":{"0":"post-4821","1":"product","2":"type-product","3":"status-publish","4":"has-post-thumbnail","6":"product_cat-basketball","7":"product_cat-equipement-sport","9":"first","10":"instock","11":"shipping-taxable","12":"purchasable","13":"product-type-simple"},"yoast_head":"<!-- This site is optimized with the Yoast SEO plugin v27.0 - https:\/\/yoast.com\/product\/yoast-seo-wordpress\/ -->\n<title>Plaque avec guides pour cercles de basketball et mini-basketball - Laus\u00edn y Vicente<\/title>\n<meta name=\"robots\" content=\"index, follow, max-snippet:-1, max-image-preview:large, max-video-preview:-1\" \/>\n<link rel=\"canonical\" href=\"https:\/\/www.lausinyvicente.com\/fr\/equipement-sport\/basketball\/plaque-guides-cercles-basketball-mini-basketball\" \/>\n<meta property=\"og:locale\" content=\"fr_FR\" \/>\n<meta property=\"og:type\" content=\"article\" \/>\n<meta property=\"og:title\" content=\"Plaque avec guides pour cercles de basketball et mini-basketball - Laus\u00edn y Vicente\" \/>\n<meta property=\"og:description\" content=\"Syst\u00e8me de fixation du cercle qui permet de l\u2019installer et le retirer rapidement sans besoin d\u2019outillage. Elle est compos\u00e9e d\u2019une plaque avec deux guides lat\u00e9raux et doit \u00eatre viss\u00e9e \u00e0 quatre points sur le panneau. Elle permet de poser et retirer le cercle apr\u00e8s l\u2019activit\u00e9. Elle est livr\u00e9e thermolaqu\u00e9e pour r\u00e9sister aux intemp\u00e9ries et avec les vis de fixation. Prix par paire.\" \/>\n<meta property=\"og:url\" content=\"https:\/\/www.lausinyvicente.com\/fr\/equipement-sport\/basketball\/plaque-guides-cercles-basketball-mini-basketball\" \/>\n<meta property=\"og:site_name\" content=\"Laus\u00edn y Vicente\" \/>\n<meta property=\"og:image\" content=\"https:\/\/www.lausinyvicente.com\/wp-content\/uploads\/2022\/11\/D.01.53-placa-guia-aros-baloncesto-minibasket.jpg\" \/>\n\t<meta property=\"og:image:width\" content=\"720\" \/>\n\t<meta property=\"og:image:height\" content=\"490\" \/>\n\t<meta property=\"og:image:type\" content=\"image\/jpeg\" \/>\n<meta name=\"twitter:card\" content=\"summary_large_image\" \/>\n<script type=\"application\/ld+json\" class=\"yoast-schema-graph\">{\"@context\":\"https:\/\/schema.org\",\"@graph\":[{\"@type\":\"WebPage\",\"@id\":\"https:\/\/www.lausinyvicente.com\/fr\/equipement-sport\/basketball\/plaque-guides-cercles-basketball-mini-basketball\",\"url\":\"https:\/\/www.lausinyvicente.com\/fr\/equipement-sport\/basketball\/plaque-guides-cercles-basketball-mini-basketball\",\"name\":\"Plaque avec guides pour cercles de basketball et mini-basketball - Laus\u00edn y Vicente\",\"isPartOf\":{\"@id\":\"https:\/\/www.lausinyvicente.com\/#website\"},\"primaryImageOfPage\":{\"@id\":\"https:\/\/www.lausinyvicente.com\/fr\/equipement-sport\/basketball\/plaque-guides-cercles-basketball-mini-basketball#primaryimage\"},\"image\":{\"@id\":\"https:\/\/www.lausinyvicente.com\/fr\/equipement-sport\/basketball\/plaque-guides-cercles-basketball-mini-basketball#primaryimage\"},\"thumbnailUrl\":\"https:\/\/www.lausinyvicente.com\/wp-content\/uploads\/2022\/11\/D.01.53-placa-guia-aros-baloncesto-minibasket.jpg\",\"datePublished\":\"2022-11-29T15:35:43+00:00\",\"breadcrumb\":{\"@id\":\"https:\/\/www.lausinyvicente.com\/fr\/equipement-sport\/basketball\/plaque-guides-cercles-basketball-mini-basketball#breadcrumb\"},\"inLanguage\":\"fr-FR\",\"potentialAction\":[{\"@type\":\"ReadAction\",\"target\":[\"https:\/\/www.lausinyvicente.com\/fr\/equipement-sport\/basketball\/plaque-guides-cercles-basketball-mini-basketball\"]}]},{\"@type\":\"ImageObject\",\"inLanguage\":\"fr-FR\",\"@id\":\"https:\/\/www.lausinyvicente.com\/fr\/equipement-sport\/basketball\/plaque-guides-cercles-basketball-mini-basketball#primaryimage\",\"url\":\"https:\/\/www.lausinyvicente.com\/wp-content\/uploads\/2022\/11\/D.01.53-placa-guia-aros-baloncesto-minibasket.jpg\",\"contentUrl\":\"https:\/\/www.lausinyvicente.com\/wp-content\/uploads\/2022\/11\/D.01.53-placa-guia-aros-baloncesto-minibasket.jpg\",\"width\":720,\"height\":490},{\"@type\":\"BreadcrumbList\",\"@id\":\"https:\/\/www.lausinyvicente.com\/fr\/equipement-sport\/basketball\/plaque-guides-cercles-basketball-mini-basketball#breadcrumb\",\"itemListElement\":[{\"@type\":\"ListItem\",\"position\":1,\"name\":\"Portada\",\"item\":\"https:\/\/www.lausinyvicente.com\/\"},{\"@type\":\"ListItem\",\"position\":2,\"name\":\"Boutique\",\"item\":\"https:\/\/www.lausinyvicente.com\/fr\/boutique\"},{\"@type\":\"ListItem\",\"position\":3,\"name\":\"Plaque avec guides pour cercles de basketball et mini-basketball\"}]},{\"@type\":\"WebSite\",\"@id\":\"https:\/\/www.lausinyvicente.com\/#website\",\"url\":\"https:\/\/www.lausinyvicente.com\/\",\"name\":\"Laus\u00edn y Vicente\",\"description\":\"Fabricaci\u00f3n y distribuci\u00f3n de material deportivo\",\"potentialAction\":[{\"@type\":\"SearchAction\",\"target\":{\"@type\":\"EntryPoint\",\"urlTemplate\":\"https:\/\/www.lausinyvicente.com\/?s={search_term_string}\"},\"query-input\":{\"@type\":\"PropertyValueSpecification\",\"valueRequired\":true,\"valueName\":\"search_term_string\"}}],\"inLanguage\":\"fr-FR\"}]}<\/script>\n<!-- \/ Yoast SEO plugin. -->","yoast_head_json":{"title":"Plaque avec guides pour cercles de basketball et mini-basketball - Laus\u00edn y Vicente","robots":{"index":"index","follow":"follow","max-snippet":"max-snippet:-1","max-image-preview":"max-image-preview:large","max-video-preview":"max-video-preview:-1"},"canonical":"https:\/\/www.lausinyvicente.com\/fr\/equipement-sport\/basketball\/plaque-guides-cercles-basketball-mini-basketball","og_locale":"fr_FR","og_type":"article","og_title":"Plaque avec guides pour cercles de basketball et mini-basketball - Laus\u00edn y Vicente","og_description":"Syst\u00e8me de fixation du cercle qui permet de l\u2019installer et le retirer rapidement sans besoin d\u2019outillage. Elle est compos\u00e9e d\u2019une plaque avec deux guides lat\u00e9raux et doit \u00eatre viss\u00e9e \u00e0 quatre points sur le panneau. Elle permet de poser et retirer le cercle apr\u00e8s l\u2019activit\u00e9. Elle est livr\u00e9e thermolaqu\u00e9e pour r\u00e9sister aux intemp\u00e9ries et avec les vis de fixation. Prix par paire.","og_url":"https:\/\/www.lausinyvicente.com\/fr\/equipement-sport\/basketball\/plaque-guides-cercles-basketball-mini-basketball","og_site_name":"Laus\u00edn y Vicente","og_image":[{"width":720,"height":490,"url":"https:\/\/www.lausinyvicente.com\/wp-content\/uploads\/2022\/11\/D.01.53-placa-guia-aros-baloncesto-minibasket.jpg","type":"image\/jpeg"}],"twitter_card":"summary_large_image","schema":{"@context":"https:\/\/schema.org","@graph":[{"@type":"WebPage","@id":"https:\/\/www.lausinyvicente.com\/fr\/equipement-sport\/basketball\/plaque-guides-cercles-basketball-mini-basketball","url":"https:\/\/www.lausinyvicente.com\/fr\/equipement-sport\/basketball\/plaque-guides-cercles-basketball-mini-basketball","name":"Plaque avec guides pour cercles de basketball et mini-basketball - Laus\u00edn y Vicente","isPartOf":{"@id":"https:\/\/www.lausinyvicente.com\/#website"},"primaryImageOfPage":{"@id":"https:\/\/www.lausinyvicente.com\/fr\/equipement-sport\/basketball\/plaque-guides-cercles-basketball-mini-basketball#primaryimage"},"image":{"@id":"https:\/\/www.lausinyvicente.com\/fr\/equipement-sport\/basketball\/plaque-guides-cercles-basketball-mini-basketball#primaryimage"},"thumbnailUrl":"https:\/\/www.lausinyvicente.com\/wp-content\/uploads\/2022\/11\/D.01.53-placa-guia-aros-baloncesto-minibasket.jpg","datePublished":"2022-11-29T15:35:43+00:00","breadcrumb":{"@id":"https:\/\/www.lausinyvicente.com\/fr\/equipement-sport\/basketball\/plaque-guides-cercles-basketball-mini-basketball#breadcrumb"},"inLanguage":"fr-FR","potentialAction":[{"@type":"ReadAction","target":["https:\/\/www.lausinyvicente.com\/fr\/equipement-sport\/basketball\/plaque-guides-cercles-basketball-mini-basketball"]}]},{"@type":"ImageObject","inLanguage":"fr-FR","@id":"https:\/\/www.lausinyvicente.com\/fr\/equipement-sport\/basketball\/plaque-guides-cercles-basketball-mini-basketball#primaryimage","url":"https:\/\/www.lausinyvicente.com\/wp-content\/uploads\/2022\/11\/D.01.53-placa-guia-aros-baloncesto-minibasket.jpg","contentUrl":"https:\/\/www.lausinyvicente.com\/wp-content\/uploads\/2022\/11\/D.01.53-placa-guia-aros-baloncesto-minibasket.jpg","width":720,"height":490},{"@type":"BreadcrumbList","@id":"https:\/\/www.lausinyvicente.com\/fr\/equipement-sport\/basketball\/plaque-guides-cercles-basketball-mini-basketball#breadcrumb","itemListElement":[{"@type":"ListItem","position":1,"name":"Portada","item":"https:\/\/www.lausinyvicente.com\/"},{"@type":"ListItem","position":2,"name":"Boutique","item":"https:\/\/www.lausinyvicente.com\/fr\/boutique"},{"@type":"ListItem","position":3,"name":"Plaque avec guides pour cercles de basketball et mini-basketball"}]},{"@type":"WebSite","@id":"https:\/\/www.lausinyvicente.com\/#website","url":"https:\/\/www.lausinyvicente.com\/","name":"Laus\u00edn y Vicente","description":"Fabricaci\u00f3n y distribuci\u00f3n de material deportivo","potentialAction":[{"@type":"SearchAction","target":{"@type":"EntryPoint","urlTemplate":"https:\/\/www.lausinyvicente.com\/?s={search_term_string}"},"query-input":{"@type":"PropertyValueSpecification","valueRequired":true,"valueName":"search_term_string"}}],"inLanguage":"fr-FR"}]}},"_links":{"self":[{"href":"https:\/\/www.lausinyvicente.com\/fr\/wp-json\/wp\/v2\/product\/4821","targetHints":{"allow":["GET"]}}],"collection":[{"href":"https:\/\/www.lausinyvicente.com\/fr\/wp-json\/wp\/v2\/product"}],"about":[{"href":"https:\/\/www.lausinyvicente.com\/fr\/wp-json\/wp\/v2\/types\/product"}],"wp:featuredmedia":[{"embeddable":true,"href":"https:\/\/www.lausinyvicente.com\/fr\/wp-json\/wp\/v2\/media\/2486"}],"wp:attachment":[{"href":"https:\/\/www.lausinyvicente.com\/fr\/wp-json\/wp\/v2\/media?parent=4821"}],"wp:term":[{"taxonomy":"product_cat","embeddable":true,"href":"https:\/\/www.lausinyvicente.com\/fr\/wp-json\/wp\/v2\/product_cat?post=4821"},{"taxonomy":"product_tag","embeddable":true,"href":"https:\/\/www.lausinyvicente.com\/fr\/wp-json\/wp\/v2\/product_tag?post=4821"}],"curies":[{"name":"wp","href":"https:\/\/api.w.org\/{rel}","templated":true}]}}