{"id":4825,"date":"2022-11-29T15:34:11","date_gmt":"2022-11-29T15:34:11","guid":{"rendered":"https:\/\/www.lausinyvicente.com\/non class\u00e9\/buts-de-basketball-suspendus-monotube-modica\/"},"modified":"2022-11-29T15:34:11","modified_gmt":"2022-11-29T15:34:11","slug":"buts-basketball-suspendus-monotube-modica","status":"publish","type":"product","link":"https:\/\/www.lausinyvicente.com\/fr\/equipement-sport\/basketball\/buts-basketball-suspendus-monotube-modica","title":{"rendered":"Buts de basketball suspendus monotube \u201cM\u00f3dica\u201d"},"content":{"rendered":"","protected":false},"excerpt":{"rendered":"<p>Le but de basketball suspendu monotube, mod\u00e8le \u201cM\u00d3DICA\u201d, a \u00e9t\u00e9 con\u00e7u et fabriqu\u00e9 pour \u00eatre suspendu au plafond, dans diff\u00e9rentes installations sportives, au moyen d\u2019un syst\u00e8me d\u2019ancrage qui s\u2019adapte de mani\u00e8re aux diff\u00e9rentes structures d\u2019installation. Toutes les dimensions et les caract\u00e9ristiques de ce produit sont conformes \u00e0 la norme europ\u00e9enne EN-1270. Le but monotube est compos\u00e9 des principaux \u00e9l\u00e9ments suivants: Le bras principal du but est fabriqu\u00e9 en profil\u00e9 carr\u00e9 en acier structurel 100 x 100 x 3 mm. Le point d\u2019articulation se trouve sur sa partie sup\u00e9rieure, permettant de monter et descendre le but. Les bras lat\u00e9raux de renfort apportent rigidit\u00e9 et stabilit\u00e9 \u00e0 l\u2019ensemble du but. Le tirant moteur est le c\u00e2ble qui permet de monter et descendre le but. Il va du moteur du but install\u00e9 dans la partie avant sup\u00e9rieure de la structure additionnelle au point de fixation sur le bras principal. Les tirants lat\u00e9raux correspondent aux c\u00e2bles qui supportent et stabilisent l\u2019ensemble du but en position de jeu. Ils sont fix\u00e9s de la partie avant sup\u00e9rieure de la structure additionnelle au point de fixation sur le bras principal. L\u2019ensemble support-panneau est la structure sur laquelle le panneau et le cercle sont pos\u00e9s. L\u2019ensemble des pi\u00e8ces m\u00e9talliques est rev\u00eatu de peinture \u00e9poxy. Cette finition conf\u00e8re \u00e0 ces \u00e9l\u00e9ments une bonne r\u00e9sistance \u00e0 la corrosion et aux rayons ultraviolets en plus d\u2019\u00eatre tr\u00e8s r\u00e9sistante aux chocs m\u00e9caniques. Motor\u00e9ducteurs et bo\u00eetier de commande inclus. Les \u00e9l\u00e9ments suivants ne sont pas inclus dans la r\u00e9f\u00e9rence : Panneaux, cercles et filets. Le cas \u00e9ch\u00e9ant, ils doivent \u00eatre command\u00e9s avec leurs propres r\u00e9f\u00e9rences. Prix par paire. <\/p>\n","protected":false},"featured_media":2484,"template":"","meta":[],"product_cat":[162,143],"product_tag":[],"class_list":{"0":"post-4825","1":"product","2":"type-product","3":"status-publish","4":"has-post-thumbnail","6":"product_cat-basketball","7":"product_cat-equipement-sport","9":"first","10":"instock","11":"shipping-taxable","12":"purchasable","13":"product-type-variable"},"yoast_head":"<!-- This site is optimized with the Yoast SEO plugin v27.0 - https:\/\/yoast.com\/product\/yoast-seo-wordpress\/ -->\n<title>Buts de basketball suspendus monotube \u201cM\u00f3dica\u201d - Laus\u00edn y Vicente<\/title>\n<meta name=\"robots\" content=\"index, follow, max-snippet:-1, max-image-preview:large, max-video-preview:-1\" \/>\n<link rel=\"canonical\" href=\"https:\/\/www.lausinyvicente.com\/fr\/equipement-sport\/basketball\/buts-basketball-suspendus-monotube-modica\" \/>\n<meta property=\"og:locale\" content=\"fr_FR\" \/>\n<meta property=\"og:type\" content=\"article\" \/>\n<meta property=\"og:title\" content=\"Buts de basketball suspendus monotube \u201cM\u00f3dica\u201d - Laus\u00edn y Vicente\" \/>\n<meta property=\"og:description\" content=\"Le but de basketball suspendu monotube, mod\u00e8le \u201cM\u00d3DICA\u201d, a \u00e9t\u00e9 con\u00e7u et fabriqu\u00e9 pour \u00eatre suspendu au plafond, dans diff\u00e9rentes installations sportives, au moyen d\u2019un syst\u00e8me d\u2019ancrage qui s\u2019adapte de mani\u00e8re aux diff\u00e9rentes structures d\u2019installation. Toutes les dimensions et les caract\u00e9ristiques de ce produit sont conformes \u00e0 la norme europ\u00e9enne EN-1270. Le but monotube est compos\u00e9 des principaux \u00e9l\u00e9ments suivants: Le bras principal du but est fabriqu\u00e9 en profil\u00e9 carr\u00e9 en acier structurel 100 x 100 x 3 mm. Le point d\u2019articulation se trouve sur sa partie sup\u00e9rieure, permettant de monter et descendre le but. Les bras lat\u00e9raux de renfort apportent rigidit\u00e9 et stabilit\u00e9 \u00e0 l\u2019ensemble du but. Le tirant moteur est le c\u00e2ble qui permet de monter et descendre le but. Il va du moteur du but install\u00e9 dans la partie avant sup\u00e9rieure de la structure additionnelle au point de fixation sur le bras principal. Les tirants lat\u00e9raux correspondent aux c\u00e2bles qui supportent et stabilisent l\u2019ensemble du but en position de jeu. Ils sont fix\u00e9s de la partie avant sup\u00e9rieure de la structure additionnelle au point de fixation sur le bras principal. L\u2019ensemble support-panneau est la structure sur laquelle le panneau et le cercle sont pos\u00e9s. L\u2019ensemble des pi\u00e8ces m\u00e9talliques est rev\u00eatu de peinture \u00e9poxy. Cette finition conf\u00e8re \u00e0 ces \u00e9l\u00e9ments une bonne r\u00e9sistance \u00e0 la corrosion et aux rayons ultraviolets en plus d\u2019\u00eatre tr\u00e8s r\u00e9sistante aux chocs m\u00e9caniques. Motor\u00e9ducteurs et bo\u00eetier de commande inclus. Les \u00e9l\u00e9ments suivants ne sont pas inclus dans la r\u00e9f\u00e9rence : Panneaux, cercles et filets. Le cas \u00e9ch\u00e9ant, ils doivent \u00eatre command\u00e9s avec leurs propres r\u00e9f\u00e9rences. Prix par paire.\" \/>\n<meta property=\"og:url\" content=\"https:\/\/www.lausinyvicente.com\/fr\/equipement-sport\/basketball\/buts-basketball-suspendus-monotube-modica\" \/>\n<meta property=\"og:site_name\" content=\"Laus\u00edn y Vicente\" \/>\n<meta property=\"og:image\" content=\"https:\/\/www.lausinyvicente.com\/wp-content\/uploads\/2022\/11\/D.01.210-canasta-baloncesto-colgante-monotubo-MODICA.jpg\" \/>\n\t<meta property=\"og:image:width\" content=\"720\" \/>\n\t<meta property=\"og:image:height\" content=\"490\" \/>\n\t<meta property=\"og:image:type\" content=\"image\/jpeg\" \/>\n<meta name=\"twitter:card\" content=\"summary_large_image\" \/>\n<script type=\"application\/ld+json\" class=\"yoast-schema-graph\">{\"@context\":\"https:\/\/schema.org\",\"@graph\":[{\"@type\":\"WebPage\",\"@id\":\"https:\/\/www.lausinyvicente.com\/fr\/equipement-sport\/basketball\/buts-basketball-suspendus-monotube-modica\",\"url\":\"https:\/\/www.lausinyvicente.com\/fr\/equipement-sport\/basketball\/buts-basketball-suspendus-monotube-modica\",\"name\":\"Buts de basketball suspendus monotube \u201cM\u00f3dica\u201d - Laus\u00edn y Vicente\",\"isPartOf\":{\"@id\":\"https:\/\/www.lausinyvicente.com\/#website\"},\"primaryImageOfPage\":{\"@id\":\"https:\/\/www.lausinyvicente.com\/fr\/equipement-sport\/basketball\/buts-basketball-suspendus-monotube-modica#primaryimage\"},\"image\":{\"@id\":\"https:\/\/www.lausinyvicente.com\/fr\/equipement-sport\/basketball\/buts-basketball-suspendus-monotube-modica#primaryimage\"},\"thumbnailUrl\":\"https:\/\/www.lausinyvicente.com\/wp-content\/uploads\/2022\/11\/D.01.210-canasta-baloncesto-colgante-monotubo-MODICA.jpg\",\"datePublished\":\"2022-11-29T15:34:11+00:00\",\"breadcrumb\":{\"@id\":\"https:\/\/www.lausinyvicente.com\/fr\/equipement-sport\/basketball\/buts-basketball-suspendus-monotube-modica#breadcrumb\"},\"inLanguage\":\"fr-FR\",\"potentialAction\":[{\"@type\":\"ReadAction\",\"target\":[\"https:\/\/www.lausinyvicente.com\/fr\/equipement-sport\/basketball\/buts-basketball-suspendus-monotube-modica\"]}]},{\"@type\":\"ImageObject\",\"inLanguage\":\"fr-FR\",\"@id\":\"https:\/\/www.lausinyvicente.com\/fr\/equipement-sport\/basketball\/buts-basketball-suspendus-monotube-modica#primaryimage\",\"url\":\"https:\/\/www.lausinyvicente.com\/wp-content\/uploads\/2022\/11\/D.01.210-canasta-baloncesto-colgante-monotubo-MODICA.jpg\",\"contentUrl\":\"https:\/\/www.lausinyvicente.com\/wp-content\/uploads\/2022\/11\/D.01.210-canasta-baloncesto-colgante-monotubo-MODICA.jpg\",\"width\":720,\"height\":490},{\"@type\":\"BreadcrumbList\",\"@id\":\"https:\/\/www.lausinyvicente.com\/fr\/equipement-sport\/basketball\/buts-basketball-suspendus-monotube-modica#breadcrumb\",\"itemListElement\":[{\"@type\":\"ListItem\",\"position\":1,\"name\":\"Portada\",\"item\":\"https:\/\/www.lausinyvicente.com\/\"},{\"@type\":\"ListItem\",\"position\":2,\"name\":\"Boutique\",\"item\":\"https:\/\/www.lausinyvicente.com\/fr\/boutique\"},{\"@type\":\"ListItem\",\"position\":3,\"name\":\"Buts de basketball suspendus monotube \u201cM\u00f3dica\u201d\"}]},{\"@type\":\"WebSite\",\"@id\":\"https:\/\/www.lausinyvicente.com\/#website\",\"url\":\"https:\/\/www.lausinyvicente.com\/\",\"name\":\"Laus\u00edn y Vicente\",\"description\":\"Fabricaci\u00f3n y distribuci\u00f3n de material deportivo\",\"potentialAction\":[{\"@type\":\"SearchAction\",\"target\":{\"@type\":\"EntryPoint\",\"urlTemplate\":\"https:\/\/www.lausinyvicente.com\/?s={search_term_string}\"},\"query-input\":{\"@type\":\"PropertyValueSpecification\",\"valueRequired\":true,\"valueName\":\"search_term_string\"}}],\"inLanguage\":\"fr-FR\"}]}<\/script>\n<!-- \/ Yoast SEO plugin. -->","yoast_head_json":{"title":"Buts de basketball suspendus monotube \u201cM\u00f3dica\u201d - Laus\u00edn y Vicente","robots":{"index":"index","follow":"follow","max-snippet":"max-snippet:-1","max-image-preview":"max-image-preview:large","max-video-preview":"max-video-preview:-1"},"canonical":"https:\/\/www.lausinyvicente.com\/fr\/equipement-sport\/basketball\/buts-basketball-suspendus-monotube-modica","og_locale":"fr_FR","og_type":"article","og_title":"Buts de basketball suspendus monotube \u201cM\u00f3dica\u201d - Laus\u00edn y Vicente","og_description":"Le but de basketball suspendu monotube, mod\u00e8le \u201cM\u00d3DICA\u201d, a \u00e9t\u00e9 con\u00e7u et fabriqu\u00e9 pour \u00eatre suspendu au plafond, dans diff\u00e9rentes installations sportives, au moyen d\u2019un syst\u00e8me d\u2019ancrage qui s\u2019adapte de mani\u00e8re aux diff\u00e9rentes structures d\u2019installation. Toutes les dimensions et les caract\u00e9ristiques de ce produit sont conformes \u00e0 la norme europ\u00e9enne EN-1270. Le but monotube est compos\u00e9 des principaux \u00e9l\u00e9ments suivants: Le bras principal du but est fabriqu\u00e9 en profil\u00e9 carr\u00e9 en acier structurel 100 x 100 x 3 mm. Le point d\u2019articulation se trouve sur sa partie sup\u00e9rieure, permettant de monter et descendre le but. Les bras lat\u00e9raux de renfort apportent rigidit\u00e9 et stabilit\u00e9 \u00e0 l\u2019ensemble du but. Le tirant moteur est le c\u00e2ble qui permet de monter et descendre le but. Il va du moteur du but install\u00e9 dans la partie avant sup\u00e9rieure de la structure additionnelle au point de fixation sur le bras principal. Les tirants lat\u00e9raux correspondent aux c\u00e2bles qui supportent et stabilisent l\u2019ensemble du but en position de jeu. Ils sont fix\u00e9s de la partie avant sup\u00e9rieure de la structure additionnelle au point de fixation sur le bras principal. L\u2019ensemble support-panneau est la structure sur laquelle le panneau et le cercle sont pos\u00e9s. L\u2019ensemble des pi\u00e8ces m\u00e9talliques est rev\u00eatu de peinture \u00e9poxy. Cette finition conf\u00e8re \u00e0 ces \u00e9l\u00e9ments une bonne r\u00e9sistance \u00e0 la corrosion et aux rayons ultraviolets en plus d\u2019\u00eatre tr\u00e8s r\u00e9sistante aux chocs m\u00e9caniques. Motor\u00e9ducteurs et bo\u00eetier de commande inclus. Les \u00e9l\u00e9ments suivants ne sont pas inclus dans la r\u00e9f\u00e9rence : Panneaux, cercles et filets. Le cas \u00e9ch\u00e9ant, ils doivent \u00eatre command\u00e9s avec leurs propres r\u00e9f\u00e9rences. Prix par paire.","og_url":"https:\/\/www.lausinyvicente.com\/fr\/equipement-sport\/basketball\/buts-basketball-suspendus-monotube-modica","og_site_name":"Laus\u00edn y Vicente","og_image":[{"width":720,"height":490,"url":"https:\/\/www.lausinyvicente.com\/wp-content\/uploads\/2022\/11\/D.01.210-canasta-baloncesto-colgante-monotubo-MODICA.jpg","type":"image\/jpeg"}],"twitter_card":"summary_large_image","schema":{"@context":"https:\/\/schema.org","@graph":[{"@type":"WebPage","@id":"https:\/\/www.lausinyvicente.com\/fr\/equipement-sport\/basketball\/buts-basketball-suspendus-monotube-modica","url":"https:\/\/www.lausinyvicente.com\/fr\/equipement-sport\/basketball\/buts-basketball-suspendus-monotube-modica","name":"Buts de basketball suspendus monotube \u201cM\u00f3dica\u201d - Laus\u00edn y Vicente","isPartOf":{"@id":"https:\/\/www.lausinyvicente.com\/#website"},"primaryImageOfPage":{"@id":"https:\/\/www.lausinyvicente.com\/fr\/equipement-sport\/basketball\/buts-basketball-suspendus-monotube-modica#primaryimage"},"image":{"@id":"https:\/\/www.lausinyvicente.com\/fr\/equipement-sport\/basketball\/buts-basketball-suspendus-monotube-modica#primaryimage"},"thumbnailUrl":"https:\/\/www.lausinyvicente.com\/wp-content\/uploads\/2022\/11\/D.01.210-canasta-baloncesto-colgante-monotubo-MODICA.jpg","datePublished":"2022-11-29T15:34:11+00:00","breadcrumb":{"@id":"https:\/\/www.lausinyvicente.com\/fr\/equipement-sport\/basketball\/buts-basketball-suspendus-monotube-modica#breadcrumb"},"inLanguage":"fr-FR","potentialAction":[{"@type":"ReadAction","target":["https:\/\/www.lausinyvicente.com\/fr\/equipement-sport\/basketball\/buts-basketball-suspendus-monotube-modica"]}]},{"@type":"ImageObject","inLanguage":"fr-FR","@id":"https:\/\/www.lausinyvicente.com\/fr\/equipement-sport\/basketball\/buts-basketball-suspendus-monotube-modica#primaryimage","url":"https:\/\/www.lausinyvicente.com\/wp-content\/uploads\/2022\/11\/D.01.210-canasta-baloncesto-colgante-monotubo-MODICA.jpg","contentUrl":"https:\/\/www.lausinyvicente.com\/wp-content\/uploads\/2022\/11\/D.01.210-canasta-baloncesto-colgante-monotubo-MODICA.jpg","width":720,"height":490},{"@type":"BreadcrumbList","@id":"https:\/\/www.lausinyvicente.com\/fr\/equipement-sport\/basketball\/buts-basketball-suspendus-monotube-modica#breadcrumb","itemListElement":[{"@type":"ListItem","position":1,"name":"Portada","item":"https:\/\/www.lausinyvicente.com\/"},{"@type":"ListItem","position":2,"name":"Boutique","item":"https:\/\/www.lausinyvicente.com\/fr\/boutique"},{"@type":"ListItem","position":3,"name":"Buts de basketball suspendus monotube \u201cM\u00f3dica\u201d"}]},{"@type":"WebSite","@id":"https:\/\/www.lausinyvicente.com\/#website","url":"https:\/\/www.lausinyvicente.com\/","name":"Laus\u00edn y Vicente","description":"Fabricaci\u00f3n y distribuci\u00f3n de material deportivo","potentialAction":[{"@type":"SearchAction","target":{"@type":"EntryPoint","urlTemplate":"https:\/\/www.lausinyvicente.com\/?s={search_term_string}"},"query-input":{"@type":"PropertyValueSpecification","valueRequired":true,"valueName":"search_term_string"}}],"inLanguage":"fr-FR"}]}},"_links":{"self":[{"href":"https:\/\/www.lausinyvicente.com\/fr\/wp-json\/wp\/v2\/product\/4825","targetHints":{"allow":["GET"]}}],"collection":[{"href":"https:\/\/www.lausinyvicente.com\/fr\/wp-json\/wp\/v2\/product"}],"about":[{"href":"https:\/\/www.lausinyvicente.com\/fr\/wp-json\/wp\/v2\/types\/product"}],"wp:featuredmedia":[{"embeddable":true,"href":"https:\/\/www.lausinyvicente.com\/fr\/wp-json\/wp\/v2\/media\/2484"}],"wp:attachment":[{"href":"https:\/\/www.lausinyvicente.com\/fr\/wp-json\/wp\/v2\/media?parent=4825"}],"wp:term":[{"taxonomy":"product_cat","embeddable":true,"href":"https:\/\/www.lausinyvicente.com\/fr\/wp-json\/wp\/v2\/product_cat?post=4825"},{"taxonomy":"product_tag","embeddable":true,"href":"https:\/\/www.lausinyvicente.com\/fr\/wp-json\/wp\/v2\/product_tag?post=4825"}],"curies":[{"name":"wp","href":"https:\/\/api.w.org\/{rel}","templated":true}]}}