{"id":4844,"date":"2022-11-29T15:24:33","date_gmt":"2022-11-29T15:24:33","guid":{"rendered":"https:\/\/www.lausinyvicente.com\/non class\u00e9\/buts-de-basketball-et-mini-basketball-scolaires-fixes-turin\/"},"modified":"2022-11-29T15:24:33","modified_gmt":"2022-11-29T15:24:33","slug":"buts-basketball-mini-basketball-scolaires-fixes-turin","status":"publish","type":"product","link":"https:\/\/www.lausinyvicente.com\/fr\/equipement-sport\/basketball\/buts-basketball-mini-basketball-scolaires-fixes-turin","title":{"rendered":"Buts de basketball et mini-basketball scolaires fixes \u201cTur\u00edn\u201d"},"content":{"rendered":"","protected":false},"excerpt":{"rendered":"<p>But de basketball et mini-basketball fixe au sol, con\u00e7u et fabriqu\u00e9 principalement pour \u00eatre utilis\u00e9 dans des installations de plein air telles que les \u00e9coles, installations municipales, quartiers r\u00e9sidentiels ou clubs sportifs. L\u2019ensemble de la structure est compos\u00e9 de deux pi\u00e8ces, montant central et bras, fabriqu\u00e9es en tube carr\u00e9 structurel 100 ou 150 mm et fix\u00e9es entre elles au moyen d\u2019assemblages viss\u00e9s. Le but est ancr\u00e9 au sol au moyen d\u2019une plaque fix\u00e9e par quatre chevilles ins\u00e9r\u00e9es dans une semelle en b\u00e9ton. Dans la partie sup\u00e9rieure du but, deux jambes de force apportent rigidit\u00e9 et stabilit\u00e9 au cadre du panneau. L\u2019ensemble des pi\u00e8ces est soumis \u00e0 un traitement de surface moyennant l\u2019application de peinture \u00e9poxy au four. Les panneaux, cercles, filets et protections ne sont pas inclus dans la r\u00e9f\u00e9rence. Le cas \u00e9ch\u00e9ant, ils doivent \u00eatre command\u00e9s avec leurs propres r\u00e9f\u00e9rences. Si l\u2019ancrage du but doit \u00eatre enterr\u00e9, veuillez nous l\u2019indiquer lors de votre commande. Prix par paire.<\/p>\n","protected":false},"featured_media":2474,"template":"","meta":[],"product_cat":[162,143],"product_tag":[],"class_list":{"0":"post-4844","1":"product","2":"type-product","3":"status-publish","4":"has-post-thumbnail","6":"product_cat-basketball","7":"product_cat-equipement-sport","9":"first","10":"instock","11":"shipping-taxable","12":"purchasable","13":"product-type-variable"},"yoast_head":"<!-- This site is optimized with the Yoast SEO plugin v27.0 - https:\/\/yoast.com\/product\/yoast-seo-wordpress\/ -->\n<title>Buts de basketball et mini-basketball scolaires fixes \u201cTur\u00edn\u201d - Laus\u00edn y Vicente<\/title>\n<meta name=\"robots\" content=\"index, follow, max-snippet:-1, max-image-preview:large, max-video-preview:-1\" \/>\n<link rel=\"canonical\" href=\"https:\/\/www.lausinyvicente.com\/fr\/equipement-sport\/basketball\/buts-basketball-mini-basketball-scolaires-fixes-turin\" \/>\n<meta property=\"og:locale\" content=\"fr_FR\" \/>\n<meta property=\"og:type\" content=\"article\" \/>\n<meta property=\"og:title\" content=\"Buts de basketball et mini-basketball scolaires fixes \u201cTur\u00edn\u201d - Laus\u00edn y Vicente\" \/>\n<meta property=\"og:description\" content=\"But de basketball et mini-basketball fixe au sol, con\u00e7u et fabriqu\u00e9 principalement pour \u00eatre utilis\u00e9 dans des installations de plein air telles que les \u00e9coles, installations municipales, quartiers r\u00e9sidentiels ou clubs sportifs. L\u2019ensemble de la structure est compos\u00e9 de deux pi\u00e8ces, montant central et bras, fabriqu\u00e9es en tube carr\u00e9 structurel 100 ou 150 mm et fix\u00e9es entre elles au moyen d\u2019assemblages viss\u00e9s. Le but est ancr\u00e9 au sol au moyen d\u2019une plaque fix\u00e9e par quatre chevilles ins\u00e9r\u00e9es dans une semelle en b\u00e9ton. Dans la partie sup\u00e9rieure du but, deux jambes de force apportent rigidit\u00e9 et stabilit\u00e9 au cadre du panneau. L\u2019ensemble des pi\u00e8ces est soumis \u00e0 un traitement de surface moyennant l\u2019application de peinture \u00e9poxy au four. Les panneaux, cercles, filets et protections ne sont pas inclus dans la r\u00e9f\u00e9rence. Le cas \u00e9ch\u00e9ant, ils doivent \u00eatre command\u00e9s avec leurs propres r\u00e9f\u00e9rences. Si l\u2019ancrage du but doit \u00eatre enterr\u00e9, veuillez nous l\u2019indiquer lors de votre commande. Prix par paire.\" \/>\n<meta property=\"og:url\" content=\"https:\/\/www.lausinyvicente.com\/fr\/equipement-sport\/basketball\/buts-basketball-mini-basketball-scolaires-fixes-turin\" \/>\n<meta property=\"og:site_name\" content=\"Laus\u00edn y Vicente\" \/>\n<meta property=\"og:image\" content=\"https:\/\/www.lausinyvicente.com\/wp-content\/uploads\/2022\/11\/D.01.060-canasta-baloncesto-minibasket-escolar-fija-TURIN-2.jpg\" \/>\n\t<meta property=\"og:image:width\" content=\"720\" \/>\n\t<meta property=\"og:image:height\" content=\"490\" \/>\n\t<meta property=\"og:image:type\" content=\"image\/jpeg\" \/>\n<meta name=\"twitter:card\" content=\"summary_large_image\" \/>\n<script type=\"application\/ld+json\" class=\"yoast-schema-graph\">{\"@context\":\"https:\/\/schema.org\",\"@graph\":[{\"@type\":\"WebPage\",\"@id\":\"https:\/\/www.lausinyvicente.com\/fr\/equipement-sport\/basketball\/buts-basketball-mini-basketball-scolaires-fixes-turin\",\"url\":\"https:\/\/www.lausinyvicente.com\/fr\/equipement-sport\/basketball\/buts-basketball-mini-basketball-scolaires-fixes-turin\",\"name\":\"Buts de basketball et mini-basketball scolaires fixes \u201cTur\u00edn\u201d - Laus\u00edn y Vicente\",\"isPartOf\":{\"@id\":\"https:\/\/www.lausinyvicente.com\/#website\"},\"primaryImageOfPage\":{\"@id\":\"https:\/\/www.lausinyvicente.com\/fr\/equipement-sport\/basketball\/buts-basketball-mini-basketball-scolaires-fixes-turin#primaryimage\"},\"image\":{\"@id\":\"https:\/\/www.lausinyvicente.com\/fr\/equipement-sport\/basketball\/buts-basketball-mini-basketball-scolaires-fixes-turin#primaryimage\"},\"thumbnailUrl\":\"https:\/\/www.lausinyvicente.com\/wp-content\/uploads\/2022\/11\/D.01.060-canasta-baloncesto-minibasket-escolar-fija-TURIN-2.jpg\",\"datePublished\":\"2022-11-29T15:24:33+00:00\",\"breadcrumb\":{\"@id\":\"https:\/\/www.lausinyvicente.com\/fr\/equipement-sport\/basketball\/buts-basketball-mini-basketball-scolaires-fixes-turin#breadcrumb\"},\"inLanguage\":\"fr-FR\",\"potentialAction\":[{\"@type\":\"ReadAction\",\"target\":[\"https:\/\/www.lausinyvicente.com\/fr\/equipement-sport\/basketball\/buts-basketball-mini-basketball-scolaires-fixes-turin\"]}]},{\"@type\":\"ImageObject\",\"inLanguage\":\"fr-FR\",\"@id\":\"https:\/\/www.lausinyvicente.com\/fr\/equipement-sport\/basketball\/buts-basketball-mini-basketball-scolaires-fixes-turin#primaryimage\",\"url\":\"https:\/\/www.lausinyvicente.com\/wp-content\/uploads\/2022\/11\/D.01.060-canasta-baloncesto-minibasket-escolar-fija-TURIN-2.jpg\",\"contentUrl\":\"https:\/\/www.lausinyvicente.com\/wp-content\/uploads\/2022\/11\/D.01.060-canasta-baloncesto-minibasket-escolar-fija-TURIN-2.jpg\",\"width\":720,\"height\":490},{\"@type\":\"BreadcrumbList\",\"@id\":\"https:\/\/www.lausinyvicente.com\/fr\/equipement-sport\/basketball\/buts-basketball-mini-basketball-scolaires-fixes-turin#breadcrumb\",\"itemListElement\":[{\"@type\":\"ListItem\",\"position\":1,\"name\":\"Portada\",\"item\":\"https:\/\/www.lausinyvicente.com\/\"},{\"@type\":\"ListItem\",\"position\":2,\"name\":\"Boutique\",\"item\":\"https:\/\/www.lausinyvicente.com\/fr\/boutique\"},{\"@type\":\"ListItem\",\"position\":3,\"name\":\"Buts de basketball et mini-basketball scolaires fixes \u201cTur\u00edn\u201d\"}]},{\"@type\":\"WebSite\",\"@id\":\"https:\/\/www.lausinyvicente.com\/#website\",\"url\":\"https:\/\/www.lausinyvicente.com\/\",\"name\":\"Laus\u00edn y Vicente\",\"description\":\"Fabricaci\u00f3n y distribuci\u00f3n de material deportivo\",\"potentialAction\":[{\"@type\":\"SearchAction\",\"target\":{\"@type\":\"EntryPoint\",\"urlTemplate\":\"https:\/\/www.lausinyvicente.com\/?s={search_term_string}\"},\"query-input\":{\"@type\":\"PropertyValueSpecification\",\"valueRequired\":true,\"valueName\":\"search_term_string\"}}],\"inLanguage\":\"fr-FR\"}]}<\/script>\n<!-- \/ Yoast SEO plugin. -->","yoast_head_json":{"title":"Buts de basketball et mini-basketball scolaires fixes \u201cTur\u00edn\u201d - Laus\u00edn y Vicente","robots":{"index":"index","follow":"follow","max-snippet":"max-snippet:-1","max-image-preview":"max-image-preview:large","max-video-preview":"max-video-preview:-1"},"canonical":"https:\/\/www.lausinyvicente.com\/fr\/equipement-sport\/basketball\/buts-basketball-mini-basketball-scolaires-fixes-turin","og_locale":"fr_FR","og_type":"article","og_title":"Buts de basketball et mini-basketball scolaires fixes \u201cTur\u00edn\u201d - Laus\u00edn y Vicente","og_description":"But de basketball et mini-basketball fixe au sol, con\u00e7u et fabriqu\u00e9 principalement pour \u00eatre utilis\u00e9 dans des installations de plein air telles que les \u00e9coles, installations municipales, quartiers r\u00e9sidentiels ou clubs sportifs. L\u2019ensemble de la structure est compos\u00e9 de deux pi\u00e8ces, montant central et bras, fabriqu\u00e9es en tube carr\u00e9 structurel 100 ou 150 mm et fix\u00e9es entre elles au moyen d\u2019assemblages viss\u00e9s. Le but est ancr\u00e9 au sol au moyen d\u2019une plaque fix\u00e9e par quatre chevilles ins\u00e9r\u00e9es dans une semelle en b\u00e9ton. Dans la partie sup\u00e9rieure du but, deux jambes de force apportent rigidit\u00e9 et stabilit\u00e9 au cadre du panneau. L\u2019ensemble des pi\u00e8ces est soumis \u00e0 un traitement de surface moyennant l\u2019application de peinture \u00e9poxy au four. Les panneaux, cercles, filets et protections ne sont pas inclus dans la r\u00e9f\u00e9rence. Le cas \u00e9ch\u00e9ant, ils doivent \u00eatre command\u00e9s avec leurs propres r\u00e9f\u00e9rences. Si l\u2019ancrage du but doit \u00eatre enterr\u00e9, veuillez nous l\u2019indiquer lors de votre commande. Prix par paire.","og_url":"https:\/\/www.lausinyvicente.com\/fr\/equipement-sport\/basketball\/buts-basketball-mini-basketball-scolaires-fixes-turin","og_site_name":"Laus\u00edn y Vicente","og_image":[{"width":720,"height":490,"url":"https:\/\/www.lausinyvicente.com\/wp-content\/uploads\/2022\/11\/D.01.060-canasta-baloncesto-minibasket-escolar-fija-TURIN-2.jpg","type":"image\/jpeg"}],"twitter_card":"summary_large_image","schema":{"@context":"https:\/\/schema.org","@graph":[{"@type":"WebPage","@id":"https:\/\/www.lausinyvicente.com\/fr\/equipement-sport\/basketball\/buts-basketball-mini-basketball-scolaires-fixes-turin","url":"https:\/\/www.lausinyvicente.com\/fr\/equipement-sport\/basketball\/buts-basketball-mini-basketball-scolaires-fixes-turin","name":"Buts de basketball et mini-basketball scolaires fixes \u201cTur\u00edn\u201d - Laus\u00edn y Vicente","isPartOf":{"@id":"https:\/\/www.lausinyvicente.com\/#website"},"primaryImageOfPage":{"@id":"https:\/\/www.lausinyvicente.com\/fr\/equipement-sport\/basketball\/buts-basketball-mini-basketball-scolaires-fixes-turin#primaryimage"},"image":{"@id":"https:\/\/www.lausinyvicente.com\/fr\/equipement-sport\/basketball\/buts-basketball-mini-basketball-scolaires-fixes-turin#primaryimage"},"thumbnailUrl":"https:\/\/www.lausinyvicente.com\/wp-content\/uploads\/2022\/11\/D.01.060-canasta-baloncesto-minibasket-escolar-fija-TURIN-2.jpg","datePublished":"2022-11-29T15:24:33+00:00","breadcrumb":{"@id":"https:\/\/www.lausinyvicente.com\/fr\/equipement-sport\/basketball\/buts-basketball-mini-basketball-scolaires-fixes-turin#breadcrumb"},"inLanguage":"fr-FR","potentialAction":[{"@type":"ReadAction","target":["https:\/\/www.lausinyvicente.com\/fr\/equipement-sport\/basketball\/buts-basketball-mini-basketball-scolaires-fixes-turin"]}]},{"@type":"ImageObject","inLanguage":"fr-FR","@id":"https:\/\/www.lausinyvicente.com\/fr\/equipement-sport\/basketball\/buts-basketball-mini-basketball-scolaires-fixes-turin#primaryimage","url":"https:\/\/www.lausinyvicente.com\/wp-content\/uploads\/2022\/11\/D.01.060-canasta-baloncesto-minibasket-escolar-fija-TURIN-2.jpg","contentUrl":"https:\/\/www.lausinyvicente.com\/wp-content\/uploads\/2022\/11\/D.01.060-canasta-baloncesto-minibasket-escolar-fija-TURIN-2.jpg","width":720,"height":490},{"@type":"BreadcrumbList","@id":"https:\/\/www.lausinyvicente.com\/fr\/equipement-sport\/basketball\/buts-basketball-mini-basketball-scolaires-fixes-turin#breadcrumb","itemListElement":[{"@type":"ListItem","position":1,"name":"Portada","item":"https:\/\/www.lausinyvicente.com\/"},{"@type":"ListItem","position":2,"name":"Boutique","item":"https:\/\/www.lausinyvicente.com\/fr\/boutique"},{"@type":"ListItem","position":3,"name":"Buts de basketball et mini-basketball scolaires fixes \u201cTur\u00edn\u201d"}]},{"@type":"WebSite","@id":"https:\/\/www.lausinyvicente.com\/#website","url":"https:\/\/www.lausinyvicente.com\/","name":"Laus\u00edn y Vicente","description":"Fabricaci\u00f3n y distribuci\u00f3n de material deportivo","potentialAction":[{"@type":"SearchAction","target":{"@type":"EntryPoint","urlTemplate":"https:\/\/www.lausinyvicente.com\/?s={search_term_string}"},"query-input":{"@type":"PropertyValueSpecification","valueRequired":true,"valueName":"search_term_string"}}],"inLanguage":"fr-FR"}]}},"_links":{"self":[{"href":"https:\/\/www.lausinyvicente.com\/fr\/wp-json\/wp\/v2\/product\/4844","targetHints":{"allow":["GET"]}}],"collection":[{"href":"https:\/\/www.lausinyvicente.com\/fr\/wp-json\/wp\/v2\/product"}],"about":[{"href":"https:\/\/www.lausinyvicente.com\/fr\/wp-json\/wp\/v2\/types\/product"}],"wp:featuredmedia":[{"embeddable":true,"href":"https:\/\/www.lausinyvicente.com\/fr\/wp-json\/wp\/v2\/media\/2474"}],"wp:attachment":[{"href":"https:\/\/www.lausinyvicente.com\/fr\/wp-json\/wp\/v2\/media?parent=4844"}],"wp:term":[{"taxonomy":"product_cat","embeddable":true,"href":"https:\/\/www.lausinyvicente.com\/fr\/wp-json\/wp\/v2\/product_cat?post=4844"},{"taxonomy":"product_tag","embeddable":true,"href":"https:\/\/www.lausinyvicente.com\/fr\/wp-json\/wp\/v2\/product_tag?post=4844"}],"curies":[{"name":"wp","href":"https:\/\/api.w.org\/{rel}","templated":true}]}}