{"id":4888,"date":"2022-11-28T17:02:22","date_gmt":"2022-11-28T17:02:22","guid":{"rendered":"https:\/\/www.lausinyvicente.com\/non class\u00e9\/boitier-de-commande-buts-de-basketball-suspendus\/"},"modified":"2022-11-28T17:02:22","modified_gmt":"2022-11-28T17:02:22","slug":"boitier-commande-buts-basketball-suspendus","status":"publish","type":"product","link":"https:\/\/www.lausinyvicente.com\/fr\/equipement-sport\/basketball\/boitier-commande-buts-basketball-suspendus","title":{"rendered":"Bo\u00eetier de commande buts de basketball suspendus"},"content":{"rendered":"","protected":false},"excerpt":{"rendered":"<p>Pi\u00e8ce de rechange pour buts suspendus mod. \u201cM\u00f3dica \u201c et \u201cBari\u201d. Bo\u00eetier de commande pour buts automatique mont\u00e9 dans un coffret m\u00e9tallique de 400 x 300 x 200 mm. Entr\u00e9e et sortie bornes par la partie inf\u00e9rieure. Bornes de fin de course. Interrupteur sectionneur en charge en t\u00eate de 4&#215;12 A avec commande \u00e0 clef sur porte (d\u00e9verrouill\u00e9e sur position 0). Il dispose de deux sorties pour motor\u00e9ducteurs 1,5 CV 400 V chacun avec un disjoncteur pour la protection des moteurs commun de 1,6-2,5 A et deux contacteurs tripolaires pour inversion du sens de rotation avec enclenchements m\u00e9caniques et \u00e9lectriques. Touches et voyant sur la porte avec 2 voyants verts de fonctionnement (Up-Down), 1 voyant rouge de d\u00e9clenchement, 1 s\u00e9lecteur (Basket 1-Basket 2), 2 touches (UP-DOWN). Complet, mont\u00e9 et c\u00e2bl\u00e9. Prix unitaire.         <\/p>\n","protected":false},"featured_media":2468,"template":"","meta":[],"product_cat":[162,143],"product_tag":[],"class_list":{"0":"post-4888","1":"product","2":"type-product","3":"status-publish","4":"has-post-thumbnail","6":"product_cat-basketball","7":"product_cat-equipement-sport","9":"first","10":"instock","11":"shipping-taxable","12":"purchasable","13":"product-type-variable"},"yoast_head":"<!-- This site is optimized with the Yoast SEO plugin v27.0 - https:\/\/yoast.com\/product\/yoast-seo-wordpress\/ -->\n<title>Bo\u00eetier de commande buts de basketball suspendus - Laus\u00edn y Vicente<\/title>\n<meta name=\"robots\" content=\"index, follow, max-snippet:-1, max-image-preview:large, max-video-preview:-1\" \/>\n<link rel=\"canonical\" href=\"https:\/\/www.lausinyvicente.com\/fr\/equipement-sport\/basketball\/boitier-commande-buts-basketball-suspendus\" \/>\n<meta property=\"og:locale\" content=\"fr_FR\" \/>\n<meta property=\"og:type\" content=\"article\" \/>\n<meta property=\"og:title\" content=\"Bo\u00eetier de commande buts de basketball suspendus - Laus\u00edn y Vicente\" \/>\n<meta property=\"og:description\" content=\"Pi\u00e8ce de rechange pour buts suspendus mod. \u201cM\u00f3dica \u201c et \u201cBari\u201d. Bo\u00eetier de commande pour buts automatique mont\u00e9 dans un coffret m\u00e9tallique de 400 x 300 x 200 mm. Entr\u00e9e et sortie bornes par la partie inf\u00e9rieure. Bornes de fin de course. Interrupteur sectionneur en charge en t\u00eate de 4x12 A avec commande \u00e0 clef sur porte (d\u00e9verrouill\u00e9e sur position 0). Il dispose de deux sorties pour motor\u00e9ducteurs 1,5 CV 400 V chacun avec un disjoncteur pour la protection des moteurs commun de 1,6-2,5 A et deux contacteurs tripolaires pour inversion du sens de rotation avec enclenchements m\u00e9caniques et \u00e9lectriques. Touches et voyant sur la porte avec 2 voyants verts de fonctionnement (Up-Down), 1 voyant rouge de d\u00e9clenchement, 1 s\u00e9lecteur (Basket 1-Basket 2), 2 touches (UP-DOWN). Complet, mont\u00e9 et c\u00e2bl\u00e9. Prix unitaire.\" \/>\n<meta property=\"og:url\" content=\"https:\/\/www.lausinyvicente.com\/fr\/equipement-sport\/basketball\/boitier-commande-buts-basketball-suspendus\" \/>\n<meta property=\"og:site_name\" content=\"Laus\u00edn y Vicente\" \/>\n<meta property=\"og:image\" content=\"https:\/\/www.lausinyvicente.com\/wp-content\/uploads\/2022\/11\/D.01.63-cuadro-maniobra-canasta-baloncesto-colgante.jpg\" \/>\n\t<meta property=\"og:image:width\" content=\"720\" \/>\n\t<meta property=\"og:image:height\" content=\"490\" \/>\n\t<meta property=\"og:image:type\" content=\"image\/jpeg\" \/>\n<meta name=\"twitter:card\" content=\"summary_large_image\" \/>\n<script type=\"application\/ld+json\" class=\"yoast-schema-graph\">{\"@context\":\"https:\/\/schema.org\",\"@graph\":[{\"@type\":\"WebPage\",\"@id\":\"https:\/\/www.lausinyvicente.com\/fr\/equipement-sport\/basketball\/boitier-commande-buts-basketball-suspendus\",\"url\":\"https:\/\/www.lausinyvicente.com\/fr\/equipement-sport\/basketball\/boitier-commande-buts-basketball-suspendus\",\"name\":\"Bo\u00eetier de commande buts de basketball suspendus - Laus\u00edn y Vicente\",\"isPartOf\":{\"@id\":\"https:\/\/www.lausinyvicente.com\/#website\"},\"primaryImageOfPage\":{\"@id\":\"https:\/\/www.lausinyvicente.com\/fr\/equipement-sport\/basketball\/boitier-commande-buts-basketball-suspendus#primaryimage\"},\"image\":{\"@id\":\"https:\/\/www.lausinyvicente.com\/fr\/equipement-sport\/basketball\/boitier-commande-buts-basketball-suspendus#primaryimage\"},\"thumbnailUrl\":\"https:\/\/www.lausinyvicente.com\/wp-content\/uploads\/2022\/11\/D.01.63-cuadro-maniobra-canasta-baloncesto-colgante.jpg\",\"datePublished\":\"2022-11-28T17:02:22+00:00\",\"breadcrumb\":{\"@id\":\"https:\/\/www.lausinyvicente.com\/fr\/equipement-sport\/basketball\/boitier-commande-buts-basketball-suspendus#breadcrumb\"},\"inLanguage\":\"fr-FR\",\"potentialAction\":[{\"@type\":\"ReadAction\",\"target\":[\"https:\/\/www.lausinyvicente.com\/fr\/equipement-sport\/basketball\/boitier-commande-buts-basketball-suspendus\"]}]},{\"@type\":\"ImageObject\",\"inLanguage\":\"fr-FR\",\"@id\":\"https:\/\/www.lausinyvicente.com\/fr\/equipement-sport\/basketball\/boitier-commande-buts-basketball-suspendus#primaryimage\",\"url\":\"https:\/\/www.lausinyvicente.com\/wp-content\/uploads\/2022\/11\/D.01.63-cuadro-maniobra-canasta-baloncesto-colgante.jpg\",\"contentUrl\":\"https:\/\/www.lausinyvicente.com\/wp-content\/uploads\/2022\/11\/D.01.63-cuadro-maniobra-canasta-baloncesto-colgante.jpg\",\"width\":720,\"height\":490},{\"@type\":\"BreadcrumbList\",\"@id\":\"https:\/\/www.lausinyvicente.com\/fr\/equipement-sport\/basketball\/boitier-commande-buts-basketball-suspendus#breadcrumb\",\"itemListElement\":[{\"@type\":\"ListItem\",\"position\":1,\"name\":\"Portada\",\"item\":\"https:\/\/www.lausinyvicente.com\/\"},{\"@type\":\"ListItem\",\"position\":2,\"name\":\"Boutique\",\"item\":\"https:\/\/www.lausinyvicente.com\/fr\/boutique\"},{\"@type\":\"ListItem\",\"position\":3,\"name\":\"Bo\u00eetier de commande buts de basketball suspendus\"}]},{\"@type\":\"WebSite\",\"@id\":\"https:\/\/www.lausinyvicente.com\/#website\",\"url\":\"https:\/\/www.lausinyvicente.com\/\",\"name\":\"Laus\u00edn y Vicente\",\"description\":\"Fabricaci\u00f3n y distribuci\u00f3n de material deportivo\",\"potentialAction\":[{\"@type\":\"SearchAction\",\"target\":{\"@type\":\"EntryPoint\",\"urlTemplate\":\"https:\/\/www.lausinyvicente.com\/?s={search_term_string}\"},\"query-input\":{\"@type\":\"PropertyValueSpecification\",\"valueRequired\":true,\"valueName\":\"search_term_string\"}}],\"inLanguage\":\"fr-FR\"}]}<\/script>\n<!-- \/ Yoast SEO plugin. -->","yoast_head_json":{"title":"Bo\u00eetier de commande buts de basketball suspendus - Laus\u00edn y Vicente","robots":{"index":"index","follow":"follow","max-snippet":"max-snippet:-1","max-image-preview":"max-image-preview:large","max-video-preview":"max-video-preview:-1"},"canonical":"https:\/\/www.lausinyvicente.com\/fr\/equipement-sport\/basketball\/boitier-commande-buts-basketball-suspendus","og_locale":"fr_FR","og_type":"article","og_title":"Bo\u00eetier de commande buts de basketball suspendus - Laus\u00edn y Vicente","og_description":"Pi\u00e8ce de rechange pour buts suspendus mod. \u201cM\u00f3dica \u201c et \u201cBari\u201d. Bo\u00eetier de commande pour buts automatique mont\u00e9 dans un coffret m\u00e9tallique de 400 x 300 x 200 mm. Entr\u00e9e et sortie bornes par la partie inf\u00e9rieure. Bornes de fin de course. Interrupteur sectionneur en charge en t\u00eate de 4x12 A avec commande \u00e0 clef sur porte (d\u00e9verrouill\u00e9e sur position 0). Il dispose de deux sorties pour motor\u00e9ducteurs 1,5 CV 400 V chacun avec un disjoncteur pour la protection des moteurs commun de 1,6-2,5 A et deux contacteurs tripolaires pour inversion du sens de rotation avec enclenchements m\u00e9caniques et \u00e9lectriques. Touches et voyant sur la porte avec 2 voyants verts de fonctionnement (Up-Down), 1 voyant rouge de d\u00e9clenchement, 1 s\u00e9lecteur (Basket 1-Basket 2), 2 touches (UP-DOWN). Complet, mont\u00e9 et c\u00e2bl\u00e9. Prix unitaire.","og_url":"https:\/\/www.lausinyvicente.com\/fr\/equipement-sport\/basketball\/boitier-commande-buts-basketball-suspendus","og_site_name":"Laus\u00edn y Vicente","og_image":[{"width":720,"height":490,"url":"https:\/\/www.lausinyvicente.com\/wp-content\/uploads\/2022\/11\/D.01.63-cuadro-maniobra-canasta-baloncesto-colgante.jpg","type":"image\/jpeg"}],"twitter_card":"summary_large_image","schema":{"@context":"https:\/\/schema.org","@graph":[{"@type":"WebPage","@id":"https:\/\/www.lausinyvicente.com\/fr\/equipement-sport\/basketball\/boitier-commande-buts-basketball-suspendus","url":"https:\/\/www.lausinyvicente.com\/fr\/equipement-sport\/basketball\/boitier-commande-buts-basketball-suspendus","name":"Bo\u00eetier de commande buts de basketball suspendus - Laus\u00edn y Vicente","isPartOf":{"@id":"https:\/\/www.lausinyvicente.com\/#website"},"primaryImageOfPage":{"@id":"https:\/\/www.lausinyvicente.com\/fr\/equipement-sport\/basketball\/boitier-commande-buts-basketball-suspendus#primaryimage"},"image":{"@id":"https:\/\/www.lausinyvicente.com\/fr\/equipement-sport\/basketball\/boitier-commande-buts-basketball-suspendus#primaryimage"},"thumbnailUrl":"https:\/\/www.lausinyvicente.com\/wp-content\/uploads\/2022\/11\/D.01.63-cuadro-maniobra-canasta-baloncesto-colgante.jpg","datePublished":"2022-11-28T17:02:22+00:00","breadcrumb":{"@id":"https:\/\/www.lausinyvicente.com\/fr\/equipement-sport\/basketball\/boitier-commande-buts-basketball-suspendus#breadcrumb"},"inLanguage":"fr-FR","potentialAction":[{"@type":"ReadAction","target":["https:\/\/www.lausinyvicente.com\/fr\/equipement-sport\/basketball\/boitier-commande-buts-basketball-suspendus"]}]},{"@type":"ImageObject","inLanguage":"fr-FR","@id":"https:\/\/www.lausinyvicente.com\/fr\/equipement-sport\/basketball\/boitier-commande-buts-basketball-suspendus#primaryimage","url":"https:\/\/www.lausinyvicente.com\/wp-content\/uploads\/2022\/11\/D.01.63-cuadro-maniobra-canasta-baloncesto-colgante.jpg","contentUrl":"https:\/\/www.lausinyvicente.com\/wp-content\/uploads\/2022\/11\/D.01.63-cuadro-maniobra-canasta-baloncesto-colgante.jpg","width":720,"height":490},{"@type":"BreadcrumbList","@id":"https:\/\/www.lausinyvicente.com\/fr\/equipement-sport\/basketball\/boitier-commande-buts-basketball-suspendus#breadcrumb","itemListElement":[{"@type":"ListItem","position":1,"name":"Portada","item":"https:\/\/www.lausinyvicente.com\/"},{"@type":"ListItem","position":2,"name":"Boutique","item":"https:\/\/www.lausinyvicente.com\/fr\/boutique"},{"@type":"ListItem","position":3,"name":"Bo\u00eetier de commande buts de basketball suspendus"}]},{"@type":"WebSite","@id":"https:\/\/www.lausinyvicente.com\/#website","url":"https:\/\/www.lausinyvicente.com\/","name":"Laus\u00edn y Vicente","description":"Fabricaci\u00f3n y distribuci\u00f3n de material deportivo","potentialAction":[{"@type":"SearchAction","target":{"@type":"EntryPoint","urlTemplate":"https:\/\/www.lausinyvicente.com\/?s={search_term_string}"},"query-input":{"@type":"PropertyValueSpecification","valueRequired":true,"valueName":"search_term_string"}}],"inLanguage":"fr-FR"}]}},"_links":{"self":[{"href":"https:\/\/www.lausinyvicente.com\/fr\/wp-json\/wp\/v2\/product\/4888","targetHints":{"allow":["GET"]}}],"collection":[{"href":"https:\/\/www.lausinyvicente.com\/fr\/wp-json\/wp\/v2\/product"}],"about":[{"href":"https:\/\/www.lausinyvicente.com\/fr\/wp-json\/wp\/v2\/types\/product"}],"wp:featuredmedia":[{"embeddable":true,"href":"https:\/\/www.lausinyvicente.com\/fr\/wp-json\/wp\/v2\/media\/2468"}],"wp:attachment":[{"href":"https:\/\/www.lausinyvicente.com\/fr\/wp-json\/wp\/v2\/media?parent=4888"}],"wp:term":[{"taxonomy":"product_cat","embeddable":true,"href":"https:\/\/www.lausinyvicente.com\/fr\/wp-json\/wp\/v2\/product_cat?post=4888"},{"taxonomy":"product_tag","embeddable":true,"href":"https:\/\/www.lausinyvicente.com\/fr\/wp-json\/wp\/v2\/product_tag?post=4888"}],"curies":[{"name":"wp","href":"https:\/\/api.w.org\/{rel}","templated":true}]}}