{"id":4897,"date":"2022-11-28T16:58:26","date_gmt":"2022-11-28T16:58:26","guid":{"rendered":"https:\/\/www.lausinyvicente.com\/non class\u00e9\/buts-de-basketball-au-sol-competition-modele-merano-et-nogara\/"},"modified":"2022-11-28T16:58:26","modified_gmt":"2022-11-28T16:58:26","slug":"buts-basketball-sol-competition-modele-merano-nogara","status":"publish","type":"product","link":"https:\/\/www.lausinyvicente.com\/fr\/equipement-sport\/basketball\/buts-basketball-sol-competition-modele-merano-nogara","title":{"rendered":"Buts de basketball au sol comp\u00e9tition mod\u00e8le \u201cMerano\u201d et \u201cNogara\u201d"},"content":{"rendered":"","protected":false},"excerpt":{"rendered":"<p>Le but de basketball sur pied \u201cMerano\u201d et \u201cNogara\u201d a \u00e9t\u00e9 con\u00e7u pour \u00eatre utilis\u00e9 dans diff\u00e9rents types d\u2019installations sportives. Sa facilit\u00e9 de repliement et de d\u00e9placement ainsi qu\u2019une conception unique et innovante font partie de ses principales caract\u00e9ristiques. Toutes les dimensions et les caract\u00e9ristiques de ce produit sont conformes aux exigences de la norme europ\u00e9enne EN-1270. L\u2019ensemble du but est compos\u00e9 des principaux \u00e9l\u00e9ments suivants: Le bras principal du but est fabriqu\u00e9 en tube en acier structurel carr\u00e9 #100 x 100 x 3, avec un d\u00e9port de 2,25 m ou 1,65 m, du panneau \u00e0 la structure du but selon la r\u00e9f\u00e9rence. Le corps avant et arri\u00e8re du but est fabriqu\u00e9 de diff\u00e9rents tubes en acier structurel. Ils sont fix\u00e9s au bras principal et \u00e0 la base du but. Ils sont charg\u00e9s de supporter et de transmettre \u00e0 la base le poids et les efforts subis par le but lors de l\u2019utilisation. Ils permettent la rotation de la structure du but n\u00e9cessaire pour r\u00e9aliser les man\u0153uvres de repliement et d\u00e9ploiement de ce dernier. Dimensions de la base du but: 1765 x 1100 mm. Il est muni d\u2019un syst\u00e8me de roues qui sert \u00e0 d\u00e9placer le but et d\u2019un m\u00e9canisme \u00e0 ressorts pour le repliement\/d\u00e9ploiement de l\u2019ensemble. Le contrepoids, n\u00e9cessaire pour garantir la stabilit\u00e9 de l\u2019ensemble lors du d\u00e9placement du but, se trouve \u00e0 l\u2019arri\u00e8re, avec les ancrages au sol qui sont obligatoires en position de jeu lors de l\u2019utilisation des buts. La barre de s\u00e9curit\u00e9 qui se trouve entre les corps avant et arri\u00e8re permet de bloquer la bonne position d\u2019utilisation du but et d\u2019\u00e9viter tout repliement\/d\u00e9pliement accidentel du but. L\u2019ensemble du ch\u00e2ssis est fabriqu\u00e9 selon les dimensions r\u00e8glementaires et le cadre et le cercle sont fix\u00e9s sur ce dernier selon les mod\u00e8les command\u00e9s. L\u2019ensemble des pi\u00e8ces m\u00e9talliques est rev\u00eatu de peinture \u00e9poxy-polyester, en poudre thermodurcissable \u00e0 base de r\u00e9sines de polyester. Cette finition conf\u00e8re \u00e0 ces \u00e9l\u00e9ments une bonne r\u00e9sistance \u00e0 la corrosion et aux rayons ultraviolets en plus d\u2019\u00eatre tr\u00e8s r\u00e9sistante aux chocs m\u00e9caniques. Le but est livr\u00e9 avec les protections matelass\u00e9es pour la partie sup\u00e9rieure de l\u2019ensemble cadre\/panneau et pour la partie avant triangulaire du support avant du but.  <\/p>\n","protected":false},"featured_media":2464,"template":"","meta":[],"product_cat":[162,143],"product_tag":[],"class_list":{"0":"post-4897","1":"product","2":"type-product","3":"status-publish","4":"has-post-thumbnail","6":"product_cat-basketball","7":"product_cat-equipement-sport","9":"first","10":"instock","11":"shipping-taxable","12":"purchasable","13":"product-type-variable"},"yoast_head":"<!-- This site is optimized with the Yoast SEO plugin v27.0 - https:\/\/yoast.com\/product\/yoast-seo-wordpress\/ -->\n<title>Buts de basketball au sol comp\u00e9tition mod\u00e8le \u201cMerano\u201d et \u201cNogara\u201d - Laus\u00edn y Vicente<\/title>\n<meta name=\"robots\" content=\"index, follow, max-snippet:-1, max-image-preview:large, max-video-preview:-1\" \/>\n<link rel=\"canonical\" href=\"https:\/\/www.lausinyvicente.com\/fr\/equipement-sport\/basketball\/buts-basketball-sol-competition-modele-merano-nogara\" \/>\n<meta property=\"og:locale\" content=\"fr_FR\" \/>\n<meta property=\"og:type\" content=\"article\" \/>\n<meta property=\"og:title\" content=\"Buts de basketball au sol comp\u00e9tition mod\u00e8le \u201cMerano\u201d et \u201cNogara\u201d - Laus\u00edn y Vicente\" \/>\n<meta property=\"og:description\" content=\"Le but de basketball sur pied \u201cMerano\u201d et \u201cNogara\u201d a \u00e9t\u00e9 con\u00e7u pour \u00eatre utilis\u00e9 dans diff\u00e9rents types d\u2019installations sportives. Sa facilit\u00e9 de repliement et de d\u00e9placement ainsi qu\u2019une conception unique et innovante font partie de ses principales caract\u00e9ristiques. Toutes les dimensions et les caract\u00e9ristiques de ce produit sont conformes aux exigences de la norme europ\u00e9enne EN-1270. L\u2019ensemble du but est compos\u00e9 des principaux \u00e9l\u00e9ments suivants: Le bras principal du but est fabriqu\u00e9 en tube en acier structurel carr\u00e9 #100 x 100 x 3, avec un d\u00e9port de 2,25 m ou 1,65 m, du panneau \u00e0 la structure du but selon la r\u00e9f\u00e9rence. Le corps avant et arri\u00e8re du but est fabriqu\u00e9 de diff\u00e9rents tubes en acier structurel. Ils sont fix\u00e9s au bras principal et \u00e0 la base du but. Ils sont charg\u00e9s de supporter et de transmettre \u00e0 la base le poids et les efforts subis par le but lors de l\u2019utilisation. Ils permettent la rotation de la structure du but n\u00e9cessaire pour r\u00e9aliser les man\u0153uvres de repliement et d\u00e9ploiement de ce dernier. Dimensions de la base du but: 1765 x 1100 mm. Il est muni d\u2019un syst\u00e8me de roues qui sert \u00e0 d\u00e9placer le but et d\u2019un m\u00e9canisme \u00e0 ressorts pour le repliement\/d\u00e9ploiement de l\u2019ensemble. Le contrepoids, n\u00e9cessaire pour garantir la stabilit\u00e9 de l\u2019ensemble lors du d\u00e9placement du but, se trouve \u00e0 l\u2019arri\u00e8re, avec les ancrages au sol qui sont obligatoires en position de jeu lors de l\u2019utilisation des buts. La barre de s\u00e9curit\u00e9 qui se trouve entre les corps avant et arri\u00e8re permet de bloquer la bonne position d\u2019utilisation du but et d\u2019\u00e9viter tout repliement\/d\u00e9pliement accidentel du but. L\u2019ensemble du ch\u00e2ssis est fabriqu\u00e9 selon les dimensions r\u00e8glementaires et le cadre et le cercle sont fix\u00e9s sur ce dernier selon les mod\u00e8les command\u00e9s. L\u2019ensemble des pi\u00e8ces m\u00e9talliques est rev\u00eatu de peinture \u00e9poxy-polyester, en poudre thermodurcissable \u00e0 base de r\u00e9sines de polyester. Cette finition conf\u00e8re \u00e0 ces \u00e9l\u00e9ments une bonne r\u00e9sistance \u00e0 la corrosion et aux rayons ultraviolets en plus d\u2019\u00eatre tr\u00e8s r\u00e9sistante aux chocs m\u00e9caniques. Le but est livr\u00e9 avec les protections matelass\u00e9es pour la partie sup\u00e9rieure de l\u2019ensemble cadre\/panneau et pour la partie avant triangulaire du support avant du but.\" \/>\n<meta property=\"og:url\" content=\"https:\/\/www.lausinyvicente.com\/fr\/equipement-sport\/basketball\/buts-basketball-sol-competition-modele-merano-nogara\" \/>\n<meta property=\"og:site_name\" content=\"Laus\u00edn y Vicente\" \/>\n<meta property=\"og:image\" content=\"https:\/\/www.lausinyvicente.com\/wp-content\/uploads\/2022\/11\/D.01.480-canastas-baloncesto-suelo-competicion-MERANO-NOGARA.jpg\" \/>\n\t<meta property=\"og:image:width\" content=\"720\" \/>\n\t<meta property=\"og:image:height\" content=\"490\" \/>\n\t<meta property=\"og:image:type\" content=\"image\/jpeg\" \/>\n<meta name=\"twitter:card\" content=\"summary_large_image\" \/>\n<script type=\"application\/ld+json\" class=\"yoast-schema-graph\">{\"@context\":\"https:\/\/schema.org\",\"@graph\":[{\"@type\":\"WebPage\",\"@id\":\"https:\/\/www.lausinyvicente.com\/fr\/equipement-sport\/basketball\/buts-basketball-sol-competition-modele-merano-nogara\",\"url\":\"https:\/\/www.lausinyvicente.com\/fr\/equipement-sport\/basketball\/buts-basketball-sol-competition-modele-merano-nogara\",\"name\":\"Buts de basketball au sol comp\u00e9tition mod\u00e8le \u201cMerano\u201d et \u201cNogara\u201d - Laus\u00edn y Vicente\",\"isPartOf\":{\"@id\":\"https:\/\/www.lausinyvicente.com\/#website\"},\"primaryImageOfPage\":{\"@id\":\"https:\/\/www.lausinyvicente.com\/fr\/equipement-sport\/basketball\/buts-basketball-sol-competition-modele-merano-nogara#primaryimage\"},\"image\":{\"@id\":\"https:\/\/www.lausinyvicente.com\/fr\/equipement-sport\/basketball\/buts-basketball-sol-competition-modele-merano-nogara#primaryimage\"},\"thumbnailUrl\":\"https:\/\/www.lausinyvicente.com\/wp-content\/uploads\/2022\/11\/D.01.480-canastas-baloncesto-suelo-competicion-MERANO-NOGARA.jpg\",\"datePublished\":\"2022-11-28T16:58:26+00:00\",\"breadcrumb\":{\"@id\":\"https:\/\/www.lausinyvicente.com\/fr\/equipement-sport\/basketball\/buts-basketball-sol-competition-modele-merano-nogara#breadcrumb\"},\"inLanguage\":\"fr-FR\",\"potentialAction\":[{\"@type\":\"ReadAction\",\"target\":[\"https:\/\/www.lausinyvicente.com\/fr\/equipement-sport\/basketball\/buts-basketball-sol-competition-modele-merano-nogara\"]}]},{\"@type\":\"ImageObject\",\"inLanguage\":\"fr-FR\",\"@id\":\"https:\/\/www.lausinyvicente.com\/fr\/equipement-sport\/basketball\/buts-basketball-sol-competition-modele-merano-nogara#primaryimage\",\"url\":\"https:\/\/www.lausinyvicente.com\/wp-content\/uploads\/2022\/11\/D.01.480-canastas-baloncesto-suelo-competicion-MERANO-NOGARA.jpg\",\"contentUrl\":\"https:\/\/www.lausinyvicente.com\/wp-content\/uploads\/2022\/11\/D.01.480-canastas-baloncesto-suelo-competicion-MERANO-NOGARA.jpg\",\"width\":720,\"height\":490},{\"@type\":\"BreadcrumbList\",\"@id\":\"https:\/\/www.lausinyvicente.com\/fr\/equipement-sport\/basketball\/buts-basketball-sol-competition-modele-merano-nogara#breadcrumb\",\"itemListElement\":[{\"@type\":\"ListItem\",\"position\":1,\"name\":\"Portada\",\"item\":\"https:\/\/www.lausinyvicente.com\/\"},{\"@type\":\"ListItem\",\"position\":2,\"name\":\"Boutique\",\"item\":\"https:\/\/www.lausinyvicente.com\/fr\/boutique\"},{\"@type\":\"ListItem\",\"position\":3,\"name\":\"Buts de basketball au sol comp\u00e9tition mod\u00e8le \u201cMerano\u201d et \u201cNogara\u201d\"}]},{\"@type\":\"WebSite\",\"@id\":\"https:\/\/www.lausinyvicente.com\/#website\",\"url\":\"https:\/\/www.lausinyvicente.com\/\",\"name\":\"Laus\u00edn y Vicente\",\"description\":\"Fabricaci\u00f3n y distribuci\u00f3n de material deportivo\",\"potentialAction\":[{\"@type\":\"SearchAction\",\"target\":{\"@type\":\"EntryPoint\",\"urlTemplate\":\"https:\/\/www.lausinyvicente.com\/?s={search_term_string}\"},\"query-input\":{\"@type\":\"PropertyValueSpecification\",\"valueRequired\":true,\"valueName\":\"search_term_string\"}}],\"inLanguage\":\"fr-FR\"}]}<\/script>\n<!-- \/ Yoast SEO plugin. -->","yoast_head_json":{"title":"Buts de basketball au sol comp\u00e9tition mod\u00e8le \u201cMerano\u201d et \u201cNogara\u201d - Laus\u00edn y Vicente","robots":{"index":"index","follow":"follow","max-snippet":"max-snippet:-1","max-image-preview":"max-image-preview:large","max-video-preview":"max-video-preview:-1"},"canonical":"https:\/\/www.lausinyvicente.com\/fr\/equipement-sport\/basketball\/buts-basketball-sol-competition-modele-merano-nogara","og_locale":"fr_FR","og_type":"article","og_title":"Buts de basketball au sol comp\u00e9tition mod\u00e8le \u201cMerano\u201d et \u201cNogara\u201d - Laus\u00edn y Vicente","og_description":"Le but de basketball sur pied \u201cMerano\u201d et \u201cNogara\u201d a \u00e9t\u00e9 con\u00e7u pour \u00eatre utilis\u00e9 dans diff\u00e9rents types d\u2019installations sportives. Sa facilit\u00e9 de repliement et de d\u00e9placement ainsi qu\u2019une conception unique et innovante font partie de ses principales caract\u00e9ristiques. Toutes les dimensions et les caract\u00e9ristiques de ce produit sont conformes aux exigences de la norme europ\u00e9enne EN-1270. L\u2019ensemble du but est compos\u00e9 des principaux \u00e9l\u00e9ments suivants: Le bras principal du but est fabriqu\u00e9 en tube en acier structurel carr\u00e9 #100 x 100 x 3, avec un d\u00e9port de 2,25 m ou 1,65 m, du panneau \u00e0 la structure du but selon la r\u00e9f\u00e9rence. Le corps avant et arri\u00e8re du but est fabriqu\u00e9 de diff\u00e9rents tubes en acier structurel. Ils sont fix\u00e9s au bras principal et \u00e0 la base du but. Ils sont charg\u00e9s de supporter et de transmettre \u00e0 la base le poids et les efforts subis par le but lors de l\u2019utilisation. Ils permettent la rotation de la structure du but n\u00e9cessaire pour r\u00e9aliser les man\u0153uvres de repliement et d\u00e9ploiement de ce dernier. Dimensions de la base du but: 1765 x 1100 mm. Il est muni d\u2019un syst\u00e8me de roues qui sert \u00e0 d\u00e9placer le but et d\u2019un m\u00e9canisme \u00e0 ressorts pour le repliement\/d\u00e9ploiement de l\u2019ensemble. Le contrepoids, n\u00e9cessaire pour garantir la stabilit\u00e9 de l\u2019ensemble lors du d\u00e9placement du but, se trouve \u00e0 l\u2019arri\u00e8re, avec les ancrages au sol qui sont obligatoires en position de jeu lors de l\u2019utilisation des buts. La barre de s\u00e9curit\u00e9 qui se trouve entre les corps avant et arri\u00e8re permet de bloquer la bonne position d\u2019utilisation du but et d\u2019\u00e9viter tout repliement\/d\u00e9pliement accidentel du but. L\u2019ensemble du ch\u00e2ssis est fabriqu\u00e9 selon les dimensions r\u00e8glementaires et le cadre et le cercle sont fix\u00e9s sur ce dernier selon les mod\u00e8les command\u00e9s. L\u2019ensemble des pi\u00e8ces m\u00e9talliques est rev\u00eatu de peinture \u00e9poxy-polyester, en poudre thermodurcissable \u00e0 base de r\u00e9sines de polyester. Cette finition conf\u00e8re \u00e0 ces \u00e9l\u00e9ments une bonne r\u00e9sistance \u00e0 la corrosion et aux rayons ultraviolets en plus d\u2019\u00eatre tr\u00e8s r\u00e9sistante aux chocs m\u00e9caniques. Le but est livr\u00e9 avec les protections matelass\u00e9es pour la partie sup\u00e9rieure de l\u2019ensemble cadre\/panneau et pour la partie avant triangulaire du support avant du but.","og_url":"https:\/\/www.lausinyvicente.com\/fr\/equipement-sport\/basketball\/buts-basketball-sol-competition-modele-merano-nogara","og_site_name":"Laus\u00edn y Vicente","og_image":[{"width":720,"height":490,"url":"https:\/\/www.lausinyvicente.com\/wp-content\/uploads\/2022\/11\/D.01.480-canastas-baloncesto-suelo-competicion-MERANO-NOGARA.jpg","type":"image\/jpeg"}],"twitter_card":"summary_large_image","schema":{"@context":"https:\/\/schema.org","@graph":[{"@type":"WebPage","@id":"https:\/\/www.lausinyvicente.com\/fr\/equipement-sport\/basketball\/buts-basketball-sol-competition-modele-merano-nogara","url":"https:\/\/www.lausinyvicente.com\/fr\/equipement-sport\/basketball\/buts-basketball-sol-competition-modele-merano-nogara","name":"Buts de basketball au sol comp\u00e9tition mod\u00e8le \u201cMerano\u201d et \u201cNogara\u201d - Laus\u00edn y Vicente","isPartOf":{"@id":"https:\/\/www.lausinyvicente.com\/#website"},"primaryImageOfPage":{"@id":"https:\/\/www.lausinyvicente.com\/fr\/equipement-sport\/basketball\/buts-basketball-sol-competition-modele-merano-nogara#primaryimage"},"image":{"@id":"https:\/\/www.lausinyvicente.com\/fr\/equipement-sport\/basketball\/buts-basketball-sol-competition-modele-merano-nogara#primaryimage"},"thumbnailUrl":"https:\/\/www.lausinyvicente.com\/wp-content\/uploads\/2022\/11\/D.01.480-canastas-baloncesto-suelo-competicion-MERANO-NOGARA.jpg","datePublished":"2022-11-28T16:58:26+00:00","breadcrumb":{"@id":"https:\/\/www.lausinyvicente.com\/fr\/equipement-sport\/basketball\/buts-basketball-sol-competition-modele-merano-nogara#breadcrumb"},"inLanguage":"fr-FR","potentialAction":[{"@type":"ReadAction","target":["https:\/\/www.lausinyvicente.com\/fr\/equipement-sport\/basketball\/buts-basketball-sol-competition-modele-merano-nogara"]}]},{"@type":"ImageObject","inLanguage":"fr-FR","@id":"https:\/\/www.lausinyvicente.com\/fr\/equipement-sport\/basketball\/buts-basketball-sol-competition-modele-merano-nogara#primaryimage","url":"https:\/\/www.lausinyvicente.com\/wp-content\/uploads\/2022\/11\/D.01.480-canastas-baloncesto-suelo-competicion-MERANO-NOGARA.jpg","contentUrl":"https:\/\/www.lausinyvicente.com\/wp-content\/uploads\/2022\/11\/D.01.480-canastas-baloncesto-suelo-competicion-MERANO-NOGARA.jpg","width":720,"height":490},{"@type":"BreadcrumbList","@id":"https:\/\/www.lausinyvicente.com\/fr\/equipement-sport\/basketball\/buts-basketball-sol-competition-modele-merano-nogara#breadcrumb","itemListElement":[{"@type":"ListItem","position":1,"name":"Portada","item":"https:\/\/www.lausinyvicente.com\/"},{"@type":"ListItem","position":2,"name":"Boutique","item":"https:\/\/www.lausinyvicente.com\/fr\/boutique"},{"@type":"ListItem","position":3,"name":"Buts de basketball au sol comp\u00e9tition mod\u00e8le \u201cMerano\u201d et \u201cNogara\u201d"}]},{"@type":"WebSite","@id":"https:\/\/www.lausinyvicente.com\/#website","url":"https:\/\/www.lausinyvicente.com\/","name":"Laus\u00edn y Vicente","description":"Fabricaci\u00f3n y distribuci\u00f3n de material deportivo","potentialAction":[{"@type":"SearchAction","target":{"@type":"EntryPoint","urlTemplate":"https:\/\/www.lausinyvicente.com\/?s={search_term_string}"},"query-input":{"@type":"PropertyValueSpecification","valueRequired":true,"valueName":"search_term_string"}}],"inLanguage":"fr-FR"}]}},"_links":{"self":[{"href":"https:\/\/www.lausinyvicente.com\/fr\/wp-json\/wp\/v2\/product\/4897","targetHints":{"allow":["GET"]}}],"collection":[{"href":"https:\/\/www.lausinyvicente.com\/fr\/wp-json\/wp\/v2\/product"}],"about":[{"href":"https:\/\/www.lausinyvicente.com\/fr\/wp-json\/wp\/v2\/types\/product"}],"wp:featuredmedia":[{"embeddable":true,"href":"https:\/\/www.lausinyvicente.com\/fr\/wp-json\/wp\/v2\/media\/2464"}],"wp:attachment":[{"href":"https:\/\/www.lausinyvicente.com\/fr\/wp-json\/wp\/v2\/media?parent=4897"}],"wp:term":[{"taxonomy":"product_cat","embeddable":true,"href":"https:\/\/www.lausinyvicente.com\/fr\/wp-json\/wp\/v2\/product_cat?post=4897"},{"taxonomy":"product_tag","embeddable":true,"href":"https:\/\/www.lausinyvicente.com\/fr\/wp-json\/wp\/v2\/product_tag?post=4897"}],"curies":[{"name":"wp","href":"https:\/\/api.w.org\/{rel}","templated":true}]}}